{"id":10639,"date":"2021-09-26T12:52:00","date_gmt":"2021-09-26T12:52:00","guid":{"rendered":"https:\/\/altos-klinika.cz\/?page_id=10639"},"modified":"2025-02-21T15:36:08","modified_gmt":"2025-02-21T15:36:08","slug":"pressoterapie","status":"publish","type":"page","link":"https:\/\/altos-klinika.cz\/de\/pressoterapie\/","title":{"rendered":"Pressoterapie"},"content":{"rendered":"<p>[vc_row row_content_width=&#8220;grid&#8220; css=&#8220;.vc_custom_1632239210797{padding-top: 70px !important;}&#8220;][vc_column offset=&#8220;vc_col-lg-12&#8243; css=&#8220;.vc_custom_1632140768248{margin-top: -8px !important;}&#8220;]<div class=\"mkdf-section-title-holder mkdf-st-standard mkdf-st-title-left mkdf-st-normal-space \" style=\"text-align: center\">\n\t<div class=\"mkdf-st-inner\">\n\t\t\t\t\t<h1 class=\"mkdf-st-title\" >\n\t\t\t\t<span class=\"mkdf-st-title-bold\">Pressoterapie<\/span> (lymfodren\u00e1\u017en\u00ed mas\u00e1\u017e)\t\t\t<\/h1>\n\t\t\t\t\t<\/div>\n<\/div>[vc_empty_space height=&#8220;9px&#8220;][vc_column_text]<span style=\"font-weight: 400;\">Pressoterapie je p\u0159\u00edstrojovou mas\u00e1\u017e\u00ed, kterou lze prov\u00e1d\u011bt na cel\u00e9m t\u011ble anebo jednotliv\u00fdch oblastech. Na na\u0161\u00ed klinice naleznete pressoterapii doln\u00ed poloviny t\u011bla. Zm\u00edn\u011bn\u00e1 metoda spo\u010d\u00edv\u00e1 v ovlivn\u011bn\u00ed t\u011bla pacienta pomoc\u00ed stla\u010den\u00e9ho vzduchu pro dosa\u017een\u00ed n\u00e1sleduj\u00edc\u00edch c\u00edl\u016f:<\/span><\/p>\n<ul>\n<li><span style=\"font-weight: 400;\">zbaven\u00ed celulitidy<\/span><\/li>\n<li><span style=\"font-weight: 400;\">redukce objem\u016f t\u011bla<\/span><\/li>\n<li><span style=\"font-weight: 400;\">zlep\u0161en\u00ed cirkulace krvi<\/span><\/li>\n<li><span style=\"font-weight: 400;\">zlep\u0161en\u00ed cirkulace lymfy<\/span><\/li>\n<li><span style=\"font-weight: 400;\">dosa\u017een\u00ed zpevn\u011bn\u00ed a tonizace k\u016f\u017ee<\/span><\/li>\n<\/ul>\n<p><span style=\"font-weight: 400;\">Lymfodren\u00e1\u017en\u00ed kalhoty umo\u017e\u0148uje regulaci intenzity vlivu a nahrazuje n\u011bkolik manu\u00e1ln\u00edch mas\u00e1\u017e\u00ed nebo 2 tr\u00e9ninky v t\u011blocvi\u010dn\u011b. <\/span><\/p>\n<p><span style=\"font-weight: 400;\">D\u00edky rozb\u011bhu lymfy a krve v t\u011ble se urychluj\u00ed v\u00fdm\u011bnn\u00e9 procesy, bu\u0148ky z\u00edsk\u00e1vaj\u00ed v\u00edce kysl\u00edku a \u017eivin, \u010d\u00edm\u017e doch\u00e1z\u00ed k celkov\u00e9mu ozdraven\u00ed organismu.<\/span><\/p>\n<p><strong>Tuto proceduru se d\u00e1 kombinovat s TriActive+ pro dosa\u017een\u00ed lep\u0161\u00edch v\u00fdsledk\u016f.\u00a0<\/strong>[\/vc_column_text][vc_empty_space][\/vc_column][\/vc_row][vc_row full_width=&#8220;stretch_row&#8220; css=&#8220;.vc_custom_1638118773359{background-color: rgba(78,109,204,0.07) !important;*background-color: rgb(78,109,204) !important;}&#8220; simple_background_color=&#8220;rgba(78,109,204,0.07)&#8220;][vc_column][vc_row_inner row_content_width=&#8220;grid&#8220;][vc_column_inner][vc_column_text]\n<div class=\"wpcf7 no-js\" id=\"wpcf7-f13223-o1\" lang=\"cs-CZ\" dir=\"ltr\" data-wpcf7-id=\"13223\">\n<div class=\"screen-reader-response\"><p role=\"status\" aria-live=\"polite\" aria-atomic=\"true\"><\/p> <ul><\/ul><\/div>\n<form action=\"\/de\/wp-json\/wp\/v2\/pages\/10639#wpcf7-f13223-o1\" method=\"post\" class=\"wpcf7-form init inline-form\" aria-label=\"Kontaktn\u00ed formul\u00e1\u0159\" novalidate=\"novalidate\" data-status=\"init\">\n<div style=\"display: none;\">\n<input type=\"hidden\" name=\"_wpcf7\" value=\"13223\" \/>\n<input type=\"hidden\" name=\"_wpcf7_version\" value=\"6.0.4\" \/>\n<input type=\"hidden\" name=\"_wpcf7_locale\" value=\"cs_CZ\" \/>\n<input type=\"hidden\" name=\"_wpcf7_unit_tag\" value=\"wpcf7-f13223-o1\" \/>\n<input type=\"hidden\" name=\"_wpcf7_container_post\" value=\"0\" \/>\n<input type=\"hidden\" name=\"_wpcf7_posted_data_hash\" value=\"\" \/>\n<input type=\"hidden\" name=\"_wpcf7_recaptcha_response\" value=\"\" \/>\n<\/div>\n<h2>Objednat se na z\u00e1krok\n<\/h2>\n<div class=\"jq-row jq-inline-form\">\n\t<div class=\"fields-col jq-row\">\n\t\t<div class=\"jq-col-33\">\n\t\t\t<p><span class=\"wpcf7-form-control-wrap\" data-name=\"your-name\"><input size=\"40\" maxlength=\"400\" class=\"wpcf7-form-control wpcf7-text wpcf7-validates-as-required\" aria-required=\"true\" aria-invalid=\"false\" placeholder=\"Jm\u00e9no a p\u0159\u00edjmen\u00ed\" value=\"\" type=\"text\" name=\"your-name\" \/><\/span>\n\t\t\t<\/p>\n\t\t<\/div>\n\t\t<div class=\"jq-col-33\">\n\t\t\t<p><span class=\"wpcf7-form-control-wrap\" data-name=\"your-email\"><input size=\"40\" maxlength=\"400\" class=\"wpcf7-form-control wpcf7-email wpcf7-validates-as-required wpcf7-text wpcf7-validates-as-email\" aria-required=\"true\" aria-invalid=\"false\" placeholder=\"Email\" value=\"\" type=\"email\" name=\"your-email\" \/><\/span>\n\t\t\t<\/p>\n\t\t<\/div>\n\t\t<div class=\"jq-col-33\">\n\t\t\t<p><span class=\"wpcf7-form-control-wrap\" data-name=\"your-tel\"><input size=\"40\" maxlength=\"400\" class=\"wpcf7-form-control wpcf7-tel wpcf7-text wpcf7-validates-as-tel\" aria-invalid=\"false\" placeholder=\"+420 *** *** ***\" value=\"\" type=\"tel\" name=\"your-tel\" \/><\/span>\n\t\t\t<\/p>\n\t\t<\/div>\n\t\t<div class=\"jq-col-100\">\n\t\t\t<p><span class=\"wpcf7-form-control-wrap\" data-name=\"acceptance\"><span class=\"wpcf7-form-control wpcf7-acceptance\"><span class=\"wpcf7-list-item\"><label><input type=\"checkbox\" name=\"acceptance\" value=\"1\" aria-invalid=\"false\" \/><span class=\"wpcf7-list-item-label\">Souhlas\u00edm se zpracov\u00e1n\u00edm <a href=\"https:\/\/altos-klinika.cz\/podminky\/\" target=\"_blank\">osobn\u00edch \u00fadaj\u016f<\/a><\/span><\/label><\/span><\/span><\/span>\n\t\t\t<\/p>\n\t\t<\/div>\n\t<\/div>\n\t<div class=\"button-col\">\n\t\t<p><input class=\"wpcf7-form-control wpcf7-submit has-spinner\" type=\"submit\" value=\"Odeslat\" \/><input type=\"hidden\" class=\"wpcf7-form-control wpcf7-hidden\" name=\"your-subject\" placeholder=\"\" value=\"\u0417\u0430\u043f\u0438\u0441\u044c \u043d\u0430 \u043f\u0440\u043e\u0446\u0435\u0434\u0443\u0440\u0443\" \/><input type=\"hidden\" class=\"wpcf7-form-control wpcf7-hidden\" name=\"hidden-443\" placeholder=\"\" value=\"Pressoterapie\" \/>\n\t\t<\/p>\n\t<\/div>\n<\/div><input type='hidden' class='wpcf7-pum' value='{\"closepopup\":false,\"closedelay\":5,\"openpopup\":false,\"openpopup_id\":13484}' \/><div class=\"wpcf7-response-output\" aria-hidden=\"true\"><\/div>\n<\/form>\n<\/div>\n[\/vc_column_text][\/vc_column_inner][\/vc_row_inner][\/vc_column][\/vc_row][vc_row content_placement=&#8220;middle&#8220; css=&#8220;.vc_custom_1632529364693{background-color: #fafafa !important;}&#8220;][vc_column]<div class=\"mkdf-elements-holder mkdf-one-column mkdf-responsive-mode-768\" style=\"background-color:#fafafa;\"><div class=\"mkdf-eh-item mkdf-horizontal-alignment-center\"  data-item-class=\"mkdf-eh-custom-449033\">\n\t<div class=\"mkdf-eh-item-inner\">\n\t\t<div class=\"mkdf-eh-item-content mkdf-eh-custom-449033\" style=\"padding: 20px 0 0 0\">\n\t\t\t<div class=\"mkdf-section-title-holder mkdf-st-standard mkdf-st-title-left mkdf-st-normal-space \" style=\"text-align: center\">\n\t<div class=\"mkdf-st-inner\">\n\t\t\t\t\t<h2 class=\"mkdf-st-title\" >\n\t\t\t\tCen\u00edk\t\t\t<\/h2>\n\t\t\t\t\t<\/div>\n<\/div>\t\t<\/div>\n\t<\/div>\n<\/div><\/div><div class=\"mkdf-elements-holder mkdf-one-column mkdf-responsive-mode-768 mkdf-one-column-alignment-center\" style=\"background-color:#fafafa;\"><div class=\"mkdf-eh-item mkdf-horizontal-alignment-center\"  data-item-class=\"mkdf-eh-custom-935258\" data-1280-1600=\"40px 200px 20px 200px\" data-1024-1280=\"40px 200px 20px 200px\" data-768-1024=\"40px 100px 20px 100px\" data-600-768=\"20px 30px 20px 30px\" data-480-600=\"20px 30px 20px 30px\" data-480=\"20px 30px 20px 30px\">\n\t<div class=\"mkdf-eh-item-inner\">\n\t\t<div class=\"mkdf-eh-item-content mkdf-eh-custom-935258\" style=\"padding: 40px 300px 20px 300px\">\n\t\t\t<div class=\"mkdf-pricing-tables clearfix  mkdf-three-columns mkdf-pt-normal-space\"><div class=\"mkdf-pt-wrapper\"><div class=\"mkdf-price-table\">\n\t<div class=\"mkdf-pt-inner\" style=\"background-color: #ffffff\">\n\t\t\t\t<ul>\n\t\t\t<li class=\"mkdf-pt-title-holder\">\n\t\t\t\t<span class=\"mkdf-pt-title\" style=\"border-color: #13bfb1\">Pressoterapie<\/span>\n\t\t\t<\/li>\n\t\t\t<li class=\"mkdf-pt-prices\">\n\t\t\t\t<sup class=\"mkdf-pt-value\" >K\u010d<\/sup>\n\t\t\t\t<span class=\"mkdf-pt-price\" >990<\/span>\n\t\t\t\t<h6 class=\"mkdf-pt-mark\" >1 procedura<\/h6>\n\t\t\t<\/li>\n\t\t\t<li class=\"mkdf-pt-content\">\n\t\t\t\t1 procedura\t\t\t<\/li>\n\t\t\t\t\t\t\t<li class=\"mkdf-pt-button\">\n\t\t\t\t\t<a itemprop=\"url\" href=\"https:\/\/altos-klinika.cz\/objednat-se-na-zakrok\/?balname=Pressoterapie%201%20procedura\" target=\"_self\"  class=\"mkdf-btn mkdf-btn-large mkdf-btn-solid mkdf-btn-solid-dark\"  >    <span class=\"mkdf-btn-text\">Objednat se na z\u00e1krok<\/span>    <span class=\"mkdf-btn-icon-holder\">        <span class=\"mkdf-btn-icon-normal\" ><\/span>        <span class=\"mkdf-btn-icon-flip\" ><\/span>    <\/span><\/a>\t\t\t\t<\/li>\t\t\t\t\n\t\t\t\t\t<\/ul>\n\t<\/div>\n<\/div><div class=\"mkdf-price-table\">\n\t<div class=\"mkdf-pt-inner\" style=\"background-color: #ffffff\">\n\t\t\t\t<ul>\n\t\t\t<li class=\"mkdf-pt-title-holder\">\n\t\t\t\t<span class=\"mkdf-pt-title\" style=\"border-color: #13bfb1\">Bal\u00ed\u010dek 6 o\u0161et\u0159en\u00ed<\/span>\n\t\t\t<\/li>\n\t\t\t<li class=\"mkdf-pt-prices\">\n\t\t\t\t<sup class=\"mkdf-pt-value\" >K\u010d<\/sup>\n\t\t\t\t<span class=\"mkdf-pt-price\" >4 900<\/span>\n\t\t\t\t<h6 class=\"mkdf-pt-mark\" >6 o\u0161et\u0159en\u00ed<\/h6>\n\t\t\t<\/li>\n\t\t\t<li class=\"mkdf-pt-content\">\n\t\t\t\t<span style=\"font-weight: 400;\">Bal\u00ed\u010dek 6 o\u0161et\u0159en\u00ed<\/span>\t\t\t<\/li>\n\t\t\t\t\t\t\t<li class=\"mkdf-pt-button\">\n\t\t\t\t\t<a itemprop=\"url\" href=\"https:\/\/altos-klinika.cz\/objednat-se-na-zakrok\/?balname=Pressoterapie%206%20o%C5%A1et%C5%99en%C3%AD\" target=\"_self\"  class=\"mkdf-btn mkdf-btn-large mkdf-btn-solid mkdf-btn-solid-dark\"  >    <span class=\"mkdf-btn-text\">Objednat se na z\u00e1krok<\/span>    <span class=\"mkdf-btn-icon-holder\">        <span class=\"mkdf-btn-icon-normal\" ><\/span>        <span class=\"mkdf-btn-icon-flip\" ><\/span>    <\/span><\/a>\t\t\t\t<\/li>\t\t\t\t\n\t\t\t\t\t<\/ul>\n\t<\/div>\n<\/div><div class=\"mkdf-price-table\">\n\t<div class=\"mkdf-pt-inner\" style=\"background-color: #ffffff\">\n\t\t\t\t<ul>\n\t\t\t<li class=\"mkdf-pt-title-holder\">\n\t\t\t\t<span class=\"mkdf-pt-title\" style=\"border-color: #13bfb1\">Bal\u00ed\u010dek 10 o\u0161et\u0159en\u00ed<\/span>\n\t\t\t<\/li>\n\t\t\t<li class=\"mkdf-pt-prices\">\n\t\t\t\t<sup class=\"mkdf-pt-value\" >K\u010d<\/sup>\n\t\t\t\t<span class=\"mkdf-pt-price\" >7 500<\/span>\n\t\t\t\t<h6 class=\"mkdf-pt-mark\" >10 o\u0161et\u0159en\u00ed<\/h6>\n\t\t\t<\/li>\n\t\t\t<li class=\"mkdf-pt-content\">\n\t\t\t\t<span style=\"font-weight: 400;\">Bal\u00ed\u010dek 10 o\u0161et\u0159en\u00ed<\/span>\t\t\t<\/li>\n\t\t\t\t\t\t\t<li class=\"mkdf-pt-button\">\n\t\t\t\t\t<a itemprop=\"url\" href=\"https:\/\/altos-klinika.cz\/objednat-se-na-zakrok\/?balname=Pressoterapie%20v%20kombinaci%20s%20TriActive\" target=\"_self\"  class=\"mkdf-btn mkdf-btn-large mkdf-btn-solid mkdf-btn-solid-dark\"  >    <span class=\"mkdf-btn-text\">Objednat se na z\u00e1krok<\/span>    <span class=\"mkdf-btn-icon-holder\">        <span class=\"mkdf-btn-icon-normal\" ><\/span>        <span class=\"mkdf-btn-icon-flip\" ><\/span>    <\/span><\/a>\t\t\t\t<\/li>\t\t\t\t\n\t\t\t\t\t<\/ul>\n\t<\/div>\n<\/div><\/div><\/div>\t\t<\/div>\n\t<\/div>\n<\/div><\/div>[\/vc_column][\/vc_row][vc_row row_content_width=&#8220;grid&#8220; css=&#8220;.vc_custom_1632239210797{padding-top: 70px !important;}&#8220;][vc_column offset=&#8220;vc_col-lg-12&#8243; css=&#8220;.vc_custom_1632140768248{margin-top: -8px !important;}&#8220;]<div class=\"mkdf-section-title-holder mkdf-st-standard mkdf-st-title-left mkdf-st-normal-space \" style=\"text-align: center\">\n\t<div class=\"mkdf-st-inner\">\n\t\t\t\t\t<h2 class=\"mkdf-st-title\" >\n\t\t\t\tJak prob\u00edh\u00e1 lymfodren\u00e1\u017en\u00ed mas\u00e1\u017e\t\t\t<\/h2>\n\t\t\t\t\t<\/div>\n<\/div>[vc_empty_space height=&#8220;9px&#8220;][vc_column_text]<span style=\"font-weight: 400;\">Pressoterapie st\u0159\u00edd\u00e1 vysok\u00fd a n\u00edzk\u00fd tlak a t\u00edm p\u016fsob\u00ed na vybran\u00e9 oblasti. Procedura nevyvol\u00e1v\u00e1 fyzick\u00e9 nepohodl\u00ed a <\/span><span style=\"font-weight: 400;\">c\u00edt\u00ed se, jako<\/span><span style=\"font-weight: 400;\"> teplo po cel\u00e9m t\u011ble.<\/span><\/p>\n<p>O\u0161et\u0159en\u00ed v trv\u00e1n\u00ed zhruba 30 minut je vhodn\u00e9 po 5-7 dnech opakovat, doporu\u010dujeme 10 procedur.<br \/>\nPo 6 m\u011bs\u00edc\u00edch lze k\u00faru opakovat.<\/p>\n<p><strong>P\u0159\u00edprava:<\/strong><\/p>\n<p><span style=\"font-weight: 400;\">P\u0159ed dv\u011bma hodinami do procedury je doporu\u010deno se vyhnout j\u00eddlu a p\u00edt v\u00edce tekutin.<\/span>[\/vc_column_text][vc_empty_space][\/vc_column][\/vc_row][vc_row css=&#8220;.vc_custom_1632322238998{padding-top: 50px !important;}&#8220;][vc_column css=&#8220;.vc_custom_1492767171698{padding-top: 0px !important;}&#8220;]<div class=\"mkdf-elements-holder mkdf-two-columns mkdf-responsive-mode-768\" ><div class=\"mkdf-eh-item \" style=\"background-image: url(https:\/\/altos-klinika.cz\/wp-content\/uploads\/2021\/09\/doctor-man-consulting-patient-while-filling-up-application-form-desk-hospital-scaled.jpg)\" data-item-class=\"mkdf-eh-custom-529460\" data-600-768=\"260px 0\" data-480-600=\"200px 0\" data-480=\"200px 0\">\n\t<div class=\"mkdf-eh-item-inner\">\n\t\t<div class=\"mkdf-eh-item-content mkdf-eh-custom-529460\" >\n\t\t\t\t\t<\/div>\n\t<\/div>\n<\/div><div class=\"mkdf-eh-item \"  data-item-class=\"mkdf-eh-custom-754337\" data-1280-1600=\"110px 15% 120px 15%\" data-1024-1280=\"100px 13% 105px 14%\" data-768-1024=\"75px 11% 90px 10%\" data-600-768=\"75px 11% 90px 10%\" data-480-600=\"60px 10% 85px 10%\" data-480=\"60px 10% 85px 10%\">\n\t<div class=\"mkdf-eh-item-inner\">\n\t\t<div class=\"mkdf-eh-item-content mkdf-eh-custom-754337\" style=\"padding: 100px 19% 100px 16%\">\n\t\t\t<div class=\"mkdf-section-title-holder mkdf-st-standard mkdf-st-title-left mkdf-st-normal-space \" >\n\t<div class=\"mkdf-st-inner\">\n\t\t\t\t\t<h2 class=\"mkdf-st-title\" >\n\t\t\t\tKontraindikace\t\t\t<\/h2>\n\t\t\t\t\t<\/div>\n<\/div>[vc_empty_space height=&#8220;25px&#8220;]<div class=\"mkdf-icon-list-holder\" >\n\t<div class=\"mkdf-il-icon-holder\">\n\t\t<i class=\"mkdf-icon-font-awesome fa fa-minus-circle \" style=\"color: #ea6363;font-size: 20px\"><\/i>\t<\/div>\n\t<p class=\"mkdf-il-text\" style=\"padding-left: 20px\">infek\u010dn\u00ed a z\u00e1n\u011btliv\u00e9 onemocn\u011bn\u00ed t\u011bla<\/p>\n<\/div><div class=\"mkdf-icon-list-holder\" >\n\t<div class=\"mkdf-il-icon-holder\">\n\t\t<i class=\"mkdf-icon-font-awesome fa fa-minus-circle \" style=\"color: #ea6363;font-size: 20px\"><\/i>\t<\/div>\n\t<p class=\"mkdf-il-text\" style=\"padding-left: 20px\">traumata povrchu poko\u017eky<\/p>\n<\/div><div class=\"mkdf-icon-list-holder\" >\n\t<div class=\"mkdf-il-icon-holder\">\n\t\t<i class=\"mkdf-icon-font-awesome fa fa-minus-circle \" style=\"color: #ea6363;font-size: 20px\"><\/i>\t<\/div>\n\t<p class=\"mkdf-il-text\" style=\"padding-left: 20px\">poruchy c\u00e9v<\/p>\n<\/div><div class=\"mkdf-icon-list-holder\" >\n\t<div class=\"mkdf-il-icon-holder\">\n\t\t<i class=\"mkdf-icon-font-awesome fa fa-minus-circle \" style=\"color: #ea6363;font-size: 20px\"><\/i>\t<\/div>\n\t<p class=\"mkdf-il-text\" style=\"padding-left: 20px\">akutn\u00ed\/chronick\u00e9 nemoci k\u016f\u017ee<\/p>\n<\/div><div class=\"mkdf-icon-list-holder\" >\n\t<div class=\"mkdf-il-icon-holder\">\n\t\t<i class=\"mkdf-icon-font-awesome fa fa-minus-circle \" style=\"color: #ea6363;font-size: 20px\"><\/i>\t<\/div>\n\t<p class=\"mkdf-il-text\" style=\"padding-left: 20px\">t\u011bhotenstv\u00ed a kojen\u00ed<\/p>\n<\/div>\t\t<\/div>\n\t<\/div>\n<\/div><\/div>[\/vc_column][\/vc_row][vc_row][vc_column]<div class=\"mkdf-elements-holder mkdf-one-column mkdf-responsive-mode-768\" ><div class=\"mkdf-eh-item mkdf-horizontal-alignment-center\"  data-item-class=\"mkdf-eh-custom-570189\">\n\t<div class=\"mkdf-eh-item-inner\">\n\t\t<div class=\"mkdf-eh-item-content mkdf-eh-custom-570189\" style=\"padding: 100px 0px 0px 0px\">\n\t\t\t<div class=\"mkdf-section-title-holder mkdf-st-standard mkdf-st-title-left mkdf-st-normal-space \" >\n\t<div class=\"mkdf-st-inner\">\n\t\t\t\t\t<h2 class=\"mkdf-st-title\" >\n\t\t\t\tMohlo by v\u00e1s zaj\u00edmat\t\t\t<\/h2>\n\t\t\t\t\t<\/div>\n<\/div>[vc_column_text]<\/p>\n<p style=\"text-align: center;\">Podobn\u00e9 z\u00e1kroky, kter\u00e9 by mohly v\u00e1s zaujmout<\/p>\n<p>[\/vc_column_text]\t\t<\/div>\n\t<\/div>\n<\/div><\/div>[\/vc_column][\/vc_row][vc_row][vc_column][vc_row_inner][vc_column_inner css=&#8220;.vc_custom_1635090641718{border-right-width: 1px !important;border-left-width: 1px !important;padding-top: 0% !important;padding-right: 0% !important;padding-bottom: 0% !important;padding-left: 0% !important;border-left-color: #ededed !important;border-left-style: solid !important;border-right-color: #ededed !important;border-right-style: solid !important;}&#8220; offset=&#8220;vc_col-lg-3 vc_col-md-12 vc_col-xs-12&#8243;]<div class=\"mkdf-elements-holder mkdf-one-column mkdf-responsive-mode-768\" ><div class=\"mkdf-eh-item mkdf-horizontal-alignment-center\"  data-item-class=\"mkdf-eh-custom-350432\">\n\t<div class=\"mkdf-eh-item-inner\">\n\t\t<div class=\"mkdf-eh-item-content mkdf-eh-custom-350432\" style=\"padding: 55px 10%\">\n\t\t\t[vc_column_text]<\/p>\n<h3>Radiofrekven\u010dn\u00ed lifting t\u011bla s TriActive+<\/h3>\n<p>Multifunk\u010dn\u00ed p\u0159\u00edstroj umo\u017e\u0148uje efektivn\u011b zkorigovat obrysy a objem t\u011bla. Jde o nejnov\u011bj\u0161\u00ed technologii v boji proti ochablosti k\u016f\u017ee, lokalizovan\u00e9mu ukl\u00e1d\u00e1n\u00ed tuku a celulitid\u011b.[\/vc_column_text][vc_empty_space][vc_column_text]<\/p>\n<p style=\"text-align: center; margin-top: 10px;\"><a class=\"mkdf-btn mkdf-btn-medium mkdf-btn-outline\" style=\"color: #43d5cb; padding: 14px 30px; border: 1px solid #43d5cb; border-radius: 5px; font-weight: 300;\" href=\"\/zpevneni-a-vypnuti-kuze-pristrojem-triactive\/\" target=\"_blank\" rel=\"noopener\">V\u00edce info<\/a><\/p>\n<p>[\/vc_column_text]\t\t<\/div>\n\t<\/div>\n<\/div><\/div>[\/vc_column_inner][vc_column_inner css=&#8220;.vc_custom_1635090649157{padding-top: 0% !important;padding-right: 0% !important;padding-bottom: 0% !important;padding-left: 0% !important;}&#8220; offset=&#8220;vc_col-lg-3 vc_col-md-12 vc_col-xs-12&#8243;]<div class=\"mkdf-elements-holder mkdf-one-column mkdf-responsive-mode-768\" ><div class=\"mkdf-eh-item mkdf-horizontal-alignment-center\"  data-item-class=\"mkdf-eh-custom-291852\">\n\t<div class=\"mkdf-eh-item-inner\">\n\t\t<div class=\"mkdf-eh-item-content mkdf-eh-custom-291852\" style=\"padding: 55px 10%\">\n\t\t\t[vc_column_text]<\/p>\n<h3>Laserov\u00e1 epilace<\/h3>\n<p>K p\u016fvabu pot\u0159ebujete hladkou poko\u017eku. Odstranit necht\u011bn\u00e9 chloupky v\u00e1m pom\u016f\u017ee laserov\u00e1 epilace.[\/vc_column_text][vc_empty_space][vc_column_text]<\/p>\n<p style=\"text-align: center; margin-top: 10px;\"><a class=\"mkdf-btn mkdf-btn-medium mkdf-btn-outline\" style=\"color: #43d5cb; padding: 14px 30px; border: 1px solid #43d5cb; border-radius: 5px; font-weight: 300;\" href=\"\/laserova-epilace\/\" target=\"_blank\" rel=\"noopener\">V\u00edce info<\/a><\/p>\n<p>[\/vc_column_text]\t\t<\/div>\n\t<\/div>\n<\/div><\/div>[\/vc_column_inner][vc_column_inner css=&#8220;.vc_custom_1635090657196{border-right-width: 1px !important;border-left-width: 1px !important;padding-top: 0% !important;padding-right: 0% !important;padding-bottom: 0% !important;padding-left: 0% !important;border-left-color: #ededed !important;border-left-style: solid !important;border-right-color: #ededed !important;border-right-style: solid !important;}&#8220; offset=&#8220;vc_col-lg-3 vc_col-md-12 vc_col-xs-12&#8243;]<div class=\"mkdf-elements-holder mkdf-one-column mkdf-responsive-mode-768\" ><div class=\"mkdf-eh-item mkdf-horizontal-alignment-center\"  data-item-class=\"mkdf-eh-custom-741843\">\n\t<div class=\"mkdf-eh-item-inner\">\n\t\t<div class=\"mkdf-eh-item-content mkdf-eh-custom-741843\" style=\"padding: 55px 10%\">\n\t\t\t[vc_column_text]<\/p>\n<h3>L\u00e9\u010dba akn\u00e9 &amp; post-akn\u00e9<\/h3>\n<p>V boji s akn\u00e9 je nutn\u00e9 dodr\u017eovat rutinu v p\u00e9\u010di o ple\u0165. Akn\u00e9 toti\u017e m\u016f\u017ee potr\u00e1pit ka\u017ed\u00e9ho z n\u00e1s bez omezen\u00ed v\u011bku a \u010dasto je d\u016fvodem psychick\u00fdch probl\u00e9m\u016f i zhor\u0161en\u00ed kvality na\u0161eho \u017eivota.<\/p>\n<p>\u00dasp\u011b\u0161n\u00e1 l\u00e9\u010dba vy\u017eaduje \u010dasto kombinaci z\u00e1krok\u016f, trp\u011blivost a discipl\u00ednu.<\/p>\n<p>[\/vc_column_text][vc_empty_space][vc_column_text]<\/p>\n<p style=\"text-align: center; margin-top: 10px;\"><a class=\"mkdf-btn mkdf-btn-medium mkdf-btn-outline\" style=\"color: #43d5cb; padding: 14px 30px; border: 1px solid #43d5cb; border-radius: 5px; font-weight: 300;\" href=\"\/lecba-akne\/\" target=\"_blank\" rel=\"noopener\">V\u00edce info<\/a><\/p>\n<p>[\/vc_column_text]\t\t<\/div>\n\t<\/div>\n<\/div><\/div>[\/vc_column_inner][vc_column_inner css=&#8220;.vc_custom_1635090727539{padding-top: 0% !important;padding-right: 0% !important;padding-bottom: 0% !important;padding-left: 0% !important;}&#8220; offset=&#8220;vc_col-lg-3 vc_col-md-12 vc_col-xs-12&#8243;]<div class=\"mkdf-elements-holder mkdf-one-column mkdf-responsive-mode-768\" ><div class=\"mkdf-eh-item mkdf-horizontal-alignment-center\"  data-item-class=\"mkdf-eh-custom-826866\">\n\t<div class=\"mkdf-eh-item-inner\">\n\t\t<div class=\"mkdf-eh-item-content mkdf-eh-custom-826866\" style=\"padding: 55px 10%\">\n\t\t\t[vc_column_text]<\/p>\n<h3>Injek\u010dn\u00ed lipol\u00fdza<\/h3>\n<p>Injek\u010dn\u00ed lipol\u00fdza pat\u0159\u00ed k jednomu z nej\u00fa\u010dinn\u011bj\u0161\u00edch a nej\u0161etrn\u011bj\u0161\u00edch zp\u016fsob\u016f boje p\u0159i odstra\u0148ov\u00e1n\u00ed tukov\u00fdch pol\u0161t\u00e1\u0159k\u016f v problematick\u00fdch parti\u00edch bez chirurgick\u00e9ho z\u00e1kroku.<\/p>\n<p>[\/vc_column_text][vc_empty_space][vc_column_text]<\/p>\n<p style=\"text-align: center; margin-top: 10px;\"><a class=\"mkdf-btn mkdf-btn-medium mkdf-btn-outline\" style=\"color: #43d5cb; padding: 14px 30px; border: 1px solid #43d5cb; border-radius: 5px; font-weight: 300;\" href=\"\/lipolyza\/\" target=\"_blank\" rel=\"noopener\">V\u00edce info<\/a><\/p>\n<p>[\/vc_column_text]\t\t<\/div>\n\t<\/div>\n<\/div><\/div>[\/vc_column_inner][\/vc_row_inner][\/vc_column][\/vc_row]<\/p>\n","protected":false},"excerpt":{"rendered":"<p>[vc_row row_content_width=&#8220;grid&#8220; css=&#8220;.vc_custom_1632239210797{padding-top: 70px !important;}&#8220;][vc_column offset=&#8220;vc_col-lg-12&#8243; css=&#8220;.vc_custom_1632140768248{margin-top: -8px !important;}&#8220;][vc_empty_space height=&#8220;9px&#8220;][vc_column_text]Pressoterapie je p\u0159\u00edstrojovou mas\u00e1\u017e\u00ed, kterou lze prov\u00e1d\u011bt na cel\u00e9m t\u011ble anebo jednotliv\u00fdch oblastech. Na na\u0161\u00ed klinice naleznete pressoterapii doln\u00ed poloviny t\u011bla. Zm\u00edn\u011bn\u00e1 metoda spo\u010d\u00edv\u00e1 v ovlivn\u011bn\u00ed t\u011bla pacienta pomoc\u00ed stla\u010den\u00e9ho vzduchu [&hellip;]<\/p>\n","protected":false},"author":1,"featured_media":0,"parent":0,"menu_order":0,"comment_status":"closed","ping_status":"closed","template":"full-width.php","meta":{"footnotes":""},"class_list":["post-10639","page","type-page","status-publish","hentry"],"acf":[],"_links":{"self":[{"href":"https:\/\/altos-klinika.cz\/de\/wp-json\/wp\/v2\/pages\/10639","targetHints":{"allow":["GET"]}}],"collection":[{"href":"https:\/\/altos-klinika.cz\/de\/wp-json\/wp\/v2\/pages"}],"about":[{"href":"https:\/\/altos-klinika.cz\/de\/wp-json\/wp\/v2\/types\/page"}],"author":[{"embeddable":true,"href":"https:\/\/altos-klinika.cz\/de\/wp-json\/wp\/v2\/users\/1"}],"replies":[{"embeddable":true,"href":"https:\/\/altos-klinika.cz\/de\/wp-json\/wp\/v2\/comments?post=10639"}],"version-history":[{"count":23,"href":"https:\/\/altos-klinika.cz\/de\/wp-json\/wp\/v2\/pages\/10639\/revisions"}],"predecessor-version":[{"id":22490,"href":"https:\/\/altos-klinika.cz\/de\/wp-json\/wp\/v2\/pages\/10639\/revisions\/22490"}],"wp:attachment":[{"href":"https:\/\/altos-klinika.cz\/de\/wp-json\/wp\/v2\/media?parent=10639"}],"curies":[{"name":"wp","href":"https:\/\/api.w.org\/{rel}","templated":true}]}}