{"id":10852,"date":"2021-09-28T18:32:08","date_gmt":"2021-09-28T18:32:08","guid":{"rendered":"https:\/\/altos-klinika.cz\/?page_id=10852"},"modified":"2025-03-19T15:57:36","modified_gmt":"2025-03-19T15:57:36","slug":"nitovy-lifting-aptos","status":"publish","type":"page","link":"https:\/\/altos-klinika.cz\/de\/nitovy-lifting-aptos\/","title":{"rendered":"Ni\u0165ov\u00fd lifting Aptos"},"content":{"rendered":"<p>[vc_row row_content_width=&#8220;grid&#8220; css=&#8220;.vc_custom_1632239210797{padding-top: 70px !important;}&#8220;][vc_column offset=&#8220;vc_col-lg-12&#8243; css=&#8220;.vc_custom_1632140768248{margin-top: -8px !important;}&#8220;]<div class=\"mkdf-section-title-holder mkdf-st-standard mkdf-st-title-left mkdf-st-normal-space \" style=\"text-align: center\">\n\t<div class=\"mkdf-st-inner\">\n\t\t\t\t\t<h1 class=\"mkdf-st-title\" >\n\t\t\t\tNi\u0165ov\u00fd lifting Aptos\t\t\t<\/h1>\n\t\t\t\t\t<\/div>\n<\/div>[vc_empty_space height=&#8220;9px&#8220;][vc_column_text]<\/p>\n<h4 style=\"text-align: center;\">APTOS facelift bez skalpelu<\/h4>\n<p>[\/vc_column_text][vc_column_text]<\/p>\n<h3>Metody ni\u0165ov\u00e9ho liftingu Aptos<\/h3>\n<p>Nit\u011b Aptos jsou jedin\u00e9 nit\u011b obsahuj\u00edc\u00ed kyselinu hyaluronovou a polyml\u00e9\u010dnou, s vylep\u0161enou strukturou vl\u00e1ken, kter\u00e9 jsou pro poko\u017eku v\u00fdhodn\u011bj\u0161\u00ed a \u0161etrn\u011bj\u0161\u00ed. Tato kombinace a technika zaveden\u00ed nit\u00ed \u0159e\u0161\u00ed defekty, zp\u016fsoben\u00e9 n\u00e1sledkem st\u00e1rnut\u00ed obli\u010deje, po aplikaci je hned viditeln\u00e1 pru\u017enost a zlep\u0161en\u00ed struktury poko\u017eky.<\/p>\n<p>Metoda 3. generace zajist\u00ed va\u0161\u00ed poko\u017ece lifting i omlazen\u00ed v jednom. Na rozd\u00edl od klasick\u00e9ho (chirurgick\u00e9ho) faceliftingu je Aptos metoda vhodn\u00e1 pro v\u0161echny v\u011bkov\u00e9 skupiny lid\u00ed. Lze ji pou\u017e\u00edt i pro ni\u017e\u0161\u00ed v\u011bkovou hranici, a to 35 let.<\/p>\n<p>Vl\u00e1kna nit\u00ed Aptos se p\u0159i prota\u017een\u00ed podko\u017en\u00ed tk\u00e1n\u00ed zachyt\u00ed a cel\u00e1 nit dr\u017e\u00ed o\u0161et\u0159ovanou partii v po\u017eadovan\u00e9 poloze. Materi\u00e1l je nealergenn\u00ed, pln\u011b biokompatibiln\u00ed produkt, kter\u00fd se ji\u017e mnoho let vyu\u017e\u00edv\u00e1 i v kardiochirurgii, nebo v plastick\u00e9 chirurgii.<\/p>\n<h3>Pou\u017eit\u00ed Aptos nit\u00ed<\/h3>\n<ul>\n<li>P\u0159i poklesu tk\u00e1n\u011b obli\u010deje a podbradku (kontury)<\/li>\n<li>P\u0159i poklesu \u00fastn\u00edch koutk\u016f a oblasti kolem rt\u016f<\/li>\n<li>P\u0159i poklesu vn\u011bj\u0161\u00edch parti\u00ed obo\u010d\u00ed<\/li>\n<li>P\u0159i poklesu prsou, brady, u prohlouben\u00fdch nosoretn\u00edch r\u00fdh<\/li>\n<li>P\u0159i asymetrii obli\u010deje<\/li>\n<\/ul>\n<p>[\/vc_column_text][vc_single_image image=&#8220;10858&#8243; img_size=&#8220;full&#8220; alignment=&#8220;center&#8220;][vc_column_text]<\/p>\n<h3>\u00da\u010dinek po aplikaci s Aptos nit\u011bmi:<\/h3>\n<ul>\n<li>Biologick\u00e1 rovnov\u00e1ha<\/li>\n<li>Protiz\u00e1n\u011btliv\u00e9 \u00fa\u010dinky<\/li>\n<li>Tvorba nov\u00e9ho kolagenu<\/li>\n<li>Zpevn\u011bn\u00ed poko\u017eky<\/li>\n<li>Prodlou\u017een\u00e1 hydratace<\/li>\n<\/ul>\n<h3>Hlavn\u00ed v\u00fdhody<\/h3>\n<p>Nit\u011b maj\u00ed p\u0159\u00edzniv\u011bj\u0161\u00ed \u00fa\u010dinek na k\u016f\u017ei b\u011bhem 2 t\u00fddn\u016f a\u017e 3 m\u011bs\u00edc\u016f. Doba rehabilitace je viditeln\u011b rychlej\u0161\u00ed, velmi kr\u00e1tce po aplikaci je intenzivn\u011b produkov\u00e1n elastin, aktivace novotvorby kolagenu podporuje brzk\u00e9 zotaven\u00ed, zv\u00fd\u0161en\u00ed hustoty, pevnosti a elasticity dermis.<\/p>\n<p>Efekt z\u00e1kroku vydr\u017e\u00ed n\u011bkolik let, v z\u00e1vislosti na typu k\u016f\u017ee, podko\u017e\u00ed i v\u011bku pacienta. Facelifting metodou Aptos lze bez probl\u00e9m\u016f v p\u0159\u00edpad\u011b pot\u0159eby opakovat.[\/vc_column_text][vc_empty_space][\/vc_column][\/vc_row][vc_row full_width=&#8220;stretch_row&#8220; css=&#8220;.vc_custom_1638118773359{background-color: rgba(78,109,204,0.07) !important;*background-color: rgb(78,109,204) !important;}&#8220; simple_background_color=&#8220;rgba(78,109,204,0.07)&#8220;][vc_column][vc_row_inner row_content_width=&#8220;grid&#8220;][vc_column_inner][vc_column_text]\n<div class=\"wpcf7 no-js\" id=\"wpcf7-f13223-o1\" lang=\"cs-CZ\" dir=\"ltr\" data-wpcf7-id=\"13223\">\n<div class=\"screen-reader-response\"><p role=\"status\" aria-live=\"polite\" aria-atomic=\"true\"><\/p> <ul><\/ul><\/div>\n<form action=\"\/de\/wp-json\/wp\/v2\/pages\/10852#wpcf7-f13223-o1\" method=\"post\" class=\"wpcf7-form init inline-form\" aria-label=\"Kontaktn\u00ed formul\u00e1\u0159\" novalidate=\"novalidate\" data-status=\"init\">\n<div style=\"display: none;\">\n<input type=\"hidden\" name=\"_wpcf7\" value=\"13223\" \/>\n<input type=\"hidden\" name=\"_wpcf7_version\" value=\"6.0.4\" \/>\n<input type=\"hidden\" name=\"_wpcf7_locale\" value=\"cs_CZ\" \/>\n<input type=\"hidden\" name=\"_wpcf7_unit_tag\" value=\"wpcf7-f13223-o1\" \/>\n<input type=\"hidden\" name=\"_wpcf7_container_post\" value=\"0\" \/>\n<input type=\"hidden\" name=\"_wpcf7_posted_data_hash\" value=\"\" \/>\n<input type=\"hidden\" name=\"_wpcf7_recaptcha_response\" value=\"\" \/>\n<\/div>\n<h2>Objednat se na z\u00e1krok\n<\/h2>\n<div class=\"jq-row jq-inline-form\">\n\t<div class=\"fields-col jq-row\">\n\t\t<div class=\"jq-col-33\">\n\t\t\t<p><span class=\"wpcf7-form-control-wrap\" data-name=\"your-name\"><input size=\"40\" maxlength=\"400\" class=\"wpcf7-form-control wpcf7-text wpcf7-validates-as-required\" aria-required=\"true\" aria-invalid=\"false\" placeholder=\"Jm\u00e9no a p\u0159\u00edjmen\u00ed\" value=\"\" type=\"text\" name=\"your-name\" \/><\/span>\n\t\t\t<\/p>\n\t\t<\/div>\n\t\t<div class=\"jq-col-33\">\n\t\t\t<p><span class=\"wpcf7-form-control-wrap\" data-name=\"your-email\"><input size=\"40\" maxlength=\"400\" class=\"wpcf7-form-control wpcf7-email wpcf7-validates-as-required wpcf7-text wpcf7-validates-as-email\" aria-required=\"true\" aria-invalid=\"false\" placeholder=\"Email\" value=\"\" type=\"email\" name=\"your-email\" \/><\/span>\n\t\t\t<\/p>\n\t\t<\/div>\n\t\t<div class=\"jq-col-33\">\n\t\t\t<p><span class=\"wpcf7-form-control-wrap\" data-name=\"your-tel\"><input size=\"40\" maxlength=\"400\" class=\"wpcf7-form-control wpcf7-tel wpcf7-text wpcf7-validates-as-tel\" aria-invalid=\"false\" placeholder=\"+420 *** *** ***\" value=\"\" type=\"tel\" name=\"your-tel\" \/><\/span>\n\t\t\t<\/p>\n\t\t<\/div>\n\t\t<div class=\"jq-col-100\">\n\t\t\t<p><span class=\"wpcf7-form-control-wrap\" data-name=\"acceptance\"><span class=\"wpcf7-form-control wpcf7-acceptance\"><span class=\"wpcf7-list-item\"><label><input type=\"checkbox\" name=\"acceptance\" value=\"1\" aria-invalid=\"false\" \/><span class=\"wpcf7-list-item-label\">Souhlas\u00edm se zpracov\u00e1n\u00edm <a href=\"https:\/\/altos-klinika.cz\/podminky\/\" target=\"_blank\">osobn\u00edch \u00fadaj\u016f<\/a><\/span><\/label><\/span><\/span><\/span>\n\t\t\t<\/p>\n\t\t<\/div>\n\t<\/div>\n\t<div class=\"button-col\">\n\t\t<p><input class=\"wpcf7-form-control wpcf7-submit has-spinner\" type=\"submit\" value=\"Odeslat\" \/><input type=\"hidden\" class=\"wpcf7-form-control wpcf7-hidden\" name=\"your-subject\" placeholder=\"\" value=\"\u0417\u0430\u043f\u0438\u0441\u044c \u043d\u0430 \u043f\u0440\u043e\u0446\u0435\u0434\u0443\u0440\u0443\" \/><input type=\"hidden\" class=\"wpcf7-form-control wpcf7-hidden\" name=\"hidden-443\" placeholder=\"\" value=\"Ni\u0165ov\u00fd lifting Aptos\" \/>\n\t\t<\/p>\n\t<\/div>\n<\/div><input type='hidden' class='wpcf7-pum' value='{\"closepopup\":false,\"closedelay\":5,\"openpopup\":false,\"openpopup_id\":13484}' \/><div class=\"wpcf7-response-output\" aria-hidden=\"true\"><\/div>\n<\/form>\n<\/div>\n[\/vc_column_text][\/vc_column_inner][\/vc_row_inner][\/vc_column][\/vc_row][vc_row row_content_width=&#8220;grid&#8220; css=&#8220;.vc_custom_1632238008506{padding-top: 70px !important;}&#8220;][vc_column offset=&#8220;vc_col-lg-12&#8243; css=&#8220;.vc_custom_1632140768248{margin-top: -8px !important;}&#8220;]<div class=\"mkdf-elements-holder mkdf-one-column mkdf-responsive-mode-768\" ><div class=\"mkdf-eh-item mkdf-horizontal-alignment-center\"  data-item-class=\"mkdf-eh-custom-524828\" data-1280-1600=\"0px 20% 0px 20%\" data-1024-1280=\"0px 20% 0px 20%\" data-768-1024=\"0px 10% 0px 10%\" data-600-768=\"0 0 0 0\" data-480-600=\"0 0 0 0\" data-480=\"0 0 0 0\">\n\t<div class=\"mkdf-eh-item-inner\">\n\t\t<div class=\"mkdf-eh-item-content mkdf-eh-custom-524828\" style=\"padding: 0px 20% 0px 20%\">\n\t\t\t<div class=\"mkdf-section-title-holder mkdf-st-standard mkdf-st-title-left mkdf-st-normal-space \" style=\"text-align: center\">\n\t<div class=\"mkdf-st-inner\">\n\t\t\t\t\t<h2 class=\"mkdf-st-title\" >\n\t\t\t\tCen\u00edk\t\t\t<\/h2>\n\t\t\t\t\t<\/div>\n<\/div>\t\t<\/div>\n\t<\/div>\n<\/div><\/div>[\/vc_column][\/vc_row][vc_row row_content_width=&#8220;grid&#8220;][vc_column]<div class=\"mkdf-elements-holder mkdf-one-column mkdf-responsive-mode-768\" ><div class=\"mkdf-eh-item \"  data-item-class=\"mkdf-eh-custom-887204\" data-1280-1600=\"40px 50px 20px 50px\" data-1024-1280=\"40px 50px 20px 50px\" data-768-1024=\"20px 30px 20px 30px\" data-600-768=\"20px 30px 20px 30px\" data-480-600=\"20px 30px 20px 30px\" data-480=\"20px 30px 20px 30px\">\n\t<div class=\"mkdf-eh-item-inner\">\n\t\t<div class=\"mkdf-eh-item-content mkdf-eh-custom-887204\" style=\"padding: 40px 100px 20px 100px\">\n\t\t\t<div class=\"mkdf-pricing-tables clearfix  mkdf-two-columns mkdf-pt-normal-space\"><div class=\"mkdf-pt-wrapper\"><div class=\"mkdf-price-table\">\n\t<div class=\"mkdf-pt-inner\" >\n\t\t\t\t<ul>\n\t\t\t<li class=\"mkdf-pt-title-holder\">\n\t\t\t\t<span class=\"mkdf-pt-title\" >Konzultace<\/span>\n\t\t\t<\/li>\n\t\t\t<li class=\"mkdf-pt-prices\">\n\t\t\t\t<sup class=\"mkdf-pt-value\" >K\u010d<\/sup>\n\t\t\t\t<span class=\"mkdf-pt-price\" >1 500<\/span>\n\t\t\t\t<h6 class=\"mkdf-pt-mark\" >30 min<\/h6>\n\t\t\t<\/li>\n\t\t\t<li class=\"mkdf-pt-content\">\n\t\t\t\tv p\u0159\u00edpad\u011b o\u0161et\u0159en\u00ed se konzultace neplat\u00ed\t\t\t<\/li>\n\t\t\t\t\t\t\t<li class=\"mkdf-pt-button\">\n\t\t\t\t\t<a itemprop=\"url\" href=\"https:\/\/altos-klinika.cz\/objednat-se-na-zakrok\/?balname=Konzultace%20Ni%C5%A5ov%C3%BD%20lifting%20Aptos\" target=\"_self\"  class=\"mkdf-btn mkdf-btn-large mkdf-btn-solid mkdf-btn-solid-dark\"  >    <span class=\"mkdf-btn-text\">Objednat se na z\u00e1krok<\/span>    <span class=\"mkdf-btn-icon-holder\">        <span class=\"mkdf-btn-icon-normal\" ><\/span>        <span class=\"mkdf-btn-icon-flip\" ><\/span>    <\/span><\/a>\t\t\t\t<\/li>\t\t\t\t\n\t\t\t\t\t<\/ul>\n\t<\/div>\n<\/div><div class=\"mkdf-price-table\">\n\t<div class=\"mkdf-pt-inner\" >\n\t\t\t\t<ul>\n\t\t\t<li class=\"mkdf-pt-title-holder\">\n\t\t\t\t<span class=\"mkdf-pt-title\" >1 oblast<\/span>\n\t\t\t<\/li>\n\t\t\t<li class=\"mkdf-pt-prices\">\n\t\t\t\t<sup class=\"mkdf-pt-value\" >K\u010d<\/sup>\n\t\t\t\t<span class=\"mkdf-pt-price\" >25 000 - 35 000<\/span>\n\t\t\t\t<h6 class=\"mkdf-pt-mark\" >1 oblast<\/h6>\n\t\t\t<\/li>\n\t\t\t<li class=\"mkdf-pt-content\">\n\t\t\t\tCena z\u00e1vis\u00ed na spot\u0159eb\u011b materi\u00e1lu\t\t\t<\/li>\n\t\t\t\t\t\t\t<li class=\"mkdf-pt-button\">\n\t\t\t\t\t<a itemprop=\"url\" href=\"https:\/\/altos-klinika.cz\/objednat-se-na-zakrok\/?balname=Ni%C5%A5ov%C3%BD%20lifting%20Aptos%201%20oblast\" target=\"_self\"  class=\"mkdf-btn mkdf-btn-large mkdf-btn-solid mkdf-btn-solid-dark\"  >    <span class=\"mkdf-btn-text\">Objednat se na z\u00e1krok<\/span>    <span class=\"mkdf-btn-icon-holder\">        <span class=\"mkdf-btn-icon-normal\" ><\/span>        <span class=\"mkdf-btn-icon-flip\" ><\/span>    <\/span><\/a>\t\t\t\t<\/li>\t\t\t\t\n\t\t\t\t\t<\/ul>\n\t<\/div>\n<\/div><\/div><\/div>\t\t<\/div>\n\t<\/div>\n<\/div><\/div>[\/vc_column][\/vc_row][vc_row simple_background_color=&#8220;#37c7be&#8220;][vc_column][\/vc_column][\/vc_row][vc_row css=&#8220;.vc_custom_1632322238998{padding-top: 50px !important;}&#8220;][vc_column css=&#8220;.vc_custom_1492767171698{padding-top: 0px !important;}&#8220;]<div class=\"mkdf-elements-holder mkdf-two-columns mkdf-responsive-mode-768\" ><div class=\"mkdf-eh-item \" style=\"background-image: url(https:\/\/altos-klinika.cz\/wp-content\/uploads\/2021\/09\/doctor-man-consulting-patient-while-filling-up-application-form-desk-hospital-scaled.jpg)\" data-item-class=\"mkdf-eh-custom-624884\" data-600-768=\"260px 0\" data-480-600=\"200px 0\" data-480=\"200px 0\">\n\t<div class=\"mkdf-eh-item-inner\">\n\t\t<div class=\"mkdf-eh-item-content mkdf-eh-custom-624884\" >\n\t\t\t\t\t<\/div>\n\t<\/div>\n<\/div><div class=\"mkdf-eh-item \"  data-item-class=\"mkdf-eh-custom-706631\" data-1280-1600=\"110px 15% 120px 15%\" data-1024-1280=\"100px 13% 105px 14%\" data-768-1024=\"75px 11% 90px 10%\" data-600-768=\"75px 11% 90px 10%\" data-480-600=\"60px 10% 85px 10%\" data-480=\"60px 10% 85px 10%\">\n\t<div class=\"mkdf-eh-item-inner\">\n\t\t<div class=\"mkdf-eh-item-content mkdf-eh-custom-706631\" style=\"padding: 100px 19% 100px 16%\">\n\t\t\t<div class=\"mkdf-section-title-holder mkdf-st-standard mkdf-st-title-left mkdf-st-normal-space \" >\n\t<div class=\"mkdf-st-inner\">\n\t\t\t\t\t<h2 class=\"mkdf-st-title\" >\n\t\t\t\tKontraindikace\t\t\t<\/h2>\n\t\t\t\t\t<\/div>\n<\/div>[vc_empty_space height=&#8220;25px&#8220;]<div class=\"mkdf-icon-list-holder\" >\n\t<div class=\"mkdf-il-icon-holder\">\n\t\t<i class=\"mkdf-icon-font-awesome fa fa-minus-circle \" style=\"color: #ea6363;font-size: 20px\"><\/i>\t<\/div>\n\t<p class=\"mkdf-il-text\" style=\"padding-left: 20px\">epilepsie<\/p>\n<\/div><div class=\"mkdf-icon-list-holder\" >\n\t<div class=\"mkdf-il-icon-holder\">\n\t\t<i class=\"mkdf-icon-font-awesome fa fa-minus-circle \" style=\"color: #ea6363;font-size: 20px\"><\/i>\t<\/div>\n\t<p class=\"mkdf-il-text\" style=\"padding-left: 20px\">cukrovka<\/p>\n<\/div><div class=\"mkdf-icon-list-holder\" >\n\t<div class=\"mkdf-il-icon-holder\">\n\t\t<i class=\"mkdf-icon-font-awesome fa fa-minus-circle \" style=\"color: #ea6363;font-size: 20px\"><\/i>\t<\/div>\n\t<p class=\"mkdf-il-text\" style=\"padding-left: 20px\">t\u011bhotenstv\u00ed nebo kojen\u00ed<\/p>\n<\/div><div class=\"mkdf-icon-list-holder\" >\n\t<div class=\"mkdf-il-icon-holder\">\n\t\t<i class=\"mkdf-icon-font-awesome fa fa-minus-circle \" style=\"color: #ea6363;font-size: 20px\"><\/i>\t<\/div>\n\t<p class=\"mkdf-il-text\" style=\"padding-left: 20px\">z\u00e1va\u017en\u00e9\/chronick\u00e9 choroby srdce, c\u00e9v, ledvin<\/p>\n<\/div><div class=\"mkdf-icon-list-holder\" >\n\t<div class=\"mkdf-il-icon-holder\">\n\t\t<i class=\"mkdf-icon-font-awesome fa fa-minus-circle \" style=\"color: #ea6363;font-size: 20px\"><\/i>\t<\/div>\n\t<p class=\"mkdf-il-text\" style=\"padding-left: 20px\">infek\u010dn\u00ed a z\u00e1n\u011btliv\u00e9 choroby organismu<\/p>\n<\/div>\t\t<\/div>\n\t<\/div>\n<\/div><\/div>[\/vc_column][\/vc_row][vc_row disable_element=&#8220;yes&#8220;][vc_column]<div class=\"mkdf-elements-holder mkdf-one-column mkdf-responsive-mode-768\" ><div class=\"mkdf-eh-item mkdf-horizontal-alignment-center\" style=\"background-color: #f4f9fd\" data-item-class=\"mkdf-eh-custom-716272\">\n\t<div class=\"mkdf-eh-item-inner\">\n\t\t<div class=\"mkdf-eh-item-content mkdf-eh-custom-716272\" style=\"padding: 70px 0px 0px 0px\">\n\t\t\t<div class=\"mkdf-section-title-holder mkdf-st-standard mkdf-st-title-left mkdf-st-normal-space \" >\n\t<div class=\"mkdf-st-inner\">\n\t\t\t\t\t<h2 class=\"mkdf-st-title\" >\n\t\t\t\tO\u0161et\u0159uj\u00edc\u00ed specialist\u00e9\t\t\t<\/h2>\n\t\t\t\t\t<\/div>\n<\/div>[vc_empty_space]<div class=\"mkdf-team-list-holder mkdf-tl-normal-space mkdf-tl-four-columns\">\n\t<div class=\"mkdf-tl-inner \" data-number-of-items=\"4\" data-enable-navigation=\"no\" data-enable-pagination=\"no\">\n\t\tSorry, no posts matched your criteria.\t<\/div>\n<\/div>\t\t<\/div>\n\t<\/div>\n<\/div><\/div>[\/vc_column][\/vc_row][vc_row][vc_column]<div class=\"mkdf-elements-holder mkdf-one-column mkdf-responsive-mode-768\" ><div class=\"mkdf-eh-item mkdf-horizontal-alignment-center\"  data-item-class=\"mkdf-eh-custom-235209\">\n\t<div class=\"mkdf-eh-item-inner\">\n\t\t<div class=\"mkdf-eh-item-content mkdf-eh-custom-235209\" style=\"padding: 100px 0px 0px 0px\">\n\t\t\t<div class=\"mkdf-section-title-holder mkdf-st-standard mkdf-st-title-left mkdf-st-normal-space \" >\n\t<div class=\"mkdf-st-inner\">\n\t\t\t\t\t<h2 class=\"mkdf-st-title\" >\n\t\t\t\tMohlo by v\u00e1s zaj\u00edmat\t\t\t<\/h2>\n\t\t\t\t\t<\/div>\n<\/div>[vc_column_text]<\/p>\n<p style=\"text-align: center;\">Podobn\u00e9 z\u00e1kroky, kter\u00e9 by mohly v\u00e1s zaujmout<\/p>\n<p>[\/vc_column_text]\t\t<\/div>\n\t<\/div>\n<\/div><\/div>[\/vc_column][\/vc_row][vc_row css=&#8220;.vc_custom_1633293452436{padding-top: 45px !important;padding-bottom: 25px !important;}&#8220;][vc_column][vc_row_inner][vc_column_inner css=&#8220;.vc_custom_1638131080644{border-right-width: 1px !important;border-left-width: 1px !important;padding-top: 0% !important;padding-right: 0% !important;padding-bottom: 0% !important;padding-left: 0% !important;border-left-color: #ededed !important;border-left-style: solid !important;border-right-color: #ededed !important;border-right-style: solid !important;}&#8220; offset=&#8220;vc_col-lg-3 vc_col-md-6 vc_col-xs-12&#8243;]<div class=\"mkdf-elements-holder mkdf-one-column mkdf-responsive-mode-768\" ><div class=\"mkdf-eh-item mkdf-horizontal-alignment-center\"  data-item-class=\"mkdf-eh-custom-871624\">\n\t<div class=\"mkdf-eh-item-inner\">\n\t\t<div class=\"mkdf-eh-item-content mkdf-eh-custom-871624\" style=\"padding: 55px 10%\">\n\t\t\t[vc_column_text]<\/p>\n<h3>Biorevitalizace<\/h3>\n<p>Biotevitalizace vyu\u017e\u00edv\u00e1 kyselinu hyaluronovou s vy\u0161\u0161\u00ed koncentrac\u00ed. Tato p\u0159\u00edrodn\u00ed ple\u0165ov\u00e1 terapie pom\u00e1h\u00e1 zajistit poko\u017ece optim\u00e1ln\u00ed hydrataci, navrac\u00ed j\u00ed zdravou barvu, elasticitu a pru\u017enost. Nejen pom\u00e1h\u00e1 redukovat v\u00fdskyt vr\u00e1sek, ale tak\u00e9 poskytuje stavebn\u00ed prvky v\u00fd\u017eivy, kter\u00e9 stimuluj\u00ed p\u0159irozenou schopnost poko\u017eky omlazovat.[\/vc_column_text][vc_empty_space][vc_column_text]<\/p>\n<p style=\"text-align: center; margin-top: 10px;\"><a class=\"mkdf-btn mkdf-btn-medium mkdf-btn-outline\" style=\"color: #43d5cb; padding: 14px 30px; border: 1px solid #43d5cb; border-radius: 5px; font-weight: 300;\" href=\"\/biorevitalizace\/\" target=\"_blank\" rel=\"noopener\">V\u00edce info<\/a><\/p>\n<p>[\/vc_column_text]\t\t<\/div>\n\t<\/div>\n<\/div><\/div>[\/vc_column_inner][vc_column_inner css=&#8220;.vc_custom_1638131095068{padding-top: 0% !important;padding-right: 0% !important;padding-bottom: 0% !important;padding-left: 0% !important;}&#8220; offset=&#8220;vc_col-lg-3 vc_col-md-6 vc_col-xs-12&#8243;]<div class=\"mkdf-elements-holder mkdf-one-column mkdf-responsive-mode-768\" ><div class=\"mkdf-eh-item mkdf-horizontal-alignment-center\"  data-item-class=\"mkdf-eh-custom-834429\">\n\t<div class=\"mkdf-eh-item-inner\">\n\t\t<div class=\"mkdf-eh-item-content mkdf-eh-custom-834429\" style=\"padding: 55px 10%\">\n\t\t\t[vc_column_text]<\/p>\n<h3>Zv\u011bt\u0161en\u00ed rt\u016f<\/h3>\n<p>Pln\u011bj\u0161\u00ed a smysln\u011bj\u0161\u00ed vzhled rt\u016f je snem ka\u017ed\u00e9 klientky, kter\u00e1 nen\u00ed spokojena s tvarem nebo asymetri\u00ed rt\u016f. Pro vypln\u011bn\u00ed rt\u016f vyu\u017e\u00edv\u00e1me \u0161pi\u010dkov\u00e9 v\u00fdpln\u011b na b\u00e1zi kyseliny hyaluronov\u00e9, kter\u00e9 nab\u00edzej\u00ed dlouhodob\u00fd efekt a hydrataci. [\/vc_column_text][vc_empty_space][vc_column_text]<\/p>\n<p style=\"text-align: center; margin-top: 10px;\"><a class=\"mkdf-btn mkdf-btn-medium mkdf-btn-outline\" style=\"color: #43d5cb; padding: 14px 30px; border: 1px solid #43d5cb; border-radius: 5px; font-weight: 300;\" href=\"\/zvetsovani-rtu\/\" target=\"_blank\" rel=\"noopener\">V\u00edce info<\/a><\/p>\n<p>[\/vc_column_text]\t\t<\/div>\n\t<\/div>\n<\/div><\/div>[\/vc_column_inner][vc_column_inner css=&#8220;.vc_custom_1638131102652{border-right-width: 1px !important;border-left-width: 1px !important;padding-top: 0% !important;padding-right: 0% !important;padding-bottom: 0% !important;padding-left: 0% !important;border-left-color: #ededed !important;border-left-style: solid !important;border-right-color: #ededed !important;border-right-style: solid !important;}&#8220; offset=&#8220;vc_col-lg-3 vc_col-md-6 vc_col-xs-12&#8243;]<div class=\"mkdf-elements-holder mkdf-one-column mkdf-responsive-mode-768\" ><div class=\"mkdf-eh-item mkdf-horizontal-alignment-center\"  data-item-class=\"mkdf-eh-custom-280122\">\n\t<div class=\"mkdf-eh-item-inner\">\n\t\t<div class=\"mkdf-eh-item-content mkdf-eh-custom-280122\" style=\"padding: 55px 10%\">\n\t\t\t[vc_column_text]<\/p>\n<h3>V\u00fdpln\u011b<\/h3>\n<p>Derm\u00e1ln\u00ed v\u00fdpln\u011b na b\u00e1zi kyseliny hyaluronov\u00e9 maj\u00ed za c\u00edl vyhladit nosoretn\u00ed r\u00fdhy, vr\u00e1sky kolem o\u010d\u00ed, hydratovat. Jsou aplikov\u00e1ny hlavn\u011b pro zv\u00fd\u0161en\u00ed objemu, dod\u00e1n\u00ed plnosti, vypln\u011bn\u00ed vr\u00e1sek. Ple\u0165 je po aplikaci v\u00fdpln\u011b omlazen\u00e1 a sv\u011b\u017e\u00ed. [\/vc_column_text][vc_empty_space][vc_column_text]<\/p>\n<p style=\"text-align: center; margin-top: 10px;\"><a class=\"mkdf-btn mkdf-btn-medium mkdf-btn-outline\" style=\"color: #43d5cb; padding: 14px 30px; border: 1px solid #43d5cb; border-radius: 5px; font-weight: 300;\" href=\"\/vyplne\/\" target=\"_blank\" rel=\"noopener\">V\u00edce info<\/a><\/p>\n<p>[\/vc_column_text]\t\t<\/div>\n\t<\/div>\n<\/div><\/div>[\/vc_column_inner][vc_column_inner css=&#8220;.vc_custom_1638131117411{padding-top: 0% !important;padding-right: 0% !important;padding-bottom: 0% !important;padding-left: 0% !important;}&#8220; offset=&#8220;vc_col-lg-3 vc_col-md-6 vc_col-xs-12&#8243;]<div class=\"mkdf-elements-holder mkdf-one-column mkdf-responsive-mode-768\" ><div class=\"mkdf-eh-item mkdf-horizontal-alignment-center\"  data-item-class=\"mkdf-eh-custom-818848\">\n\t<div class=\"mkdf-eh-item-inner\">\n\t\t<div class=\"mkdf-eh-item-content mkdf-eh-custom-818848\" style=\"padding: 55px 10%\">\n\t\t\t[vc_column_text]<\/p>\n<h3>Korekce mimick\u00fdch vr\u00e1sek<\/h3>\n<p>Injekce na ur\u010ditou dobu eliminuje nervov\u00e1 zakon\u010den\u00ed sval\u016f, kter\u00e9 zp\u016fsobuj\u00ed vr\u00e1sky, ale je tak\u00e9 prevenc\u00ed vzniku dal\u0161\u00edch.[\/vc_column_text][vc_empty_space][vc_column_text]<\/p>\n<p style=\"text-align: center; margin-top: 10px;\"><a class=\"mkdf-btn mkdf-btn-medium mkdf-btn-outline\" style=\"color: #43d5cb; padding: 14px 30px; border: 1px solid #43d5cb; border-radius: 5px; font-weight: 300;\" href=\"\/aplikace-botulotoxinu-a\/\" target=\"_blank\" rel=\"noopener\">V\u00edce info<\/a><\/p>\n<p>[\/vc_column_text]\t\t<\/div>\n\t<\/div>\n<\/div><\/div>[\/vc_column_inner][\/vc_row_inner][\/vc_column][\/vc_row]<\/p>\n","protected":false},"excerpt":{"rendered":"<p>[vc_row row_content_width=&#8220;grid&#8220; css=&#8220;.vc_custom_1632239210797{padding-top: 70px !important;}&#8220;][vc_column offset=&#8220;vc_col-lg-12&#8243; css=&#8220;.vc_custom_1632140768248{margin-top: -8px !important;}&#8220;][vc_empty_space height=&#8220;9px&#8220;][vc_column_text] APTOS facelift bez skalpelu [\/vc_column_text][vc_column_text] Metody ni\u0165ov\u00e9ho liftingu Aptos Nit\u011b Aptos jsou jedin\u00e9 nit\u011b obsahuj\u00edc\u00ed kyselinu hyaluronovou a polyml\u00e9\u010dnou, s vylep\u0161enou strukturou vl\u00e1ken, kter\u00e9 jsou pro poko\u017eku v\u00fdhodn\u011bj\u0161\u00ed a \u0161etrn\u011bj\u0161\u00ed. [&hellip;]<\/p>\n","protected":false},"author":1,"featured_media":0,"parent":0,"menu_order":0,"comment_status":"closed","ping_status":"closed","template":"full-width.php","meta":{"footnotes":""},"class_list":["post-10852","page","type-page","status-publish","hentry"],"acf":[],"_links":{"self":[{"href":"https:\/\/altos-klinika.cz\/de\/wp-json\/wp\/v2\/pages\/10852","targetHints":{"allow":["GET"]}}],"collection":[{"href":"https:\/\/altos-klinika.cz\/de\/wp-json\/wp\/v2\/pages"}],"about":[{"href":"https:\/\/altos-klinika.cz\/de\/wp-json\/wp\/v2\/types\/page"}],"author":[{"embeddable":true,"href":"https:\/\/altos-klinika.cz\/de\/wp-json\/wp\/v2\/users\/1"}],"replies":[{"embeddable":true,"href":"https:\/\/altos-klinika.cz\/de\/wp-json\/wp\/v2\/comments?post=10852"}],"version-history":[{"count":20,"href":"https:\/\/altos-klinika.cz\/de\/wp-json\/wp\/v2\/pages\/10852\/revisions"}],"predecessor-version":[{"id":22654,"href":"https:\/\/altos-klinika.cz\/de\/wp-json\/wp\/v2\/pages\/10852\/revisions\/22654"}],"wp:attachment":[{"href":"https:\/\/altos-klinika.cz\/de\/wp-json\/wp\/v2\/media?parent=10852"}],"curies":[{"name":"wp","href":"https:\/\/api.w.org\/{rel}","templated":true}]}}