{"id":11653,"date":"2021-10-09T21:41:55","date_gmt":"2021-10-09T21:41:55","guid":{"rendered":"https:\/\/altos-klinika.cz\/?page_id=11653"},"modified":"2026-01-23T12:49:45","modified_gmt":"2026-01-23T12:49:45","slug":"ozonova-terapie","status":"publish","type":"page","link":"https:\/\/altos-klinika.cz\/de\/ozonova-terapie\/","title":{"rendered":"Ozonov\u00e1 terapie"},"content":{"rendered":"<p>[vc_row row_content_width=&#8220;grid&#8220; css=&#8220;.vc_custom_1632239210797{padding-top: 70px !important;}&#8220;][vc_column offset=&#8220;vc_col-lg-12&#8243; css=&#8220;.vc_custom_1632140768248{margin-top: -8px !important;}&#8220;]<div class=\"mkdf-section-title-holder mkdf-st-standard mkdf-st-title-left mkdf-st-normal-space \" style=\"text-align: center\">\n\t<div class=\"mkdf-st-inner\">\n\t\t\t\t\t<h1 class=\"mkdf-st-title\" >\n\t\t\t\tOzonov\u00e1 terapie je nejlep\u0161\u00ed investic\u00ed do va\u0161eho zdrav\u00ed\t\t\t<\/h1>\n\t\t\t\t\t<\/div>\n<\/div>[vc_empty_space height=&#8220;9px&#8220;][vc_column_text]<\/p>\n<h3>Ozonoterapie jako metoda omlazen\u00ed<\/h3>\n<p>V sou\u010dasn\u00e9 dob\u011b ozonov\u00e1 terapie pom\u00e1h\u00e1 p\u0159i l\u00e9\u010db\u011b mnoha nemoc\u00ed a je tak\u00e9 aktivn\u011b pou\u017e\u00edv\u00e1na v kosmetologii, co\u017e umo\u017e\u0148uje pacient\u016fm zpomalit proces st\u00e1rnut\u00ed k\u016f\u017ee. Po konzultaci s odborn\u00edkem, je nutn\u00e9 absolvovat minim\u00e1ln\u011b 7\u201312 l\u00e9\u010debn\u00fdch sezen\u00ed, abyste dos\u00e1hli po\u017eadovan\u00e9ho v\u00fdsledku.<\/p>\n<p>Ozon je modifikace kysl\u00edku, kter\u00e1 se skl\u00e1d\u00e1 z t\u0159\u00ed-atomov\u00fdch molekul. Ozonov\u00e1 terapie je jedine\u010dnou l\u00e9\u010debnou metodou bez pou\u017eit\u00ed l\u00e9k\u016f, p\u0159i kter\u00e9 se do t\u011bla zav\u00e1d\u00ed aktivn\u00ed kysl\u00edk, bez zapojen\u00ed plic do tohoto procesu. Ozon pom\u00e1h\u00e1 odstra\u0148ovat toxiny z t\u011bla, stimuluje metabolismus, zlep\u0161uje stav poko\u017eky. Tato l\u00e9\u010debn\u00e1 metoda je zn\u00e1ma ji\u017e v\u00edce ne\u017e sto let \u2013 pro l\u00e9\u010debn\u00e9 \u00fa\u010dely ozon byl pou\u017e\u00edv\u00e1n na za\u010d\u00e1tku 20. stolet\u00ed a prvn\u00ed l\u00e9ka\u0159sk\u00fd gener\u00e1tor ozonu byl vytvo\u0159en v roce 1916. V sou\u010dasn\u00e9 dob\u011b ozonov\u00e1 terapie je pou\u017e\u00edv\u00e1na v mnoha klinik\u00e1ch po cel\u00e9m sv\u011bt\u011b, v\u010detn\u011b N\u011bmecka, Ruska, \u0160v\u00fdcarska, Francie, It\u00e1lie a dal\u0161\u00edch zem\u00edch.<\/p>\n<p>Rozsah pou\u017eit\u00ed ozonov\u00e9 terapie je velmi \u0161irok\u00fd. Aktivn\u00ed kysl\u00edk pom\u00e1h\u00e1 p\u0159i l\u00e9\u010db\u011b nemoc\u00ed, jako jsou trofick\u00e9 v\u0159edy p\u0159i cukrovce, ateroskler\u00f3za, k\u0159e\u010dov\u00e9 \u017e\u00edly, metabolick\u00e9 poruchy, chronick\u00e1 pankreatitida atd. Sou\u010dasn\u011b ozonov\u00e1 terapie je velmi obl\u00edben\u00e1 v dermatologii \u2013 tato metoda se pou\u017e\u00edv\u00e1 k l\u00e9\u010db\u011b jizev a odstran\u011bn\u00ed stri\u00ed, l\u00e9\u010db\u011b celulitidy, zlep\u0161en\u00ed stavu neht\u016f a vlas\u016f. Ozonov\u00e1 terapie se doporu\u010duje lidem s probl\u00e9movou poko\u017ekou (akn\u00e9, p\u0159\u00edli\u0161 such\u00e1 nebo mastn\u00e1 ple\u0165) a tak\u00e9 pro prevenci p\u0159ed\u010dasn\u00e9ho st\u00e1rnut\u00ed k\u016f\u017ee (zlep\u0161en\u00ed kontur obli\u010deje, odstran\u011bn\u00ed vr\u00e1sek).<br \/>\nProcedura se prov\u00e1d\u00ed dv\u011bma zp\u016fsoby: ve form\u011b podko\u017en\u00edch mikroinjekc\u00ed nebo intraven\u00f3zn\u011b (v z\u00e1vislosti na indikac\u00edch a po konzultaci s odborn\u00edkem). Oba postupy jsou bezbolestn\u00e9 a bezpe\u010dn\u00e9.<\/p>\n<p>P\u0159i l\u00e9\u010db\u011b celulitidy ozon pom\u00e1h\u00e1 spalovat p\u0159ebyte\u010dn\u00fd tuk a umo\u017e\u0148uje kosmetolog\u016fm opravit probl\u00e9mov\u00e9 oblasti t\u011bla pacienta. Ozon ni\u010d\u00ed bari\u00e9ry mezi tukov\u00fdmi bu\u0148kami, \u010d\u00edm\u017e eliminuje efekt pomeran\u010dov\u00e9 k\u016fry. Pr\u016fb\u011bh l\u00e9\u010dby v tomto p\u0159\u00edpad\u011b je 5\u201310 procedur.<\/p>\n<p>L\u00e9\u010dba oz\u00f3nem je nyn\u00ed \u010dast\u011bji pou\u017e\u00edv\u00e1na v sanatori\u00edch a penzionech, d\u00edky \u0161irok\u00e9mu spektru terapeutick\u00fdch \u00fa\u010dink\u016f. Ozon pom\u00e1h\u00e1 zlep\u0161it metabolismus v boji proti nadv\u00e1ze a r\u016fzn\u00fdm metabolick\u00fdm poruch\u00e1m v t\u011ble. Tuto metodu pou\u017e\u00edvaj\u00ed tak\u00e9 l\u00e9ka\u0159i k prevenci a pos\u00edlen\u00ed imunity \u2013ozon p\u016fsob\u00ed, kdy\u017e antibiotika nepom\u00e1haj\u00ed proti bakteri\u00edm, vir\u016fm a pl\u00edsn\u00edm, p\u0159i dysbakteri\u00f3ze.<\/p>\n<p>Ozon m\u00e1 n\u00e1sleduj\u00edc\u00ed l\u00e9\u010div\u00e9 \u00fa\u010dinky:<\/p>\n<ul>\n<li><strong>protiz\u00e1n\u011btliv\u00fd \u00fa\u010dinek<\/strong><\/li>\n<li><strong>ni\u010d\u00ed bakterie, viry, pl\u00edsn\u011b<\/strong><\/li>\n<li><strong>obohacuje krev kysl\u00edkem, zlep\u0161uje jej\u00ed vlastnosti, sni\u017euje viskozitu<\/strong><\/li>\n<li><strong>podporuje hojen\u00ed ran<\/strong><\/li>\n<li><strong>aktivuje metabolismus<\/strong><\/li>\n<li><strong>posiluje imunitn\u00ed syst\u00e9m<\/strong><\/li>\n<\/ul>\n<p>Kurzy ozonov\u00e9 terapie lze opakovat v intervalu 5\u20136 m\u011bs\u00edc\u016f.[\/vc_column_text][vc_empty_space][\/vc_column][\/vc_row][vc_row full_width=&#8220;stretch_row&#8220; css=&#8220;.vc_custom_1638118773359{background-color: rgba(78,109,204,0.07) !important;*background-color: rgb(78,109,204) !important;}&#8220; simple_background_color=&#8220;rgba(78,109,204,0.07)&#8220;][vc_column][vc_row_inner row_content_width=&#8220;grid&#8220;][vc_column_inner][vc_column_text]\n<div class=\"wpcf7 no-js\" id=\"wpcf7-f13223-o1\" lang=\"cs-CZ\" dir=\"ltr\" data-wpcf7-id=\"13223\">\n<div class=\"screen-reader-response\"><p role=\"status\" aria-live=\"polite\" aria-atomic=\"true\"><\/p> <ul><\/ul><\/div>\n<form action=\"\/de\/wp-json\/wp\/v2\/pages\/11653#wpcf7-f13223-o1\" method=\"post\" class=\"wpcf7-form init inline-form\" aria-label=\"Kontaktn\u00ed formul\u00e1\u0159\" novalidate=\"novalidate\" data-status=\"init\">\n<div style=\"display: none;\">\n<input type=\"hidden\" name=\"_wpcf7\" value=\"13223\" \/>\n<input type=\"hidden\" name=\"_wpcf7_version\" value=\"6.0.4\" \/>\n<input type=\"hidden\" name=\"_wpcf7_locale\" value=\"cs_CZ\" \/>\n<input type=\"hidden\" name=\"_wpcf7_unit_tag\" value=\"wpcf7-f13223-o1\" \/>\n<input type=\"hidden\" name=\"_wpcf7_container_post\" value=\"0\" \/>\n<input type=\"hidden\" name=\"_wpcf7_posted_data_hash\" value=\"\" \/>\n<input type=\"hidden\" name=\"_wpcf7_recaptcha_response\" value=\"\" \/>\n<\/div>\n<h2>Objednat se na z\u00e1krok\n<\/h2>\n<div class=\"jq-row jq-inline-form\">\n\t<div class=\"fields-col jq-row\">\n\t\t<div class=\"jq-col-33\">\n\t\t\t<p><span class=\"wpcf7-form-control-wrap\" data-name=\"your-name\"><input size=\"40\" maxlength=\"400\" class=\"wpcf7-form-control wpcf7-text wpcf7-validates-as-required\" aria-required=\"true\" aria-invalid=\"false\" placeholder=\"Jm\u00e9no a p\u0159\u00edjmen\u00ed\" value=\"\" type=\"text\" name=\"your-name\" \/><\/span>\n\t\t\t<\/p>\n\t\t<\/div>\n\t\t<div class=\"jq-col-33\">\n\t\t\t<p><span class=\"wpcf7-form-control-wrap\" data-name=\"your-email\"><input size=\"40\" maxlength=\"400\" class=\"wpcf7-form-control wpcf7-email wpcf7-validates-as-required wpcf7-text wpcf7-validates-as-email\" aria-required=\"true\" aria-invalid=\"false\" placeholder=\"Email\" value=\"\" type=\"email\" name=\"your-email\" \/><\/span>\n\t\t\t<\/p>\n\t\t<\/div>\n\t\t<div class=\"jq-col-33\">\n\t\t\t<p><span class=\"wpcf7-form-control-wrap\" data-name=\"your-tel\"><input size=\"40\" maxlength=\"400\" class=\"wpcf7-form-control wpcf7-tel wpcf7-text wpcf7-validates-as-tel\" aria-invalid=\"false\" placeholder=\"+420 *** *** ***\" value=\"\" type=\"tel\" name=\"your-tel\" \/><\/span>\n\t\t\t<\/p>\n\t\t<\/div>\n\t\t<div class=\"jq-col-100\">\n\t\t\t<p><span class=\"wpcf7-form-control-wrap\" data-name=\"acceptance\"><span class=\"wpcf7-form-control wpcf7-acceptance\"><span class=\"wpcf7-list-item\"><label><input type=\"checkbox\" name=\"acceptance\" value=\"1\" aria-invalid=\"false\" \/><span class=\"wpcf7-list-item-label\">Souhlas\u00edm se zpracov\u00e1n\u00edm <a href=\"https:\/\/altos-klinika.cz\/podminky\/\" target=\"_blank\">osobn\u00edch \u00fadaj\u016f<\/a><\/span><\/label><\/span><\/span><\/span>\n\t\t\t<\/p>\n\t\t<\/div>\n\t<\/div>\n\t<div class=\"button-col\">\n\t\t<p><input class=\"wpcf7-form-control wpcf7-submit has-spinner\" type=\"submit\" value=\"Odeslat\" \/><input type=\"hidden\" class=\"wpcf7-form-control wpcf7-hidden\" name=\"your-subject\" placeholder=\"\" value=\"\u0417\u0430\u043f\u0438\u0441\u044c \u043d\u0430 \u043f\u0440\u043e\u0446\u0435\u0434\u0443\u0440\u0443\" \/><input type=\"hidden\" class=\"wpcf7-form-control wpcf7-hidden\" name=\"hidden-443\" placeholder=\"\" value=\"Ozonov\u00e1 terapie\" \/>\n\t\t<\/p>\n\t<\/div>\n<\/div><input type='hidden' class='wpcf7-pum' value='{\"closepopup\":false,\"closedelay\":5,\"openpopup\":false,\"openpopup_id\":13484}' \/><div class=\"wpcf7-response-output\" aria-hidden=\"true\"><\/div>\n<\/form>\n<\/div>\n[\/vc_column_text][\/vc_column_inner][\/vc_row_inner][\/vc_column][\/vc_row][vc_row content_placement=&#8220;middle&#8220; css=&#8220;.vc_custom_1632529364693{background-color: #fafafa !important;}&#8220;][vc_column]<div class=\"mkdf-elements-holder mkdf-one-column mkdf-responsive-mode-768\" style=\"background-color:#fafafa;\"><div class=\"mkdf-eh-item mkdf-horizontal-alignment-center\"  data-item-class=\"mkdf-eh-custom-885151\">\n\t<div class=\"mkdf-eh-item-inner\">\n\t\t<div class=\"mkdf-eh-item-content mkdf-eh-custom-885151\" style=\"padding: 20px 0 0 0\">\n\t\t\t<div class=\"mkdf-section-title-holder mkdf-st-standard mkdf-st-title-left mkdf-st-normal-space \" style=\"text-align: center\">\n\t<div class=\"mkdf-st-inner\">\n\t\t\t\t\t<h2 class=\"mkdf-st-title\" >\n\t\t\t\tCen\u00edk\t\t\t<\/h2>\n\t\t\t\t\t<\/div>\n<\/div>\t\t<\/div>\n\t<\/div>\n<\/div><\/div><div class=\"mkdf-elements-holder mkdf-one-column mkdf-responsive-mode-768 mkdf-one-column-alignment-center\" style=\"background-color:#fafafa;\"><div class=\"mkdf-eh-item mkdf-horizontal-alignment-center\"  data-item-class=\"mkdf-eh-custom-816712\" data-1280-1600=\"40px 200px 20px 200px\" data-1024-1280=\"40px 200px 20px 200px\" data-768-1024=\"40px 100px 20px 100px\" data-600-768=\"20px 30px 20px 30px\" data-480-600=\"20px 30px 20px 30px\" data-480=\"20px 30px 20px 30px\">\n\t<div class=\"mkdf-eh-item-inner\">\n\t\t<div class=\"mkdf-eh-item-content mkdf-eh-custom-816712\" style=\"padding: 40px 200px 20px 200px\">\n\t\t\t<div class=\"mkdf-pricing-tables clearfix  mkdf-two-columns mkdf-pt-normal-space\"><div class=\"mkdf-pt-wrapper\"><div class=\"mkdf-price-table\">\n\t<div class=\"mkdf-pt-inner\" style=\"background-color: #ffffff\">\n\t\t\t\t<ul>\n\t\t\t<li class=\"mkdf-pt-title-holder\">\n\t\t\t\t<span class=\"mkdf-pt-title\" style=\"border-color: #13bfb1\">Konzultace<\/span>\n\t\t\t<\/li>\n\t\t\t<li class=\"mkdf-pt-prices\">\n\t\t\t\t<sup class=\"mkdf-pt-value\" >K\u010d<\/sup>\n\t\t\t\t<span class=\"mkdf-pt-price\" >1 500<\/span>\n\t\t\t\t<h6 class=\"mkdf-pt-mark\" >30 min<\/h6>\n\t\t\t<\/li>\n\t\t\t<li class=\"mkdf-pt-content\">\n\t\t\t\tv p\u0159\u00edpad\u011b o\u0161et\u0159en\u00ed se konzultace neplat\u00ed\t\t\t<\/li>\n\t\t\t\t\t\t\t<li class=\"mkdf-pt-button\">\n\t\t\t\t\t<a itemprop=\"url\" href=\"#\" target=\"_self\"  class=\"mkdf-btn mkdf-btn-large mkdf-btn-solid mkdf-btn-solid-dark\"  >    <span class=\"mkdf-btn-text\">Objednat se na z\u00e1krok<\/span>    <span class=\"mkdf-btn-icon-holder\">        <span class=\"mkdf-btn-icon-normal\" ><\/span>        <span class=\"mkdf-btn-icon-flip\" ><\/span>    <\/span><\/a>\t\t\t\t<\/li>\t\t\t\t\n\t\t\t\t\t<\/ul>\n\t<\/div>\n<\/div><div class=\"mkdf-price-table\">\n\t<div class=\"mkdf-pt-inner\" style=\"background-color: #ffffff\">\n\t\t\t\t<ul>\n\t\t\t<li class=\"mkdf-pt-title-holder\">\n\t\t\t\t<span class=\"mkdf-pt-title\" style=\"border-color: #13bfb1\">1 o\u0161et\u0159en\u00ed<\/span>\n\t\t\t<\/li>\n\t\t\t<li class=\"mkdf-pt-prices\">\n\t\t\t\t<sup class=\"mkdf-pt-value\" >K\u010d<\/sup>\n\t\t\t\t<span class=\"mkdf-pt-price\" >od 5 000<\/span>\n\t\t\t\t<h6 class=\"mkdf-pt-mark\" >1 o\u0161et\u0159en\u00ed<\/h6>\n\t\t\t<\/li>\n\t\t\t<li class=\"mkdf-pt-content\">\n\t\t\t\tCena z\u00e1vis\u00ed na rozsahu o\u0161et\u0159ovan\u00e9 oblasti.\t\t\t<\/li>\n\t\t\t\t\t\t\t<li class=\"mkdf-pt-button\">\n\t\t\t\t\t<a itemprop=\"url\" href=\"https:\/\/altos-klinika.cz\/objednat-se-na-zakrok\/?balname=Ozonov%C3%A1%20terapie\" target=\"_self\"  class=\"mkdf-btn mkdf-btn-large mkdf-btn-solid mkdf-btn-solid-dark\"  >    <span class=\"mkdf-btn-text\">Objednat se na z\u00e1krok<\/span>    <span class=\"mkdf-btn-icon-holder\">        <span class=\"mkdf-btn-icon-normal\" ><\/span>        <span class=\"mkdf-btn-icon-flip\" ><\/span>    <\/span><\/a>\t\t\t\t<\/li>\t\t\t\t\n\t\t\t\t\t<\/ul>\n\t<\/div>\n<\/div><\/div><\/div>\t\t<\/div>\n\t<\/div>\n<\/div><\/div>[\/vc_column][\/vc_row][vc_row row_content_width=&#8220;grid&#8220; css=&#8220;.vc_custom_1632238008506{padding-top: 70px !important;}&#8220;][vc_column offset=&#8220;vc_col-lg-12&#8243; css=&#8220;.vc_custom_1632140768248{margin-top: -8px !important;}&#8220;]<div class=\"mkdf-elements-holder mkdf-one-column mkdf-responsive-mode-768\" ><div class=\"mkdf-eh-item mkdf-horizontal-alignment-center\"  data-item-class=\"mkdf-eh-custom-605474\" data-1280-1600=\"0px 20% 0px 20%\" data-1024-1280=\"0px 20% 0px 20%\" data-768-1024=\"0px 10% 0px 10%\" data-600-768=\"0 0 0 0\" data-480-600=\"0 0 0 0\" data-480=\"0 0 0 0\">\n\t<div class=\"mkdf-eh-item-inner\">\n\t\t<div class=\"mkdf-eh-item-content mkdf-eh-custom-605474\" style=\"padding: 0px 20% 0px 20%\">\n\t\t\t[vc_column_text]<\/p>\n<div id=\"all-events\" class=\"ui-tabs-panel ui-corner-bottom ui-widget-content\" role=\"tabpanel\" aria-labelledby=\"ui-id-1\" aria-hidden=\"false\">\n<table class=\"tt_timetable\">\n<thead>\n<tr class=\"row_gray\">\n<th>Slu\u017eba<\/th>\n<th>Cena<\/th>\n<\/tr>\n<\/thead>\n<tbody>\n<tr class=\"row_1\">\n<td style=\"vertical-align: middle; padding: 10px 0px; width: 60%;\">Infuzn\u00ed terapie ozonem (40 min)<\/td>\n<td style=\"color: #37c7be!important; vertical-align: middle;\">5 000 K\u010d<\/td>\n<\/tr>\n<tr class=\"row_gray\">\n<td style=\"vertical-align: middle; padding: 10px 0px; width: 60%;\">Mezoterapie ozonem (1 hod)<\/td>\n<td style=\"color: #37c7be!important; vertical-align: middle;\">5 000 K\u010d<\/td>\n<\/tr>\n<tr class=\"row\">\n<td style=\"vertical-align: middle; padding: 10px 0px; width: 60%;\">Le\u010dba diabetick\u00fdch problem s noh\u00e1ma (30 min)<\/td>\n<td style=\"color: #37c7be!important; vertical-align: middle;\">5 000 K\u010d<\/td>\n<\/tr>\n<tr class=\"row_gray\">\n<td style=\"vertical-align: middle; padding: 10px 0px; width: 60%;\">P\u0159\u00ed ko\u017en\u00ed poruch\u00fd nap\u0159.r\u00e1ny, \u010derstve j\u00edzv\u00fd ( 30 min)<\/td>\n<td style=\"color: #37c7be!important; vertical-align: middle;\">5 000 K\u010d<\/td>\n<\/tr>\n<tr class=\"row\">\n<td style=\"vertical-align: middle; padding: 10px 0px; width: 60%;\">Le\u010dba akne (1 hod)<\/td>\n<td style=\"color: #37c7be!important; vertical-align: middle;\">5 000 K\u010d<\/td>\n<\/tr>\n<tr class=\"row_gray\">\n<td style=\"vertical-align: middle; padding: 10px 0px; width: 60%;\">Le\u010dba revmatoidn\u00ed artridu (30 min)<br \/>\nkl\u00edn jedna oblast<\/td>\n<td style=\"color: #37c7be!important; vertical-align: middle;\">5 000 K\u010d<\/td>\n<\/tr>\n<tr class=\"row\">\n<td style=\"vertical-align: middle; padding: 10px 0px; width: 60%;\">Le\u010dba revmatoidn\u00ed artridu (30 min)<br \/>\nchodidla 2 oblast\u00ed<\/td>\n<td style=\"color: #37c7be!important; vertical-align: middle;\">5 000 K\u010d<\/td>\n<\/tr>\n<tr class=\"row_gray\">\n<td style=\"vertical-align: middle; padding: 10px 0px; width: 60%;\">Le\u010dba osteochondrozu (40 min)<\/td>\n<td style=\"color: #37c7be!important; vertical-align: middle;\">5 000 K\u010d<\/td>\n<\/tr>\n<tr class=\"row\">\n<td style=\"vertical-align: middle; padding: 10px 0px; width: 60%;\">Le\u010dba intoxikace a jin\u00fdch \u0161kodliv\u00fdch l\u00e1tek (40 min)<\/td>\n<td style=\"color: #37c7be!important; vertical-align: middle;\">5 000 K\u010d<\/td>\n<\/tr>\n<tr class=\"row_gray\">\n<td style=\"vertical-align: middle; padding: 10px 0px; width: 60%;\">Korekce t\u011bloveho tuku (1 hod)<br \/>\n1 oblast<\/td>\n<td style=\"color: #37c7be!important; vertical-align: middle;\">5 000 K\u010d<\/td>\n<\/tr>\n<tr class=\"row\">\n<td style=\"vertical-align: middle; padding: 10px 0px; width: 60%;\">Korekce t\u011bloveho tuku (1 hod)<br \/>\n2 oblasti<\/td>\n<td style=\"color: #37c7be!important; vertical-align: middle;\">5 000 K\u010d<\/td>\n<\/tr>\n<\/tbody>\n<\/table>\n<div class=\"tt_timetable small \">\n<ul class=\"tt_items_list thin page_margin_top timetable_clearfix\">\n<li class=\"timetable_clearfix\">\n<div class=\"event_container\"><a class=\"event_header\" title=\"Infuzn\u00ed terapie ozonem (40 min)\">Infuzn\u00ed terapie ozonem (40 min)<\/a><\/div>\n<div class=\"value\"><span class=\"start-hour\">2 500 K\u010d<\/span><\/div>\n<\/li>\n<li class=\"timetable_clearfix\">\n<div class=\"event_container\"><a class=\"event_header\">Mezoterapie ozonem (1 hod)<\/a><\/div>\n<div class=\"value\"><span class=\"start-hour\">2 500 K\u010d<\/span><\/div>\n<\/li>\n<li class=\"timetable_clearfix\">\n<div class=\"event_container\"><a class=\"event_header\">Le\u010dba diabetick\u00fdch problem s noh\u00e1ma (30 min)<\/a><\/div>\n<div class=\"value\"><span class=\"start-hour\">2 900 K\u010d<\/span><\/div>\n<\/li>\n<li class=\"timetable_clearfix\">\n<div class=\"event_container\"><a class=\"event_header\">P\u0159\u00ed ko\u017en\u00ed poruch\u00fd nap\u0159.r\u00e1ny, \u010derstve j\u00edzv\u00fd ( 30 min)<\/a><\/div>\n<div class=\"value\"><span class=\"start-hour\">2 900 K\u010d<\/span><\/div>\n<\/li>\n<li class=\"timetable_clearfix\">\n<div class=\"event_container\"><a class=\"event_header\">Le\u010dba akne (1 hod)<\/a><\/div>\n<div class=\"value\"><span class=\"start-hour\">2 900 K\u010d<\/span><\/div>\n<\/li>\n<li class=\"timetable_clearfix\">\n<div class=\"event_container\"><a class=\"event_header\">Le\u010dba revmatoidn\u00ed artridu (30 min)<br \/>\nkl\u00edn jedna oblast<\/a><\/div>\n<div class=\"value\"><span class=\"start-hour\">2 900 K\u010d<\/span><\/div>\n<\/li>\n<li class=\"timetable_clearfix\">\n<div class=\"event_container\"><a class=\"event_header\">Le\u010dba revmatoidn\u00ed artridu (30 min)<br \/>\nchodidla 2 oblast\u00ed<\/a><\/div>\n<div class=\"value\"><span class=\"start-hour\">2 900 K\u010d<\/span><\/div>\n<\/li>\n<li class=\"timetable_clearfix\">\n<div class=\"event_container\"><a class=\"event_header\">Le\u010dba osteochondrozu (40 min)<\/a><\/div>\n<div class=\"value\"><span class=\"start-hour\">2 900 K\u010d<\/span><\/div>\n<\/li>\n<li class=\"timetable_clearfix\">\n<div class=\"event_container\"><a class=\"event_header\">Le\u010dba intoxikace a jin\u00fdch \u0161kodliv\u00fdch l\u00e1tek (40 min) <\/a><\/div>\n<div class=\"value\"><span class=\"start-hour\">2 900 K\u010d<\/span><\/div>\n<\/li>\n<li class=\"timetable_clearfix\">\n<div class=\"event_container\"><a class=\"event_header\">Korekce t\u011bloveho tuku (1 hod)<br \/>\n1 oblast<\/a><\/div>\n<div class=\"value\"><span class=\"start-hour\">2 900 K\u010d<\/span><\/div>\n<\/li>\n<li class=\"timetable_clearfix\">\n<div class=\"event_container\"><a class=\"event_header\">Korekce t\u011bloveho tuku (1 hod)<br \/>\n2 oblast\u00ed<\/a><\/div>\n<div class=\"value\"><span class=\"start-hour\">2 900 K\u010d<\/span><\/div>\n<\/li>\n<\/ul>\n<\/div>\n<\/div>\n<p>[\/vc_column_text][vc_empty_space height=&#8220;37px&#8220;]\t\t<\/div>\n\t<\/div>\n<\/div><\/div>[\/vc_column][\/vc_row][vc_row css=&#8220;.vc_custom_1632322238998{padding-top: 50px !important;}&#8220;][vc_column css=&#8220;.vc_custom_1492767171698{padding-top: 0px !important;}&#8220;]<div class=\"mkdf-elements-holder mkdf-two-columns mkdf-responsive-mode-768\" ><div class=\"mkdf-eh-item \" style=\"background-image: url(https:\/\/altos-klinika.cz\/wp-content\/uploads\/2021\/09\/doctor-man-consulting-patient-while-filling-up-application-form-desk-hospital-scaled.jpg)\" data-item-class=\"mkdf-eh-custom-270436\" data-600-768=\"260px 0\" data-480-600=\"200px 0\" data-480=\"200px 0\">\n\t<div class=\"mkdf-eh-item-inner\">\n\t\t<div class=\"mkdf-eh-item-content mkdf-eh-custom-270436\" >\n\t\t\t\t\t<\/div>\n\t<\/div>\n<\/div><div class=\"mkdf-eh-item \"  data-item-class=\"mkdf-eh-custom-701346\" data-1280-1600=\"110px 15% 120px 15%\" data-1024-1280=\"100px 13% 105px 14%\" data-768-1024=\"75px 11% 90px 10%\" data-600-768=\"75px 11% 90px 10%\" data-480-600=\"60px 10% 85px 10%\" data-480=\"60px 10% 85px 10%\">\n\t<div class=\"mkdf-eh-item-inner\">\n\t\t<div class=\"mkdf-eh-item-content mkdf-eh-custom-701346\" style=\"padding: 100px 19% 100px 16%\">\n\t\t\t<div class=\"mkdf-section-title-holder mkdf-st-standard mkdf-st-title-left mkdf-st-normal-space \" >\n\t<div class=\"mkdf-st-inner\">\n\t\t\t\t\t<h2 class=\"mkdf-st-title\" >\n\t\t\t\tKontraindikace\t\t\t<\/h2>\n\t\t\t\t\t\t\t<h4 class=\"mkdf-st-text\" >\n\t\t\t\tKontraindikace pro tento z\u00e1krok jsou minim\u00e1ln\u00ed. Mezi kontraindikace pat\u0159\u00ed dysfunkce \u0161t\u00edtn\u00e9 \u017el\u00e1zy, n\u00edzk\u00fd krevn\u00ed tlak, akutn\u00ed infarkt myokardu, t\u011bhotenstv\u00ed, sklon ke k\u0159e\u010d\u00edm nebo alergie na ozon.\t\t\t<\/h4>\n\t\t\t<\/div>\n<\/div>[vc_empty_space height=&#8220;25px&#8220;]\t\t<\/div>\n\t<\/div>\n<\/div><\/div>[\/vc_column][\/vc_row]<\/p>\n","protected":false},"excerpt":{"rendered":"<p>[vc_row row_content_width=&#8220;grid&#8220; css=&#8220;.vc_custom_1632239210797{padding-top: 70px !important;}&#8220;][vc_column offset=&#8220;vc_col-lg-12&#8243; css=&#8220;.vc_custom_1632140768248{margin-top: -8px !important;}&#8220;][vc_empty_space height=&#8220;9px&#8220;][vc_column_text] Ozonoterapie jako metoda omlazen\u00ed V sou\u010dasn\u00e9 dob\u011b ozonov\u00e1 terapie pom\u00e1h\u00e1 p\u0159i l\u00e9\u010db\u011b mnoha nemoc\u00ed a je tak\u00e9 aktivn\u011b pou\u017e\u00edv\u00e1na v kosmetologii, co\u017e umo\u017e\u0148uje pacient\u016fm zpomalit proces st\u00e1rnut\u00ed k\u016f\u017ee. Po konzultaci [&hellip;]<\/p>\n","protected":false},"author":1,"featured_media":0,"parent":0,"menu_order":0,"comment_status":"closed","ping_status":"closed","template":"full-width.php","meta":{"footnotes":""},"class_list":["post-11653","page","type-page","status-publish","hentry"],"acf":[],"_links":{"self":[{"href":"https:\/\/altos-klinika.cz\/de\/wp-json\/wp\/v2\/pages\/11653","targetHints":{"allow":["GET"]}}],"collection":[{"href":"https:\/\/altos-klinika.cz\/de\/wp-json\/wp\/v2\/pages"}],"about":[{"href":"https:\/\/altos-klinika.cz\/de\/wp-json\/wp\/v2\/types\/page"}],"author":[{"embeddable":true,"href":"https:\/\/altos-klinika.cz\/de\/wp-json\/wp\/v2\/users\/1"}],"replies":[{"embeddable":true,"href":"https:\/\/altos-klinika.cz\/de\/wp-json\/wp\/v2\/comments?post=11653"}],"version-history":[{"count":25,"href":"https:\/\/altos-klinika.cz\/de\/wp-json\/wp\/v2\/pages\/11653\/revisions"}],"predecessor-version":[{"id":22851,"href":"https:\/\/altos-klinika.cz\/de\/wp-json\/wp\/v2\/pages\/11653\/revisions\/22851"}],"wp:attachment":[{"href":"https:\/\/altos-klinika.cz\/de\/wp-json\/wp\/v2\/media?parent=11653"}],"curies":[{"name":"wp","href":"https:\/\/api.w.org\/{rel}","templated":true}]}}