{"id":11798,"date":"2021-10-10T19:53:21","date_gmt":"2021-10-10T19:53:21","guid":{"rendered":"https:\/\/altos-klinika.cz\/?page_id=11798"},"modified":"2021-12-06T17:57:37","modified_gmt":"2021-12-06T17:57:37","slug":"kosmeticka-pece","status":"publish","type":"page","link":"https:\/\/altos-klinika.cz\/de\/kosmeticka-pece\/","title":{"rendered":"Kosmetick\u00e1 p\u00e9\u010de"},"content":{"rendered":"<p>[vc_row row_content_width=&#8220;grid&#8220; css=&#8220;.vc_custom_1633896562713{padding-top: 70px !important;padding-bottom: 30px !important;}&#8220;][vc_column offset=&#8220;vc_col-lg-12&#8243; css=&#8220;.vc_custom_1632140768248{margin-top: -8px !important;}&#8220;]<div class=\"mkdf-section-title-holder mkdf-st-standard mkdf-st-title-left mkdf-st-normal-space \" style=\"text-align: center\">\n\t<div class=\"mkdf-st-inner\">\n\t\t\t\t\t<h1 class=\"mkdf-st-title\" >\n\t\t\t\tKosmetick\u00e1 p\u00e9\u010de\t\t\t<\/h1>\n\t\t\t\t\t<\/div>\n<\/div>[\/vc_column][\/vc_row][vc_row row_content_width=&#8220;grid&#8220; css=&#8220;.vc_custom_1633893947601{padding-bottom: 40px !important;}&#8220;][vc_column width=&#8220;1\/3&#8243; offset=&#8220;vc_col-lg-4 vc_col-md-4 vc_hidden-sm vc_col-xs-12 vc_hidden-xs&#8220;][vc_empty_space height=&#8220;15px&#8220;][vc_single_image image=&#8220;11804&#8243; img_size=&#8220;full&#8220;][\/vc_column][vc_column width=&#8220;2\/3&#8243; offset=&#8220;vc_col-lg-8 vc_col-md-8 vc_col-xs-12&#8243;][vc_column_text]<\/p>\n<h3>O\u0161et\u0159en\u00ed obli\u010deje Ericson Laboratoire<\/h3>\n<p>[\/vc_column_text][vc_empty_space height=&#8220;9px&#8220;][vc_column_text]<strong>Exkluzivn\u00ed francouzsk\u00e1 kosmetika doporu\u010den\u00e1 pa\u0159\u00ed\u017eskou elitou.<\/strong><\/p>\n<p>Ericson Laboratoire poskytuje komplexn\u00ed, inovativn\u00ed a profesion\u00e1ln\u00ed \u0159e\u0161en\u00ed v\u0161ech kosmetick\u00fdch probl\u00e9m\u016f a umo\u017e\u0148uje vytv\u00e1\u0159et individu\u00e1ln\u00ed programy pro ka\u017ed\u00e9ho klienta. V\u0161echny kosmetick\u00e9 \u0159ady nab\u00edz\u00ed produkty i na dom\u00e1c\u00ed p\u00e9\u010di, kter\u00e9 podporuj\u00ed efekt profesion\u00e1ln\u00edch o\u0161et\u0159en\u00ed. Objevte sv\u011bt kr\u00e1sy Ericson Laboratoire![\/vc_column_text][\/vc_column][\/vc_row][vc_row row_content_width=&#8220;grid&#8220; css=&#8220;.vc_custom_1633893836269{padding-top: 50px !important;}&#8220;][vc_column width=&#8220;1\/2&#8243; offset=&#8220;vc_col-md-6 vc_col-xs-12&#8243;][vc_single_image image=&#8220;11799&#8243; img_size=&#8220;full&#8220;][vc_empty_space height=&#8220;15px&#8220;][vc_column_text]<\/p>\n<h3>Hydra clinic<\/h3>\n<p>[\/vc_column_text][vc_column_text]<strong>Inovativn\u00ed p\u00e9\u010de v boji proti suchosti a dehydrataci pleti.<\/strong><\/p>\n<p>Inovativn\u00ed hydrata\u010dn\u00ed a vy\u017eivuj\u00edc\u00ed p\u00e9\u010de pro \u017eeny a mu\u017ee od 25 let, kter\u00e1 je v\u00fdsledkem technologick\u00e9ho a v\u011bdeck\u00e9ho v\u00fdzkumu.<br \/>\n\u0158ada HYDRA CLINIC obsahuje 4 inovativn\u00ed aktivn\u00ed l\u00e1tky, kter\u00e9 p\u016fsob\u00ed na p\u0159irozen\u00e9 mechanismy v k\u016f\u017ei a spolu s dal\u0161\u00edmi vz\u00e1cn\u00fdmi rostlinn\u00fdmi extrakty p\u0159edstavuje intenzivn\u011b hydrata\u010dn\u011b-v\u00fd\u017eivn\u00e9 p\u016fsoben\u00ed s maxim\u00e1ln\u00edm regenera\u010dn\u00edm \u00fa\u010dinkem.[\/vc_column_text][\/vc_column][vc_column width=&#8220;1\/2&#8243; offset=&#8220;vc_col-md-6 vc_col-xs-12&#8243;][vc_single_image image=&#8220;11801&#8243; img_size=&#8220;full&#8220;][vc_empty_space height=&#8220;15px&#8220;][vc_column_text]<\/p>\n<h3>Fresh caviar<\/h3>\n<p>[\/vc_column_text][vc_column_text]<strong>Bohat\u00fd potenci\u00e1l \u010derstv\u00fdch kavi\u00e1rov\u00fdch bun\u011bk<\/strong><\/p>\n<p>Presti\u017en\u00ed p\u00e9\u010de o obli\u010dej s prav\u00fdm jesete\u0159\u00edm kavi\u00e1rem. Procedura zam\u011b\u0159en\u00e1 na bun\u011b\u010dnou stimulaci, zpevn\u011bn\u00ed, hydrataci, v\u00fd\u017eivu a \u010di\u0161t\u011bn\u00ed. P\u0159\u00edjemn\u011b von\u00edc\u00ed organick\u00e1 kosmetika bez chemick\u00fdch konzervant\u016f, um\u011bl\u00fdch barviv a v\u016fn\u00ed. P\u00e9\u010de o ple\u0165 pro \u017eeny a mu\u017ee od 25 let.<\/p>\n<p>[\/vc_column_text][\/vc_column][\/vc_row][vc_row row_content_width=&#8220;grid&#8220; css=&#8220;.vc_custom_1633893836269{padding-top: 50px !important;}&#8220;][vc_column width=&#8220;1\/2&#8243; offset=&#8220;vc_col-md-6 vc_col-xs-12&#8243;][vc_single_image image=&#8220;11809&#8243; img_size=&#8220;full&#8220;][vc_empty_space height=&#8220;15px&#8220;][vc_column_text]<\/p>\n<h3>Energy lift<\/h3>\n<p>[\/vc_column_text][vc_column_text]<strong>Korekce tvaru obli\u010deje bez chirurgick\u00e9 traumatizace, bez bolesti, bez rizika. O 10 let mlad\u0161\u00ed za 42 dn\u00ed.<\/strong><\/p>\n<p>Nechirurgick\u00fd lifting a neinjek\u010dn\u00ed vypl\u0148ov\u00e1n\u00ed vr\u00e1sek pro \u017eeny a mu\u017ee od 35 let. Toto siln\u00e9 nechirurgick\u00e9 o\u0161et\u0159en\u00ed je velmi origin\u00e1ln\u00ed a jedin\u00e9 sv\u00e9ho druhu. Umo\u017enuje pln\u011b restrukturovat kontury obli\u010deje t\u00edm, \u017ee v sob\u011b slu\u010duje dva typy p\u016fsoben\u00ed.<\/p>\n<p>[\/vc_column_text][\/vc_column][vc_column width=&#8220;1\/2&#8243; offset=&#8220;vc_col-md-6 vc_col-xs-12&#8243;][vc_single_image image=&#8220;11810&#8243; img_size=&#8220;full&#8220;][vc_empty_space height=&#8220;15px&#8220;][vc_column_text]<\/p>\n<h3>Bezpe\u010dn\u00e1 protivr\u00e1skov\u00e1 terapie<\/h3>\n<p>[\/vc_column_text][vc_column_text]<strong>Bohat\u00fd potenci\u00e1l \u010derstv\u00fdch kavi\u00e1rov\u00fdch bun\u011bk<\/strong><\/p>\n<p>Ericson Laboratoire vyvinul inovativn\u00ed a efektivn\u00ed kosmetickou terapii \u2013 Skinjexion, skute\u010dnou alternativu injek\u010dn\u00edch z\u00e1krok\u016f: botulotoxinov\u00fdch, hyaluronov\u00fdch injekc\u00ed a mezoterapie. D\u00edky synergii obsa\u017een\u00fdch l\u00e1tek poskytuje nejen okam\u017eit\u00fd efekt, ale i dlouhotrvaj\u00edc\u00ed v\u00fdsledky. Efektivn\u011b zabra\u0148uje p\u0159ed\u010dasn\u00e9mu st\u00e1rnut\u00ed poko\u017eky. \u00da\u010dinek profesion\u00e1ln\u00edho kosmetick\u00e9ho o\u0161et\u0159en\u00ed umoc\u0148uje pou\u017eit\u00ed endotermick\u00e9 masky a dvou n\u00e1strojk\u016f.<\/p>\n<p>[\/vc_column_text][\/vc_column][\/vc_row][vc_row css=&#8220;.vc_custom_1633897024993{padding-top: 30px !important;padding-bottom: 30px !important;}&#8220;][vc_column][vc_separator][\/vc_column][\/vc_row][vc_row row_content_width=&#8220;grid&#8220; css=&#8220;.vc_custom_1633896917503{padding-top: 50px !important;padding-bottom: 30px !important;}&#8220;][vc_column width=&#8220;1\/2&#8243; offset=&#8220;vc_col-md-6 vc_col-xs-12&#8243;][vc_single_image image=&#8220;11817&#8243; img_size=&#8220;full&#8220;][\/vc_column][vc_column width=&#8220;1\/2&#8243;][vc_column_text]<\/p>\n<h3>Kosmetika Thalgo<\/h3>\n<p>[\/vc_column_text][vc_column_text]Kosmetika Thalgo p\u0159in\u00e1\u0161\u00ed poko\u017ece v\u00fdjime\u010dn\u00e9 bohatstv\u00ed, obsahuje velk\u00e9 mno\u017estv\u00ed miner\u00e1l\u016f, vitam\u00edn\u016f a prosp\u011b\u0161n\u00fdch l\u00e1tek, kter\u00e9 j\u00ed dod\u00e1vaj\u00ed mo\u0159sk\u00e9 \u0159asy v n\u00ed obsa\u017een\u00e9, v\u010detn\u011b p\u0159\u00edrodn\u00edch ingredienc\u00ed. Ka\u017ed\u00e1 ple\u0165 pot\u0159ebuje individu\u00e1ln\u00ed p\u00e9\u010di, d\u016fle\u017eitou sou\u010d\u00e1st\u00ed jsou v\u0161ak i klasick\u00e1 kosmetick\u00e1 o\u0161et\u0159en\u00ed, kter\u00e1 si v klinice m\u016f\u017eete dop\u0159\u00e1t.[\/vc_column_text][\/vc_column][\/vc_row][vc_row simple_background_color=&#8220;#37c7be&#8220;][vc_column][\/vc_column][\/vc_row]<\/p>\n","protected":false},"excerpt":{"rendered":"<p>[vc_row row_content_width=&#8220;grid&#8220; css=&#8220;.vc_custom_1633896562713{padding-top: 70px !important;padding-bottom: 30px !important;}&#8220;][vc_column offset=&#8220;vc_col-lg-12&#8243; css=&#8220;.vc_custom_1632140768248{margin-top: -8px !important;}&#8220;][\/vc_column][\/vc_row][vc_row row_content_width=&#8220;grid&#8220; css=&#8220;.vc_custom_1633893947601{padding-bottom: 40px !important;}&#8220;][vc_column width=&#8220;1\/3&#8243; offset=&#8220;vc_col-lg-4 vc_col-md-4 vc_hidden-sm vc_col-xs-12 vc_hidden-xs&#8220;][vc_empty_space height=&#8220;15px&#8220;][vc_single_image image=&#8220;11804&#8243; img_size=&#8220;full&#8220;][\/vc_column][vc_column width=&#8220;2\/3&#8243; offset=&#8220;vc_col-lg-8 vc_col-md-8 vc_col-xs-12&#8243;][vc_column_text] O\u0161et\u0159en\u00ed obli\u010deje Ericson Laboratoire [\/vc_column_text][vc_empty_space height=&#8220;9px&#8220;][vc_column_text]Exkluzivn\u00ed francouzsk\u00e1 kosmetika doporu\u010den\u00e1 pa\u0159\u00ed\u017eskou elitou. Ericson [&hellip;]<\/p>\n","protected":false},"author":1,"featured_media":0,"parent":0,"menu_order":0,"comment_status":"closed","ping_status":"closed","template":"full-width.php","meta":{"footnotes":""},"class_list":["post-11798","page","type-page","status-publish","hentry"],"acf":[],"_links":{"self":[{"href":"https:\/\/altos-klinika.cz\/de\/wp-json\/wp\/v2\/pages\/11798","targetHints":{"allow":["GET"]}}],"collection":[{"href":"https:\/\/altos-klinika.cz\/de\/wp-json\/wp\/v2\/pages"}],"about":[{"href":"https:\/\/altos-klinika.cz\/de\/wp-json\/wp\/v2\/types\/page"}],"author":[{"embeddable":true,"href":"https:\/\/altos-klinika.cz\/de\/wp-json\/wp\/v2\/users\/1"}],"replies":[{"embeddable":true,"href":"https:\/\/altos-klinika.cz\/de\/wp-json\/wp\/v2\/comments?post=11798"}],"version-history":[{"count":18,"href":"https:\/\/altos-klinika.cz\/de\/wp-json\/wp\/v2\/pages\/11798\/revisions"}],"predecessor-version":[{"id":14205,"href":"https:\/\/altos-klinika.cz\/de\/wp-json\/wp\/v2\/pages\/11798\/revisions\/14205"}],"wp:attachment":[{"href":"https:\/\/altos-klinika.cz\/de\/wp-json\/wp\/v2\/media?parent=11798"}],"curies":[{"name":"wp","href":"https:\/\/api.w.org\/{rel}","templated":true}]}}