{"id":12411,"date":"2021-10-17T20:44:37","date_gmt":"2021-10-17T20:44:37","guid":{"rendered":"https:\/\/altos-klinika.cz\/?page_id=12411"},"modified":"2023-03-20T12:15:09","modified_gmt":"2023-03-20T12:15:09","slug":"podminky","status":"publish","type":"page","link":"https:\/\/altos-klinika.cz\/de\/podminky\/","title":{"rendered":"Podm\u00ednky u\u017e\u00edv\u00e1n\u00ed a ochrana osobn\u00edch \u00fadaj\u016f"},"content":{"rendered":"<p>[vc_row row_content_width=&#8220;grid&#8220; css=&#8220;.vc_custom_1645478087251{padding-top: 38px !important;}&#8220;][vc_column offset=&#8220;vc_col-lg-12&#8243; css=&#8220;.vc_custom_1632140768248{margin-top: -8px !important;}&#8220;][vc_column_text]D\u011bkujeme V\u00e1m za vyu\u017e\u00edv\u00e1n\u00ed slu\u017eeb na\u0161eho webu. Slu\u017eby poskytuje spole\u010dnost Laserov\u00e1 dermatologick\u00e1 klinika Altos s.r.o. , se s\u00eddlem Ly\u010dkovo n\u00e1m\u011bst\u00ed 508\/7, 186 00, Praha-Karl\u00edn, I\u010c: 281 92 257.<br \/>\nStisknut\u00edm tla\u010d\u00edtka \u201eSouhlas\u00edm\u201c na kontaktn\u00edch formula\u0159\u00edch na str\u00e1nkach webu https:\/\/altos-klinika.cz ud\u011blujete souhlas s vyu\u017eit\u00edm sv\u00e9 osobn\u00edch \u00fadaj\u016f spole\u010dnosti Laserov\u00e1 dermatologick\u00e1 klinika Altos s.r.o., za \u00fa\u010delem nab\u00edzen\u00ed slu\u017eeb, v\u00fdrobk\u016f, evidov\u00e1n\u00ed m\u00e9 osoby, coby klienta u t\u00e9to spole\u010dnosti, zas\u00edl\u00e1n\u00ed obchodn\u00edch sd\u011blen\u00ed prost\u0159ednictv\u00edm elektronick\u00fdch prost\u0159edk\u016f podle z\u00e1kona \u010d. 480\/2004 Sb., o n\u011bkter\u00fdch slu\u017eb\u00e1ch informa\u010dn\u00ed spole\u010dnosti. Souhlas ud\u011bluji na dobu vymezuj\u00edc\u00ed z\u00e1konem, a to v r\u00e1mci marketingov\u00fdch \u00fa\u010del\u016f na 3 roky ode dne poskytov\u00e1n\u00ed osobn\u00edch \u00fadaj\u016f. Beru na v\u011bdom\u00ed, \u017ee ud\u011blen\u00ed souhlasu je dobrovoln\u00e9 a \u017ee jej mohu kdykoli odvolat.<\/p>\n<h4>OSOBN\u00cd \u00daDAJE, S KTER\u00ddMI NAKL\u00c1D\u00c1ME?<\/h4>\n<p>Osobn\u00edm \u00fadajem jsou vybran\u00e9 informace, t\u00fdkaj\u00edc\u00ed se ur\u010dit\u00e9ho subjektu, kdy je rozhoduj\u00edc\u00ed p\u0159\u00edm\u00e1 \u010di nep\u0159\u00edm\u00e1 identifikace. K osobn\u00edm \u00fadaj\u016fm, s kter\u00fdmi nakl\u00e1d\u00e1me na webu, jsou: kontaktn\u00ed \u00fadaje o osob\u011b (telefon, jm\u00e9no, e-mail, jej\u00ed IP adresa), informace o vyu\u017e\u00edv\u00e1n\u00ed slu\u017eeb, \u010dinnostech \u010di preferenc\u00edch, ulo\u017een\u00e9 na na\u0161em serveru. Ochrana osobn\u00edch \u00fadaj\u016f je upravena z\u00e1konem \u010d. 101\/2000 Sb., o ochran\u011b osobn\u00edch \u00fadaj\u016f a o zm\u011bn\u011b n\u011bkter\u00fdch z\u00e1kon\u016f, v platn\u00e9m zn\u011bn\u00ed (\u201ez\u00e1kon o ochran\u011b osobn\u00edch \u00fadaj\u016f\u201c).<br \/>\n\u00dadaje shrom\u00e1\u017ed\u011bn\u00e9 t\u0159et\u00edmi stranami (SmartSupp, Mailchimp) a ulo\u017een\u00e9 na jejich serverech neshroma\u017e\u010fujeme, jen odes\u00edl\u00e1me, kde jsou zpracov\u00e1ny dle z\u00e1kona o ochran\u011b osobn\u00edch \u00fadaj\u016f.<\/p>\n<h4>COOKIES<\/h4>\n<p>P\u0159i n\u00e1v\u0161t\u011bv\u011b webu http:\/\/altos-klinika.cz mohou b\u00fdt ulo\u017eeny do\u010dasn\u00e9 soubory, tvz. Cookies, kter\u00e9 jsou vyu\u017e\u00edv\u00e1ny pro spr\u00e1vnou funk\u010dnost webu a mohou obsahovat \u00fadaje o n\u00e1v\u0161t\u011bvn\u00edkovi. Tyto \u00fadaje zahrnuj\u00ed Va\u0161i IP adresu, chov\u00e1n\u00ed na webov\u00fdch str\u00e1nk\u00e1ch \/\/altos-klinika.cz. Zpracov\u00e1n\u00edm cookies soubor\u016f m\u016f\u017ee doj\u00edt k propojen\u00ed osobn\u00edch \u00fadaj\u016f n\u00e1v\u0161t\u011bvn\u00edka s informacemi obsa\u017een\u00fdmi v cookie souboru. Tato data jsou vyu\u017eita v\u00fdhradn\u011b za \u00fa\u010delem vylep\u0161en\u00ed funk\u010dnosti webu. Klinika Altos respektuje soukrom\u00ed u\u017eivatel\u016f a p\u0159i zpracov\u00e1n\u00ed soubor\u016f cookies postupuje v souladu s p\u0159\u00edslu\u0161n\u00fdmi pr\u00e1vn\u00edmi p\u0159edpisy.<br \/>\nCookies pro spr\u00e1vnou funk\u010dnost webu jsou vytv\u00e1\u0159eny pouze po dobu pr\u00e1ce s webem a po v\u00fdstupu z webu jsou odstran\u011bny.<\/p>\n<p>Cookies jsou ukl\u00e1d\u00e1ny tak\u00e9 third-party pluginy (SmartSupp, Mailchimp), soci\u00e1ln\u00ed s\u00edt\u011b jako Facebook, Twitter, VKontakte a analytick\u00fdmi a reklamn\u00edmi programy instalovan\u00fdmi na webu (Google Analitics, Yandex metrika, Facebook pixel, Seznam Retargeting, Doubleclick, Smartlook). \u00dadaje shrom\u00e1\u017ed\u011bn\u00e9 t\u0159et\u00edmi stranami a ulo\u017een\u00e9 na jejich serverech jsou zpracov\u00e1ny dle z\u00e1kona o ochran\u011b osobn\u00edch \u00fadaj\u016f.<br \/>\nN\u00e1v\u0161t\u011bvn\u00edk m\u016f\u017ee ukl\u00e1d\u00e1n\u00ed cookies soubor\u016f zabr\u00e1nit t\u00edm, \u017ee si otev\u0159e webov\u00e9 str\u00e1nky http:\/\/altos-klinika.cz v anonymn\u00edm re\u017eimu. Anonymn\u00ed re\u017eim podporuj\u00ed v\u0161echny modern\u00ed internetov\u00e9 prohl\u00ed\u017ee\u010de a v tomto re\u017eimu nejsou shroma\u017e\u010fov\u00e1ny soubory cookies. V p\u0159\u00edpad\u011b vyu\u017eit\u00ed anonymn\u00edho re\u017eimu prohl\u00ed\u017ee\u010de je mo\u017en\u00e9, \u017ee nebude zaji\u0161t\u011bna pln\u00e1 funkcionalita webu.<br \/>\nJak vypnout cookie v nastaven\u00ed prohl\u00ed\u017ee\u010de na po\u010d\u00edta\u010di \/ mobiln\u00edm za\u0159\u00edzen\u00edm &#8211; https:\/\/support.google.com\/chrome\/answer\/95647?hl=cs<\/p>\n<h4>JAK BUDEME NAKL\u00c1DAT S VA\u0160IMI OSOBN\u00cdMI \u00daDAJI?<\/h4>\n<p>Zpracov\u00e1n\u00edm osobn\u00edch \u00fadaj\u016f vyjad\u0159ujeme jakoukoliv operaci \u010di \u0159adu operac\u00ed, p\u0159i kter\u00e9 zpracovatel nebo spr\u00e1vce systematicky (ru\u010dn\u011b nebo automaticky), zaji\u0161\u0165uje jejich shroma\u017e\u010fov\u00e1n\u00ed, upravov\u00e1n\u00ed, ukl\u00e1d\u00e1n\u00ed, vyu\u017e\u00edv\u00e1n\u00ed, pozm\u011b\u0148ov\u00e1n\u00ed, pou\u017eit\u00ed \u010di odstra\u0148ov\u00e1n\u00ed. Klinika Altos, jako zdravotnick\u00e9 za\u0159\u00edzen\u00ed, shroma\u017e\u010fuje tyto osobn\u00ed \u00fadaje pro pot\u0159eby veden\u00ed a spr\u00e1vy zdravotnick\u00e9 agendy a rovn\u011b\u017e pro marketingov\u00e9 \u00fa\u010dely. Ka\u017ed\u00fd klient\/ka je povinen d\u00e1t sv\u016fj v\u00fdslovn\u00fd souhlas s jejich pou\u017e\u00edv\u00e1n\u00edm pro marketingov\u00e9 \u00fa\u010dely. K t\u011bm se \u0159ad\u00ed hlavn\u011b rozes\u00edl\u00e1n\u00ed informa\u010dn\u00edch e-mail\u016f, obchodn\u00edch sd\u011blen\u00ed za pomoci prost\u0159edk\u016f datov\u00e9 internetov\u00e9 \u010di mobiln\u00ed komunikace, jako jsou telefonn\u00ed hovory, sms zpr\u00e1vy.<br \/>\nV\u0161echna tato data jsou ulo\u017eena na zabezpe\u010den\u00fdch nosi\u010d\u00edch, chr\u00e1n\u011bna hesly a p\u0159\u00edstup k nim maj\u00ed jen p\u0159edem definovan\u00e9 osoby.<\/p>\n<h4>KDO DATA ZPRACOV\u00c1V\u00c1?<\/h4>\n<p>Data jsou zpracov\u00e1v\u00e1na spole\u010dnost\u00ed Laserov\u00e1 dermatologick\u00e1 klinika Atos s.r.o., se s\u00eddlem \u00a0Ly\u010dkovo n\u00e1m\u011bst\u00ed 508\/7, 186 00, Praha-Karl\u00edn. Klinika Altos je spr\u00e1vcem osobn\u00edch dat a m\u00e1 ve sv\u00e9 pravomoci ur\u010dit, jak budou osobn\u00ed \u00fadaje zpracov\u00e1v\u00e1ny a za jak\u00fdm \u00fa\u010delem.<\/p>\n<h4>KDO BUDE S DATY PRACOVAT?<\/h4>\n<p>P\u0159\u00edstup k Va\u0161im osobn\u00edm \u00fadaj\u016fm maj\u00ed pouze zam\u011bstnanci kliniky, kte\u0159\u00ed jsou v\u00e1z\u00e1ni povinnou ml\u010denlivost\u00ed, kter\u00e1 trv\u00e1 i po skon\u010den\u00ed jejich pracovn\u00edho pom\u011bru.<br \/>\nV\u0161echna osobn\u00ed data jsou pou\u017e\u00edv\u00e1na pouze pro intern\u00ed pot\u0159eby Kliniky Altos a nebudou p\u0159ed\u00e1v\u00e1na ani jinak \u0161\u00ed\u0159ena mezi dal\u0161\u00ed, a\u0165 pr\u00e1vnick\u00e9 \u010di fyzick\u00e9 osoby.<\/p>\n<h4>VA\u0160E PR\u00c1VA P\u0158I ZPRACOV\u00c1N\u00cd OSOBN\u00cdCH \u00daDAJ\u016e<\/h4>\n<p>Pokud jako spr\u00e1vce zpracov\u00e1v\u00e1me Va\u0161e osobn\u00ed \u00fadaje, m\u00e1te pr\u00e1vo nahl\u00e9dnout na \u00fadaje, kter\u00e9 u sebe m\u00e1me, m\u016f\u017eete se na n\u00e1s kdykoliv obr\u00e1tit a uplatnit pr\u00e1vo na zji\u0161t\u011bn\u00ed, jak\u00e9 osobn\u00ed \u00fadaje o v\u00e1s zpracov\u00e1v\u00e1me \u010di jejich \u00fapravu a kompletn\u00ed vymaz\u00e1n\u00ed.<br \/>\nPodle Na\u0159\u00edzen\u00ed m\u00e1te pr\u00e1vo osobn\u00ed \u00fadaje p\u0159edat jin\u00e9mu spr\u00e1vci.<br \/>\nV p\u0159\u00edpad\u011b pochybnost\u00ed, zm\u011bn \u010di jak\u00fdchkoliv \u00faprav se m\u016f\u017eete obr\u00e1tit na na\u0161i kliniku: info@altos-klinika.cz. Pro proveden\u00ed \u00faprav, p\u0159\u00edp. kompletn\u00ed likvidaci osobn\u00edch \u00fadaj\u016f, m\u016f\u017ee b\u00fdt n\u00e1v\u0161t\u011bvn\u00edk vyzv\u00e1n k prok\u00e1z\u00e1n\u00ed toto\u017enosti pro ov\u011b\u0159en\u00ed (nevztahuje se na zdravotn\u00ed dokumentaci, kterou upravuje z\u00e1kon o zdravotnictv\u00ed a je ur\u010den\u00e1 povinnost k archivaci).<\/p>\n<p>V p\u0159\u00edpad\u011b pochybnost\u00ed o z\u00e1konn\u00e9m zpracov\u00e1n\u00ed osobn\u00edch \u00fadaj\u016f m\u00e1te pr\u00e1vo podat st\u00ed\u017enost u \u00da\u0159adu pro ochranu osobn\u00edch \u00fadaj\u016f. V \u010cesk\u00e9 republice je dozorov\u00fdm \u00fa\u0159adem \u00da\u0159ad na ochranu osobn\u00edch \u00fadaj\u016f, Pplk. Sochora 27, 170 00 Praha 7, www.uoou.cz.<\/p>\n<h4>JAK JSOU DATA CHR\u00c1N\u011aNA?<\/h4>\n<p>S ve\u0161ker\u00fdmi osobn\u00edmi daty nakl\u00e1d\u00e1me s p\u00e9\u010d\u00ed tak, jak z\u00e1kon ukl\u00e1d\u00e1 a na z\u00e1klad\u011b \u0159\u00e1dn\u00e9ho hospod\u00e1\u0159stv\u00ed, v souladu s platnou legislativou. Pro zpracov\u00e1n\u00ed osobn\u00edch \u00fadaj\u016f u\u017e\u00edv\u00e1me automatizovan\u00e9 i neautomatizovan\u00e9 prost\u0159edky. V\u0161echny \u00fadaje jsou ulo\u017eeny na zabezpe\u010den\u00fdch serverech v\u00fdhradn\u011b v Evropsk\u00e9 unii a v \u017e\u00e1dn\u00e9m p\u0159\u00edpad\u011b neopou\u0161t\u00ed Evropskou unii. Osobn\u00ed \u00fadaje jsou chr\u00e1n\u011bny v maxim\u00e1ln\u00ed mo\u017en\u00e9 m\u00ed\u0159e.<br \/>\nOsobn\u00ed \u00fadaje u\u017eivatel\u016f webu http:\/\/altos-klinika.cz jsou uchov\u00e1v\u00e1na na serveru wedos.com, kter\u00fd se nach\u00e1z\u00ed na \u00fazem\u00ed \u010cesk\u00e9 republiky, kter\u00e1 je \u010dlenem Evropsk\u00e9 unie (v\u00edce o zpracov\u00e1n\u00ed osobn\u00edch \u00fadaj\u016f z\u00e1kazn\u00edk\u016f WEDOS http:\/\/hosting.wedos.com\/cs\/podminky.html).<\/p>\n<h4>Z\u00c1V\u011aRE\u010cN\u00c9 PROHL\u00c1\u0160EN\u00cd<\/h4>\n<p>Klinika ALTOS prohla\u0161uje, \u017ee jako spr\u00e1vce osobn\u00edch \u00fadaj\u016f sv\u00fdch pacient\u016f spl\u0148uje v\u0161echny z\u00e1konn\u00e9 povinnosti vy\u017eadovan\u00e9 platnou legislativou, zejm\u00e9na z\u00e1konem o ochran\u011b osobn\u00edch \u00fadaj\u016f, p\u0159i zpracov\u00e1n\u00ed osobn\u00edch \u00fadaj\u016f pacient vyj\u00e1d\u0159il svobodn\u00fd a dobrovoln\u00fd souhlas se zpracov\u00e1n\u00edm sv\u00fdch osobn\u00edch \u00fadaj\u016f, je spln\u011bna registra\u010dn\u00ed povinnost k \u00da\u0159adu pro ochranu osobn\u00edch \u00fadaj\u016f, je spln\u011bna povinnost v\u016f\u010di pacientovi, podle z\u00e1kona o ochran\u011b osobn\u00edch \u00fadaj\u016f a jsou spln\u011bny ve\u0161ker\u00e9 povinnosti spr\u00e1vce osobn\u00edch \u00fadaj\u016f podle z\u00e1kona o ochran\u011b osobn\u00edch \u00fadaj\u016f.[\/vc_column_text][\/vc_column][\/vc_row][vc_row][vc_column][vc_empty_space][\/vc_column][\/vc_row]<\/p>\n","protected":false},"excerpt":{"rendered":"<p>[vc_row row_content_width=&#8220;grid&#8220; css=&#8220;.vc_custom_1645478087251{padding-top: 38px !important;}&#8220;][vc_column offset=&#8220;vc_col-lg-12&#8243; css=&#8220;.vc_custom_1632140768248{margin-top: -8px !important;}&#8220;][vc_column_text]D\u011bkujeme V\u00e1m za vyu\u017e\u00edv\u00e1n\u00ed slu\u017eeb na\u0161eho webu. Slu\u017eby poskytuje spole\u010dnost Laserov\u00e1 dermatologick\u00e1 klinika Altos s.r.o. , se s\u00eddlem Ly\u010dkovo n\u00e1m\u011bst\u00ed 508\/7, 186 00, Praha-Karl\u00edn, I\u010c: 281 92 257. Stisknut\u00edm tla\u010d\u00edtka \u201eSouhlas\u00edm\u201c na [&hellip;]<\/p>\n","protected":false},"author":1,"featured_media":0,"parent":0,"menu_order":0,"comment_status":"closed","ping_status":"closed","template":"full-width.php","meta":{"footnotes":""},"class_list":["post-12411","page","type-page","status-publish","hentry"],"acf":[],"_links":{"self":[{"href":"https:\/\/altos-klinika.cz\/de\/wp-json\/wp\/v2\/pages\/12411","targetHints":{"allow":["GET"]}}],"collection":[{"href":"https:\/\/altos-klinika.cz\/de\/wp-json\/wp\/v2\/pages"}],"about":[{"href":"https:\/\/altos-klinika.cz\/de\/wp-json\/wp\/v2\/types\/page"}],"author":[{"embeddable":true,"href":"https:\/\/altos-klinika.cz\/de\/wp-json\/wp\/v2\/users\/1"}],"replies":[{"embeddable":true,"href":"https:\/\/altos-klinika.cz\/de\/wp-json\/wp\/v2\/comments?post=12411"}],"version-history":[{"count":9,"href":"https:\/\/altos-klinika.cz\/de\/wp-json\/wp\/v2\/pages\/12411\/revisions"}],"predecessor-version":[{"id":19144,"href":"https:\/\/altos-klinika.cz\/de\/wp-json\/wp\/v2\/pages\/12411\/revisions\/19144"}],"wp:attachment":[{"href":"https:\/\/altos-klinika.cz\/de\/wp-json\/wp\/v2\/media?parent=12411"}],"curies":[{"name":"wp","href":"https:\/\/api.w.org\/{rel}","templated":true}]}}