{"id":13212,"date":"2021-11-27T15:54:51","date_gmt":"2021-11-27T15:54:51","guid":{"rendered":"https:\/\/altos-klinika.cz\/?page_id=13212"},"modified":"2025-02-21T15:33:46","modified_gmt":"2025-02-21T15:33:46","slug":"lipolyza","status":"publish","type":"page","link":"https:\/\/altos-klinika.cz\/de\/lipolyza\/","title":{"rendered":"Injek\u010dn\u00ed lipol\u00fdza"},"content":{"rendered":"<p>[vc_row row_content_width=&#8220;grid&#8220; css=&#8220;.vc_custom_1632239210797{padding-top: 70px !important;}&#8220;][vc_column offset=&#8220;vc_col-lg-12&#8243; css=&#8220;.vc_custom_1632140768248{margin-top: -8px !important;}&#8220;]<div class=\"mkdf-section-title-holder mkdf-st-standard mkdf-st-title-left mkdf-st-normal-space \" style=\"text-align: center\">\n\t<div class=\"mkdf-st-inner\">\n\t\t\t\t\t<h1 class=\"mkdf-st-title\" >\n\t\t\t\tInjek\u010dn\u00ed lipol\u00fdza\t\t\t<\/h1>\n\t\t\t\t\t<\/div>\n<\/div>[vc_empty_space height=&#8220;9px&#8220;][vc_column_text]Injek\u010dn\u00ed lipol\u00fdza pat\u0159\u00ed k jednomu z nej\u00fa\u010dinn\u011bj\u0161\u00edch a nej\u0161etrn\u011bj\u0161\u00edch zp\u016fsob\u016f boje p\u0159i odstra\u0148ov\u00e1n\u00ed tukov\u00fdch pol\u0161t\u00e1\u0159k\u016f v problematick\u00fdch parti\u00edch bez chirurgick\u00e9ho z\u00e1kroku.<\/p>\n<p>Tato metoda spo\u010d\u00edv\u00e1 v injek\u010dn\u00ed aplikaci speci\u00e1ln\u00edch chemick\u00fdch l\u00e1tek do probl\u00e9mov\u00e9 oblasti, kter\u00e9 vyvol\u00e1vaj\u00ed procesy (stimuluj\u00ed) roz\u0161t\u011bpen\u00ed tuk\u016f s jeho n\u00e1sledn\u00fdm odbour\u00e1v\u00e1n\u00edm z t\u011bla p\u0159irozenou cestou. \u00da\u010dinnou l\u00e1tkou injek\u010dn\u00ed lipol\u00fdzy je fosfatidylcholin neboli lecitin, kter\u00fd doslova rozpou\u0161t\u00ed tuk v t\u011bch parti\u00edch, kde ji\u017e nepom\u00e1haj\u00ed diety ani cvi\u010den\u00ed.<\/p>\n<p>Tuto metodu lze rovn\u011b\u017e pou\u017e\u00edt pro korekci t\u011bla po chirurgick\u00e9 liposukci.<\/p>\n<h4><strong>V\u00fdhody injek\u010dn\u00ed lipol\u00fdzy:<\/strong><\/h4>\n<ul>\n<li>ambulantn\u00ed neinvazivn\u00ed metoda, kter\u00e1 nezanech\u00e1v\u00e1 \u017e\u00e1dn\u00e9 stopy na k\u016f\u017ei<\/li>\n<li>nevy\u017eaduje speci\u00e1ln\u00ed p\u0159\u00edpravu ani dodr\u017eov\u00e1n\u00ed p\u0159\u00edsn\u00fdch pravidel po z\u00e1kroku<\/li>\n<li>rychl\u00fd z\u00e1krok (20\u201330 minut), bez anestezie<\/li>\n<li>proceduru lze kombinovat s jin\u00fdmi metodami hubnut\u00ed pro zes\u00edlen\u00ed efektu<\/li>\n<li>cenov\u00e1 dostupnost<\/li>\n<li>jednoduch\u00e1 a \u0161etrn\u00e1 metoda<\/li>\n<\/ul>\n<h4><strong>Co obn\u00e1\u0161\u00ed vlastn\u00ed o\u0161et\u0159en\u00ed<\/strong><\/h4>\n<p>Lipolytick\u00e1 l\u00e1tka fosfatidylcholin se aplikuje do oblasti nahromad\u011bn\u00ed podko\u017en\u00edho tuku pomoc\u00ed velmi tenk\u00e9 jehli\u010dky do hloubky p\u0159ibli\u017en\u011b 12 mm. I kdy\u017e takov\u00e1 hloubka je mnohem v\u011bt\u0161\u00ed, ne\u017e p\u0159i aplikaci mezoterapeutick\u00fdch injek\u010dn\u00edch koktejl\u016f s kyselinou hyaluronovou, procedura obvykle neobt\u011b\u017euje pacienta a je pom\u011brn\u011b bezbolestn\u00e1, nav\u00edc odstra\u0148uje tuk rovnom\u011brn\u011b.<\/p>\n<h4><strong>V\u00fdsledkem procedury injek\u010dn\u00ed lipol\u00fdzy je:<\/strong><\/h4>\n<ul>\n<li>rovnom\u011brn\u00e9 odstran\u011bn\u00ed tuku<\/li>\n<li>zpevn\u011bn\u00ed poko\u017eky d\u00edky stimulaci tvorby kolagenu<\/li>\n<\/ul>\n<h4><strong>Omezen\u00ed po procedu\u0159e<\/strong><\/h4>\n<p>Po proveden\u00e9 injek\u010dn\u00ed lipol\u00fdze se pacient bez probl\u00e9m\u016f vrac\u00ed do norm\u00e1ln\u00edho \u017eivota. Je vhodn\u00e9 dodr\u017eovat jen obecn\u00e9 doporu\u010den\u00ed l\u00e9ka\u0159e, jako je omezen\u00ed fyzick\u00e9 n\u00e1mahy, sol\u00e1ria a sauny zhruba t\u00fdden. Ojedin\u011ble je mo\u017en\u00e9 setkat se s otoky a zarudnut\u00edm poko\u017eky v m\u00edstech injek\u010dn\u00ed aplikace, kter\u00e9 ale zmiz\u00ed b\u011bhem dvou a\u017e t\u0159\u00ed dn\u016f.<\/p>\n<h4><strong>Doporu\u010dujeme<\/strong><\/h4>\n<p>Pro dosa\u017een\u00ed maxim\u00e1ln\u00edho \u00fa\u010dinku je zapot\u0159eb\u00ed 5\u20137 o\u0161et\u0159en\u00ed v intervalech 2\u20133 t\u00fddn\u016f. Chcete-li zlep\u0161it v\u00fdsledky, doporu\u010dujeme znovu absolvovat z\u00e1krok po p\u016fl roce.[\/vc_column_text][\/vc_column][\/vc_row][vc_row content_placement=&#8220;middle&#8220; css=&#8220;.vc_custom_1632529364693{background-color: #fafafa !important;}&#8220;][vc_column]<div class=\"mkdf-elements-holder mkdf-one-column mkdf-responsive-mode-768\" style=\"background-color:#fafafa;\"><div class=\"mkdf-eh-item mkdf-horizontal-alignment-center\"  data-item-class=\"mkdf-eh-custom-396936\">\n\t<div class=\"mkdf-eh-item-inner\">\n\t\t<div class=\"mkdf-eh-item-content mkdf-eh-custom-396936\" style=\"padding: 20px 0 0 0\">\n\t\t\t<div class=\"mkdf-section-title-holder mkdf-st-standard mkdf-st-title-left mkdf-st-normal-space \" style=\"text-align: center\">\n\t<div class=\"mkdf-st-inner\">\n\t\t\t\t\t<h2 class=\"mkdf-st-title\" >\n\t\t\t\tCen\u00edk\t\t\t<\/h2>\n\t\t\t\t\t<\/div>\n<\/div>\t\t<\/div>\n\t<\/div>\n<\/div><\/div><div class=\"mkdf-elements-holder mkdf-one-column mkdf-responsive-mode-768 mkdf-one-column-alignment-center\" style=\"background-color:#fafafa;\"><div class=\"mkdf-eh-item mkdf-horizontal-alignment-center\"  data-item-class=\"mkdf-eh-custom-657260\" data-1280-1600=\"40px 100px 20px 100px\" data-1024-1280=\"40px 100px 20px 100px\" data-768-1024=\"40px 100px 20px 100px\" data-600-768=\"20px 30px 20px 30px\" data-480-600=\"20px 30px 20px 30px\" data-480=\"20px 30px 20px 30px\">\n\t<div class=\"mkdf-eh-item-inner\">\n\t\t<div class=\"mkdf-eh-item-content mkdf-eh-custom-657260\" style=\"padding: 40px 100px 20px 100px\">\n\t\t\t<div class=\"mkdf-pricing-tables clearfix  mkdf-three-columns mkdf-pt-normal-space\"><div class=\"mkdf-pt-wrapper\"><div class=\"mkdf-price-table\">\n\t<div class=\"mkdf-pt-inner\" style=\"background-color: #ffffff\">\n\t\t\t\t<ul>\n\t\t\t<li class=\"mkdf-pt-title-holder\">\n\t\t\t\t<span class=\"mkdf-pt-title\" style=\"border-color: #13bfb1\">Podbradek<\/span>\n\t\t\t<\/li>\n\t\t\t<li class=\"mkdf-pt-prices\">\n\t\t\t\t<sup class=\"mkdf-pt-value\" >K\u010d<\/sup>\n\t\t\t\t<span class=\"mkdf-pt-price\" >4 900<\/span>\n\t\t\t\t<h6 class=\"mkdf-pt-mark\" >1 o\u0161et\u0159en\u00ed<\/h6>\n\t\t\t<\/li>\n\t\t\t<li class=\"mkdf-pt-content\">\n\t\t\t\t<i>cena z\u00e1vis\u00ed na rozsahu a spot\u0159eb\u011b materi\u00e1lu<\/i>\t\t\t<\/li>\n\t\t\t\t\t\t\t<li class=\"mkdf-pt-button\">\n\t\t\t\t\t<a itemprop=\"url\" href=\"https:\/\/altos-klinika.cz\/objednat-se-na-zakrok\/?balname=Injek%C4%8Dn%C3%AD%20lipol%C3%BDza%20Podbradek\" target=\"_self\"  class=\"mkdf-btn mkdf-btn-large mkdf-btn-solid mkdf-btn-solid-dark\"  >    <span class=\"mkdf-btn-text\">Objednat se na z\u00e1krok<\/span>    <span class=\"mkdf-btn-icon-holder\">        <span class=\"mkdf-btn-icon-normal\" ><\/span>        <span class=\"mkdf-btn-icon-flip\" ><\/span>    <\/span><\/a>\t\t\t\t<\/li>\t\t\t\t\n\t\t\t\t\t<\/ul>\n\t<\/div>\n<\/div><div class=\"mkdf-price-table\">\n\t<div class=\"mkdf-pt-inner\" style=\"background-color: #ffffff\">\n\t\t\t\t<ul>\n\t\t\t<li class=\"mkdf-pt-title-holder\">\n\t\t\t\t<span class=\"mkdf-pt-title\" style=\"border-color: #13bfb1\">1 oblast (b\u0159icho, stehna, boky nebo h\u00fd\u017ed\u011b)<\/span>\n\t\t\t<\/li>\n\t\t\t<li class=\"mkdf-pt-prices\">\n\t\t\t\t<sup class=\"mkdf-pt-value\" >K\u010d<\/sup>\n\t\t\t\t<span class=\"mkdf-pt-price\" >4 900 \u2013 14 900<\/span>\n\t\t\t\t<h6 class=\"mkdf-pt-mark\" >1 o\u0161et\u0159en\u00ed<\/h6>\n\t\t\t<\/li>\n\t\t\t<li class=\"mkdf-pt-content\">\n\t\t\t\t<i>cena z\u00e1vis\u00ed na rozsahu a spot\u0159eb\u011b materi\u00e1lu<\/i>\t\t\t<\/li>\n\t\t\t\t\t\t\t<li class=\"mkdf-pt-button\">\n\t\t\t\t\t<a itemprop=\"url\" href=\"https:\/\/altos-klinika.cz\/objednat-se-na-zakrok\/?balname=Injek%C4%8Dn%C3%AD%20lipol%C3%BDza%201%20oblast\" target=\"_self\"  class=\"mkdf-btn mkdf-btn-large mkdf-btn-solid mkdf-btn-solid-dark\"  >    <span class=\"mkdf-btn-text\">Objednat se na z\u00e1krok<\/span>    <span class=\"mkdf-btn-icon-holder\">        <span class=\"mkdf-btn-icon-normal\" ><\/span>        <span class=\"mkdf-btn-icon-flip\" ><\/span>    <\/span><\/a>\t\t\t\t<\/li>\t\t\t\t\n\t\t\t\t\t<\/ul>\n\t<\/div>\n<\/div><div class=\"mkdf-price-table\">\n\t<div class=\"mkdf-pt-inner\" style=\"background-color: #ffffff\">\n\t\t\t\t<ul>\n\t\t\t<li class=\"mkdf-pt-title-holder\">\n\t\t\t\t<span class=\"mkdf-pt-title\" style=\"border-color: #13bfb1\">Bal\u00ed\u010dek na 3 sezen\u00ed<\/span>\n\t\t\t<\/li>\n\t\t\t<li class=\"mkdf-pt-prices\">\n\t\t\t\t<sup class=\"mkdf-pt-value\" >%<\/sup>\n\t\t\t\t<span class=\"mkdf-pt-price\" >-15<\/span>\n\t\t\t\t<h6 class=\"mkdf-pt-mark\" >3 o\u0161et\u0159en\u00ed<\/h6>\n\t\t\t<\/li>\n\t\t\t<li class=\"mkdf-pt-content\">\n\t\t\t\tp\u0159edplatn\u00e9 na 3 o\u0161et\u0159en\u00ed 1 oblasti &#8211; sleva 15%\t\t\t<\/li>\n\t\t\t\t\t\t\t<li class=\"mkdf-pt-button\">\n\t\t\t\t\t<a itemprop=\"url\" href=\"https:\/\/altos-klinika.cz\/objednat-se-na-zakrok\/?balname=Injek%C4%8Dn%C3%AD%20lipol%C3%BDza%201%20oblast%203%20o%C5%A1et%C5%99en%C3%AD\" target=\"_self\"  class=\"mkdf-btn mkdf-btn-large mkdf-btn-solid mkdf-btn-solid-dark\"  >    <span class=\"mkdf-btn-text\">Objednat se na z\u00e1krok<\/span>    <span class=\"mkdf-btn-icon-holder\">        <span class=\"mkdf-btn-icon-normal\" ><\/span>        <span class=\"mkdf-btn-icon-flip\" ><\/span>    <\/span><\/a>\t\t\t\t<\/li>\t\t\t\t\n\t\t\t\t\t<\/ul>\n\t<\/div>\n<\/div><\/div><\/div>\t\t<\/div>\n\t<\/div>\n<\/div><\/div>[\/vc_column][\/vc_row]<\/p>\n","protected":false},"excerpt":{"rendered":"<p>[vc_row row_content_width=&#8220;grid&#8220; css=&#8220;.vc_custom_1632239210797{padding-top: 70px !important;}&#8220;][vc_column offset=&#8220;vc_col-lg-12&#8243; css=&#8220;.vc_custom_1632140768248{margin-top: -8px !important;}&#8220;][vc_empty_space height=&#8220;9px&#8220;][vc_column_text]Injek\u010dn\u00ed lipol\u00fdza pat\u0159\u00ed k jednomu z nej\u00fa\u010dinn\u011bj\u0161\u00edch a nej\u0161etrn\u011bj\u0161\u00edch zp\u016fsob\u016f boje p\u0159i odstra\u0148ov\u00e1n\u00ed tukov\u00fdch pol\u0161t\u00e1\u0159k\u016f v problematick\u00fdch parti\u00edch bez chirurgick\u00e9ho z\u00e1kroku. Tato metoda spo\u010d\u00edv\u00e1 v injek\u010dn\u00ed aplikaci speci\u00e1ln\u00edch chemick\u00fdch l\u00e1tek do [&hellip;]<\/p>\n","protected":false},"author":1,"featured_media":0,"parent":0,"menu_order":0,"comment_status":"closed","ping_status":"closed","template":"full-width.php","meta":{"footnotes":""},"class_list":["post-13212","page","type-page","status-publish","hentry"],"acf":[],"_links":{"self":[{"href":"https:\/\/altos-klinika.cz\/de\/wp-json\/wp\/v2\/pages\/13212","targetHints":{"allow":["GET"]}}],"collection":[{"href":"https:\/\/altos-klinika.cz\/de\/wp-json\/wp\/v2\/pages"}],"about":[{"href":"https:\/\/altos-klinika.cz\/de\/wp-json\/wp\/v2\/types\/page"}],"author":[{"embeddable":true,"href":"https:\/\/altos-klinika.cz\/de\/wp-json\/wp\/v2\/users\/1"}],"replies":[{"embeddable":true,"href":"https:\/\/altos-klinika.cz\/de\/wp-json\/wp\/v2\/comments?post=13212"}],"version-history":[{"count":10,"href":"https:\/\/altos-klinika.cz\/de\/wp-json\/wp\/v2\/pages\/13212\/revisions"}],"predecessor-version":[{"id":22488,"href":"https:\/\/altos-klinika.cz\/de\/wp-json\/wp\/v2\/pages\/13212\/revisions\/22488"}],"wp:attachment":[{"href":"https:\/\/altos-klinika.cz\/de\/wp-json\/wp\/v2\/media?parent=13212"}],"curies":[{"name":"wp","href":"https:\/\/api.w.org\/{rel}","templated":true}]}}