{"id":17991,"date":"2021-11-17T14:16:18","date_gmt":"2021-11-17T14:16:18","guid":{"rendered":"https:\/\/altos-klinika.cz\/laser-removal-of-birthmarks\/"},"modified":"2025-02-23T09:20:10","modified_gmt":"2025-02-23T09:20:10","slug":"laser-removal-of-birthmarks","status":"publish","type":"page","link":"https:\/\/altos-klinika.cz\/de\/laser-removal-of-birthmarks\/","title":{"rendered":"Laser removal of birthmarks"},"content":{"rendered":"<p>[vc_row row_content_width=&#8220;grid&#8220; css=&#8220;.vc_custom_1632239210797{padding-top: 70px !important;}&#8220;][vc_column offset=&#8220;vc_col-lg-12&#8243; css=&#8220;.vc_custom_1632140768248{margin-top: -8px !important;}&#8220;]<div class=\"mkdf-section-title-holder mkdf-st-standard mkdf-st-title-left mkdf-st-normal-space \" style=\"text-align: center\">\n\t<div class=\"mkdf-st-inner\">\n\t\t\t\t\t<h1 class=\"mkdf-st-title\" >\n\t\t\t\t<span class=\"mkdf-st-title-light\">Laser-<\/span> <span class=\"mkdf-st-title-light\">oder<\/span> <span class=\"mkdf-st-title-bold\">chirurgische<\/span> Entfernung von Muttermalen\t\t\t<\/h1>\n\t\t\t\t\t<\/div>\n<\/div>[vc_empty_space height=&#8220;9px&#8220;][vc_column_text]Es ist m\u00f6glich, Muttermale aus gesundheitlichen Gr\u00fcnden oder aus rein \u00e4sthetischen Gr\u00fcnden zu entfernen. Sie sollten regelm\u00e4\u00dfig auf Ihre Haut achten. Zum Beispiel, wenn Sie die geringste Ver\u00e4nderung die Muttermal bemerken, sowohl in Form als auch in Farbe und Gr\u00f6\u00dfe. Achten Sie auch auf Juckreiz oder Blutungen. Wichtig ist immer, dass der Arzt eine Beurteilung mit einem Dermatoskop vornimmt. Bei einer problematischen Abteilung muss das Muttermal operativ entfernt werden, damit es zur histologischen Untersuchung geschickt werden kann. Die allermeisten Muttermale sind jedoch ungef\u00e4hrlich und werden haupts\u00e4chlich aus \u00e4sthetischen Gr\u00fcnden entfernt. Wenn es keine Ver\u00e4nderung gibt, kann es mit einem Laser entfernt werden.[\/vc_column_text][vc_empty_space height=&#8220;30px&#8220;][\/vc_column][\/vc_row][vc_row full_width=&#8220;stretch_row&#8220; css=&#8220;.vc_custom_1638118773359{background-color: rgba(78,109,204,0.07) !important;*background-color: rgb(78,109,204) !important;}&#8220; simple_background_color=&#8220;rgba(78,109,204,0.07)&#8220;][vc_column][vc_row_inner row_content_width=&#8220;grid&#8220;][vc_column_inner][vc_column_text]\n<div class=\"wpcf7 no-js\" id=\"wpcf7-f17975-o1\" lang=\"en-US\" dir=\"ltr\" data-wpcf7-id=\"17975\">\n<div class=\"screen-reader-response\"><p role=\"status\" aria-live=\"polite\" aria-atomic=\"true\"><\/p> <ul><\/ul><\/div>\n<form action=\"\/de\/wp-json\/wp\/v2\/pages\/17991#wpcf7-f17975-o1\" method=\"post\" class=\"wpcf7-form init inline-form\" aria-label=\"Contact form\" novalidate=\"novalidate\" data-status=\"init\">\n<div style=\"display: none;\">\n<input type=\"hidden\" name=\"_wpcf7\" value=\"17975\" \/>\n<input type=\"hidden\" name=\"_wpcf7_version\" value=\"6.0.4\" \/>\n<input type=\"hidden\" name=\"_wpcf7_locale\" value=\"en_US\" \/>\n<input type=\"hidden\" name=\"_wpcf7_unit_tag\" value=\"wpcf7-f17975-o1\" \/>\n<input type=\"hidden\" name=\"_wpcf7_container_post\" value=\"0\" \/>\n<input type=\"hidden\" name=\"_wpcf7_posted_data_hash\" value=\"\" \/>\n<input type=\"hidden\" name=\"_wpcf7_recaptcha_response\" value=\"\" \/>\n<\/div>\n<h2>Vereinbare einen Termin\n<\/h2>\n<div class=\"jq-row jq-inline-form\">\n\t<div class=\"fields-col jq-row\">\n\t\t<div class=\"jq-col-33\">\n\t\t\t<p><span class=\"wpcf7-form-control-wrap\" data-name=\"your-name\"><input size=\"40\" maxlength=\"400\" class=\"wpcf7-form-control wpcf7-text wpcf7-validates-as-required\" aria-required=\"true\" aria-invalid=\"false\" placeholder=\"Ihren Namen\" value=\"\" type=\"text\" name=\"your-name\" \/><\/span>\n\t\t\t<\/p>\n\t\t<\/div>\n\t\t<div class=\"jq-col-33\">\n\t\t\t<p><span class=\"wpcf7-form-control-wrap\" data-name=\"your-email\"><input size=\"40\" maxlength=\"400\" class=\"wpcf7-form-control wpcf7-email wpcf7-validates-as-required wpcf7-text wpcf7-validates-as-email\" aria-required=\"true\" aria-invalid=\"false\" placeholder=\"Email\" value=\"\" type=\"email\" name=\"your-email\" \/><\/span>\n\t\t\t<\/p>\n\t\t<\/div>\n\t\t<div class=\"jq-col-33\">\n\t\t\t<p><span class=\"wpcf7-form-control-wrap\" data-name=\"your-tel\"><input size=\"40\" maxlength=\"400\" class=\"wpcf7-form-control wpcf7-tel wpcf7-text wpcf7-validates-as-tel\" aria-invalid=\"false\" placeholder=\"+420 *** *** ***\" value=\"\" type=\"tel\" name=\"your-tel\" \/><\/span>\n\t\t\t<\/p>\n\t\t<\/div>\n\t\t<div class=\"jq-col-100\">\n\t\t\t<p><span class=\"wpcf7-form-control-wrap\" data-name=\"acceptance\"><span class=\"wpcf7-form-control wpcf7-acceptance\"><span class=\"wpcf7-list-item\"><label><input type=\"checkbox\" name=\"acceptance\" value=\"1\" aria-invalid=\"false\" \/><span class=\"wpcf7-list-item-label\">Ich stimme der <a href=\"https:\/\/altos-klinika.cz\/en\/terms-of-use\/\" target=\"_blank\">Verarbeitung meiner personenbezogenen Daten zu<\/a>.<\/span><\/label><\/span><\/span><\/span>\n\t\t\t<\/p>\n\t\t<\/div>\n\t<\/div>\n\t<div class=\"button-col\">\n\t\t<p><input class=\"wpcf7-form-control wpcf7-submit has-spinner\" type=\"submit\" value=\"Senden\" \/><input type=\"hidden\" class=\"wpcf7-form-control wpcf7-hidden\" name=\"your-subject\" placeholder=\"\" value=\"DE \u0417\u0430\u043f\u0438\u0441\u044c \u043d\u0430 \u043f\u0440\u043e\u0446\u0435\u0434\u0443\u0440\u0443\" \/><input type=\"hidden\" class=\"wpcf7-form-control wpcf7-hidden\" name=\"hidden-956\" placeholder=\"\" value=\"Laser removal of birthmarks\" \/>\n\t\t<\/p>\n\t<\/div>\n<\/div><input type='hidden' class='wpcf7-pum' value='{\"closepopup\":false,\"closedelay\":0,\"openpopup\":false,\"openpopup_id\":0}' \/><div class=\"wpcf7-response-output\" aria-hidden=\"true\"><\/div>\n<\/form>\n<\/div>\n[\/vc_column_text][\/vc_column_inner][\/vc_row_inner][\/vc_column][\/vc_row][vc_row row_content_width=&#8220;grid&#8220;][vc_column]<div class=\"mkdf-elements-holder mkdf-one-column mkdf-responsive-mode-768\" ><div class=\"mkdf-eh-item mkdf-horizontal-alignment-center\"  data-item-class=\"mkdf-eh-custom-993179\">\n\t<div class=\"mkdf-eh-item-inner\">\n\t\t<div class=\"mkdf-eh-item-content mkdf-eh-custom-993179\" style=\"padding: 70px 0px 50px 0px\">\n\t\t\t<div class=\"mkdf-section-title-holder mkdf-st-standard mkdf-st-title-left mkdf-st-normal-space \" >\n\t<div class=\"mkdf-st-inner\">\n\t\t\t\t\t<h2 class=\"mkdf-st-title\" >\n\t\t\t\tFoto vorher und nachher\t\t\t<\/h2>\n\t\t\t\t\t<\/div>\n<\/div>[vc_empty_space]<div class=\"mkdf-image-gallery mkdf-ig-carousel-type \">\n\t<div class=\"mkdf-ig-slider mkdf-owl-slider\" data-number-of-items=\"1\" data-enable-loop=\"yes\" data-enable-autoplay=\"yes\" data-slider-speed=\"5000\" data-slider-speed-animation=\"600\" data-enable-navigation=\"yes\" data-enable-pagination=\"yes\">\n\t\t\t<\/div>\n<\/div>\t\t<\/div>\n\t<\/div>\n<\/div><\/div>[\/vc_column][\/vc_row][vc_row row_content_width=&#8220;grid&#8220; css=&#8220;.vc_custom_1632238008506{padding-top: 70px !important;}&#8220;][vc_column offset=&#8220;vc_col-lg-12&#8243; css=&#8220;.vc_custom_1632140768248{margin-top: -8px !important;}&#8220;]<div class=\"mkdf-elements-holder mkdf-one-column mkdf-responsive-mode-768\" ><div class=\"mkdf-eh-item mkdf-horizontal-alignment-center\"  data-item-class=\"mkdf-eh-custom-251089\" data-1280-1600=\"0px 15% 0px 15%\" data-1024-1280=\"0px 10% 0px 10%\" data-768-1024=\"0px 10% 0px 10%\" data-600-768=\"0 0 0 0\" data-480-600=\"0 0 0 0\" data-480=\"0 0 0 0\">\n\t<div class=\"mkdf-eh-item-inner\">\n\t\t<div class=\"mkdf-eh-item-content mkdf-eh-custom-251089\" style=\"padding: 0px 15% 0px 15%\">\n\t\t\t<div class=\"mkdf-section-title-holder mkdf-st-standard mkdf-st-title-left mkdf-st-normal-space \" style=\"text-align: center\">\n\t<div class=\"mkdf-st-inner\">\n\t\t\t\t\t<h2 class=\"mkdf-st-title\" >\n\t\t\t\tPreisliste\t\t\t<\/h2>\n\t\t\t\t\t<\/div>\n<\/div>[vc_empty_space height=&#8220;37px&#8220;]<div class=\"mkdf-accordion-holder clearfix mkdf-ac-default mkdf-accordion mkdf-ac-boxed\">\n\t<h5 class=\"mkdf-title-holder\">\n    <span class=\"mkdf-accordion-mark\">\n\t\t<span class=\"mkdf_icon_plus ion-plus\"><\/span>\n\t\t<span class=\"mkdf_icon_minus ion-minus\"><\/span>\n\t<\/span>\n\t<span class=\"mkdf-tab-title\">CO2 laser removal<\/span>\n<\/h5>\n<div class=\"mkdf-accordion-content\">\n\t<div class=\"mkdf-accordion-content-inner\">\n\t\t[vc_column_text]<\/p>\n<div id=\"all-events\" class=\"ui-tabs-panel ui-corner-bottom ui-widget-content\" role=\"tabpanel\" aria-labelledby=\"ui-id-1\" aria-hidden=\"false\">\n<table class=\"tt_timetable\">\n<thead>\n<tr class=\"row_gray\">\n<th>Number of birthmark<\/th>\n<th>Price<\/th>\n<\/tr>\n<\/thead>\n<tbody>\n<tr class=\"row_1\">\n<td style=\"vertical-align: middle; padding: 10px 0px; width: 60%;\">1 birthmark<\/td>\n<td style=\"color: #37c7be!important; vertical-align: middle;\">2 500 K\u010d<\/td>\n<\/tr>\n<tr class=\"row_gray\">\n<td style=\"vertical-align: middle; padding: 10px 0px; width: 60%;\">2 birthmarks<\/td>\n<td style=\"color: #37c7be!important; vertical-align: middle;\">5 000 K\u010d<\/td>\n<\/tr>\n<tr class=\"row\">\n<td style=\"vertical-align: middle; padding: 10px 0px; width: 60%;\">3 birthmarks<\/td>\n<td style=\"color: #37c7be!important; vertical-align: middle; padding: 10px 0px;\">7 500 K\u010d<\/td>\n<\/tr>\n<tr class=\"row_gray\">\n<td style=\"vertical-align: middle; padding: 10px 0px; width: 60%;\">for each other (from 4th)<\/td>\n<td style=\"color: #37c7be!important; vertical-align: middle;\">2 500 K\u010d<\/td>\n<\/tr>\n<\/tbody>\n<\/table>\n<div class=\"tt_timetable small \">\n<h3 class=\"box_header \">CO2 laser removal<\/h3>\n<ul class=\"tt_items_list thin page_margin_top timetable_clearfix\">\n<li class=\"timetable_clearfix\">\n<div class=\"event_container\"><a class=\"event_header\" title=\"1 area\">1 birthmark<\/a><\/div>\n<div class=\"value\"><span class=\"start-hour\">2 090 K\u010d<\/span><\/div>\n<\/li>\n<li class=\"timetable_clearfix\">\n<div class=\"event_container\"><a class=\"event_header\">2 birthmarks<\/a><\/div>\n<div class=\"value\"><span class=\"start-hour\">3 500 K\u010d<\/span><\/div>\n<\/li>\n<li class=\"timetable_clearfix\">\n<div class=\"event_container\"><a class=\"event_header\">3 birthmarks<\/a><\/div>\n<div class=\"value\"><span class=\"start-hour\">5 290 K\u010d<\/span><\/div>\n<\/li>\n<li class=\"timetable_clearfix\">\n<div class=\"event_container\">for each other (from 4th)<\/div>\n<div class=\"value\"><span class=\"start-hour\">890 K\u010d<\/span><\/div>\n<\/li>\n<\/ul>\n<\/div>\n<\/div>\n<p>[\/vc_column_text]\t<\/div>\n<\/div><h5 class=\"mkdf-title-holder\">\n    <span class=\"mkdf-accordion-mark\">\n\t\t<span class=\"mkdf_icon_plus ion-plus\"><\/span>\n\t\t<span class=\"mkdf_icon_minus ion-minus\"><\/span>\n\t<\/span>\n\t<span class=\"mkdf-tab-title\">Examination with digital dermatoscope<\/span>\n<\/h5>\n<div class=\"mkdf-accordion-content\">\n\t<div class=\"mkdf-accordion-content-inner\">\n\t\t[vc_column_text]<\/p>\n<div id=\"all-events\" class=\"ui-tabs-panel ui-corner-bottom ui-widget-content\" role=\"tabpanel\" aria-labelledby=\"ui-id-1\" aria-hidden=\"false\">\n<table class=\"tt_timetable\">\n<thead>\n<tr class=\"row_gray\">\n<th>Treatment<\/th>\n<th>Price<\/th>\n<\/tr>\n<\/thead>\n<tbody>\n<tr class=\"row_1\">\n<td style=\"vertical-align: middle; padding: 10px 0px; width: 60%;\">up to 5 birthmarks<\/td>\n<td style=\"color: #37c7be!important; vertical-align: middle;\">2000 K\u010d<\/td>\n<\/tr>\n<tr class=\"row_gray\">\n<td style=\"vertical-align: middle; padding: 10px 0px; width: 60%;\">for each other (from 6th)<\/td>\n<td style=\"color: #37c7be!important; vertical-align: middle;\">500 K\u010d<\/td>\n<\/tr>\n<tr class=\"row_1\">\n<td style=\"vertical-align: middle; padding: 10px 0px; width: 60%;\">Histology lab examination<\/td>\n<td style=\"color: #37c7be!important; vertical-align: middle;\">3 990 K\u010d<\/td>\n<\/tr>\n<\/tbody>\n<\/table>\n<div class=\"tt_timetable small \">\n<h3 class=\"box_header \">Examination with digital dermatoscope<\/h3>\n<ul class=\"tt_items_list thin page_margin_top timetable_clearfix\">\n<li class=\"timetable_clearfix\">\n<div class=\"event_container\">up to 5 birthmarks<\/div>\n<div class=\"value\"><span class=\"start-hour\">700 K\u010d<\/span><\/div>\n<\/li>\n<li class=\"timetable_clearfix\">\n<div class=\"event_container\">for each other (from 6th)<\/div>\n<div class=\"value\"><span class=\"start-hour\">55 K\u010d<\/span><\/div>\n<\/li>\n<li class=\"timetable_clearfix\">\n<div class=\"event_container\">Histology lab examination<\/div>\n<div class=\"value\"><span class=\"start-hour\">2 100 K\u010d<\/span><\/div>\n<\/li>\n<\/ul>\n<\/div>\n<\/div>\n<p>[\/vc_column_text]\t<\/div>\n<\/div><h5 class=\"mkdf-title-holder\">\n    <span class=\"mkdf-accordion-mark\">\n\t\t<span class=\"mkdf_icon_plus ion-plus\"><\/span>\n\t\t<span class=\"mkdf_icon_minus ion-minus\"><\/span>\n\t<\/span>\n\t<span class=\"mkdf-tab-title\">Excize (surgical removal)<\/span>\n<\/h5>\n<div class=\"mkdf-accordion-content\">\n\t<div class=\"mkdf-accordion-content-inner\">\n\t\t[vc_column_text]<\/p>\n<div id=\"all-events\" class=\"ui-tabs-panel ui-corner-bottom ui-widget-content\" role=\"tabpanel\" aria-labelledby=\"ui-id-1\" aria-hidden=\"false\">\n<table class=\"tt_timetable\">\n<thead>\n<tr class=\"row_gray\">\n<th>Treatment<\/th>\n<th>Price<\/th>\n<\/tr>\n<\/thead>\n<tbody>\n<tr class=\"row_1\">\n<td style=\"vertical-align: middle; padding: 10px 0px; width: 60%;\">small size<\/td>\n<td style=\"color: #37c7be!important; vertical-align: middle;\">9 900 K\u010d<\/td>\n<\/tr>\n<tr class=\"row_gray\">\n<td style=\"vertical-align: middle; padding: 10px 0px; width: 60%;\">large size<\/td>\n<td style=\"color: #37c7be!important; vertical-align: middle;\">9 900 K\u010d<\/td>\n<\/tr>\n<\/tbody>\n<\/table>\n<div class=\"tt_timetable small \">\n<h3 class=\"box_header \">Excize (surgical removal)<\/h3>\n<ul class=\"tt_items_list thin page_margin_top timetable_clearfix\">\n<li class=\"timetable_clearfix\">\n<div class=\"event_container\"><a class=\"event_header\" title=\"1 area\">small size<\/a><\/div>\n<div class=\"value\"><span class=\"start-hour\">2 890 K\u010d<\/span><\/div>\n<\/li>\n<li class=\"timetable_clearfix\">\n<div class=\"event_container\">large size<\/div>\n<div class=\"value\"><span class=\"start-hour\">3 990 K\u010d<\/span><\/div>\n<\/li>\n<\/ul>\n<\/div>\n<\/div>\n<p>[\/vc_column_text]\t<\/div>\n<\/div><\/div>\t\t<\/div>\n\t<\/div>\n<\/div><\/div>[\/vc_column][\/vc_row][vc_row row_content_width=&#8220;grid&#8220; css=&#8220;.vc_custom_1632239210797{padding-top: 70px !important;}&#8220;][vc_column offset=&#8220;vc_col-lg-12&#8243; css=&#8220;.vc_custom_1632140768248{margin-top: -8px !important;}&#8220;]<div class=\"mkdf-section-title-holder mkdf-st-standard mkdf-st-title-left mkdf-st-normal-space \" style=\"text-align: center\">\n\t<div class=\"mkdf-st-inner\">\n\t\t\t\t\t<h2 class=\"mkdf-st-title\" >\n\t\t\t\tWie funktioniert die <span class=\"mkdf-st-title-bold\">Laser-Muttermalentfernung?<\/span>\t\t\t<\/h2>\n\t\t\t\t\t<\/div>\n<\/div>[vc_empty_space height=&#8220;9px&#8220;][vc_column_text]Die Prozedur wird mit einem modernen Hochleistungs-CO2-Laser durchgef\u00fchrt, der nur unerw\u00fcnschte Zeichen anspricht, die nach und nach in separaten Schichten verdampfen. Die entstandene Wunde wird mit einem Pflaster abgedeckt und der sich hier bildende Schorf f\u00e4llt von selbst ab. Sie k\u00f6nnen den Vorgang abschlie\u00dfen, nachdem Sie eine An\u00e4sthesiecreme f\u00fcr eine leichte An\u00e4sthesie aufgetragen haben. Der gro\u00dfe Vorteil des Verfahrens ist eine minimale Blutung und eine schnelle Heilung.[\/vc_column_text][\/vc_column][\/vc_row][vc_row row_content_width=&#8220;grid&#8220;][vc_column]<div class=\"mkdf-elements-holder mkdf-two-columns mkdf-responsive-mode-768\" ><div class=\"mkdf-eh-item mkdf-vertical-alignment-top\"  data-item-class=\"mkdf-eh-custom-213243\" data-1280-1600=\"70px 30px 50px 0\" data-1024-1280=\"70px 30px 50px 0\" data-768-1024=\"70px 30px 50px 0\" data-600-768=\"70px 0px 50px 0\" data-480-600=\"70px 0px 50px 0\" data-480=\"70px 0px 50px 0\">\n\t<div class=\"mkdf-eh-item-inner\">\n\t\t<div class=\"mkdf-eh-item-content mkdf-eh-custom-213243\" style=\"padding: 70px 30px 50px 0\">\n\t\t\t<div class=\"mkdf-section-title-holder mkdf-st-standard mkdf-st-title-left mkdf-st-normal-space \" >\n\t<div class=\"mkdf-st-inner\">\n\t\t\t\t\t<h2 class=\"mkdf-st-title\" >\n\t\t\t\tVor der Prozedur\t\t\t<\/h2>\n\t\t\t\t\t<\/div>\n<\/div>[vc_empty_space height=&#8220;25px&#8220;][vc_column_text]Vor jeder Prozedur findet ein professionelles Beratungsgespr\u00e4ch mit einem Arzt statt. Es ist immer notwendig, die Art der Hautbildung zu bestimmen und die Prozedur genau zu gestalten. Alle Wucherungen, Flecken oder Warzen sollten sorgf\u00e4ltig mit einem Dermatoskop untersucht werden.[\/vc_column_text]\t\t<\/div>\n\t<\/div>\n<\/div><div class=\"mkdf-eh-item mkdf-vertical-alignment-top\"  data-item-class=\"mkdf-eh-custom-314356\" data-1280-1600=\"70px 30px 50px 0\" data-1024-1280=\"70px 30px 50px 0\" data-768-1024=\"70px 30px 50px 0\" data-600-768=\"70px 0px 50px 0\" data-480-600=\"70px 0px 50px 0\" data-480=\"70px 0px 50px 0\">\n\t<div class=\"mkdf-eh-item-inner\">\n\t\t<div class=\"mkdf-eh-item-content mkdf-eh-custom-314356\" style=\"padding: 70px 30px 50px 0\">\n\t\t\t<div class=\"mkdf-section-title-holder mkdf-st-standard mkdf-st-title-left mkdf-st-normal-space \" >\n\t<div class=\"mkdf-st-inner\">\n\t\t\t\t\t<h2 class=\"mkdf-st-title\" >\n\t\t\t\tRegeneration\t\t\t<\/h2>\n\t\t\t\t\t<\/div>\n<\/div>[vc_column_text]F\u00fcr eine schnelle Heilung und gute Regeneration achten Sie mit hochwertigen Hochfilter-Sonnenschutzcremes auf den konstanten Sonnenschutz Ihrer Haut. Unmittelbar nach der Prozedur k\u00f6nnen R\u00f6tungen an der behandelten Stelle auftreten, es k\u00f6nnen sich kleine Krusten bilden, von denen wir das S\u00e4gen nicht empfehlen. Zum Zeitpunkt der Entfernung des Maulwurfs bildet sich allm\u00e4hlich neue Haut, die mit Schutzcremes gesch\u00fctzt werden muss.[\/vc_column_text][vc_empty_space height=&#8220;25px&#8220;]\t\t<\/div>\n\t<\/div>\n<\/div><\/div>[\/vc_column][\/vc_row][vc_row css=&#8220;.vc_custom_1632322238998{padding-top: 50px !important;}&#8220;][vc_column css=&#8220;.vc_custom_1492767171698{padding-top: 0px !important;}&#8220;]<div class=\"mkdf-elements-holder mkdf-two-columns mkdf-responsive-mode-768\" ><div class=\"mkdf-eh-item \" style=\"background-image: url(https:\/\/altos-klinika.cz\/wp-content\/uploads\/2021\/09\/doctor-man-consulting-patient-while-filling-up-application-form-desk-hospital-scaled.jpg)\" data-item-class=\"mkdf-eh-custom-939834\" data-600-768=\"260px 0\" data-480-600=\"200px 0\" data-480=\"200px 0\">\n\t<div class=\"mkdf-eh-item-inner\">\n\t\t<div class=\"mkdf-eh-item-content mkdf-eh-custom-939834\" >\n\t\t\t\t\t<\/div>\n\t<\/div>\n<\/div><div class=\"mkdf-eh-item \"  data-item-class=\"mkdf-eh-custom-594179\" data-1280-1600=\"110px 15% 120px 15%\" data-1024-1280=\"100px 13% 105px 14%\" data-768-1024=\"75px 11% 90px 10%\" data-600-768=\"75px 11% 90px 10%\" data-480-600=\"60px 10% 85px 10%\" data-480=\"60px 10% 85px 10%\">\n\t<div class=\"mkdf-eh-item-inner\">\n\t\t<div class=\"mkdf-eh-item-content mkdf-eh-custom-594179\" style=\"padding: 100px 19% 100px 16%\">\n\t\t\t<div class=\"mkdf-section-title-holder mkdf-st-standard mkdf-st-title-left mkdf-st-normal-space \" >\n\t<div class=\"mkdf-st-inner\">\n\t\t\t\t\t<h2 class=\"mkdf-st-title\" >\n\t\t\t\tKontraindikation\t\t\t<\/h2>\n\t\t\t\t\t<\/div>\n<\/div>[vc_empty_space height=&#8220;25px&#8220;][vc_column_text]<\/p>\n<ul>\n<li>chronische somatische Erkrankungen<\/li>\n<li>ansteckende und entz\u00fcndliche Erkrankungen<\/li>\n<li>onkologische Erkrankungen<\/li>\n<li>Schwangerschaft<\/li>\n<li>Epilepsie<\/li>\n<\/ul>\n<p>[\/vc_column_text]\t\t<\/div>\n\t<\/div>\n<\/div><\/div><div class=\"mkdf-elements-holder mkdf-two-columns mkdf-responsive-mode-768\" ><div class=\"mkdf-eh-item \"  data-item-class=\"mkdf-eh-custom-727967\" data-1280-1600=\"80px 8% 80px 7%\" data-1024-1280=\"80px 8% 80px 7%\" data-768-1024=\"80px 8% 80px 7%\" data-600-768=\"0px 5% 20px 5%\" data-480-600=\"0px 10% 85px 10%\" data-480=\"0px 10% 85px 10%\">\n\t<div class=\"mkdf-eh-item-inner\">\n\t\t<div class=\"mkdf-eh-item-content mkdf-eh-custom-727967\" style=\"padding: 80px 8% 80px 7%\">\n\t\t\t<div class=\"mkdf-section-title-holder mkdf-st-standard mkdf-st-title-left mkdf-st-normal-space \" >\n\t<div class=\"mkdf-st-inner\">\n\t\t\t\t\t<h2 class=\"mkdf-st-title\" >\n\t\t\t\tVerwendete Laser\t\t\t<\/h2>\n\t\t\t\t\t<\/div>\n<\/div>[vc_empty_space height=&#8220;25px&#8220;][vc_column_text]In unserer Klinik wird der Eingriff mit einem SmartXide2 CO2-Fraktionslaser des italienischen Herstellers DEKA durchgef\u00fchrt. Das SmartXide2-System ist eine echte Innovation und die einzige Plattform auf dem Markt, die mit CO2- und Diodenlasern ausgestattet ist, was den Einsatz in vielen medizinischen Bereichen erm\u00f6glicht. Dies ist das Ergebnis der Entwicklung einer HF-CO2-Laserquelle, die mit der einzigartigen PSD\u00ae-Technologie (Pulse Shape Design) ausgestattet ist. Durch die Nutzung der synergistischen Effekte eines CO2-Lasers und einer Radiofrequenz (RF)-Quelle kann der innovative HiScan DOT \/ RF alle Hautschichten erreichen.[\/vc_column_text]\t\t<\/div>\n\t<\/div>\n<\/div><div class=\"mkdf-eh-item \" style=\"background-image: url(https:\/\/altos-klinika.cz\/wp-content\/uploads\/2021\/09\/MG_0068_low.jpg)\" data-item-class=\"mkdf-eh-custom-550902\" data-600-768=\"260px 0\" data-480-600=\"200px 0\" data-480=\"200px 0\">\n\t<div class=\"mkdf-eh-item-inner\">\n\t\t<div class=\"mkdf-eh-item-content mkdf-eh-custom-550902\" >\n\t\t\t\t\t<\/div>\n\t<\/div>\n<\/div><\/div>[\/vc_column][\/vc_row]<\/p>\n","protected":false},"excerpt":{"rendered":"<p>[vc_row row_content_width=&#8220;grid&#8220; css=&#8220;.vc_custom_1632239210797{padding-top: 70px !important;}&#8220;][vc_column offset=&#8220;vc_col-lg-12&#8243; css=&#8220;.vc_custom_1632140768248{margin-top: -8px !important;}&#8220;][vc_empty_space height=&#8220;9px&#8220;][vc_column_text]Es ist m\u00f6glich, Muttermale aus gesundheitlichen Gr\u00fcnden oder aus rein \u00e4sthetischen Gr\u00fcnden zu entfernen. Sie sollten regelm\u00e4\u00dfig auf Ihre Haut achten. Zum Beispiel, wenn Sie die geringste Ver\u00e4nderung die Muttermal bemerken, [&hellip;]<\/p>\n","protected":false},"author":1,"featured_media":0,"parent":0,"menu_order":0,"comment_status":"closed","ping_status":"closed","template":"full-width.php","meta":{"footnotes":""},"class_list":["post-17991","page","type-page","status-publish","hentry"],"acf":[],"_links":{"self":[{"href":"https:\/\/altos-klinika.cz\/de\/wp-json\/wp\/v2\/pages\/17991","targetHints":{"allow":["GET"]}}],"collection":[{"href":"https:\/\/altos-klinika.cz\/de\/wp-json\/wp\/v2\/pages"}],"about":[{"href":"https:\/\/altos-klinika.cz\/de\/wp-json\/wp\/v2\/types\/page"}],"author":[{"embeddable":true,"href":"https:\/\/altos-klinika.cz\/de\/wp-json\/wp\/v2\/users\/1"}],"replies":[{"embeddable":true,"href":"https:\/\/altos-klinika.cz\/de\/wp-json\/wp\/v2\/comments?post=17991"}],"version-history":[{"count":3,"href":"https:\/\/altos-klinika.cz\/de\/wp-json\/wp\/v2\/pages\/17991\/revisions"}],"predecessor-version":[{"id":22555,"href":"https:\/\/altos-klinika.cz\/de\/wp-json\/wp\/v2\/pages\/17991\/revisions\/22555"}],"wp:attachment":[{"href":"https:\/\/altos-klinika.cz\/de\/wp-json\/wp\/v2\/media?parent=17991"}],"curies":[{"name":"wp","href":"https:\/\/api.w.org\/{rel}","templated":true}]}}