{"id":18054,"date":"2021-09-22T19:36:55","date_gmt":"2021-09-22T19:36:55","guid":{"rendered":"https:\/\/altos-klinika.cz\/rejuvenation-with-nd-yag-laser\/"},"modified":"2025-02-23T09:28:16","modified_gmt":"2025-02-23T09:28:16","slug":"rejuvenation-with-nd-yag-laser","status":"publish","type":"page","link":"https:\/\/altos-klinika.cz\/de\/rejuvenation-with-nd-yag-laser\/","title":{"rendered":"Rejuvenation with Nd:YAG laser"},"content":{"rendered":"<p>[vc_row][vc_column][\/vc_column][\/vc_row][vc_row row_content_width=&#8220;grid&#8220; css=&#8220;.vc_custom_1632239210797{padding-top: 70px !important;}&#8220;][vc_column offset=&#8220;vc_col-lg-12&#8243; css=&#8220;.vc_custom_1632140768248{margin-top: -8px !important;}&#8220;]<div class=\"mkdf-section-title-holder mkdf-st-standard mkdf-st-title-left mkdf-st-normal-space \" style=\"text-align: center\">\n\t<div class=\"mkdf-st-inner\">\n\t\t\t\t\t<h1 class=\"mkdf-st-title\" >\n\t\t\t\tLaserverj\u00fcngung <span class=\"mkdf-st-title-bold\">ND:<\/span> Yag\t\t\t<\/h1>\n\t\t\t\t\t\t\t<h4 class=\"mkdf-st-text\" >\n\t\t\t\tVaskul\u00e4re Laserverj\u00fcngung ND: Yag\t\t\t<\/h4>\n\t\t\t<\/div>\n<\/div>[vc_empty_space height=&#8220;9px&#8220;][vc_column_text]<\/p>\n<p class=\"TableParagraph\" style=\"margin: .1pt 4.9pt .0001pt 3.2pt;\"><span lang=\"DE\">ND: Yag Laser Vascular Rejuvenation ist eine einzigartige Prozedur, mit dem Sie neben der Hautverj\u00fcngung auch Mitesser und Aknenarben entfernen sowie die Hautoberfl\u00e4che gl\u00e4tten k\u00f6nnen.<\/span><\/p>\n<p>[\/vc_column_text][vc_column_text]<strong>Das Ergebnis der Prozedur und der Anwendung des ND: Yag-Gef\u00e4\u00dflasers ist die Korrektur von \u00e4sthetischen Defekten wie:<\/strong><\/p>\n<ul>\n<li>Verlust der Hautelastizit\u00e4t<\/li>\n<li>Auftreten von Mimikfalten und altersbedingten Falten<\/li>\n<li>vergr\u00f6\u00dferte Poren<\/li>\n<li>Hautunregelm\u00e4\u00dfigkeiten<\/li>\n<li>Narben und Dehnungsstreifen<\/li>\n<li>Aknenarben<\/li>\n<li>schlaffe Haut im Gesicht, Hals und Dekollet\u00e9-Bereich<\/li>\n<\/ul>\n<p>Diese sichere Methode ist f\u00fcr Gesicht, Hals und Dekollet\u00e9 geeignet. Neben der Verj\u00fcngung der Haut kann sie Pickel und Akneflecken entfernen und die Hautoberfl\u00e4che gl\u00e4tten. Dermatologen empfehlen diese Methode auch f\u00fcr empfindliche Hauttypen. W\u00e4hrend des Eingriffs werden ideale Bedingungen f\u00fcr die Stimulation der Bindegewebszellen geschaffen &#8211; Fibroblasten, die aktiv neues Kollagen produzieren, was zur Gl\u00e4ttung von Falten, Verbesserung des Turgors und des Hautzustands f\u00fchrt.<\/p>\n<h5><strong>Vorteile des Verfahrens<\/strong><\/h5>\n<ul>\n<li>kontaktlose Methode, auch f\u00fcr empfindliche Haut geeignet<\/li>\n<li>garantierte Verj\u00fcngung ohne die unteren Hautschichten zu besch\u00e4digen<\/li>\n<li>schmerzloser Eingriff<\/li>\n<li>keine Nebenwirkungen (Hyperpigmentierung, Narben, langfristige Schwellung)<\/li>\n<li>kurze Rehabilitationszeit<\/li>\n<li>dieses Verfahren kann das ganze Jahr \u00fcber durchgef\u00fchrt werden<\/li>\n<\/ul>\n<p>Die Laserverj\u00fcngung l\u00e4sst sich auch gut mit Biorevitalisierung, Botulinumtoxin Typ A Injektionen und Gesichtsmodellierung mit Liftingf\u00e4den kombinieren. In dieser Kombination kann eine viel gr\u00f6\u00dfere Wirkung erzielt werden als mit der Anwendung eines der obigen Verfahren allein.[\/vc_column_text][vc_empty_space][\/vc_column][\/vc_row][vc_row full_width=&#8220;stretch_row&#8220; css=&#8220;.vc_custom_1638118773359{background-color: rgba(78,109,204,0.07) !important;*background-color: rgb(78,109,204) !important;}&#8220; simple_background_color=&#8220;rgba(78,109,204,0.07)&#8220;][vc_column][vc_row_inner row_content_width=&#8220;grid&#8220;][vc_column_inner][vc_column_text]\n<div class=\"wpcf7 no-js\" id=\"wpcf7-f17975-o1\" lang=\"en-US\" dir=\"ltr\" data-wpcf7-id=\"17975\">\n<div class=\"screen-reader-response\"><p role=\"status\" aria-live=\"polite\" aria-atomic=\"true\"><\/p> <ul><\/ul><\/div>\n<form action=\"\/de\/wp-json\/wp\/v2\/pages\/18054#wpcf7-f17975-o1\" method=\"post\" class=\"wpcf7-form init inline-form\" aria-label=\"Contact form\" novalidate=\"novalidate\" data-status=\"init\">\n<div style=\"display: none;\">\n<input type=\"hidden\" name=\"_wpcf7\" value=\"17975\" \/>\n<input type=\"hidden\" name=\"_wpcf7_version\" value=\"6.0.4\" \/>\n<input type=\"hidden\" name=\"_wpcf7_locale\" value=\"en_US\" \/>\n<input type=\"hidden\" name=\"_wpcf7_unit_tag\" value=\"wpcf7-f17975-o1\" \/>\n<input type=\"hidden\" name=\"_wpcf7_container_post\" value=\"0\" \/>\n<input type=\"hidden\" name=\"_wpcf7_posted_data_hash\" value=\"\" \/>\n<input type=\"hidden\" name=\"_wpcf7_recaptcha_response\" value=\"\" \/>\n<\/div>\n<h2>Vereinbare einen Termin\n<\/h2>\n<div class=\"jq-row jq-inline-form\">\n\t<div class=\"fields-col jq-row\">\n\t\t<div class=\"jq-col-33\">\n\t\t\t<p><span class=\"wpcf7-form-control-wrap\" data-name=\"your-name\"><input size=\"40\" maxlength=\"400\" class=\"wpcf7-form-control wpcf7-text wpcf7-validates-as-required\" aria-required=\"true\" aria-invalid=\"false\" placeholder=\"Ihren Namen\" value=\"\" type=\"text\" name=\"your-name\" \/><\/span>\n\t\t\t<\/p>\n\t\t<\/div>\n\t\t<div class=\"jq-col-33\">\n\t\t\t<p><span class=\"wpcf7-form-control-wrap\" data-name=\"your-email\"><input size=\"40\" maxlength=\"400\" class=\"wpcf7-form-control wpcf7-email wpcf7-validates-as-required wpcf7-text wpcf7-validates-as-email\" aria-required=\"true\" aria-invalid=\"false\" placeholder=\"Email\" value=\"\" type=\"email\" name=\"your-email\" \/><\/span>\n\t\t\t<\/p>\n\t\t<\/div>\n\t\t<div class=\"jq-col-33\">\n\t\t\t<p><span class=\"wpcf7-form-control-wrap\" data-name=\"your-tel\"><input size=\"40\" maxlength=\"400\" class=\"wpcf7-form-control wpcf7-tel wpcf7-text wpcf7-validates-as-tel\" aria-invalid=\"false\" placeholder=\"+420 *** *** ***\" value=\"\" type=\"tel\" name=\"your-tel\" \/><\/span>\n\t\t\t<\/p>\n\t\t<\/div>\n\t\t<div class=\"jq-col-100\">\n\t\t\t<p><span class=\"wpcf7-form-control-wrap\" data-name=\"acceptance\"><span class=\"wpcf7-form-control wpcf7-acceptance\"><span class=\"wpcf7-list-item\"><label><input type=\"checkbox\" name=\"acceptance\" value=\"1\" aria-invalid=\"false\" \/><span class=\"wpcf7-list-item-label\">Ich stimme der <a href=\"https:\/\/altos-klinika.cz\/en\/terms-of-use\/\" target=\"_blank\">Verarbeitung meiner personenbezogenen Daten zu<\/a>.<\/span><\/label><\/span><\/span><\/span>\n\t\t\t<\/p>\n\t\t<\/div>\n\t<\/div>\n\t<div class=\"button-col\">\n\t\t<p><input class=\"wpcf7-form-control wpcf7-submit has-spinner\" type=\"submit\" value=\"Senden\" \/><input type=\"hidden\" class=\"wpcf7-form-control wpcf7-hidden\" name=\"your-subject\" placeholder=\"\" value=\"DE \u0417\u0430\u043f\u0438\u0441\u044c \u043d\u0430 \u043f\u0440\u043e\u0446\u0435\u0434\u0443\u0440\u0443\" \/><input type=\"hidden\" class=\"wpcf7-form-control wpcf7-hidden\" name=\"hidden-956\" placeholder=\"\" value=\"Rejuvenation with Nd:YAG laser\" \/>\n\t\t<\/p>\n\t<\/div>\n<\/div><input type='hidden' class='wpcf7-pum' value='{\"closepopup\":false,\"closedelay\":0,\"openpopup\":false,\"openpopup_id\":0}' \/><div class=\"wpcf7-response-output\" aria-hidden=\"true\"><\/div>\n<\/form>\n<\/div>\n[\/vc_column_text][\/vc_column_inner][\/vc_row_inner][\/vc_column][\/vc_row][vc_row row_content_width=&#8220;grid&#8220;][vc_column]<div class=\"mkdf-elements-holder mkdf-one-column mkdf-responsive-mode-768\" ><div class=\"mkdf-eh-item mkdf-horizontal-alignment-center\"  data-item-class=\"mkdf-eh-custom-522820\" data-1280-1600=\"70px 50px 50px 50px\" data-1024-1280=\"70px 50px 50px 50px\" data-768-1024=\"70px 0px 50px 0px\" data-600-768=\"70px 0px 50px 0px\" data-480-600=\"70px 0px 50px 0px\" data-480=\"70px 0px 50px 0px\">\n\t<div class=\"mkdf-eh-item-inner\">\n\t\t<div class=\"mkdf-eh-item-content mkdf-eh-custom-522820\" style=\"padding: 70px 50px 50px 50px\">\n\t\t\t<div class=\"mkdf-section-title-holder mkdf-st-standard mkdf-st-title-left mkdf-st-normal-space \" >\n\t<div class=\"mkdf-st-inner\">\n\t\t\t\t\t<h2 class=\"mkdf-st-title\" >\n\t\t\t\tFoto vorher und nachher\t\t\t<\/h2>\n\t\t\t\t\t<\/div>\n<\/div>[vc_empty_space]<div class=\"mkdf-image-gallery mkdf-ig-carousel-type \">\n\t<div class=\"mkdf-ig-slider mkdf-owl-slider\" data-number-of-items=\"1\" data-enable-loop=\"yes\" data-enable-autoplay=\"yes\" data-slider-speed=\"5000\" data-slider-speed-animation=\"600\" data-enable-navigation=\"yes\" data-enable-pagination=\"yes\">\n\t\t\t\t\t<div class=\"mkdf-ig-image\">\n\t\t\t\t\t\t\t\t\t<img loading=\"lazy\" decoding=\"async\" width=\"830\" height=\"397\" src=\"https:\/\/altos-klinika.cz\/wp-content\/uploads\/2021\/09\/Omlazeni-frakcniim-laserem-CO2_2.jpg\" class=\"attachment-full size-full\" alt=\"\" srcset=\"https:\/\/altos-klinika.cz\/wp-content\/uploads\/2021\/09\/Omlazeni-frakcniim-laserem-CO2_2.jpg 830w, https:\/\/altos-klinika.cz\/wp-content\/uploads\/2021\/09\/Omlazeni-frakcniim-laserem-CO2_2-300x143.jpg 300w, https:\/\/altos-klinika.cz\/wp-content\/uploads\/2021\/09\/Omlazeni-frakcniim-laserem-CO2_2-768x367.jpg 768w, https:\/\/altos-klinika.cz\/wp-content\/uploads\/2021\/09\/Omlazeni-frakcniim-laserem-CO2_2-630x300.jpg 630w, https:\/\/altos-klinika.cz\/wp-content\/uploads\/2021\/09\/Omlazeni-frakcniim-laserem-CO2_2-600x287.jpg 600w\" sizes=\"auto, (max-width: 830px) 100vw, 830px\" \/>\t\t\t\t\t\t\t<\/div>\n\t\t\t\t\t<div class=\"mkdf-ig-image\">\n\t\t\t\t\t\t\t\t\t<img loading=\"lazy\" decoding=\"async\" width=\"830\" height=\"397\" src=\"https:\/\/altos-klinika.cz\/wp-content\/uploads\/2021\/09\/Omlazeni-frakcniim-laserem-CO2_1.jpg\" class=\"attachment-full size-full\" alt=\"\" srcset=\"https:\/\/altos-klinika.cz\/wp-content\/uploads\/2021\/09\/Omlazeni-frakcniim-laserem-CO2_1.jpg 830w, https:\/\/altos-klinika.cz\/wp-content\/uploads\/2021\/09\/Omlazeni-frakcniim-laserem-CO2_1-300x143.jpg 300w, https:\/\/altos-klinika.cz\/wp-content\/uploads\/2021\/09\/Omlazeni-frakcniim-laserem-CO2_1-768x367.jpg 768w, https:\/\/altos-klinika.cz\/wp-content\/uploads\/2021\/09\/Omlazeni-frakcniim-laserem-CO2_1-630x300.jpg 630w, https:\/\/altos-klinika.cz\/wp-content\/uploads\/2021\/09\/Omlazeni-frakcniim-laserem-CO2_1-600x287.jpg 600w\" sizes=\"auto, (max-width: 830px) 100vw, 830px\" \/>\t\t\t\t\t\t\t<\/div>\n\t\t\t<\/div>\n<\/div>\t\t<\/div>\n\t<\/div>\n<\/div><\/div>[\/vc_column][\/vc_row][vc_row content_placement=&#8220;middle&#8220; css=&#8220;.vc_custom_1632529364693{background-color: #fafafa !important;}&#8220;][vc_column]<div class=\"mkdf-elements-holder mkdf-one-column mkdf-responsive-mode-768\" style=\"background-color:#fafafa;\"><div class=\"mkdf-eh-item mkdf-horizontal-alignment-center\"  data-item-class=\"mkdf-eh-custom-574602\">\n\t<div class=\"mkdf-eh-item-inner\">\n\t\t<div class=\"mkdf-eh-item-content mkdf-eh-custom-574602\" style=\"padding: 20px 0 0 0\">\n\t\t\t<div class=\"mkdf-section-title-holder mkdf-st-standard mkdf-st-title-left mkdf-st-normal-space \" style=\"text-align: center\">\n\t<div class=\"mkdf-st-inner\">\n\t\t\t\t\t<h2 class=\"mkdf-st-title\" >\n\t\t\t\tPreisliste\t\t\t<\/h2>\n\t\t\t\t\t<\/div>\n<\/div>\t\t<\/div>\n\t<\/div>\n<\/div><\/div><div class=\"mkdf-elements-holder mkdf-one-column mkdf-responsive-mode-768 mkdf-one-column-alignment-center\" style=\"background-color:#fafafa;\"><div class=\"mkdf-eh-item mkdf-horizontal-alignment-center\"  data-item-class=\"mkdf-eh-custom-684877\" data-1280-1600=\"40px 100px 20px 100px\" data-1024-1280=\"40px 50px 20px 50px\" data-768-1024=\"40px 50px 20px 50px\" data-600-768=\"20px 30px 20px 30px\" data-480-600=\"20px 30px 20px 30px\" data-480=\"20px 30px 20px 30px\">\n\t<div class=\"mkdf-eh-item-inner\">\n\t\t<div class=\"mkdf-eh-item-content mkdf-eh-custom-684877\" style=\"padding: 40px 200px 20px 200px\">\n\t\t\t<div class=\"mkdf-pricing-tables clearfix  mkdf-two-columns mkdf-pt-normal-space\"><div class=\"mkdf-pt-wrapper\"><div class=\"mkdf-price-table\">\n\t<div class=\"mkdf-pt-inner\" style=\"background-color: #ffffff\">\n\t\t\t\t<ul>\n\t\t\t<li class=\"mkdf-pt-title-holder\">\n\t\t\t\t<span class=\"mkdf-pt-title\" style=\"border-color: #13bfb1\">1 Bereich<\/span>\n\t\t\t<\/li>\n\t\t\t<li class=\"mkdf-pt-prices\">\n\t\t\t\t<sup class=\"mkdf-pt-value\" >K\u010d<\/sup>\n\t\t\t\t<span class=\"mkdf-pt-price\" >9 900<\/span>\n\t\t\t\t<h6 class=\"mkdf-pt-mark\" >1 Bereich<\/h6>\n\t\t\t<\/li>\n\t\t\t<li class=\"mkdf-pt-content\">\n\t\t\t\t1 Bereich\t\t\t<\/li>\n\t\t\t\t\t\t\t<li class=\"mkdf-pt-button\">\n\t\t\t\t\t<a itemprop=\"url\" href=\"https:\/\/altos-klinika.cz\/en\/book-an-appointment\/?balname=Rejuvenation%20with%20Nd%3AYAG%20laser%20face%20or%20d%C3%A9collet%C3%A9\" target=\"_self\"  class=\"mkdf-btn mkdf-btn-large mkdf-btn-solid mkdf-btn-solid-dark\"  >    <span class=\"mkdf-btn-text\">Vereinbare einen Termin<\/span>    <span class=\"mkdf-btn-icon-holder\">        <span class=\"mkdf-btn-icon-normal\" ><\/span>        <span class=\"mkdf-btn-icon-flip\" ><\/span>    <\/span><\/a>\t\t\t\t<\/li>\t\t\t\t\n\t\t\t\t\t<\/ul>\n\t<\/div>\n<\/div><div class=\"mkdf-price-table\">\n\t<div class=\"mkdf-pt-inner\" style=\"background-color: #ffffff\">\n\t\t\t\t<ul>\n\t\t\t<li class=\"mkdf-pt-title-holder\">\n\t\t\t\t<span class=\"mkdf-pt-title\" style=\"border-color: #13bfb1\">Kleiner Bereich<\/span>\n\t\t\t<\/li>\n\t\t\t<li class=\"mkdf-pt-prices\">\n\t\t\t\t<sup class=\"mkdf-pt-value\" >K\u010d<\/sup>\n\t\t\t\t<span class=\"mkdf-pt-price\" >9 900<\/span>\n\t\t\t\t<h6 class=\"mkdf-pt-mark\" >1 Sitzung<\/h6>\n\t\t\t<\/li>\n\t\t\t<li class=\"mkdf-pt-content\">\n\t\t\t\tNackenbereich plus Doppelkinnbereich\t\t\t<\/li>\n\t\t\t\t\t\t\t<li class=\"mkdf-pt-button\">\n\t\t\t\t\t<a itemprop=\"url\" href=\"https:\/\/altos-klinika.cz\/en\/book-an-appointment\/?balname=Rejuvenation%20with%20Nd%3AYAG%20laser%20neck%20area%20plus%20double%20chin%20area\" target=\"_self\"  class=\"mkdf-btn mkdf-btn-large mkdf-btn-solid mkdf-btn-solid-dark\"  >    <span class=\"mkdf-btn-text\">Vereinbare einen Termin<\/span>    <span class=\"mkdf-btn-icon-holder\">        <span class=\"mkdf-btn-icon-normal\" ><\/span>        <span class=\"mkdf-btn-icon-flip\" ><\/span>    <\/span><\/a>\t\t\t\t<\/li>\t\t\t\t\n\t\t\t\t\t<\/ul>\n\t<\/div>\n<\/div><\/div><\/div>\t\t<\/div>\n\t<\/div>\n<\/div><\/div>[\/vc_column][\/vc_row][vc_row row_content_width=&#8220;grid&#8220; css=&#8220;.vc_custom_1632238008506{padding-top: 70px !important;}&#8220;][vc_column offset=&#8220;vc_col-lg-12&#8243; css=&#8220;.vc_custom_1632140768248{margin-top: -8px !important;}&#8220;]<div class=\"mkdf-section-title-holder mkdf-st-standard mkdf-st-title-left mkdf-st-normal-space \" style=\"text-align: center\">\n\t<div class=\"mkdf-st-inner\">\n\t\t\t\t\t<h2 class=\"mkdf-st-title\" >\n\t\t\t\tAlle Bereiche\t\t\t<\/h2>\n\t\t\t\t\t\t\t<h4 class=\"mkdf-st-text\" >\n\t\t\t\tVaskul\u00e4re Laserverj\u00fcngung ND: Yag\t\t\t<\/h4>\n\t\t\t<\/div>\n<\/div><div class=\"mkdf-elements-holder mkdf-one-column mkdf-responsive-mode-768\" ><div class=\"mkdf-eh-item mkdf-horizontal-alignment-center\"  data-item-class=\"mkdf-eh-custom-908571\" data-1280-1600=\"0px 20% 0px 20%\" data-1024-1280=\"0px 20% 0px 20%\" data-768-1024=\"0px 10% 0px 10%\" data-600-768=\"0 0 0 0\" data-480-600=\"0 0 0 0\" data-480=\"0 0 0 0\">\n\t<div class=\"mkdf-eh-item-inner\">\n\t\t<div class=\"mkdf-eh-item-content mkdf-eh-custom-908571\" style=\"padding: 0px 20% 0px 20%\">\n\t\t\t[vc_empty_space height=&#8220;25px&#8220;][vc_column_text]<\/p>\n<div id=\"all-events\" class=\"ui-tabs-panel ui-corner-bottom ui-widget-content\" role=\"tabpanel\" aria-labelledby=\"ui-id-1\" aria-hidden=\"false\">\n<table class=\"tt_timetable\">\n<thead>\n<tr class=\"row_gray\">\n<th>Bereich<\/th>\n<th>1 Sitzung<\/th>\n<th>Paket von 3 Sitzungen<\/th>\n<\/tr>\n<\/thead>\n<tbody>\n<tr class=\"row_1\">\n<td style=\"vertical-align: middle; padding: 10px 0px; width: 50%;\">face or d\u00e9collet\u00e9<\/td>\n<td style=\"color: #37c7be!important; vertical-align: middle;\">9 900 K\u010d<\/td>\n<td style=\"color: #37c7be!important; vertical-align: middle;\">19 900 K\u010d<\/td>\n<\/tr>\n<tr class=\"row_gray\">\n<td style=\"vertical-align: middle; padding: 10px 0px; width: 50%;\">face and neck area<\/td>\n<td style=\"color: #37c7be!important; vertical-align: middle;\">9 900 K\u010d<\/td>\n<td style=\"color: #37c7be!important; vertical-align: middle;\">14 900 K\u010d<\/td>\n<\/tr>\n<tr class=\"row\">\n<td style=\"vertical-align: middle; padding: 10px 0px; width: 50%;\">face and d\u00e9collet\u00e9<\/td>\n<td style=\"color: #37c7be!important; vertical-align: middle;\">14 900 K\u010d<\/td>\n<td style=\"color: #37c7be!important; vertical-align: middle;\">19 900 K\u010d<\/td>\n<\/tr>\n<tr class=\"row_gray\">\n<td style=\"vertical-align: middle; padding: 10px 0px; width: 50%;\">face + neck area + d\u00e9collet\u00e9<\/td>\n<td style=\"color: #37c7be!important; vertical-align: middle;\">9 900 K\u010d<\/td>\n<td style=\"color: #37c7be!important; vertical-align: middle;\">27 900 K\u010d<\/td>\n<\/tr>\n<tr class=\"row\">\n<td style=\"vertical-align: middle; padding: 10px 0px; width: 50%;\">neck area plus double chin area<\/td>\n<td style=\"color: #37c7be!important; vertical-align: middle;\">9 900 K\u010d<\/td>\n<td style=\"color: #37c7be!important; vertical-align: middle;\">&#8211;<\/td>\n<\/tr>\n<\/tbody>\n<\/table>\n<div class=\"tt_timetable small\">\n<h5 class=\"box_header \">1 session<\/h5>\n<ul class=\"tt_items_list thin page_margin_top timetable_clearfix\">\n<li class=\"timetable_clearfix\">\n<div class=\"event_container\">face or d\u00e9collet\u00e9<\/div>\n<div class=\"value\"><span class=\"start-hour\">3 450 K\u010d<\/span><\/div>\n<\/li>\n<li class=\"timetable_clearfix\">\n<div class=\"event_container\">face and neck area<\/div>\n<div class=\"value\"><span class=\"start-hour\">4 790 K\u010d<\/span><\/div>\n<\/li>\n<li class=\"timetable_clearfix\">\n<div class=\"event_container\">face and d\u00e9collet\u00e9<\/div>\n<div class=\"value\"><span class=\"start-hour\">6 190 K\u010d<\/span><\/div>\n<\/li>\n<li class=\"timetable_clearfix\">\n<div class=\"event_container\">face + neck area + d\u00e9collet\u00e9<\/div>\n<div class=\"value\"><span class=\"start-hour\">7 590 K\u010d<\/span><\/div>\n<\/li>\n<li class=\"timetable_clearfix\">\n<div class=\"event_container\">neck area plus double chin area<\/div>\n<div class=\"value\"><span class=\"start-hour\">2 500 K\u010d<\/span><\/div>\n<\/li>\n<\/ul>\n<\/div>\n<div style=\"margin-top: 20px;\"><\/div>\n<div class=\"tt_timetable small\">\n<h5 class=\"box_header \">Package of 3 sessions<\/h5>\n<ul class=\"tt_items_list thin page_margin_top timetable_clearfix\">\n<li class=\"timetable_clearfix\">\n<div class=\"event_container\">face or d\u00e9collet\u00e9<\/div>\n<div class=\"value\"><span class=\"start-hour\">9 290 K\u010d<\/span><\/div>\n<\/li>\n<li class=\"timetable_clearfix\">\n<div class=\"event_container\">face and neck area<\/div>\n<div class=\"value\"><span class=\"start-hour\">12 100 K\u010d<\/span><\/div>\n<\/li>\n<li class=\"timetable_clearfix\">\n<div class=\"event_container\">face and d\u00e9collet\u00e9<\/div>\n<div class=\"value\"><span class=\"start-hour\">16 100 K\u010d<\/span><\/div>\n<\/li>\n<li class=\"timetable_clearfix\">\n<div class=\"event_container\">face + neck area + d\u00e9collet\u00e9<\/div>\n<div class=\"value\"><span class=\"start-hour\">20 400 K\u010d<\/span><\/div>\n<\/li>\n<\/ul>\n<\/div>\n<\/div>\n<p>[\/vc_column_text][vc_empty_space height=&#8220;37px&#8220;]\t\t<\/div>\n\t<\/div>\n<\/div><\/div>[\/vc_column][\/vc_row][vc_row row_content_width=&#8220;grid&#8220; css=&#8220;.vc_custom_1632239210797{padding-top: 70px !important;}&#8220;][vc_column offset=&#8220;vc_col-lg-12&#8243; css=&#8220;.vc_custom_1632140768248{margin-top: -8px !important;}&#8220;]<div class=\"mkdf-section-title-holder mkdf-st-standard mkdf-st-title-left mkdf-st-normal-space \" style=\"text-align: center\">\n\t<div class=\"mkdf-st-inner\">\n\t\t\t\t\t<h2 class=\"mkdf-st-title\" >\n\t\t\t\tWie wird die <span class=\"mkdf-st-title-bold\">ND:Yag-Laserverj\u00fcngung<\/span> durchgef\u00fchrt?\t\t\t<\/h2>\n\t\t\t\t\t<\/div>\n<\/div>[vc_empty_space height=&#8220;9px&#8220;][vc_column_text]Die Dauer einer Sitzung betr\u00e4gt zwischen 40 Minuten und einer Stunde. In der Regel werden 5 Behandlungen im Abstand von zwei Wochen empfohlen.<\/p>\n<p>Nach der Prozedur k\u00f6nnen wir leichte Hautr\u00f6tungen, Juckreiz, Kribbeln und Trockenheit der Haut im behandelten Bereich beobachten. Dies ist eine normale Reaktion, die innerhalb weniger Tage von selbst verschwindet.<\/p>\n<p>W\u00e4hrend dieser Aktion wird die Haut von innen nach und nach gestrafft, die Zellen erhalten einen starken Impuls zur Verj\u00fcngung und Erneuerung der Haut.[\/vc_column_text][\/vc_column][\/vc_row][vc_row css=&#8220;.vc_custom_1632322238998{padding-top: 50px !important;}&#8220;][vc_column css=&#8220;.vc_custom_1492767171698{padding-top: 0px !important;}&#8220;]<div class=\"mkdf-elements-holder mkdf-two-columns mkdf-responsive-mode-768\" ><div class=\"mkdf-eh-item \" style=\"background-image: url(https:\/\/altos-klinika.cz\/wp-content\/uploads\/2021\/09\/doctor-man-consulting-patient-while-filling-up-application-form-desk-hospital-scaled.jpg)\" data-item-class=\"mkdf-eh-custom-521219\" data-600-768=\"260px 0\" data-480-600=\"200px 0\" data-480=\"200px 0\">\n\t<div class=\"mkdf-eh-item-inner\">\n\t\t<div class=\"mkdf-eh-item-content mkdf-eh-custom-521219\" >\n\t\t\t\t\t<\/div>\n\t<\/div>\n<\/div><div class=\"mkdf-eh-item \"  data-item-class=\"mkdf-eh-custom-241064\" data-1280-1600=\"110px 15% 120px 15%\" data-1024-1280=\"100px 13% 105px 14%\" data-768-1024=\"75px 11% 90px 10%\" data-600-768=\"75px 11% 90px 10%\" data-480-600=\"60px 10% 85px 10%\" data-480=\"60px 10% 85px 10%\">\n\t<div class=\"mkdf-eh-item-inner\">\n\t\t<div class=\"mkdf-eh-item-content mkdf-eh-custom-241064\" style=\"padding: 100px 19% 100px 16%\">\n\t\t\t<div class=\"mkdf-section-title-holder mkdf-st-standard mkdf-st-title-left mkdf-st-normal-space \" >\n\t<div class=\"mkdf-st-inner\">\n\t\t\t\t\t<h2 class=\"mkdf-st-title\" >\n\t\t\t\tKontraindikation\t\t\t<\/h2>\n\t\t\t\t\t<\/div>\n<\/div>[vc_empty_space height=&#8220;25px&#8220;][vc_column_text]<\/p>\n<ul>\n<li>chronische somatische Erkrankungen<\/li>\n<li>ansteckende und entz\u00fcndliche Erkrankungen<\/li>\n<li>onkologische Erkrankungen<\/li>\n<li>Schwangerschaft<\/li>\n<\/ul>\n<p>[\/vc_column_text]\t\t<\/div>\n\t<\/div>\n<\/div><\/div><div class=\"mkdf-elements-holder mkdf-two-columns mkdf-responsive-mode-768\" ><div class=\"mkdf-eh-item \"  data-item-class=\"mkdf-eh-custom-219661\" data-1280-1600=\"80px 8% 80px 7%\" data-1024-1280=\"80px 8% 80px 7%\" data-768-1024=\"80px 8% 80px 7%\" data-600-768=\"0px 5% 20px 5%\" data-480-600=\"0px 10% 85px 10%\" data-480=\"0px 10% 85px 10%\">\n\t<div class=\"mkdf-eh-item-inner\">\n\t\t<div class=\"mkdf-eh-item-content mkdf-eh-custom-219661\" style=\"padding: 80px 8% 80px 7%\">\n\t\t\t<div class=\"mkdf-section-title-holder mkdf-st-standard mkdf-st-title-left mkdf-st-normal-space \" >\n\t<div class=\"mkdf-st-inner\">\n\t\t\t\t\t<h2 class=\"mkdf-st-title\" >\n\t\t\t\tLaser verwendet\t\t\t<\/h2>\n\t\t\t\t\t<\/div>\n<\/div>[vc_empty_space height=&#8220;25px&#8220;][vc_column_text]In unserer Klinik wird die Prozedur mit einem Synchro Repla:Y Laser des italienischen Herstellers DEKA durchgef\u00fchrt.<\/p>\n<p>Das System bietet den breitesten Wellenl\u00e4ngenbereich: Alexandrit, Nd: YAG und Pulslampen.<\/p>\n<p>Synchro REPLA: Y ist der schnellste und leistungsst\u00e4rkste Laser mit einem der gr\u00f6\u00dften Laserpunkte auf dem Markt.<\/p>\n<p>REPLA:Y Synchro sagt die Zukunft voraus, denn erstmals ist ein Alexandrit-Laser zusammen mit einem leistungsstarken und schnellen Nd:YAG-Laser mit konkurrenzlosen Eigenschaften in einem System enthalten.<\/p>\n<p>Beide Laser verf\u00fcgen \u00fcber einen gro\u00dfen Bereich an Laserpunkten: von 2,5 bis 20 mm. Intensiv gepulstes Licht bietet 5 Filter (von 500 bis 650 nm mit einer niedrigeren Wellenl\u00e4nge), die leicht ausgetauscht werden k\u00f6nnen und eine breite Palette effizienter und sicherer Verfahren erm\u00f6glichen.<\/p>\n<p>Synchro REPLA: Y bietet 3 verschiedene Plattformen. Die Vorteile dieser Synchro REPLA:Y-Einstellungen geben \u00c4rzten die M\u00f6glichkeit, die Eigenschaften der Alexandrit- und Nd:YAG-Laser zusammen mit einer flexiblen und optionalen Pulslampe, der DEKA FT-Quelle, individuell anzupassen.<\/p>\n<p>DEKA verf\u00fcgt \u00fcber eine \u00e4u\u00dferst effiziente Hautk\u00fchlungstechnologie, die in allen seinen Aufs\u00e4tzen enthalten ist.<\/p>\n<p>Das innovative SmartCooler Skin Contact Cooling System verk\u00fcrzt die Genesungszeit, minimiert die Invasivit\u00e4t der Behandlung und macht die Behandlung praktisch schmerzfrei, was sowohl dem Patienten als<\/p>\n<p>auch dem Arzt maximalen Patientenkomfort und Sicherheit bietet.<\/p>\n<p>Es ist ein \u00e4u\u00dferst flexibler Arbeitsassistent f\u00fcr dermatologische und kosmetische Bed\u00fcrfnisse, einschlie\u00dflich Gef\u00e4\u00dfbehandlung, Epilation, nicht-ablative Hautverj\u00fcngung und Entfernung pigmentierter L\u00e4sionen mit konstant hervorragenden Ergebnissen.[\/vc_column_text]\t\t<\/div>\n\t<\/div>\n<\/div><div class=\"mkdf-eh-item \" style=\"background-image: url(https:\/\/altos-klinika.cz\/wp-content\/uploads\/2021\/09\/MG_0035_low.jpg)\" data-item-class=\"mkdf-eh-custom-870182\" data-600-768=\"260px 0\" data-480-600=\"200px 0\" data-480=\"200px 0\">\n\t<div class=\"mkdf-eh-item-inner\">\n\t\t<div class=\"mkdf-eh-item-content mkdf-eh-custom-870182\" >\n\t\t\t\t\t<\/div>\n\t<\/div>\n<\/div><\/div>[\/vc_column][\/vc_row]<\/p>\n","protected":false},"excerpt":{"rendered":"<p>[vc_row][vc_column][\/vc_column][\/vc_row][vc_row row_content_width=&#8220;grid&#8220; css=&#8220;.vc_custom_1632239210797{padding-top: 70px !important;}&#8220;][vc_column offset=&#8220;vc_col-lg-12&#8243; css=&#8220;.vc_custom_1632140768248{margin-top: -8px !important;}&#8220;][vc_empty_space height=&#8220;9px&#8220;][vc_column_text] ND: Yag Laser Vascular Rejuvenation ist eine einzigartige Prozedur, mit dem Sie neben der Hautverj\u00fcngung auch Mitesser und Aknenarben entfernen sowie die Hautoberfl\u00e4che gl\u00e4tten k\u00f6nnen. [\/vc_column_text][vc_column_text]Das Ergebnis der Prozedur und [&hellip;]<\/p>\n","protected":false},"author":1,"featured_media":0,"parent":0,"menu_order":0,"comment_status":"closed","ping_status":"closed","template":"full-width.php","meta":{"footnotes":""},"class_list":["post-18054","page","type-page","status-publish","hentry"],"acf":[],"_links":{"self":[{"href":"https:\/\/altos-klinika.cz\/de\/wp-json\/wp\/v2\/pages\/18054","targetHints":{"allow":["GET"]}}],"collection":[{"href":"https:\/\/altos-klinika.cz\/de\/wp-json\/wp\/v2\/pages"}],"about":[{"href":"https:\/\/altos-klinika.cz\/de\/wp-json\/wp\/v2\/types\/page"}],"author":[{"embeddable":true,"href":"https:\/\/altos-klinika.cz\/de\/wp-json\/wp\/v2\/users\/1"}],"replies":[{"embeddable":true,"href":"https:\/\/altos-klinika.cz\/de\/wp-json\/wp\/v2\/comments?post=18054"}],"version-history":[{"count":8,"href":"https:\/\/altos-klinika.cz\/de\/wp-json\/wp\/v2\/pages\/18054\/revisions"}],"predecessor-version":[{"id":22561,"href":"https:\/\/altos-klinika.cz\/de\/wp-json\/wp\/v2\/pages\/18054\/revisions\/22561"}],"wp:attachment":[{"href":"https:\/\/altos-klinika.cz\/de\/wp-json\/wp\/v2\/media?parent=18054"}],"curies":[{"name":"wp","href":"https:\/\/api.w.org\/{rel}","templated":true}]}}