{"id":18066,"date":"2021-09-28T10:41:57","date_gmt":"2021-09-28T10:41:57","guid":{"rendered":"https:\/\/altos-klinika.cz\/biorevitalization\/"},"modified":"2025-02-23T09:30:50","modified_gmt":"2025-02-23T09:30:50","slug":"biorevitalization","status":"publish","type":"page","link":"https:\/\/altos-klinika.cz\/de\/biorevitalization\/","title":{"rendered":"Biorevitalization"},"content":{"rendered":"<p>[vc_row row_content_width=&#8220;grid&#8220; css=&#8220;.vc_custom_1632239210797{padding-top: 70px !important;}&#8220;][vc_column offset=&#8220;vc_col-lg-12&#8243; css=&#8220;.vc_custom_1632140768248{margin-top: -8px !important;}&#8220;]<div class=\"mkdf-section-title-holder mkdf-st-standard mkdf-st-title-left mkdf-st-normal-space \" style=\"text-align: center\">\n\t<div class=\"mkdf-st-inner\">\n\t\t\t\t\t<h1 class=\"mkdf-st-title\" >\n\t\t\t\tBiorevitalisierung\t\t\t<\/h1>\n\t\t\t\t\t<\/div>\n<\/div>[vc_column_text]<\/p>\n<h4 style=\"text-align: center; font-family: 'Poppins';\">Ein wirksames Mittel, um die ersten Anzeichen der Hautalterung zu bek\u00e4mpfen.<\/h4>\n<p>[\/vc_column_text][vc_empty_space height=&#8220;9px&#8220;][vc_column_text]Es ist ein wirksames Mittel, um die ersten Anzeichen der Hautalterung zu bek\u00e4mpfen. Es hilft auch, andere Probleme zu l\u00f6sen, zum Beispiel wenn die Haut zu trocken ist, das Gesicht ein mattes Grau hat oder Altersflecken. Biorevitalization is not age- restricted, as with other rejuvenation procedures.<\/p>\n<p>Welche Ergebnisse k\u00f6nnen Sie nach der Biorevitalisierung erwarten?<\/p>\n<ul>\n<li>Unterst\u00fctzung der Produktion von Kollagen- und Elastinproteinen<\/li>\n<li>verbessert die Struktur und den Tonus der Haut und bek\u00e4mpft so Pigmentflecken<\/li>\n<li>stellt Vitalit\u00e4t und Feuchtigkeit wieder her<\/li>\n<li>Verengung der Poren<\/li>\n<li>tiefe Feuchtigkeit<\/li>\n<li>langfristige Verbesserung der Hautelastizit\u00e4t<\/li>\n<li>Gl\u00e4ttung von Falten, Straffung der Gesichtskontur und Wiederherstellung der Elastizit\u00e4t der Haut<\/li>\n<\/ul>\n<p>Die Behandlung kann zu jeder Jahreszeit abgeschlossen werden. Und in Kombination mit einer Plasmabehandlung erzielen Sie noch bessere Ergebnisse, die bis zu 1 Jahr anhalten.<\/p>\n<p>F\u00fcr bessere Ergebnisse empfehlen wir, den Vorgang dreimal zu wiederholen.[\/vc_column_text][vc_empty_space height=&#8220;30px&#8220;][\/vc_column][\/vc_row][vc_row full_width=&#8220;stretch_row&#8220; css=&#8220;.vc_custom_1638118773359{background-color: rgba(78,109,204,0.07) !important;*background-color: rgb(78,109,204) !important;}&#8220; simple_background_color=&#8220;rgba(78,109,204,0.07)&#8220;][vc_column][vc_row_inner row_content_width=&#8220;grid&#8220;][vc_column_inner][vc_column_text]\n<div class=\"wpcf7 no-js\" id=\"wpcf7-f17975-o1\" lang=\"en-US\" dir=\"ltr\" data-wpcf7-id=\"17975\">\n<div class=\"screen-reader-response\"><p role=\"status\" aria-live=\"polite\" aria-atomic=\"true\"><\/p> <ul><\/ul><\/div>\n<form action=\"\/de\/wp-json\/wp\/v2\/pages\/18066#wpcf7-f17975-o1\" method=\"post\" class=\"wpcf7-form init inline-form\" aria-label=\"Contact form\" novalidate=\"novalidate\" data-status=\"init\">\n<div style=\"display: none;\">\n<input type=\"hidden\" name=\"_wpcf7\" value=\"17975\" \/>\n<input type=\"hidden\" name=\"_wpcf7_version\" value=\"6.0.4\" \/>\n<input type=\"hidden\" name=\"_wpcf7_locale\" value=\"en_US\" \/>\n<input type=\"hidden\" name=\"_wpcf7_unit_tag\" value=\"wpcf7-f17975-o1\" \/>\n<input type=\"hidden\" name=\"_wpcf7_container_post\" value=\"0\" \/>\n<input type=\"hidden\" name=\"_wpcf7_posted_data_hash\" value=\"\" \/>\n<input type=\"hidden\" name=\"_wpcf7_recaptcha_response\" value=\"\" \/>\n<\/div>\n<h2>Vereinbare einen Termin\n<\/h2>\n<div class=\"jq-row jq-inline-form\">\n\t<div class=\"fields-col jq-row\">\n\t\t<div class=\"jq-col-33\">\n\t\t\t<p><span class=\"wpcf7-form-control-wrap\" data-name=\"your-name\"><input size=\"40\" maxlength=\"400\" class=\"wpcf7-form-control wpcf7-text wpcf7-validates-as-required\" aria-required=\"true\" aria-invalid=\"false\" placeholder=\"Ihren Namen\" value=\"\" type=\"text\" name=\"your-name\" \/><\/span>\n\t\t\t<\/p>\n\t\t<\/div>\n\t\t<div class=\"jq-col-33\">\n\t\t\t<p><span class=\"wpcf7-form-control-wrap\" data-name=\"your-email\"><input size=\"40\" maxlength=\"400\" class=\"wpcf7-form-control wpcf7-email wpcf7-validates-as-required wpcf7-text wpcf7-validates-as-email\" aria-required=\"true\" aria-invalid=\"false\" placeholder=\"Email\" value=\"\" type=\"email\" name=\"your-email\" \/><\/span>\n\t\t\t<\/p>\n\t\t<\/div>\n\t\t<div class=\"jq-col-33\">\n\t\t\t<p><span class=\"wpcf7-form-control-wrap\" data-name=\"your-tel\"><input size=\"40\" maxlength=\"400\" class=\"wpcf7-form-control wpcf7-tel wpcf7-text wpcf7-validates-as-tel\" aria-invalid=\"false\" placeholder=\"+420 *** *** ***\" value=\"\" type=\"tel\" name=\"your-tel\" \/><\/span>\n\t\t\t<\/p>\n\t\t<\/div>\n\t\t<div class=\"jq-col-100\">\n\t\t\t<p><span class=\"wpcf7-form-control-wrap\" data-name=\"acceptance\"><span class=\"wpcf7-form-control wpcf7-acceptance\"><span class=\"wpcf7-list-item\"><label><input type=\"checkbox\" name=\"acceptance\" value=\"1\" aria-invalid=\"false\" \/><span class=\"wpcf7-list-item-label\">Ich stimme der <a href=\"https:\/\/altos-klinika.cz\/en\/terms-of-use\/\" target=\"_blank\">Verarbeitung meiner personenbezogenen Daten zu<\/a>.<\/span><\/label><\/span><\/span><\/span>\n\t\t\t<\/p>\n\t\t<\/div>\n\t<\/div>\n\t<div class=\"button-col\">\n\t\t<p><input class=\"wpcf7-form-control wpcf7-submit has-spinner\" type=\"submit\" value=\"Senden\" \/><input type=\"hidden\" class=\"wpcf7-form-control wpcf7-hidden\" name=\"your-subject\" placeholder=\"\" value=\"DE \u0417\u0430\u043f\u0438\u0441\u044c \u043d\u0430 \u043f\u0440\u043e\u0446\u0435\u0434\u0443\u0440\u0443\" \/><input type=\"hidden\" class=\"wpcf7-form-control wpcf7-hidden\" name=\"hidden-956\" placeholder=\"\" value=\"Biorevitalization\" \/>\n\t\t<\/p>\n\t<\/div>\n<\/div><input type='hidden' class='wpcf7-pum' value='{\"closepopup\":false,\"closedelay\":0,\"openpopup\":false,\"openpopup_id\":0}' \/><div class=\"wpcf7-response-output\" aria-hidden=\"true\"><\/div>\n<\/form>\n<\/div>\n[\/vc_column_text][\/vc_column_inner][\/vc_row_inner][\/vc_column][\/vc_row][vc_row row_content_width=&#8220;grid&#8220; css=&#8220;.vc_custom_1635014529169{padding-top: 50px !important;}&#8220;][vc_column]<div class=\"mkdf-elements-holder mkdf-one-column mkdf-responsive-mode-768\" ><div class=\"mkdf-eh-item mkdf-horizontal-alignment-center\"  data-item-class=\"mkdf-eh-custom-881648\" data-1280-1600=\"70px 230px 50px 230px\" data-1024-1280=\"70px 130px 50px 130px\" data-768-1024=\"70px 50px 50px 50px\" data-600-768=\"70px 0px 50px 0px\" data-480-600=\"70px 0px 50px 0px\" data-480=\"70px 0px 50px 0px\">\n\t<div class=\"mkdf-eh-item-inner\">\n\t\t<div class=\"mkdf-eh-item-content mkdf-eh-custom-881648\" >\n\t\t\t<div class=\"mkdf-section-title-holder mkdf-st-standard mkdf-st-title-left mkdf-st-normal-space \" >\n\t<div class=\"mkdf-st-inner\">\n\t\t\t\t\t<h2 class=\"mkdf-st-title\" >\n\t\t\t\tFoto vorher und nachher\t\t\t<\/h2>\n\t\t\t\t\t<\/div>\n<\/div>[vc_empty_space]<div class=\"mkdf-image-gallery mkdf-ig-carousel-type \">\n\t<div class=\"mkdf-ig-slider mkdf-owl-slider\" data-number-of-items=\"1\" data-enable-loop=\"yes\" data-enable-autoplay=\"yes\" data-slider-speed=\"5000\" data-slider-speed-animation=\"600\" data-enable-navigation=\"yes\" data-enable-pagination=\"yes\">\n\t\t\t\t\t<div class=\"mkdf-ig-image\">\n\t\t\t\t\t\t\t\t\t<img loading=\"lazy\" decoding=\"async\" width=\"830\" height=\"397\" src=\"https:\/\/altos-klinika.cz\/wp-content\/uploads\/2021\/09\/biorevitalizaciya1.jpg\" class=\"attachment-full size-full\" alt=\"\" srcset=\"https:\/\/altos-klinika.cz\/wp-content\/uploads\/2021\/09\/biorevitalizaciya1.jpg 830w, https:\/\/altos-klinika.cz\/wp-content\/uploads\/2021\/09\/biorevitalizaciya1-300x143.jpg 300w, https:\/\/altos-klinika.cz\/wp-content\/uploads\/2021\/09\/biorevitalizaciya1-768x367.jpg 768w, https:\/\/altos-klinika.cz\/wp-content\/uploads\/2021\/09\/biorevitalizaciya1-630x300.jpg 630w, https:\/\/altos-klinika.cz\/wp-content\/uploads\/2021\/09\/biorevitalizaciya1-600x287.jpg 600w\" sizes=\"auto, (max-width: 830px) 100vw, 830px\" \/>\t\t\t\t\t\t\t<\/div>\n\t\t\t\t\t<div class=\"mkdf-ig-image\">\n\t\t\t\t\t\t\t\t\t<img loading=\"lazy\" decoding=\"async\" width=\"830\" height=\"397\" src=\"https:\/\/altos-klinika.cz\/wp-content\/uploads\/2021\/09\/biorevitalizaciya2.jpg\" class=\"attachment-full size-full\" alt=\"\" srcset=\"https:\/\/altos-klinika.cz\/wp-content\/uploads\/2021\/09\/biorevitalizaciya2.jpg 830w, https:\/\/altos-klinika.cz\/wp-content\/uploads\/2021\/09\/biorevitalizaciya2-300x143.jpg 300w, https:\/\/altos-klinika.cz\/wp-content\/uploads\/2021\/09\/biorevitalizaciya2-768x367.jpg 768w, https:\/\/altos-klinika.cz\/wp-content\/uploads\/2021\/09\/biorevitalizaciya2-630x300.jpg 630w, https:\/\/altos-klinika.cz\/wp-content\/uploads\/2021\/09\/biorevitalizaciya2-600x287.jpg 600w\" sizes=\"auto, (max-width: 830px) 100vw, 830px\" \/>\t\t\t\t\t\t\t<\/div>\n\t\t\t\t\t<div class=\"mkdf-ig-image\">\n\t\t\t\t\t\t\t\t\t<img loading=\"lazy\" decoding=\"async\" width=\"830\" height=\"397\" src=\"https:\/\/altos-klinika.cz\/wp-content\/uploads\/2021\/09\/biorevitalizaciya3.jpg\" class=\"attachment-full size-full\" alt=\"\" srcset=\"https:\/\/altos-klinika.cz\/wp-content\/uploads\/2021\/09\/biorevitalizaciya3.jpg 830w, https:\/\/altos-klinika.cz\/wp-content\/uploads\/2021\/09\/biorevitalizaciya3-300x143.jpg 300w, https:\/\/altos-klinika.cz\/wp-content\/uploads\/2021\/09\/biorevitalizaciya3-768x367.jpg 768w, https:\/\/altos-klinika.cz\/wp-content\/uploads\/2021\/09\/biorevitalizaciya3-630x300.jpg 630w, https:\/\/altos-klinika.cz\/wp-content\/uploads\/2021\/09\/biorevitalizaciya3-600x287.jpg 600w\" sizes=\"auto, (max-width: 830px) 100vw, 830px\" \/>\t\t\t\t\t\t\t<\/div>\n\t\t\t\t\t<div class=\"mkdf-ig-image\">\n\t\t\t\t\t\t\t\t\t<img loading=\"lazy\" decoding=\"async\" width=\"830\" height=\"397\" src=\"https:\/\/altos-klinika.cz\/wp-content\/uploads\/2021\/09\/biorevitalizaciya4.jpg\" class=\"attachment-full size-full\" alt=\"\" srcset=\"https:\/\/altos-klinika.cz\/wp-content\/uploads\/2021\/09\/biorevitalizaciya4.jpg 830w, https:\/\/altos-klinika.cz\/wp-content\/uploads\/2021\/09\/biorevitalizaciya4-300x143.jpg 300w, https:\/\/altos-klinika.cz\/wp-content\/uploads\/2021\/09\/biorevitalizaciya4-768x367.jpg 768w, https:\/\/altos-klinika.cz\/wp-content\/uploads\/2021\/09\/biorevitalizaciya4-630x300.jpg 630w, https:\/\/altos-klinika.cz\/wp-content\/uploads\/2021\/09\/biorevitalizaciya4-600x287.jpg 600w\" sizes=\"auto, (max-width: 830px) 100vw, 830px\" \/>\t\t\t\t\t\t\t<\/div>\n\t\t\t<\/div>\n<\/div>\t\t<\/div>\n\t<\/div>\n<\/div><\/div>[\/vc_column][\/vc_row][vc_row content_placement=&#8220;middle&#8220; css=&#8220;.vc_custom_1632529364693{background-color: #fafafa !important;}&#8220;][vc_column]<div class=\"mkdf-elements-holder mkdf-one-column mkdf-responsive-mode-768\" style=\"background-color:#fafafa;\"><div class=\"mkdf-eh-item mkdf-horizontal-alignment-center\"  data-item-class=\"mkdf-eh-custom-371918\">\n\t<div class=\"mkdf-eh-item-inner\">\n\t\t<div class=\"mkdf-eh-item-content mkdf-eh-custom-371918\" style=\"padding: 20px 0 0 0\">\n\t\t\t<div class=\"mkdf-section-title-holder mkdf-st-standard mkdf-st-title-left mkdf-st-normal-space \" style=\"text-align: center\">\n\t<div class=\"mkdf-st-inner\">\n\t\t\t\t\t<h2 class=\"mkdf-st-title\" >\n\t\t\t\tPreisliste\t\t\t<\/h2>\n\t\t\t\t\t<\/div>\n<\/div>\t\t<\/div>\n\t<\/div>\n<\/div><\/div><div class=\"mkdf-elements-holder mkdf-one-column mkdf-responsive-mode-768 mkdf-one-column-alignment-center\" style=\"background-color:#fafafa;\"><div class=\"mkdf-eh-item mkdf-horizontal-alignment-center\"  data-item-class=\"mkdf-eh-custom-434655\" data-1280-1600=\"40px 200px 20px 200px\" data-1024-1280=\"40px 200px 20px 200px\" data-768-1024=\"40px 100px 20px 100px\" data-600-768=\"20px 30px 20px 30px\" data-480-600=\"20px 30px 20px 30px\" data-480=\"20px 30px 20px 30px\">\n\t<div class=\"mkdf-eh-item-inner\">\n\t\t<div class=\"mkdf-eh-item-content mkdf-eh-custom-434655\" style=\"padding: 40px 200px 20px 200px\">\n\t\t\t<div class=\"mkdf-pricing-tables clearfix  mkdf-two-columns mkdf-pt-normal-space\"><div class=\"mkdf-pt-wrapper\"><div class=\"mkdf-price-table\">\n\t<div class=\"mkdf-pt-inner\" style=\"background-color: #ffffff\">\n\t\t\t\t<ul>\n\t\t\t<li class=\"mkdf-pt-title-holder\">\n\t\t\t\t<span class=\"mkdf-pt-title\" style=\"border-color: #13bfb1\">Beratungsgespr\u00e4ch<\/span>\n\t\t\t<\/li>\n\t\t\t<li class=\"mkdf-pt-prices\">\n\t\t\t\t<sup class=\"mkdf-pt-value\" >K\u010d<\/sup>\n\t\t\t\t<span class=\"mkdf-pt-price\" >1 500<\/span>\n\t\t\t\t<h6 class=\"mkdf-pt-mark\" >30 Minuten<\/h6>\n\t\t\t<\/li>\n\t\t\t<li class=\"mkdf-pt-content\">\n\t\t\t\tIm Falle einer Behandlung kostenlose Beratung\t\t\t<\/li>\n\t\t\t\t\t\t\t<li class=\"mkdf-pt-button\">\n\t\t\t\t\t<a itemprop=\"url\" href=\"https:\/\/altos-klinika.cz\/en\/book-an-appointment\/?balname=Consultation%20Biorevitalization\" target=\"_self\"  class=\"mkdf-btn mkdf-btn-large mkdf-btn-solid mkdf-btn-solid-dark\"  >    <span class=\"mkdf-btn-text\">Vereinbare einen Termin<\/span>    <span class=\"mkdf-btn-icon-holder\">        <span class=\"mkdf-btn-icon-normal\" ><\/span>        <span class=\"mkdf-btn-icon-flip\" ><\/span>    <\/span><\/a>\t\t\t\t<\/li>\t\t\t\t\n\t\t\t\t\t<\/ul>\n\t<\/div>\n<\/div><div class=\"mkdf-price-table\">\n\t<div class=\"mkdf-pt-inner\" style=\"background-color: #ffffff\">\n\t\t\t\t<ul>\n\t\t\t<li class=\"mkdf-pt-title-holder\">\n\t\t\t\t<span class=\"mkdf-pt-title\" style=\"border-color: #13bfb1\">1 Behandlung<\/span>\n\t\t\t<\/li>\n\t\t\t<li class=\"mkdf-pt-prices\">\n\t\t\t\t<sup class=\"mkdf-pt-value\" >K\u010d<\/sup>\n\t\t\t\t<span class=\"mkdf-pt-price\" >ab 7 900<\/span>\n\t\t\t\t<h6 class=\"mkdf-pt-mark\" >1 Behandlung<\/h6>\n\t\t\t<\/li>\n\t\t\t<li class=\"mkdf-pt-content\">\n\t\t\t\tDer Preis richtet sich nach Anwendungsbereich und Menge des verwendeten Materials\t\t\t<\/li>\n\t\t\t\t\t\t\t<li class=\"mkdf-pt-button\">\n\t\t\t\t\t<a itemprop=\"url\" href=\"https:\/\/altos-klinika.cz\/en\/book-an-appointment\/?balname=Biorevitalization\" target=\"_self\"  class=\"mkdf-btn mkdf-btn-large mkdf-btn-solid mkdf-btn-solid-dark\"  >    <span class=\"mkdf-btn-text\">Vereinbare einen Termin<\/span>    <span class=\"mkdf-btn-icon-holder\">        <span class=\"mkdf-btn-icon-normal\" ><\/span>        <span class=\"mkdf-btn-icon-flip\" ><\/span>    <\/span><\/a>\t\t\t\t<\/li>\t\t\t\t\n\t\t\t\t\t<\/ul>\n\t<\/div>\n<\/div><\/div><\/div>\t\t<\/div>\n\t<\/div>\n<\/div><\/div>[\/vc_column][\/vc_row][vc_row row_content_width=&#8220;grid&#8220; css=&#8220;.vc_custom_1632239210797{padding-top: 70px !important;}&#8220;][vc_column offset=&#8220;vc_col-lg-12&#8243; css=&#8220;.vc_custom_1632140768248{margin-top: -8px !important;}&#8220;]<div class=\"mkdf-section-title-holder mkdf-st-standard mkdf-st-title-left mkdf-st-normal-space \" style=\"text-align: center\">\n\t<div class=\"mkdf-st-inner\">\n\t\t\t\t\t<h2 class=\"mkdf-st-title\" >\n\t\t\t\tWie funktioniert Biorevitalisierung?\t\t\t<\/h2>\n\t\t\t\t\t<\/div>\n<\/div>[vc_empty_space height=&#8220;9px&#8220;][vc_column_text]Biorevitalisierung ist ein Verfahren, bei dem Hyalurons\u00e4ure in einer speziellen Form unter die Haut gespritzt wird, die mit bestimmten zellul\u00e4ren Rezeptoren \u201ekommuniziert\u201c und so eine Reaktionskaskade ausl\u00f6sen kann, die zur Geweberegeneration f\u00fchrt.<\/p>\n<p>Zur Biorevitalisierung wird modifizierte Hyalurons\u00e4ure verwendet, die daher eine h\u00f6here Widerstandsf\u00e4higkeit besitzt und nicht so schnell resorbiert wird wie Pr\u00e4parate zur Mesotherapie. Hyalurons\u00e4ure ist ein nat\u00fcrlicher Bestandteil der menschlichen Haut. Sie zeichnet sich durch seine nat\u00fcrliche feuchtigkeitsspendende Wirkung aus, die die Haut straff und geschmeidig macht. Mit zunehmendem Alter nimmt jedoch die Menge an Hyalurons\u00e4ure ab, die Haut verliert an Feuchtigkeit, wird blass und faltig. Die Biorevitalisierung soll den Mangel an Hyalurons\u00e4ure ausgleichen.<br \/>\n[\/vc_column_text][\/vc_column][\/vc_row][vc_row row_content_width=&#8220;grid&#8220;][vc_column]<div class=\"mkdf-elements-holder mkdf-two-columns mkdf-responsive-mode-768\" ><div class=\"mkdf-eh-item mkdf-vertical-alignment-top\"  data-item-class=\"mkdf-eh-custom-252969\" data-1280-1600=\"70px 30px 50px 0\" data-1024-1280=\"70px 30px 50px 0\" data-768-1024=\"70px 30px 50px 0\" data-600-768=\"70px 0px 50px 0\" data-480-600=\"70px 0px 50px 0\" data-480=\"70px 0px 50px 0\">\n\t<div class=\"mkdf-eh-item-inner\">\n\t\t<div class=\"mkdf-eh-item-content mkdf-eh-custom-252969\" style=\"padding: 70px 30px 50px 0\">\n\t\t\t<div class=\"mkdf-section-title-holder mkdf-st-standard mkdf-st-title-left mkdf-st-normal-space \" >\n\t<div class=\"mkdf-st-inner\">\n\t\t\t\t\t<h2 class=\"mkdf-st-title\" >\n\t\t\t\tVor dem Verfahren\t\t\t<\/h2>\n\t\t\t\t\t\t\t<p class=\"mkdf-st-text\" >\n\t\t\t\tEs ist keine besondere Vorbereitung erforderlich.\t\t\t<\/p>\n\t\t\t<\/div>\n<\/div>[vc_empty_space height=&#8220;25px&#8220;]\t\t<\/div>\n\t<\/div>\n<\/div><div class=\"mkdf-eh-item mkdf-vertical-alignment-top\"  data-item-class=\"mkdf-eh-custom-117692\" data-1280-1600=\"70px 30px 50px 0\" data-1024-1280=\"70px 30px 50px 0\" data-768-1024=\"70px 30px 50px 0\" data-600-768=\"70px 0px 50px 0\" data-480-600=\"70px 0px 50px 0\" data-480=\"70px 0px 50px 0\">\n\t<div class=\"mkdf-eh-item-inner\">\n\t\t<div class=\"mkdf-eh-item-content mkdf-eh-custom-117692\" style=\"padding: 70px 30px 50px 0\">\n\t\t\t<div class=\"mkdf-section-title-holder mkdf-st-standard mkdf-st-title-left mkdf-st-normal-space \" >\n\t<div class=\"mkdf-st-inner\">\n\t\t\t\t\t<h2 class=\"mkdf-st-title\" >\n\t\t\t\tRegeneration\t\t\t<\/h2>\n\t\t\t\t\t<\/div>\n<\/div>[vc_column_text]Nach dem Eingriff k\u00f6nnen leichte Schwellungen oder R\u00f6tungen auftreten, dies ist ein vor\u00fcbergehendes Ph\u00e4nomen. Es wird empfohlen, das Gesicht nach dem Eingriff nicht zu massieren und 3 Tage Sport oder k\u00f6rperliche Aktivit\u00e4t zu vermeiden.[\/vc_column_text][vc_empty_space height=&#8220;25px&#8220;]\t\t<\/div>\n\t<\/div>\n<\/div><\/div>[\/vc_column][\/vc_row][vc_row css=&#8220;.vc_custom_1632322238998{padding-top: 50px !important;}&#8220;][vc_column css=&#8220;.vc_custom_1492767171698{padding-top: 0px !important;}&#8220;]<div class=\"mkdf-elements-holder mkdf-two-columns mkdf-responsive-mode-768\" ><div class=\"mkdf-eh-item \" style=\"background-image: url(https:\/\/altos-klinika.cz\/wp-content\/uploads\/2021\/09\/doctor-man-consulting-patient-while-filling-up-application-form-desk-hospital-scaled.jpg)\" data-item-class=\"mkdf-eh-custom-603455\" data-600-768=\"260px 0\" data-480-600=\"200px 0\" data-480=\"200px 0\">\n\t<div class=\"mkdf-eh-item-inner\">\n\t\t<div class=\"mkdf-eh-item-content mkdf-eh-custom-603455\" >\n\t\t\t\t\t<\/div>\n\t<\/div>\n<\/div><div class=\"mkdf-eh-item \"  data-item-class=\"mkdf-eh-custom-796917\" data-1280-1600=\"110px 15% 120px 15%\" data-1024-1280=\"100px 13% 105px 14%\" data-768-1024=\"75px 11% 90px 10%\" data-600-768=\"75px 11% 90px 10%\" data-480-600=\"60px 10% 85px 10%\" data-480=\"60px 10% 85px 10%\">\n\t<div class=\"mkdf-eh-item-inner\">\n\t\t<div class=\"mkdf-eh-item-content mkdf-eh-custom-796917\" style=\"padding: 100px 19% 100px 16%\">\n\t\t\t<div class=\"mkdf-section-title-holder mkdf-st-standard mkdf-st-title-left mkdf-st-normal-space \" >\n\t<div class=\"mkdf-st-inner\">\n\t\t\t\t\t<h2 class=\"mkdf-st-title\" >\n\t\t\t\tContraindication\t\t\t<\/h2>\n\t\t\t\t\t<\/div>\n<\/div>[vc_empty_space height=&#8220;25px&#8220;][vc_column_text]<\/p>\n<ul>\n<li>infekti\u00f6se und entz\u00fcndliche Symptome an der Operationsstelle<\/li>\n<li>Sie wurden in den letzten sechs Monaten wegen Krebs behandelt<\/li>\n<li>onkologische Erkrankungen<\/li>\n<li>Schwangerschaft und Stillen<\/li>\n<\/ul>\n<p>[\/vc_column_text]\t\t<\/div>\n\t<\/div>\n<\/div><\/div><div class=\"mkdf-elements-holder mkdf-two-columns mkdf-responsive-mode-768\" ><div class=\"mkdf-eh-item \"  data-item-class=\"mkdf-eh-custom-330498\" data-1280-1600=\"80px 8% 80px 7%\" data-1024-1280=\"80px 8% 80px 7%\" data-768-1024=\"80px 8% 80px 7%\" data-600-768=\"0px 5% 20px 5%\" data-480-600=\"0px 10% 85px 10%\" data-480=\"0px 10% 85px 10%\">\n\t<div class=\"mkdf-eh-item-inner\">\n\t\t<div class=\"mkdf-eh-item-content mkdf-eh-custom-330498\" style=\"padding: 80px 8% 80px 7%\">\n\t\t\t<div class=\"mkdf-section-title-holder mkdf-st-standard mkdf-st-title-left mkdf-st-normal-space \" >\n\t<div class=\"mkdf-st-inner\">\n\t\t\t\t\t<h2 class=\"mkdf-st-title\" >\n\t\t\t\tPr\u00e4parate verwendet\t\t\t<\/h2>\n\t\t\t\t\t<\/div>\n<\/div>[vc_empty_space height=&#8220;25px&#8220;][vc_column_text]Wir verwenden ein breites Sortiment und deren Kombinationen von f\u00fchrenden europ\u00e4ischen und weltweiten Herstellern. Basierend auf Ihren Bed\u00fcrfnissen wird Ihr Arzt die beste Option f\u00fcr Ihre Haut vorschlagen und Ihnen helfen, das Problem zu l\u00f6sen, das Sie beheben m\u00fcssen.<\/p>\n<ul>\n<li>Hydro-Stil<\/li>\n<li>Juv\u00e9derm Hydro<\/li>\n<li>Jalupro<\/li>\n<li>Hymira<\/li>\n<\/ul>\n<p>[\/vc_column_text]\t\t<\/div>\n\t<\/div>\n<\/div><div class=\"mkdf-eh-item \" style=\"background-image: url(https:\/\/altos-klinika.cz\/wp-content\/uploads\/2021\/09\/ezgif.com-webp-to-jpg214.jpg)\" data-item-class=\"mkdf-eh-custom-143100\" data-600-768=\"260px 0\" data-480-600=\"200px 0\" data-480=\"200px 0\">\n\t<div class=\"mkdf-eh-item-inner\">\n\t\t<div class=\"mkdf-eh-item-content mkdf-eh-custom-143100\" >\n\t\t\t\t\t<\/div>\n\t<\/div>\n<\/div><\/div>[\/vc_column][\/vc_row]<\/p>\n","protected":false},"excerpt":{"rendered":"<p>[vc_row row_content_width=&#8220;grid&#8220; css=&#8220;.vc_custom_1632239210797{padding-top: 70px !important;}&#8220;][vc_column offset=&#8220;vc_col-lg-12&#8243; css=&#8220;.vc_custom_1632140768248{margin-top: -8px !important;}&#8220;][vc_column_text] Ein wirksames Mittel, um die ersten Anzeichen der Hautalterung zu bek\u00e4mpfen. [\/vc_column_text][vc_empty_space height=&#8220;9px&#8220;][vc_column_text]Es ist ein wirksames Mittel, um die ersten Anzeichen der Hautalterung zu bek\u00e4mpfen. Es hilft auch, andere Probleme zu [&hellip;]<\/p>\n","protected":false},"author":1,"featured_media":0,"parent":0,"menu_order":0,"comment_status":"closed","ping_status":"closed","template":"full-width.php","meta":{"footnotes":""},"class_list":["post-18066","page","type-page","status-publish","hentry"],"acf":[],"_links":{"self":[{"href":"https:\/\/altos-klinika.cz\/de\/wp-json\/wp\/v2\/pages\/18066","targetHints":{"allow":["GET"]}}],"collection":[{"href":"https:\/\/altos-klinika.cz\/de\/wp-json\/wp\/v2\/pages"}],"about":[{"href":"https:\/\/altos-klinika.cz\/de\/wp-json\/wp\/v2\/types\/page"}],"author":[{"embeddable":true,"href":"https:\/\/altos-klinika.cz\/de\/wp-json\/wp\/v2\/users\/1"}],"replies":[{"embeddable":true,"href":"https:\/\/altos-klinika.cz\/de\/wp-json\/wp\/v2\/comments?post=18066"}],"version-history":[{"count":4,"href":"https:\/\/altos-klinika.cz\/de\/wp-json\/wp\/v2\/pages\/18066\/revisions"}],"predecessor-version":[{"id":22565,"href":"https:\/\/altos-klinika.cz\/de\/wp-json\/wp\/v2\/pages\/18066\/revisions\/22565"}],"wp:attachment":[{"href":"https:\/\/altos-klinika.cz\/de\/wp-json\/wp\/v2\/media?parent=18066"}],"curies":[{"name":"wp","href":"https:\/\/api.w.org\/{rel}","templated":true}]}}