{"id":18080,"date":"2021-09-26T10:44:05","date_gmt":"2021-09-26T10:44:05","guid":{"rendered":"https:\/\/altos-klinika.cz\/microneedling\/"},"modified":"2025-02-23T09:37:35","modified_gmt":"2025-02-23T09:37:35","slug":"microneedling","status":"publish","type":"page","link":"https:\/\/altos-klinika.cz\/de\/microneedling\/","title":{"rendered":"Microneedling"},"content":{"rendered":"<p>[vc_row row_content_width=&#8220;grid&#8220; css=&#8220;.vc_custom_1632239210797{padding-top: 70px !important;}&#8220;][vc_column offset=&#8220;vc_col-lg-12&#8243; css=&#8220;.vc_custom_1632140768248{margin-top: -8px !important;}&#8220;]<div class=\"mkdf-section-title-holder mkdf-st-standard mkdf-st-title-left mkdf-st-normal-space \" style=\"text-align: center\">\n\t<div class=\"mkdf-st-inner\">\n\t\t\t\t\t<h1 class=\"mkdf-st-title\" >\n\t\t\t\t<span class=\"mkdf-st-title-bold\">Microneedling<\/span>\t\t\t<\/h1>\n\t\t\t\t\t<\/div>\n<\/div>[vc_empty_space height=&#8220;9px&#8220;][vc_column_text]Microneedling ist eine elegante und sehr effektive Methode zur Verj\u00fcngung, Straffung und Gl\u00e4ttung der Haut. Die Methode basiert auf der selbsterneuernden F\u00e4higkeit der Hautregeneration, die bei der Gl\u00e4ttung feiner F\u00e4ltchen, der Behandlung von Narben, Dehnungsstreifen, Akne oder Hyperpigmentierung wirksam ist. Die Methode ist auch f\u00fcr empfindliche Haut geeignet.<\/p>\n<p>Beim Microneedling werden kleine Kan\u00e4le im Unterhautgewebe gebildet, durch die die behandelten Stellen schneller aktive N\u00e4hrstoffe und Seren aufnehmen.<\/p>\n<p>Microneedling ist eine ideale Anti-Age-Methode zur Hautverj\u00fcngung, Verbesserung der Hautstraffung, Aufhellung und Feuchtigkeitsversorgung. Es wird am h\u00e4ufigsten im gesamten Gesicht verwendet, einschlie\u00dflich der empfindlichen Augenpartie, der H\u00e4nde und des Dekollet\u00e9s.<\/p>\n<p><strong>Mit Microneedling k\u00f6nnen Sie Folgendes loswerden:<\/strong><\/p>\n<ul>\n<li>trockene Haut<\/li>\n<li>Farbverlust, Schlaffheit<\/li>\n<li>Falten<\/li>\n<li>Narben und Aknefehler<\/li>\n<li>Dehnungsstreifen<\/li>\n<li>vergr\u00f6\u00dferte Poren<\/li>\n<li>matte, ungleichm\u00e4\u00dfige Hautfarbe<\/li>\n<\/ul>\n<p><strong>3-4 Prozeduren nach ca. 2 Wochen werden empfohlen<\/strong>[\/vc_column_text][vc_empty_space][\/vc_column][\/vc_row][vc_row full_width=&#8220;stretch_row&#8220; css=&#8220;.vc_custom_1638118773359{background-color: rgba(78,109,204,0.07) !important;*background-color: rgb(78,109,204) !important;}&#8220; simple_background_color=&#8220;rgba(78,109,204,0.07)&#8220;][vc_column][vc_row_inner row_content_width=&#8220;grid&#8220;][vc_column_inner][vc_column_text]\n<div class=\"wpcf7 no-js\" id=\"wpcf7-f17975-o1\" lang=\"en-US\" dir=\"ltr\" data-wpcf7-id=\"17975\">\n<div class=\"screen-reader-response\"><p role=\"status\" aria-live=\"polite\" aria-atomic=\"true\"><\/p> <ul><\/ul><\/div>\n<form action=\"\/de\/wp-json\/wp\/v2\/pages\/18080#wpcf7-f17975-o1\" method=\"post\" class=\"wpcf7-form init inline-form\" aria-label=\"Contact form\" novalidate=\"novalidate\" data-status=\"init\">\n<div style=\"display: none;\">\n<input type=\"hidden\" name=\"_wpcf7\" value=\"17975\" \/>\n<input type=\"hidden\" name=\"_wpcf7_version\" value=\"6.0.4\" \/>\n<input type=\"hidden\" name=\"_wpcf7_locale\" value=\"en_US\" \/>\n<input type=\"hidden\" name=\"_wpcf7_unit_tag\" value=\"wpcf7-f17975-o1\" \/>\n<input type=\"hidden\" name=\"_wpcf7_container_post\" value=\"0\" \/>\n<input type=\"hidden\" name=\"_wpcf7_posted_data_hash\" value=\"\" \/>\n<input type=\"hidden\" name=\"_wpcf7_recaptcha_response\" value=\"\" \/>\n<\/div>\n<h2>Vereinbare einen Termin\n<\/h2>\n<div class=\"jq-row jq-inline-form\">\n\t<div class=\"fields-col jq-row\">\n\t\t<div class=\"jq-col-33\">\n\t\t\t<p><span class=\"wpcf7-form-control-wrap\" data-name=\"your-name\"><input size=\"40\" maxlength=\"400\" class=\"wpcf7-form-control wpcf7-text wpcf7-validates-as-required\" aria-required=\"true\" aria-invalid=\"false\" placeholder=\"Ihren Namen\" value=\"\" type=\"text\" name=\"your-name\" \/><\/span>\n\t\t\t<\/p>\n\t\t<\/div>\n\t\t<div class=\"jq-col-33\">\n\t\t\t<p><span class=\"wpcf7-form-control-wrap\" data-name=\"your-email\"><input size=\"40\" maxlength=\"400\" class=\"wpcf7-form-control wpcf7-email wpcf7-validates-as-required wpcf7-text wpcf7-validates-as-email\" aria-required=\"true\" aria-invalid=\"false\" placeholder=\"Email\" value=\"\" type=\"email\" name=\"your-email\" \/><\/span>\n\t\t\t<\/p>\n\t\t<\/div>\n\t\t<div class=\"jq-col-33\">\n\t\t\t<p><span class=\"wpcf7-form-control-wrap\" data-name=\"your-tel\"><input size=\"40\" maxlength=\"400\" class=\"wpcf7-form-control wpcf7-tel wpcf7-text wpcf7-validates-as-tel\" aria-invalid=\"false\" placeholder=\"+420 *** *** ***\" value=\"\" type=\"tel\" name=\"your-tel\" \/><\/span>\n\t\t\t<\/p>\n\t\t<\/div>\n\t\t<div class=\"jq-col-100\">\n\t\t\t<p><span class=\"wpcf7-form-control-wrap\" data-name=\"acceptance\"><span class=\"wpcf7-form-control wpcf7-acceptance\"><span class=\"wpcf7-list-item\"><label><input type=\"checkbox\" name=\"acceptance\" value=\"1\" aria-invalid=\"false\" \/><span class=\"wpcf7-list-item-label\">Ich stimme der <a href=\"https:\/\/altos-klinika.cz\/en\/terms-of-use\/\" target=\"_blank\">Verarbeitung meiner personenbezogenen Daten zu<\/a>.<\/span><\/label><\/span><\/span><\/span>\n\t\t\t<\/p>\n\t\t<\/div>\n\t<\/div>\n\t<div class=\"button-col\">\n\t\t<p><input class=\"wpcf7-form-control wpcf7-submit has-spinner\" type=\"submit\" value=\"Senden\" \/><input type=\"hidden\" class=\"wpcf7-form-control wpcf7-hidden\" name=\"your-subject\" placeholder=\"\" value=\"DE \u0417\u0430\u043f\u0438\u0441\u044c \u043d\u0430 \u043f\u0440\u043e\u0446\u0435\u0434\u0443\u0440\u0443\" \/><input type=\"hidden\" class=\"wpcf7-form-control wpcf7-hidden\" name=\"hidden-956\" placeholder=\"\" value=\"Microneedling\" \/>\n\t\t<\/p>\n\t<\/div>\n<\/div><input type='hidden' class='wpcf7-pum' value='{\"closepopup\":false,\"closedelay\":0,\"openpopup\":false,\"openpopup_id\":0}' \/><div class=\"wpcf7-response-output\" aria-hidden=\"true\"><\/div>\n<\/form>\n<\/div>\n[\/vc_column_text][\/vc_column_inner][\/vc_row_inner][\/vc_column][\/vc_row][vc_row row_content_width=&#8220;grid&#8220;][vc_column]<div class=\"mkdf-elements-holder mkdf-one-column mkdf-responsive-mode-768\" ><div class=\"mkdf-eh-item mkdf-horizontal-alignment-center\"  data-item-class=\"mkdf-eh-custom-762554\" data-1280-1600=\"70px 200px 50px 200px\" data-1024-1280=\"70px 70px 50px 70px\" data-768-1024=\"70px 0px 50px 0px\" data-600-768=\"70px 0px 50px 0px\" data-480-600=\"70px 0px 50px 0px\" data-480=\"70px 0px 50px 0px\">\n\t<div class=\"mkdf-eh-item-inner\">\n\t\t<div class=\"mkdf-eh-item-content mkdf-eh-custom-762554\" style=\"padding: 70px 200px 50px 200px\">\n\t\t\t<div class=\"mkdf-section-title-holder mkdf-st-standard mkdf-st-title-left mkdf-st-normal-space \" >\n\t<div class=\"mkdf-st-inner\">\n\t\t\t\t\t<h2 class=\"mkdf-st-title\" >\n\t\t\t\tFoto vorher und nachher\t\t\t<\/h2>\n\t\t\t\t\t<\/div>\n<\/div>[vc_empty_space]<div class=\"mkdf-image-gallery mkdf-ig-carousel-type \">\n\t<div class=\"mkdf-ig-slider mkdf-owl-slider\" data-number-of-items=\"1\" data-enable-loop=\"yes\" data-enable-autoplay=\"yes\" data-slider-speed=\"5000\" data-slider-speed-animation=\"600\" data-enable-navigation=\"yes\" data-enable-pagination=\"no\">\n\t\t\t\t\t<div class=\"mkdf-ig-image\">\n\t\t\t\t\t\t\t\t\t<img loading=\"lazy\" decoding=\"async\" width=\"898\" height=\"750\" src=\"https:\/\/altos-klinika.cz\/wp-content\/uploads\/2021\/09\/klk2dMpl1uc.jpg\" class=\"attachment-full size-full\" alt=\"\" srcset=\"https:\/\/altos-klinika.cz\/wp-content\/uploads\/2021\/09\/klk2dMpl1uc.jpg 898w, https:\/\/altos-klinika.cz\/wp-content\/uploads\/2021\/09\/klk2dMpl1uc-300x251.jpg 300w, https:\/\/altos-klinika.cz\/wp-content\/uploads\/2021\/09\/klk2dMpl1uc-768x641.jpg 768w, https:\/\/altos-klinika.cz\/wp-content\/uploads\/2021\/09\/klk2dMpl1uc-600x501.jpg 600w\" sizes=\"auto, (max-width: 898px) 100vw, 898px\" \/>\t\t\t\t\t\t\t<\/div>\n\t\t\t\t\t<div class=\"mkdf-ig-image\">\n\t\t\t\t\t\t\t\t\t<img loading=\"lazy\" decoding=\"async\" width=\"912\" height=\"750\" src=\"https:\/\/altos-klinika.cz\/wp-content\/uploads\/2021\/09\/cnDLOVjyR1Y.jpg\" class=\"attachment-full size-full\" alt=\"\" srcset=\"https:\/\/altos-klinika.cz\/wp-content\/uploads\/2021\/09\/cnDLOVjyR1Y.jpg 912w, https:\/\/altos-klinika.cz\/wp-content\/uploads\/2021\/09\/cnDLOVjyR1Y-300x247.jpg 300w, https:\/\/altos-klinika.cz\/wp-content\/uploads\/2021\/09\/cnDLOVjyR1Y-768x632.jpg 768w, https:\/\/altos-klinika.cz\/wp-content\/uploads\/2021\/09\/cnDLOVjyR1Y-600x493.jpg 600w\" sizes=\"auto, (max-width: 912px) 100vw, 912px\" \/>\t\t\t\t\t\t\t<\/div>\n\t\t\t\t\t<div class=\"mkdf-ig-image\">\n\t\t\t\t\t\t\t\t\t<img loading=\"lazy\" decoding=\"async\" width=\"720\" height=\"720\" src=\"https:\/\/altos-klinika.cz\/wp-content\/uploads\/2021\/09\/qsEjVZGpVz0.jpg\" class=\"attachment-full size-full\" alt=\"\" srcset=\"https:\/\/altos-klinika.cz\/wp-content\/uploads\/2021\/09\/qsEjVZGpVz0.jpg 720w, https:\/\/altos-klinika.cz\/wp-content\/uploads\/2021\/09\/qsEjVZGpVz0-300x300.jpg 300w, https:\/\/altos-klinika.cz\/wp-content\/uploads\/2021\/09\/qsEjVZGpVz0-150x150.jpg 150w, https:\/\/altos-klinika.cz\/wp-content\/uploads\/2021\/09\/qsEjVZGpVz0-550x550.jpg 550w, https:\/\/altos-klinika.cz\/wp-content\/uploads\/2021\/09\/qsEjVZGpVz0-600x600.jpg 600w, https:\/\/altos-klinika.cz\/wp-content\/uploads\/2021\/09\/qsEjVZGpVz0-100x100.jpg 100w\" sizes=\"auto, (max-width: 720px) 100vw, 720px\" \/>\t\t\t\t\t\t\t<\/div>\n\t\t\t\t\t<div class=\"mkdf-ig-image\">\n\t\t\t\t\t\t\t\t\t<img loading=\"lazy\" decoding=\"async\" width=\"720\" height=\"720\" src=\"https:\/\/altos-klinika.cz\/wp-content\/uploads\/2021\/09\/Rrmaqk5lCcU.jpg\" class=\"attachment-full size-full\" alt=\"\" srcset=\"https:\/\/altos-klinika.cz\/wp-content\/uploads\/2021\/09\/Rrmaqk5lCcU.jpg 720w, https:\/\/altos-klinika.cz\/wp-content\/uploads\/2021\/09\/Rrmaqk5lCcU-300x300.jpg 300w, https:\/\/altos-klinika.cz\/wp-content\/uploads\/2021\/09\/Rrmaqk5lCcU-150x150.jpg 150w, https:\/\/altos-klinika.cz\/wp-content\/uploads\/2021\/09\/Rrmaqk5lCcU-550x550.jpg 550w, https:\/\/altos-klinika.cz\/wp-content\/uploads\/2021\/09\/Rrmaqk5lCcU-600x600.jpg 600w, https:\/\/altos-klinika.cz\/wp-content\/uploads\/2021\/09\/Rrmaqk5lCcU-100x100.jpg 100w\" sizes=\"auto, (max-width: 720px) 100vw, 720px\" \/>\t\t\t\t\t\t\t<\/div>\n\t\t\t\t\t<div class=\"mkdf-ig-image\">\n\t\t\t\t\t\t\t\t\t<img loading=\"lazy\" decoding=\"async\" width=\"720\" height=\"720\" src=\"https:\/\/altos-klinika.cz\/wp-content\/uploads\/2021\/09\/TVqsJTVhBSU.jpg\" class=\"attachment-full size-full\" alt=\"\" srcset=\"https:\/\/altos-klinika.cz\/wp-content\/uploads\/2021\/09\/TVqsJTVhBSU.jpg 720w, https:\/\/altos-klinika.cz\/wp-content\/uploads\/2021\/09\/TVqsJTVhBSU-300x300.jpg 300w, https:\/\/altos-klinika.cz\/wp-content\/uploads\/2021\/09\/TVqsJTVhBSU-150x150.jpg 150w, https:\/\/altos-klinika.cz\/wp-content\/uploads\/2021\/09\/TVqsJTVhBSU-550x550.jpg 550w, https:\/\/altos-klinika.cz\/wp-content\/uploads\/2021\/09\/TVqsJTVhBSU-600x600.jpg 600w, https:\/\/altos-klinika.cz\/wp-content\/uploads\/2021\/09\/TVqsJTVhBSU-100x100.jpg 100w\" sizes=\"auto, (max-width: 720px) 100vw, 720px\" \/>\t\t\t\t\t\t\t<\/div>\n\t\t\t\t\t<div class=\"mkdf-ig-image\">\n\t\t\t\t\t\t\t\t\t<img loading=\"lazy\" decoding=\"async\" width=\"497\" height=\"338\" src=\"https:\/\/altos-klinika.cz\/wp-content\/uploads\/2021\/09\/ZvhOwo84Mi4.jpg\" class=\"attachment-full size-full\" alt=\"\" srcset=\"https:\/\/altos-klinika.cz\/wp-content\/uploads\/2021\/09\/ZvhOwo84Mi4.jpg 497w, https:\/\/altos-klinika.cz\/wp-content\/uploads\/2021\/09\/ZvhOwo84Mi4-300x204.jpg 300w\" sizes=\"auto, (max-width: 497px) 100vw, 497px\" \/>\t\t\t\t\t\t\t<\/div>\n\t\t\t<\/div>\n<\/div>\t\t<\/div>\n\t<\/div>\n<\/div><\/div>[\/vc_column][\/vc_row][vc_row content_placement=&#8220;middle&#8220; css=&#8220;.vc_custom_1632529364693{background-color: #fafafa !important;}&#8220;][vc_column]<div class=\"mkdf-elements-holder mkdf-one-column mkdf-responsive-mode-768\" style=\"background-color:#fafafa;\"><div class=\"mkdf-eh-item mkdf-horizontal-alignment-center\"  data-item-class=\"mkdf-eh-custom-569700\">\n\t<div class=\"mkdf-eh-item-inner\">\n\t\t<div class=\"mkdf-eh-item-content mkdf-eh-custom-569700\" style=\"padding: 20px 0 0 0\">\n\t\t\t<div class=\"mkdf-section-title-holder mkdf-st-standard mkdf-st-title-left mkdf-st-normal-space \" style=\"text-align: center\">\n\t<div class=\"mkdf-st-inner\">\n\t\t\t\t\t<h2 class=\"mkdf-st-title\" >\n\t\t\t\tPreisliste\t\t\t<\/h2>\n\t\t\t\t\t<\/div>\n<\/div>\t\t<\/div>\n\t<\/div>\n<\/div><\/div><div class=\"mkdf-elements-holder mkdf-one-column mkdf-responsive-mode-768 mkdf-one-column-alignment-center\" style=\"background-color:#fafafa;\"><div class=\"mkdf-eh-item mkdf-horizontal-alignment-center\"  data-item-class=\"mkdf-eh-custom-258494\" data-1280-1600=\"40px 200px 20px 200px\" data-1024-1280=\"40px 100px 20px 100px\" data-768-1024=\"40px 100px 20px 100px\" data-600-768=\"20px 30px 20px 30px\" data-480-600=\"20px 30px 20px 30px\" data-480=\"20px 30px 20px 30px\">\n\t<div class=\"mkdf-eh-item-inner\">\n\t\t<div class=\"mkdf-eh-item-content mkdf-eh-custom-258494\" style=\"padding: 40px 200px 20px 200px\">\n\t\t\t<div class=\"mkdf-pricing-tables clearfix  mkdf-three-columns mkdf-pt-normal-space\"><div class=\"mkdf-pt-wrapper\"><div class=\"mkdf-price-table\">\n\t<div class=\"mkdf-pt-inner\" style=\"background-color: #ffffff\">\n\t\t\t\t<ul>\n\t\t\t<li class=\"mkdf-pt-title-holder\">\n\t\t\t\t<span class=\"mkdf-pt-title\" style=\"border-color: #13bfb1\">Beratungsgespr\u00e4ch<\/span>\n\t\t\t<\/li>\n\t\t\t<li class=\"mkdf-pt-prices\">\n\t\t\t\t<sup class=\"mkdf-pt-value\" >K\u010d<\/sup>\n\t\t\t\t<span class=\"mkdf-pt-price\" >1 500<\/span>\n\t\t\t\t<h6 class=\"mkdf-pt-mark\" >1 Behandlung<\/h6>\n\t\t\t<\/li>\n\t\t\t<li class=\"mkdf-pt-content\">\n\t\t\t\tIm Falle einer Behandlung kostenlose Beratung\t\t\t<\/li>\n\t\t\t\t\t\t\t<li class=\"mkdf-pt-button\">\n\t\t\t\t\t<a itemprop=\"url\" href=\"https:\/\/altos-klinika.cz\/en\/book-an-appointment\/?balname=Consultation%20Microneedling\" target=\"_self\"  class=\"mkdf-btn mkdf-btn-large mkdf-btn-solid mkdf-btn-solid-dark\"  >    <span class=\"mkdf-btn-text\">Vereinbare einen Termin<\/span>    <span class=\"mkdf-btn-icon-holder\">        <span class=\"mkdf-btn-icon-normal\" ><\/span>        <span class=\"mkdf-btn-icon-flip\" ><\/span>    <\/span><\/a>\t\t\t\t<\/li>\t\t\t\t\n\t\t\t\t\t<\/ul>\n\t<\/div>\n<\/div><div class=\"mkdf-price-table\">\n\t<div class=\"mkdf-pt-inner\" style=\"background-color: #ffffff\">\n\t\t\t\t<ul>\n\t\t\t<li class=\"mkdf-pt-title-holder\">\n\t\t\t\t<span class=\"mkdf-pt-title\" style=\"border-color: #13bfb1\">1 Bereich<\/span>\n\t\t\t<\/li>\n\t\t\t<li class=\"mkdf-pt-prices\">\n\t\t\t\t<sup class=\"mkdf-pt-value\" >K\u010d<\/sup>\n\t\t\t\t<span class=\"mkdf-pt-price\" >4 900<\/span>\n\t\t\t\t<h6 class=\"mkdf-pt-mark\" >1 Bereich<\/h6>\n\t\t\t<\/li>\n\t\t\t<li class=\"mkdf-pt-content\">\n\t\t\t\t1 Bereich\t\t\t<\/li>\n\t\t\t\t\t\t\t<li class=\"mkdf-pt-button\">\n\t\t\t\t\t<a itemprop=\"url\" href=\"https:\/\/altos-klinika.cz\/en\/book-an-appointment\/?balname=Microneedling\" target=\"_self\"  class=\"mkdf-btn mkdf-btn-large mkdf-btn-solid mkdf-btn-solid-dark\"  >    <span class=\"mkdf-btn-text\">Vereinbare einen Termin<\/span>    <span class=\"mkdf-btn-icon-holder\">        <span class=\"mkdf-btn-icon-normal\" ><\/span>        <span class=\"mkdf-btn-icon-flip\" ><\/span>    <\/span><\/a>\t\t\t\t<\/li>\t\t\t\t\n\t\t\t\t\t<\/ul>\n\t<\/div>\n<\/div><div class=\"mkdf-price-table\">\n\t<div class=\"mkdf-pt-inner\" style=\"background-color: #ffffff\">\n\t\t\t\t<ul>\n\t\t\t<li class=\"mkdf-pt-title-holder\">\n\t\t\t\t<span class=\"mkdf-pt-title\" style=\"border-color: #13bfb1\">3-Session-Paket<\/span>\n\t\t\t<\/li>\n\t\t\t<li class=\"mkdf-pt-prices\">\n\t\t\t\t<sup class=\"mkdf-pt-value\" >K\u010d<\/sup>\n\t\t\t\t<span class=\"mkdf-pt-price\" >14 990<\/span>\n\t\t\t\t<h6 class=\"mkdf-pt-mark\" >3-Session-Paket<\/h6>\n\t\t\t<\/li>\n\t\t\t<li class=\"mkdf-pt-content\">\n\t\t\t\t3-Session-Paket\t\t\t<\/li>\n\t\t\t\t\t\t\t<li class=\"mkdf-pt-button\">\n\t\t\t\t\t<a itemprop=\"url\" href=\"https:\/\/altos-klinika.cz\/en\/book-an-appointment\/?balname=Microneedling%203%20sessions\" target=\"_self\"  class=\"mkdf-btn mkdf-btn-large mkdf-btn-solid mkdf-btn-solid-dark\"  >    <span class=\"mkdf-btn-text\">Vereinbare einen Termin<\/span>    <span class=\"mkdf-btn-icon-holder\">        <span class=\"mkdf-btn-icon-normal\" ><\/span>        <span class=\"mkdf-btn-icon-flip\" ><\/span>    <\/span><\/a>\t\t\t\t<\/li>\t\t\t\t\n\t\t\t\t\t<\/ul>\n\t<\/div>\n<\/div><\/div><\/div>\t\t<\/div>\n\t<\/div>\n<\/div><\/div>[\/vc_column][\/vc_row][vc_row row_content_width=&#8220;grid&#8220; css=&#8220;.vc_custom_1632239210797{padding-top: 70px !important;}&#8220;][vc_column offset=&#8220;vc_col-lg-12&#8243; css=&#8220;.vc_custom_1632140768248{margin-top: -8px !important;}&#8220;]<div class=\"mkdf-section-title-holder mkdf-st-standard mkdf-st-title-left mkdf-st-normal-space \" style=\"text-align: center\">\n\t<div class=\"mkdf-st-inner\">\n\t\t\t\t\t<h2 class=\"mkdf-st-title\" >\n\t\t\t\tWie l\u00e4uft Microneedling \/ Microneedling ab?\t\t\t<\/h2>\n\t\t\t\t\t<\/div>\n<\/div>[vc_empty_space height=&#8220;9px&#8220;][vc_column_text]Die Gesichtsbehandlung dauert ca. 30 Minuten. Der Mikronadel-Applikator passt sich jeder Haut pr\u00e4zise in einer Tiefe von 0,25 bis 2,5 mm an. Die Mikronadeln sind wirklich sehr weich, die Haut wird vor der Prozedur mit einer Bet\u00e4ubungscreme behandelt, somit ist sie vertr\u00e4glich. Je nach Tiefe von Falten, Narben oder anderen Hautproblemen muss die Prozedur mehrmals wiederholt werden, um das beste Ergebnis zu erzielen.<br \/>\nDas Ergebnis ist eine vollst\u00e4ndige Revitalisierung der Haut mit verj\u00fcngender Wirkung und verbessertem Aussehen.[\/vc_column_text][\/vc_column][\/vc_row][vc_row row_content_width=&#8220;grid&#8220;][vc_column]<div class=\"mkdf-elements-holder mkdf-two-columns mkdf-responsive-mode-768\" ><div class=\"mkdf-eh-item mkdf-vertical-alignment-top\"  data-item-class=\"mkdf-eh-custom-543360\" data-1280-1600=\"70px 30px 50px 0\" data-1024-1280=\"70px 30px 50px 0\" data-768-1024=\"70px 30px 50px 0\" data-600-768=\"70px 0px 50px 0\" data-480-600=\"70px 0px 50px 0\" data-480=\"70px 0px 50px 0\">\n\t<div class=\"mkdf-eh-item-inner\">\n\t\t<div class=\"mkdf-eh-item-content mkdf-eh-custom-543360\" style=\"padding: 70px 30px 50px 0\">\n\t\t\t<div class=\"mkdf-section-title-holder mkdf-st-standard mkdf-st-title-left mkdf-st-normal-space \" >\n\t<div class=\"mkdf-st-inner\">\n\t\t\t\t\t<h2 class=\"mkdf-st-title\" >\n\t\t\t\tNach der Prozedur\t\t\t<\/h2>\n\t\t\t\t\t<\/div>\n<\/div>[vc_column_text]Nach der Behandlung ist die Haut f\u00fcr ca. 24 Stunden ger\u00f6tet und empfindlicher, danach erfolgt eine allm\u00e4hliche Erneuerung und Regeneration.<br \/>\n[\/vc_column_text][vc_empty_space height=&#8220;25px&#8220;]\t\t<\/div>\n\t<\/div>\n<\/div><\/div>[\/vc_column][\/vc_row][vc_row css=&#8220;.vc_custom_1632322238998{padding-top: 50px !important;}&#8220;][vc_column css=&#8220;.vc_custom_1492767171698{padding-top: 0px !important;}&#8220;]<div class=\"mkdf-elements-holder mkdf-two-columns mkdf-responsive-mode-768\" ><div class=\"mkdf-eh-item \" style=\"background-image: url(https:\/\/altos-klinika.cz\/wp-content\/uploads\/2021\/09\/doctor-man-consulting-patient-while-filling-up-application-form-desk-hospital-scaled.jpg)\" data-item-class=\"mkdf-eh-custom-881517\" data-600-768=\"260px 0\" data-480-600=\"200px 0\" data-480=\"200px 0\">\n\t<div class=\"mkdf-eh-item-inner\">\n\t\t<div class=\"mkdf-eh-item-content mkdf-eh-custom-881517\" >\n\t\t\t\t\t<\/div>\n\t<\/div>\n<\/div><div class=\"mkdf-eh-item \"  data-item-class=\"mkdf-eh-custom-665752\" data-1280-1600=\"110px 15% 120px 15%\" data-1024-1280=\"100px 13% 105px 14%\" data-768-1024=\"75px 11% 90px 10%\" data-600-768=\"75px 11% 90px 10%\" data-480-600=\"60px 10% 85px 10%\" data-480=\"60px 10% 85px 10%\">\n\t<div class=\"mkdf-eh-item-inner\">\n\t\t<div class=\"mkdf-eh-item-content mkdf-eh-custom-665752\" style=\"padding: 100px 19% 100px 16%\">\n\t\t\t<div class=\"mkdf-section-title-holder mkdf-st-standard mkdf-st-title-left mkdf-st-normal-space \" >\n\t<div class=\"mkdf-st-inner\">\n\t\t\t\t\t<h2 class=\"mkdf-st-title\" >\n\t\t\t\tContraindication\t\t\t<\/h2>\n\t\t\t\t\t<\/div>\n<\/div>[vc_empty_space height=&#8220;25px&#8220;][vc_column_text]<\/p>\n<ul>\n<li>infekti\u00f6se und entz\u00fcndliche Erkrankungen des K\u00f6rpers<\/li>\n<li>Schwangerschaft<\/li>\n<li>Stillen<\/li>\n<\/ul>\n<p>[\/vc_column_text]\t\t<\/div>\n\t<\/div>\n<\/div><\/div>[\/vc_column][\/vc_row]<\/p>\n","protected":false},"excerpt":{"rendered":"<p>[vc_row row_content_width=&#8220;grid&#8220; css=&#8220;.vc_custom_1632239210797{padding-top: 70px !important;}&#8220;][vc_column offset=&#8220;vc_col-lg-12&#8243; css=&#8220;.vc_custom_1632140768248{margin-top: -8px !important;}&#8220;][vc_empty_space height=&#8220;9px&#8220;][vc_column_text]Microneedling ist eine elegante und sehr effektive Methode zur Verj\u00fcngung, Straffung und Gl\u00e4ttung der Haut. Die Methode basiert auf der selbsterneuernden F\u00e4higkeit der Hautregeneration, die bei der Gl\u00e4ttung feiner F\u00e4ltchen, der [&hellip;]<\/p>\n","protected":false},"author":1,"featured_media":0,"parent":0,"menu_order":0,"comment_status":"closed","ping_status":"closed","template":"full-width.php","meta":{"footnotes":""},"class_list":["post-18080","page","type-page","status-publish","hentry"],"acf":[],"_links":{"self":[{"href":"https:\/\/altos-klinika.cz\/de\/wp-json\/wp\/v2\/pages\/18080","targetHints":{"allow":["GET"]}}],"collection":[{"href":"https:\/\/altos-klinika.cz\/de\/wp-json\/wp\/v2\/pages"}],"about":[{"href":"https:\/\/altos-klinika.cz\/de\/wp-json\/wp\/v2\/types\/page"}],"author":[{"embeddable":true,"href":"https:\/\/altos-klinika.cz\/de\/wp-json\/wp\/v2\/users\/1"}],"replies":[{"embeddable":true,"href":"https:\/\/altos-klinika.cz\/de\/wp-json\/wp\/v2\/comments?post=18080"}],"version-history":[{"count":4,"href":"https:\/\/altos-klinika.cz\/de\/wp-json\/wp\/v2\/pages\/18080\/revisions"}],"predecessor-version":[{"id":22568,"href":"https:\/\/altos-klinika.cz\/de\/wp-json\/wp\/v2\/pages\/18080\/revisions\/22568"}],"wp:attachment":[{"href":"https:\/\/altos-klinika.cz\/de\/wp-json\/wp\/v2\/media?parent=18080"}],"curies":[{"name":"wp","href":"https:\/\/api.w.org\/{rel}","templated":true}]}}