{"id":18085,"date":"2021-09-24T21:09:02","date_gmt":"2021-09-24T21:09:02","guid":{"rendered":"https:\/\/altos-klinika.cz\/plazmolifting\/"},"modified":"2025-02-23T09:32:15","modified_gmt":"2025-02-23T09:32:15","slug":"plazmolifting","status":"publish","type":"page","link":"https:\/\/altos-klinika.cz\/de\/plazmolifting\/","title":{"rendered":"Plasma therapy"},"content":{"rendered":"<p>[vc_row row_content_width=&#8220;grid&#8220; css=&#8220;.vc_custom_1632239210797{padding-top: 70px !important;}&#8220;][vc_column offset=&#8220;vc_col-lg-12&#8243; css=&#8220;.vc_custom_1632140768248{margin-top: -8px !important;}&#8220;]<div class=\"mkdf-section-title-holder mkdf-st-standard mkdf-st-title-left mkdf-st-normal-space \" style=\"text-align: center\">\n\t<div class=\"mkdf-st-inner\">\n\t\t\t\t\t<h1 class=\"mkdf-st-title\" >\n\t\t\t\tPlasmatherapie (Plasmatherapie)\t\t\t<\/h1>\n\t\t\t\t\t<\/div>\n<\/div>[vc_column_text]<\/p>\n<h4 style=\"text-align: center; font-family: 'Poppins';\">Verj\u00fcngung mit Blutplasma &#8211; Plasmatherapie<\/h4>\n<p>[\/vc_column_text][vc_empty_space height=&#8220;9px&#8220;][vc_column_text]Plasmalifting ist eine hochwirksame innovative Methode zur Verj\u00fcngung der Haut.<\/p>\n<p>Das Ergebnis des Plasmaelevationsverfahrens ist die Korrektur von \u00e4sthetischen M\u00e4ngeln wie:<\/p>\n<ul>\n<li>altersbedingte und mimische Falten<\/li>\n<li>schlaffe und trockene Haut<\/li>\n<li>Verringerung der Hautelastizit\u00e4t und -elastizit\u00e4t<\/li>\n<li>Verschlechterung des Tonus und der Gl\u00e4tte der Hautoberfl\u00e4ch<\/li>\n<li>Hyperpigmentierung<\/li>\n<li>Hauterneuerung nach Anwendung verschiedener Peelings<\/li>\n<li>Schw\u00e4chung der regenerativen Funktion der Haut<\/li>\n<li>Unterst\u00fctzung bei Haarausfall<\/li>\n<li>Behandlung von \u00fcberm\u00e4\u00dfigen Schuppen<\/li>\n<\/ul>\n<p>Grundlage der Plasma-Elevation-Methode ist die Platelet-rich Plasma- oder PRP-Technologie, bei der patienteneigenes Plasma, das mit Thrombozyten vorangereichert ist, in das Unterhautgewebe injiziert wird. Die Plasmaelevationschirurgie ist dank der Verwendung von High-Tech-Ger\u00e4ten absolut sicher.<\/p>\n<p>Bei der Verarbeitung entsteht ein Plasmakonzentrat, das Blutpl\u00e4ttchen in der erforderlichen Menge enth\u00e4lt. Dies sind Blutpl\u00e4ttchen, die nach dem Auftragen unter die Haut spezielle Substanzen (Wachstumsfaktoren) absondern, die die Aktivit\u00e4t von Fibroblasten in der Haut anregen. Sie bilden wiederum eine Vielzahl von Strukturen, die der Haut verj\u00fcngen und regenerieren (Hyalurons\u00e4ure, Kollagen usw.).<\/p>\n<p>Durch die einzigartigen Regenerationseigenschaften fl\u00fcssiger Blutbestandteile erreicht die Prozedur eine hohe Effizienz. Sie enthalten Spurenelemente, Enzyme, Proteine, Hormone, Vitamine, also alles, was f\u00fcr eine aktive Zellerneuerung notwendig ist.<\/p>\n<p>Plasmolifting ist eine absolut sichere Behandlung, die sowohl f\u00fcr M\u00e4nner als auch f\u00fcr Frauen geeignet ist. Es hat keine Nebenwirkungen, da es die nat\u00fcrlichste Substanz des K\u00f6rpers verwendet &#8211; sein eigenes Blut (genauer gesagt Blutplasma). Es gibt auch keine Nebenwirkungen (z. B. allergische Reaktionen) w\u00e4hrend des Anstiegs der Plasmaspiegel und der Zustand des Patienten erfordert keine Erholung nach der Prozedur.<\/p>\n<p>Die Behandlung kann zu jeder Jahreszeit abgeschlossen werden. Der Effekt ist fast sofort sichtbar. In Kombination mit Hyalurons\u00e4ure oder Mesotherapeutika wie Peptiden, Aminos\u00e4uren, Vitaminen, Mineralstoffen etc. h\u00e4lt es bis zu 1 Jahr.<\/p>\n<p>F\u00fcr bessere Ergebnisse empfehlen wir, die Prozedur dreimal zu wiederholen.<\/p>\n<p>Lippenvergr\u00f6\u00dferung<\/p>\n<p><strong>Es wird empfohlen, die Lippenvergr\u00f6\u00dferung durch Hyalurons\u00e4ure-Filler aufzutragen:<\/strong><\/p>\n<ul>\n<li>Lippenasymmetrie<\/li>\n<li>unzureichende F\u00fclle der Lippen<\/li>\n<li>altersbedingte Lippenver\u00e4nderungen &#8211; Volumenverlust, F\u00e4ltchen, h\u00e4ngende Mundwinkel, Farb- und Konturver\u00e4nderungen der Lippen<\/li>\n<li>Der konkrete Ablauf des Eingriffs wird vom Arzt immer individuell unter Ber\u00fccksichtigung Ihrer W\u00fcnsche und Parameter gew\u00e4hlt.<\/li>\n<\/ul>\n<p>Aufgrund der Tatsache, dass die verwendeten Pr\u00e4parate auf einem nat\u00fcrlichen Inhaltsstoff basieren, der vom menschlichen K\u00f6rper hergestellt wird, ist die Prozedur absolut sicher.<\/p>\n<p>Der Filler basiert auf Hyalurons\u00e4ure. Bei der Injektion in die tieferen Hautschichten erfolgt eine Hydratation, das hei\u00dft, das Produkt bindet Feuchtigkeit an sich und pflegt sie anschlie\u00dfend. Durch diesen Effekt wird der Stoff volumin\u00f6ser, die Haut in diesem Bereich wird gestrafft und F\u00e4ltchen werden gegl\u00e4ttet.<\/p>\n<p><strong>Vorteile der Methode:<\/strong><\/p>\n<ul>\n<li>Verj\u00fcngung durch die Synthese von Kollagenfasern<\/li>\n<li>die Wirkung von praller, voller Lippen, die bis zu einem Jahr anh\u00e4lt<\/li>\n<li>die Methode ist f\u00fcr alle Altersgruppen geeignet<\/li>\n<li>keine lange Rekonvaleszenz ist notwendig, alle negativen Manifestationen verschwinden innerhalb weniger Tage<\/li>\n<li>Das Ergebnis h\u00e4lt 10 Monate bis 3 Jahre, abh\u00e4ngig von Ihrem Lebensstil und den k\u00f6rperlichen<\/li>\n<\/ul>\n<p>[\/vc_column_text][vc_empty_space height=&#8220;30px&#8220;][\/vc_column][\/vc_row][vc_row full_width=&#8220;stretch_row&#8220; css=&#8220;.vc_custom_1638118773359{background-color: rgba(78,109,204,0.07) !important;*background-color: rgb(78,109,204) !important;}&#8220; simple_background_color=&#8220;rgba(78,109,204,0.07)&#8220;][vc_column][vc_row_inner row_content_width=&#8220;grid&#8220;][vc_column_inner][vc_column_text]\n<div class=\"wpcf7 no-js\" id=\"wpcf7-f17975-o1\" lang=\"en-US\" dir=\"ltr\" data-wpcf7-id=\"17975\">\n<div class=\"screen-reader-response\"><p role=\"status\" aria-live=\"polite\" aria-atomic=\"true\"><\/p> <ul><\/ul><\/div>\n<form action=\"\/de\/wp-json\/wp\/v2\/pages\/18085#wpcf7-f17975-o1\" method=\"post\" class=\"wpcf7-form init inline-form\" aria-label=\"Contact form\" novalidate=\"novalidate\" data-status=\"init\">\n<div style=\"display: none;\">\n<input type=\"hidden\" name=\"_wpcf7\" value=\"17975\" \/>\n<input type=\"hidden\" name=\"_wpcf7_version\" value=\"6.0.4\" \/>\n<input type=\"hidden\" name=\"_wpcf7_locale\" value=\"en_US\" \/>\n<input type=\"hidden\" name=\"_wpcf7_unit_tag\" value=\"wpcf7-f17975-o1\" \/>\n<input type=\"hidden\" name=\"_wpcf7_container_post\" value=\"0\" \/>\n<input type=\"hidden\" name=\"_wpcf7_posted_data_hash\" value=\"\" \/>\n<input type=\"hidden\" name=\"_wpcf7_recaptcha_response\" value=\"\" \/>\n<\/div>\n<h2>Vereinbare einen Termin\n<\/h2>\n<div class=\"jq-row jq-inline-form\">\n\t<div class=\"fields-col jq-row\">\n\t\t<div class=\"jq-col-33\">\n\t\t\t<p><span class=\"wpcf7-form-control-wrap\" data-name=\"your-name\"><input size=\"40\" maxlength=\"400\" class=\"wpcf7-form-control wpcf7-text wpcf7-validates-as-required\" aria-required=\"true\" aria-invalid=\"false\" placeholder=\"Ihren Namen\" value=\"\" type=\"text\" name=\"your-name\" \/><\/span>\n\t\t\t<\/p>\n\t\t<\/div>\n\t\t<div class=\"jq-col-33\">\n\t\t\t<p><span class=\"wpcf7-form-control-wrap\" data-name=\"your-email\"><input size=\"40\" maxlength=\"400\" class=\"wpcf7-form-control wpcf7-email wpcf7-validates-as-required wpcf7-text wpcf7-validates-as-email\" aria-required=\"true\" aria-invalid=\"false\" placeholder=\"Email\" value=\"\" type=\"email\" name=\"your-email\" \/><\/span>\n\t\t\t<\/p>\n\t\t<\/div>\n\t\t<div class=\"jq-col-33\">\n\t\t\t<p><span class=\"wpcf7-form-control-wrap\" data-name=\"your-tel\"><input size=\"40\" maxlength=\"400\" class=\"wpcf7-form-control wpcf7-tel wpcf7-text wpcf7-validates-as-tel\" aria-invalid=\"false\" placeholder=\"+420 *** *** ***\" value=\"\" type=\"tel\" name=\"your-tel\" \/><\/span>\n\t\t\t<\/p>\n\t\t<\/div>\n\t\t<div class=\"jq-col-100\">\n\t\t\t<p><span class=\"wpcf7-form-control-wrap\" data-name=\"acceptance\"><span class=\"wpcf7-form-control wpcf7-acceptance\"><span class=\"wpcf7-list-item\"><label><input type=\"checkbox\" name=\"acceptance\" value=\"1\" aria-invalid=\"false\" \/><span class=\"wpcf7-list-item-label\">Ich stimme der <a href=\"https:\/\/altos-klinika.cz\/en\/terms-of-use\/\" target=\"_blank\">Verarbeitung meiner personenbezogenen Daten zu<\/a>.<\/span><\/label><\/span><\/span><\/span>\n\t\t\t<\/p>\n\t\t<\/div>\n\t<\/div>\n\t<div class=\"button-col\">\n\t\t<p><input class=\"wpcf7-form-control wpcf7-submit has-spinner\" type=\"submit\" value=\"Senden\" \/><input type=\"hidden\" class=\"wpcf7-form-control wpcf7-hidden\" name=\"your-subject\" placeholder=\"\" value=\"DE \u0417\u0430\u043f\u0438\u0441\u044c \u043d\u0430 \u043f\u0440\u043e\u0446\u0435\u0434\u0443\u0440\u0443\" \/><input type=\"hidden\" class=\"wpcf7-form-control wpcf7-hidden\" name=\"hidden-956\" placeholder=\"\" value=\"Plasma therapy\" \/>\n\t\t<\/p>\n\t<\/div>\n<\/div><input type='hidden' class='wpcf7-pum' value='{\"closepopup\":false,\"closedelay\":0,\"openpopup\":false,\"openpopup_id\":0}' \/><div class=\"wpcf7-response-output\" aria-hidden=\"true\"><\/div>\n<\/form>\n<\/div>\n[\/vc_column_text][\/vc_column_inner][\/vc_row_inner][\/vc_column][\/vc_row][vc_row row_content_width=&#8220;grid&#8220;][vc_column]<div class=\"mkdf-elements-holder mkdf-one-column mkdf-responsive-mode-768\" ><div class=\"mkdf-eh-item mkdf-horizontal-alignment-center\"  data-item-class=\"mkdf-eh-custom-782269\">\n\t<div class=\"mkdf-eh-item-inner\">\n\t\t<div class=\"mkdf-eh-item-content mkdf-eh-custom-782269\" style=\"padding: 70px 0px 50px 0px\">\n\t\t\t<div class=\"mkdf-section-title-holder mkdf-st-standard mkdf-st-title-left mkdf-st-normal-space \" >\n\t<div class=\"mkdf-st-inner\">\n\t\t\t\t\t<h2 class=\"mkdf-st-title\" >\n\t\t\t\tFoto vorher und nachher\t\t\t<\/h2>\n\t\t\t\t\t<\/div>\n<\/div>[vc_empty_space]<div class=\"mkdf-image-gallery mkdf-ig-carousel-type \">\n\t<div class=\"mkdf-ig-slider mkdf-owl-slider\" data-number-of-items=\"1\" data-enable-loop=\"yes\" data-enable-autoplay=\"yes\" data-slider-speed=\"5000\" data-slider-speed-animation=\"600\" data-enable-navigation=\"yes\" data-enable-pagination=\"yes\">\n\t\t\t\t\t<div class=\"mkdf-ig-image\">\n\t\t\t\t\t\t\t\t\t<img loading=\"lazy\" decoding=\"async\" width=\"830\" height=\"397\" src=\"https:\/\/altos-klinika.cz\/wp-content\/uploads\/2021\/09\/plazmalifting2.jpg\" class=\"attachment-full size-full\" alt=\"plazmalifting\" srcset=\"https:\/\/altos-klinika.cz\/wp-content\/uploads\/2021\/09\/plazmalifting2.jpg 830w, https:\/\/altos-klinika.cz\/wp-content\/uploads\/2021\/09\/plazmalifting2-300x143.jpg 300w, https:\/\/altos-klinika.cz\/wp-content\/uploads\/2021\/09\/plazmalifting2-768x367.jpg 768w, https:\/\/altos-klinika.cz\/wp-content\/uploads\/2021\/09\/plazmalifting2-630x300.jpg 630w, https:\/\/altos-klinika.cz\/wp-content\/uploads\/2021\/09\/plazmalifting2-600x287.jpg 600w\" sizes=\"auto, (max-width: 830px) 100vw, 830px\" \/>\t\t\t\t\t\t\t<\/div>\n\t\t\t\t\t<div class=\"mkdf-ig-image\">\n\t\t\t\t\t\t\t\t\t<img loading=\"lazy\" decoding=\"async\" width=\"830\" height=\"397\" src=\"https:\/\/altos-klinika.cz\/wp-content\/uploads\/2021\/09\/plazmalifting.jpg\" class=\"attachment-full size-full\" alt=\"\" srcset=\"https:\/\/altos-klinika.cz\/wp-content\/uploads\/2021\/09\/plazmalifting.jpg 830w, https:\/\/altos-klinika.cz\/wp-content\/uploads\/2021\/09\/plazmalifting-300x143.jpg 300w, https:\/\/altos-klinika.cz\/wp-content\/uploads\/2021\/09\/plazmalifting-768x367.jpg 768w, https:\/\/altos-klinika.cz\/wp-content\/uploads\/2021\/09\/plazmalifting-630x300.jpg 630w, https:\/\/altos-klinika.cz\/wp-content\/uploads\/2021\/09\/plazmalifting-600x287.jpg 600w\" sizes=\"auto, (max-width: 830px) 100vw, 830px\" \/>\t\t\t\t\t\t\t<\/div>\n\t\t\t<\/div>\n<\/div>\t\t<\/div>\n\t<\/div>\n<\/div><\/div>[\/vc_column][\/vc_row][vc_row row_content_width=&#8220;grid&#8220; css=&#8220;.vc_custom_1632238008506{padding-top: 70px !important;}&#8220;][vc_column offset=&#8220;vc_col-lg-12&#8243; css=&#8220;.vc_custom_1632140768248{margin-top: -8px !important;}&#8220;]<div class=\"mkdf-elements-holder mkdf-one-column mkdf-responsive-mode-768\" ><div class=\"mkdf-eh-item mkdf-horizontal-alignment-center\"  data-item-class=\"mkdf-eh-custom-725381\" data-1280-1600=\"0px 20% 0px 20%\" data-1024-1280=\"0px 20% 0px 20%\" data-768-1024=\"0px 10% 0px 10%\" data-600-768=\"0 0 0 0\" data-480-600=\"0 0 0 0\" data-480=\"0 0 0 0\">\n\t<div class=\"mkdf-eh-item-inner\">\n\t\t<div class=\"mkdf-eh-item-content mkdf-eh-custom-725381\" style=\"padding: 0px 20% 0px 20%\">\n\t\t\t<div class=\"mkdf-section-title-holder mkdf-st-standard mkdf-st-title-left mkdf-st-normal-space \" style=\"text-align: center\">\n\t<div class=\"mkdf-st-inner\">\n\t\t\t\t\t<h2 class=\"mkdf-st-title\" >\n\t\t\t\tPreisliste\t\t\t<\/h2>\n\t\t\t\t\t<\/div>\n<\/div>[vc_empty_space height=&#8220;25px&#8220;][vc_column_text]<\/p>\n<div id=\"all-events\" class=\"ui-tabs-panel ui-corner-bottom ui-widget-content\" role=\"tabpanel\" aria-labelledby=\"ui-id-1\" aria-hidden=\"false\">\n<table class=\"tt_timetable\">\n<thead>\n<tr class=\"row_gray\">\n<th><\/th>\n<th>Bereich<\/th>\n<th>Preis<\/th>\n<\/tr>\n<\/thead>\n<tbody>\n<tr class=\"row_1\">\n<td style=\"vertical-align: middle; padding: 10px 0px; width: 60%;\">Plasma lifting<\/td>\n<td style=\"vertical-align: middle;\">1 area (1 test tube)<\/td>\n<td style=\"color: #37c7be!important; vertical-align: middle;\">4 900 K\u010d<\/td>\n<\/tr>\n<tr class=\"row_gray\">\n<td style=\"vertical-align: middle; padding: 10px 0px; width: 60%;\">Plasma lifting<\/td>\n<td style=\"vertical-align: middle;\">1 area (2 test tubes)<\/td>\n<td style=\"color: #37c7be!important; vertical-align: middle;\">5 900 K\u010d<\/td>\n<\/tr>\n<tr class=\"row\">\n<td style=\"vertical-align: middle; padding: 10px 0px; width: 60%;\">Plasma lifting in combination with hyaluronic acid, or with peptides, vitamins, minerals, amino acid<\/td>\n<td style=\"vertical-align: middle;\">1 area<\/td>\n<td style=\"color: #37c7be!important; vertical-align: middle; padding: 10px 0px;\">7 500 K\u010d<\/td>\n<\/tr>\n<tr class=\"row_gray\">\n<td style=\"vertical-align: middle; padding: 10px 0px; width: 60%;\">Plazmalifting in combination with mesotherapy (minerals, vitamins, antioxidants)<\/td>\n<td style=\"vertical-align: middle; padding: 10px 0px;\">1 area<\/td>\n<td style=\"color: #37c7be!important; vertical-align: middle;\">7 500 K\u010d<\/td>\n<\/tr>\n<tr class=\"row\">\n<td style=\"vertical-align: middle; padding: 10px 0px; width: 60%;\">Plazmalifting with RRS Hair<\/td>\n<td style=\"vertical-align: middle; padding: 10px 0px;\">1 test tube + 1 ml<\/td>\n<td style=\"color: #37c7be!important; vertical-align: middle; padding: 10px 0px;\">5 500 K\u010d<\/td>\n<\/tr>\n<\/tbody>\n<\/table>\n<div class=\"tt_timetable small \">\n<ul class=\"tt_items_list thin page_margin_top timetable_clearfix\">\n<li class=\"timetable_clearfix\">\n<div class=\"event_container\"><a class=\"event_header\" title=\"1 area\">Plasma lifting 1 area (1 test tube)<\/a><\/div>\n<div class=\"value\"><span class=\"start-hour\">4 500 K\u010d<\/span><\/div>\n<\/li>\n<li class=\"timetable_clearfix\">\n<div class=\"event_container\"><a class=\"event_header\">Plasma lifting 1 area (2 test tubes)<\/a><\/div>\n<div class=\"value\"><span class=\"start-hour\">5 100 K\u010d<\/span><\/div>\n<\/li>\n<li class=\"timetable_clearfix\">\n<div class=\"event_container\"><a class=\"event_header\">Plasma lifting in combination with hyaluronic acid, or with peptides, vitamins, minerals, amino acid 1 area<\/a><\/div>\n<div class=\"value\"><span class=\"start-hour\">7 300 K\u010d<\/span><\/div>\n<\/li>\n<li class=\"timetable_clearfix\">\n<div class=\"event_container\"><a class=\"event_header\">Plazmalifting in combination with mesotherapy (minerals, vitamins, antioxidants) 1 area<\/a><\/div>\n<div class=\"value\"><span class=\"start-hour\">7 500 K\u010d<\/span><\/div>\n<\/li>\n<li class=\"timetable_clearfix\">\n<div class=\"event_container\"><a class=\"event_header\">Plazmalifting with RRS Hair 1 test tube + 1 ml<\/a><\/div>\n<div class=\"value\"><span class=\"start-hour\">5 500 K\u010d<\/span><\/div>\n<\/li>\n<\/ul>\n<\/div>\n<\/div>\n<p>[\/vc_column_text][vc_empty_space height=&#8220;37px&#8220;]\t\t<\/div>\n\t<\/div>\n<\/div><\/div>[\/vc_column][\/vc_row][vc_row row_content_width=&#8220;grid&#8220; css=&#8220;.vc_custom_1632239210797{padding-top: 70px !important;}&#8220;][vc_column offset=&#8220;vc_col-lg-12&#8243; css=&#8220;.vc_custom_1632140768248{margin-top: -8px !important;}&#8220;]<div class=\"mkdf-section-title-holder mkdf-st-standard mkdf-st-title-left mkdf-st-normal-space \" style=\"text-align: center\">\n\t<div class=\"mkdf-st-inner\">\n\t\t\t\t\t<h2 class=\"mkdf-st-title\" >\n\t\t\t\tWie funktioniert <span class=\"mkdf-st-title-bold\">Plasmalifting?<\/span>\t\t\t<\/h2>\n\t\t\t\t\t<\/div>\n<\/div>[vc_empty_space height=&#8220;9px&#8220;][vc_column_text]Der Hautarzt nimmt dem Patienten Blut ab. Das R\u00f6hrchen wird in einer Zentrifuge gelagert, in der unter dem Einfluss<\/p>\n<p>der Zentrifugalkraft das Plasma vom Blut getrennt wird. Das resultierende Plasma wird dem Patienten mit einer Mikronadel in einen vorbestimmten Bereich der Haut injiziert. Bei Bedarf kann eine Lokalan\u00e4sthesie verwendet werden, sodass die Prozedur schmerzfrei ist.<\/p>\n<p>Plasmapainting kann auch mit Hyalurons\u00e4ure oder Pr\u00e4paraten, die Aminos\u00e4uren enthalten (diese bilden den Baustein der Kollagenfasern) kombiniert werden. Die Wirkung verdoppelt und verl\u00e4ngert sich. Es kann auch erfolgreich verwendet werden um Haarausfall zu verhindern.<\/p>\n<p>In Kombination mit Hyalurons\u00e4ure kommt es zur Zellregeneration und langfristigen Bildung von Kollagenbildungen und Stimulation von Fibroblasten in den mittleren und tieferen Hautschichten. Es gibt eine signifikante Verbesserung des Hautbildes, der Textur und des Tons. Sie k\u00f6nnen eine allm\u00e4hliche Verbesserung des Gesamtzustandes \u00fcber einen Zeitraum von 1 Jahr beobachten.[\/vc_column_text][\/vc_column][\/vc_row][vc_row row_content_width=&#8220;grid&#8220;][vc_column]<div class=\"mkdf-elements-holder mkdf-two-columns mkdf-responsive-mode-768 mkdf-one-column-alignment-center\" ><div class=\"mkdf-eh-item mkdf-horizontal-alignment-center\"  data-item-class=\"mkdf-eh-custom-340222\" data-1280-1600=\"20px 20px 20px 0px\" data-1024-1280=\"20px 20px 20px 0px\" data-768-1024=\"0 0 0 0\" data-600-768=\"0 0 0 0\" data-480-600=\"0 0 0 0\" data-480=\"0 0 0 0\">\n\t<div class=\"mkdf-eh-item-inner\">\n\t\t<div class=\"mkdf-eh-item-content mkdf-eh-custom-340222\" style=\"padding: 20px 20px 20px 0px\">\n\t\t\t[vc_column_text]<iframe loading=\"lazy\" src=\"\/\/www.youtube.com\/embed\/29qbSCR4C-E\" width=\"854\" height=\"510\" frameborder=\"0\" allowfullscreen=\"allowfullscreen\"><span data-mce-type=\"bookmark\" style=\"display: inline-block; width: 0px; overflow: hidden; line-height: 0;\" class=\"mce_SELRES_start\">\ufeff<\/span><\/iframe>[\/vc_column_text]\t\t<\/div>\n\t<\/div>\n<\/div><div class=\"mkdf-eh-item mkdf-horizontal-alignment-center\"  data-item-class=\"mkdf-eh-custom-757809\" data-1280-1600=\"20px 20px 20px 20px\" data-1024-1280=\"20px 20px 20px 20px\" data-768-1024=\"0 0 0 0\" data-600-768=\"0 0 0 0\" data-480-600=\"0 0 0 0\" data-480=\"0 0 0 0\">\n\t<div class=\"mkdf-eh-item-inner\">\n\t\t<div class=\"mkdf-eh-item-content mkdf-eh-custom-757809\" style=\"padding: 20px 20px 20px 20px\">\n\t\t\t[vc_column_text]<iframe loading=\"lazy\" src=\"\/\/www.youtube.com\/embed\/tg769fWSe5M\" width=\"854\" height=\"510\" frameborder=\"0\" allowfullscreen=\"allowfullscreen\"><span data-mce-type=\"bookmark\" style=\"display: inline-block; width: 0px; overflow: hidden; line-height: 0;\" class=\"mce_SELRES_start\">\ufeff<\/span><\/iframe>[\/vc_column_text]\t\t<\/div>\n\t<\/div>\n<\/div><\/div>[\/vc_column][\/vc_row][vc_row css=&#8220;.vc_custom_1632322238998{padding-top: 50px !important;}&#8220;][vc_column css=&#8220;.vc_custom_1492767171698{padding-top: 0px !important;}&#8220;]<div class=\"mkdf-elements-holder mkdf-two-columns mkdf-responsive-mode-768\" ><div class=\"mkdf-eh-item \" style=\"background-image: url(https:\/\/altos-klinika.cz\/wp-content\/uploads\/2021\/09\/doctor-man-consulting-patient-while-filling-up-application-form-desk-hospital-scaled.jpg)\" data-item-class=\"mkdf-eh-custom-895427\" data-600-768=\"260px 0\" data-480-600=\"200px 0\" data-480=\"200px 0\">\n\t<div class=\"mkdf-eh-item-inner\">\n\t\t<div class=\"mkdf-eh-item-content mkdf-eh-custom-895427\" >\n\t\t\t\t\t<\/div>\n\t<\/div>\n<\/div><div class=\"mkdf-eh-item \"  data-item-class=\"mkdf-eh-custom-408831\" data-1280-1600=\"110px 15% 120px 15%\" data-1024-1280=\"100px 13% 105px 14%\" data-768-1024=\"75px 11% 90px 10%\" data-600-768=\"75px 11% 90px 10%\" data-480-600=\"60px 10% 85px 10%\" data-480=\"60px 10% 85px 10%\">\n\t<div class=\"mkdf-eh-item-inner\">\n\t\t<div class=\"mkdf-eh-item-content mkdf-eh-custom-408831\" style=\"padding: 100px 19% 100px 16%\">\n\t\t\t<div class=\"mkdf-section-title-holder mkdf-st-standard mkdf-st-title-left mkdf-st-normal-space \" >\n\t<div class=\"mkdf-st-inner\">\n\t\t\t\t\t<h2 class=\"mkdf-st-title\" >\n\t\t\t\tKontraindikation\t\t\t<\/h2>\n\t\t\t\t\t<\/div>\n<\/div>[vc_empty_space height=&#8220;25px&#8220;][vc_column_text]<\/p>\n<ul>\n<li>Blutgerinnungsst\u00f6rung<\/li>\n<li>ansteckende und entz\u00fcndliche Erkrankungen<\/li>\n<li>onkologische Erkrankungen<\/li>\n<li>wenn Sie Blutverd\u00fcnner einnehmen<\/li>\n<\/ul>\n<p>[\/vc_column_text]\t\t<\/div>\n\t<\/div>\n<\/div><\/div>[\/vc_column][\/vc_row]<\/p>\n","protected":false},"excerpt":{"rendered":"<p>[vc_row row_content_width=&#8220;grid&#8220; css=&#8220;.vc_custom_1632239210797{padding-top: 70px !important;}&#8220;][vc_column offset=&#8220;vc_col-lg-12&#8243; css=&#8220;.vc_custom_1632140768248{margin-top: -8px !important;}&#8220;][vc_column_text] Verj\u00fcngung mit Blutplasma &#8211; Plasmatherapie [\/vc_column_text][vc_empty_space height=&#8220;9px&#8220;][vc_column_text]Plasmalifting ist eine hochwirksame innovative Methode zur Verj\u00fcngung der Haut. Das Ergebnis des Plasmaelevationsverfahrens ist die Korrektur von \u00e4sthetischen M\u00e4ngeln wie: altersbedingte und mimische Falten [&hellip;]<\/p>\n","protected":false},"author":1,"featured_media":0,"parent":0,"menu_order":0,"comment_status":"closed","ping_status":"closed","template":"full-width.php","meta":{"footnotes":""},"class_list":["post-18085","page","type-page","status-publish","hentry"],"acf":[],"_links":{"self":[{"href":"https:\/\/altos-klinika.cz\/de\/wp-json\/wp\/v2\/pages\/18085","targetHints":{"allow":["GET"]}}],"collection":[{"href":"https:\/\/altos-klinika.cz\/de\/wp-json\/wp\/v2\/pages"}],"about":[{"href":"https:\/\/altos-klinika.cz\/de\/wp-json\/wp\/v2\/types\/page"}],"author":[{"embeddable":true,"href":"https:\/\/altos-klinika.cz\/de\/wp-json\/wp\/v2\/users\/1"}],"replies":[{"embeddable":true,"href":"https:\/\/altos-klinika.cz\/de\/wp-json\/wp\/v2\/comments?post=18085"}],"version-history":[{"count":4,"href":"https:\/\/altos-klinika.cz\/de\/wp-json\/wp\/v2\/pages\/18085\/revisions"}],"predecessor-version":[{"id":22567,"href":"https:\/\/altos-klinika.cz\/de\/wp-json\/wp\/v2\/pages\/18085\/revisions\/22567"}],"wp:attachment":[{"href":"https:\/\/altos-klinika.cz\/de\/wp-json\/wp\/v2\/media?parent=18085"}],"curies":[{"name":"wp","href":"https:\/\/api.w.org\/{rel}","templated":true}]}}