{"id":18090,"date":"2021-09-26T20:21:41","date_gmt":"2021-09-26T20:21:41","guid":{"rendered":"https:\/\/altos-klinika.cz\/lips-augmentation\/"},"modified":"2025-03-19T16:01:23","modified_gmt":"2025-03-19T16:01:23","slug":"lips-augmentation","status":"publish","type":"page","link":"https:\/\/altos-klinika.cz\/de\/lips-augmentation\/","title":{"rendered":"Lip augmentation"},"content":{"rendered":"<p>[vc_row row_content_width=&#8220;grid&#8220; css=&#8220;.vc_custom_1632239210797{padding-top: 70px !important;}&#8220;][vc_column offset=&#8220;vc_col-lg-12&#8243; css=&#8220;.vc_custom_1632140768248{margin-top: -8px !important;}&#8220;]<div class=\"mkdf-section-title-holder mkdf-st-standard mkdf-st-title-left mkdf-st-normal-space \" style=\"text-align: center\">\n\t<div class=\"mkdf-st-inner\">\n\t\t\t\t\t<h1 class=\"mkdf-st-title\" >\n\t\t\t\tLippenvergr\u00f6\u00dferung\t\t\t<\/h1>\n\t\t\t\t\t<\/div>\n<\/div>[vc_empty_space height=&#8220;9px&#8220;][vc_column_text]Es wird empfohlen, die Lippenvergr\u00f6\u00dferung durch Hyalurons\u00e4ure-Filler aufzutragen:<\/p>\n<ul>\n<li>Lippenasymmetrie<\/li>\n<li>unzureichende F\u00fclle der Lippen<\/li>\n<li>altersbedingte Lippenver\u00e4nderungen &#8211; Volumenverlust, F\u00e4ltchen, h\u00e4ngende Mundwinkel, Farb- und Konturver\u00e4nderungen der Lippen<\/li>\n<li>Der konkrete Ablauf des Eingriffs wird vom Arzt immer individuell unter Ber\u00fccksichtigung Ihrer W\u00fcnsche und Parameter gew\u00e4hlt.<\/li>\n<\/ul>\n<p>Aufgrund der Tatsache, dass die verwendeten Pr\u00e4parate auf einem nat\u00fcrlichen Inhaltsstoff basieren, der vom menschlichen K\u00f6rper hergestellt wird, ist die Prozedur absolut sicher.<\/p>\n<p>Der Filler basiert auf Hyalurons\u00e4ure. Bei der Injektion in die tieferen Hautschichten erfolgt eine Hydratation, das hei\u00dft, das Produkt bindet Feuchtigkeit an sich und pflegt sie anschlie\u00dfend. Durch diesen Effekt wird der Stoff volumin\u00f6ser, die Haut in diesem Bereich wird gestrafft und F\u00e4ltchen werden gegl\u00e4ttet.<\/p>\n<h4>Vorteile der Methode:<\/h4>\n<ul>\n<li>Verj\u00fcngung durch die Synthese von Kollagenfasern<\/li>\n<li>die Wirkung von praller, voller Lippen, die bis zu einem Jahr anh\u00e4lt<\/li>\n<li>die Methode ist f\u00fcr alle Altersgruppen geeignet<\/li>\n<li>keine lange Rekonvaleszenz ist notwendig, alle negativen Manifestationen verschwinden<\/li>\n<li>innerhalb weniger Tage<\/li>\n<li>Das Ergebnis h\u00e4lt 10 Monate bis 3 Jahre, abh\u00e4ngig von Ihrem Lebensstil und den k\u00f6rperlichen<\/li>\n<\/ul>\n<p>[\/vc_column_text][vc_empty_space height=&#8220;30px&#8220;][\/vc_column][\/vc_row][vc_row full_width=&#8220;stretch_row&#8220; css=&#8220;.vc_custom_1638118773359{background-color: rgba(78,109,204,0.07) !important;*background-color: rgb(78,109,204) !important;}&#8220; simple_background_color=&#8220;rgba(78,109,204,0.07)&#8220;][vc_column][vc_row_inner row_content_width=&#8220;grid&#8220;][vc_column_inner][vc_column_text]\n<div class=\"wpcf7 no-js\" id=\"wpcf7-f17975-o1\" lang=\"en-US\" dir=\"ltr\" data-wpcf7-id=\"17975\">\n<div class=\"screen-reader-response\"><p role=\"status\" aria-live=\"polite\" aria-atomic=\"true\"><\/p> <ul><\/ul><\/div>\n<form action=\"\/de\/wp-json\/wp\/v2\/pages\/18090#wpcf7-f17975-o1\" method=\"post\" class=\"wpcf7-form init inline-form\" aria-label=\"Contact form\" novalidate=\"novalidate\" data-status=\"init\">\n<div style=\"display: none;\">\n<input type=\"hidden\" name=\"_wpcf7\" value=\"17975\" \/>\n<input type=\"hidden\" name=\"_wpcf7_version\" value=\"6.0.4\" \/>\n<input type=\"hidden\" name=\"_wpcf7_locale\" value=\"en_US\" \/>\n<input type=\"hidden\" name=\"_wpcf7_unit_tag\" value=\"wpcf7-f17975-o1\" \/>\n<input type=\"hidden\" name=\"_wpcf7_container_post\" value=\"0\" \/>\n<input type=\"hidden\" name=\"_wpcf7_posted_data_hash\" value=\"\" \/>\n<input type=\"hidden\" name=\"_wpcf7_recaptcha_response\" value=\"\" \/>\n<\/div>\n<h2>Vereinbare einen Termin\n<\/h2>\n<div class=\"jq-row jq-inline-form\">\n\t<div class=\"fields-col jq-row\">\n\t\t<div class=\"jq-col-33\">\n\t\t\t<p><span class=\"wpcf7-form-control-wrap\" data-name=\"your-name\"><input size=\"40\" maxlength=\"400\" class=\"wpcf7-form-control wpcf7-text wpcf7-validates-as-required\" aria-required=\"true\" aria-invalid=\"false\" placeholder=\"Ihren Namen\" value=\"\" type=\"text\" name=\"your-name\" \/><\/span>\n\t\t\t<\/p>\n\t\t<\/div>\n\t\t<div class=\"jq-col-33\">\n\t\t\t<p><span class=\"wpcf7-form-control-wrap\" data-name=\"your-email\"><input size=\"40\" maxlength=\"400\" class=\"wpcf7-form-control wpcf7-email wpcf7-validates-as-required wpcf7-text wpcf7-validates-as-email\" aria-required=\"true\" aria-invalid=\"false\" placeholder=\"Email\" value=\"\" type=\"email\" name=\"your-email\" \/><\/span>\n\t\t\t<\/p>\n\t\t<\/div>\n\t\t<div class=\"jq-col-33\">\n\t\t\t<p><span class=\"wpcf7-form-control-wrap\" data-name=\"your-tel\"><input size=\"40\" maxlength=\"400\" class=\"wpcf7-form-control wpcf7-tel wpcf7-text wpcf7-validates-as-tel\" aria-invalid=\"false\" placeholder=\"+420 *** *** ***\" value=\"\" type=\"tel\" name=\"your-tel\" \/><\/span>\n\t\t\t<\/p>\n\t\t<\/div>\n\t\t<div class=\"jq-col-100\">\n\t\t\t<p><span class=\"wpcf7-form-control-wrap\" data-name=\"acceptance\"><span class=\"wpcf7-form-control wpcf7-acceptance\"><span class=\"wpcf7-list-item\"><label><input type=\"checkbox\" name=\"acceptance\" value=\"1\" aria-invalid=\"false\" \/><span class=\"wpcf7-list-item-label\">Ich stimme der <a href=\"https:\/\/altos-klinika.cz\/en\/terms-of-use\/\" target=\"_blank\">Verarbeitung meiner personenbezogenen Daten zu<\/a>.<\/span><\/label><\/span><\/span><\/span>\n\t\t\t<\/p>\n\t\t<\/div>\n\t<\/div>\n\t<div class=\"button-col\">\n\t\t<p><input class=\"wpcf7-form-control wpcf7-submit has-spinner\" type=\"submit\" value=\"Senden\" \/><input type=\"hidden\" class=\"wpcf7-form-control wpcf7-hidden\" name=\"your-subject\" placeholder=\"\" value=\"DE \u0417\u0430\u043f\u0438\u0441\u044c \u043d\u0430 \u043f\u0440\u043e\u0446\u0435\u0434\u0443\u0440\u0443\" \/><input type=\"hidden\" class=\"wpcf7-form-control wpcf7-hidden\" name=\"hidden-956\" placeholder=\"\" value=\"Lip augmentation\" \/>\n\t\t<\/p>\n\t<\/div>\n<\/div><input type='hidden' class='wpcf7-pum' value='{\"closepopup\":false,\"closedelay\":0,\"openpopup\":false,\"openpopup_id\":0}' \/><div class=\"wpcf7-response-output\" aria-hidden=\"true\"><\/div>\n<\/form>\n<\/div>\n[\/vc_column_text][\/vc_column_inner][\/vc_row_inner][\/vc_column][\/vc_row][vc_row row_content_width=&#8220;grid&#8220;][vc_column]<div class=\"mkdf-elements-holder mkdf-one-column mkdf-responsive-mode-768\" ><div class=\"mkdf-eh-item mkdf-horizontal-alignment-center\"  data-item-class=\"mkdf-eh-custom-997525\" data-1280-1600=\"70px 230px 50px 230px\" data-1024-1280=\"70px 130px 50px 130px\" data-768-1024=\"70px 50px 50px 50px\" data-600-768=\"70px 0px 50px 0px\" data-480-600=\"70px 0px 50px 0px\" data-480=\"70px 0px 50px 0px\">\n\t<div class=\"mkdf-eh-item-inner\">\n\t\t<div class=\"mkdf-eh-item-content mkdf-eh-custom-997525\" style=\"padding: 70px 230px 50px 230px\">\n\t\t\t<div class=\"mkdf-section-title-holder mkdf-st-standard mkdf-st-title-left mkdf-st-normal-space \" >\n\t<div class=\"mkdf-st-inner\">\n\t\t\t\t\t<h2 class=\"mkdf-st-title\" >\n\t\t\t\tFoto vorher und nachher\t\t\t<\/h2>\n\t\t\t\t\t<\/div>\n<\/div>[vc_empty_space]<div class=\"mkdf-image-gallery mkdf-ig-carousel-type \">\n\t<div class=\"mkdf-ig-slider mkdf-owl-slider\" data-number-of-items=\"1\" data-enable-loop=\"yes\" data-enable-autoplay=\"yes\" data-slider-speed=\"5000\" data-slider-speed-animation=\"600\" data-enable-navigation=\"yes\" data-enable-pagination=\"yes\">\n\t\t\t\t\t<div class=\"mkdf-ig-image\">\n\t\t\t\t\t\t\t\t\t<img loading=\"lazy\" decoding=\"async\" width=\"587\" height=\"581\" src=\"https:\/\/altos-klinika.cz\/wp-content\/uploads\/2021\/10\/5-2.png\" class=\"attachment-full size-full\" alt=\"\" srcset=\"https:\/\/altos-klinika.cz\/wp-content\/uploads\/2021\/10\/5-2.png 587w, https:\/\/altos-klinika.cz\/wp-content\/uploads\/2021\/10\/5-2-300x297.png 300w, https:\/\/altos-klinika.cz\/wp-content\/uploads\/2021\/10\/5-2-100x100.png 100w\" sizes=\"auto, (max-width: 587px) 100vw, 587px\" \/>\t\t\t\t\t\t\t<\/div>\n\t\t\t\t\t<div class=\"mkdf-ig-image\">\n\t\t\t\t\t\t\t\t\t<img loading=\"lazy\" decoding=\"async\" width=\"595\" height=\"595\" src=\"https:\/\/altos-klinika.cz\/wp-content\/uploads\/2021\/10\/3-2.png\" class=\"attachment-full size-full\" alt=\"\" srcset=\"https:\/\/altos-klinika.cz\/wp-content\/uploads\/2021\/10\/3-2.png 595w, https:\/\/altos-klinika.cz\/wp-content\/uploads\/2021\/10\/3-2-300x300.png 300w, https:\/\/altos-klinika.cz\/wp-content\/uploads\/2021\/10\/3-2-150x150.png 150w, https:\/\/altos-klinika.cz\/wp-content\/uploads\/2021\/10\/3-2-550x550.png 550w, https:\/\/altos-klinika.cz\/wp-content\/uploads\/2021\/10\/3-2-100x100.png 100w\" sizes=\"auto, (max-width: 595px) 100vw, 595px\" \/>\t\t\t\t\t\t\t<\/div>\n\t\t\t\t\t<div class=\"mkdf-ig-image\">\n\t\t\t\t\t\t\t\t\t<img loading=\"lazy\" decoding=\"async\" width=\"599\" height=\"596\" src=\"https:\/\/altos-klinika.cz\/wp-content\/uploads\/2021\/10\/2-2.png\" class=\"attachment-full size-full\" alt=\"\" srcset=\"https:\/\/altos-klinika.cz\/wp-content\/uploads\/2021\/10\/2-2.png 599w, https:\/\/altos-klinika.cz\/wp-content\/uploads\/2021\/10\/2-2-300x298.png 300w, https:\/\/altos-klinika.cz\/wp-content\/uploads\/2021\/10\/2-2-150x150.png 150w, https:\/\/altos-klinika.cz\/wp-content\/uploads\/2021\/10\/2-2-100x100.png 100w\" sizes=\"auto, (max-width: 599px) 100vw, 599px\" \/>\t\t\t\t\t\t\t<\/div>\n\t\t\t<\/div>\n<\/div>\t\t<\/div>\n\t<\/div>\n<\/div><\/div>[\/vc_column][\/vc_row][vc_row content_placement=&#8220;middle&#8220; css=&#8220;.vc_custom_1632529364693{background-color: #fafafa !important;}&#8220;][vc_column]<div class=\"mkdf-elements-holder mkdf-one-column mkdf-responsive-mode-768\" style=\"background-color:#fafafa;\"><div class=\"mkdf-eh-item mkdf-horizontal-alignment-center\"  data-item-class=\"mkdf-eh-custom-314328\">\n\t<div class=\"mkdf-eh-item-inner\">\n\t\t<div class=\"mkdf-eh-item-content mkdf-eh-custom-314328\" style=\"padding: 20px 0 0 0\">\n\t\t\t<div class=\"mkdf-section-title-holder mkdf-st-standard mkdf-st-title-left mkdf-st-normal-space \" style=\"text-align: center\">\n\t<div class=\"mkdf-st-inner\">\n\t\t\t\t\t<h2 class=\"mkdf-st-title\" >\n\t\t\t\tPreisliste\t\t\t<\/h2>\n\t\t\t\t\t<\/div>\n<\/div>\t\t<\/div>\n\t<\/div>\n<\/div><\/div><div class=\"mkdf-elements-holder mkdf-one-column mkdf-responsive-mode-768 mkdf-one-column-alignment-center\" style=\"background-color:#fafafa;\"><div class=\"mkdf-eh-item mkdf-horizontal-alignment-center\"  data-item-class=\"mkdf-eh-custom-946729\" data-1280-1600=\"40px 500px 20px 500px\" data-1024-1280=\"40px 300px 20px 300px\" data-768-1024=\"40px 100px 20px 100px\" data-600-768=\"20px 30px 20px 30px\" data-480-600=\"20px 30px 20px 30px\" data-480=\"20px 30px 20px 30px\">\n\t<div class=\"mkdf-eh-item-inner\">\n\t\t<div class=\"mkdf-eh-item-content mkdf-eh-custom-946729\" style=\"padding: 40px 500px 20px 500px\">\n\t\t\t<div class=\"mkdf-pricing-tables clearfix  mkdf-two-columns mkdf-pt-normal-space\"><div class=\"mkdf-pt-wrapper\"><div class=\"mkdf-price-table\">\n\t<div class=\"mkdf-pt-inner\" style=\"background-color: #ffffff\">\n\t\t\t\t<ul>\n\t\t\t<li class=\"mkdf-pt-title-holder\">\n\t\t\t\t<span class=\"mkdf-pt-title\" style=\"border-color: #13bfb1\">Juv\u00e9derm Ultra Smile (0,55 ml)<\/span>\n\t\t\t<\/li>\n\t\t\t<li class=\"mkdf-pt-prices\">\n\t\t\t\t<sup class=\"mkdf-pt-value\" >K\u010d<\/sup>\n\t\t\t\t<span class=\"mkdf-pt-price\" >9 900<\/span>\n\t\t\t\t<h6 class=\"mkdf-pt-mark\" >0,55 ml<\/h6>\n\t\t\t<\/li>\n\t\t\t<li class=\"mkdf-pt-content\">\n\t\t\t\t* Der Preis beinhaltet nicht die Anwendung einer Bet\u00e4ubungscreme\t\t\t<\/li>\n\t\t\t\t\t\t\t<li class=\"mkdf-pt-button\">\n\t\t\t\t\t<a itemprop=\"url\" href=\"https:\/\/altos-klinika.cz\/en\/book-an-appointment\/?balname=Lip%20augmentation%20Juv%C3%A9derm%20Ultra%20Smile\" target=\"_self\"  class=\"mkdf-btn mkdf-btn-large mkdf-btn-solid mkdf-btn-solid-dark\"  >    <span class=\"mkdf-btn-text\">Vereinbare einen Termin<\/span>    <span class=\"mkdf-btn-icon-holder\">        <span class=\"mkdf-btn-icon-normal\" ><\/span>        <span class=\"mkdf-btn-icon-flip\" ><\/span>    <\/span><\/a>\t\t\t\t<\/li>\t\t\t\t\n\t\t\t\t\t<\/ul>\n\t<\/div>\n<\/div><div class=\"mkdf-price-table\">\n\t<div class=\"mkdf-pt-inner\" style=\"background-color: #ffffff\">\n\t\t\t\t<ul>\n\t\t\t<li class=\"mkdf-pt-title-holder\">\n\t\t\t\t<span class=\"mkdf-pt-title\" style=\"border-color: #13bfb1\">Stylage LIPS (0,55 ml)<\/span>\n\t\t\t<\/li>\n\t\t\t<li class=\"mkdf-pt-prices\">\n\t\t\t\t<sup class=\"mkdf-pt-value\" >K\u010d<\/sup>\n\t\t\t\t<span class=\"mkdf-pt-price\" >9 900<\/span>\n\t\t\t\t<h6 class=\"mkdf-pt-mark\" >0,55 ml<\/h6>\n\t\t\t<\/li>\n\t\t\t<li class=\"mkdf-pt-content\">\n\t\t\t\t* Der Preis beinhaltet nicht die Anwendung einer Bet\u00e4ubungscreme\t\t\t<\/li>\n\t\t\t\t\t\t\t<li class=\"mkdf-pt-button\">\n\t\t\t\t\t<a itemprop=\"url\" href=\"https:\/\/altos-klinika.cz\/en\/book-an-appointment\/?balname=Lip%20augmentation%20Stylage%20LIPS\" target=\"_self\"  class=\"mkdf-btn mkdf-btn-large mkdf-btn-solid mkdf-btn-solid-dark\"  >    <span class=\"mkdf-btn-text\">Vereinbare einen Termin<\/span>    <span class=\"mkdf-btn-icon-holder\">        <span class=\"mkdf-btn-icon-normal\" ><\/span>        <span class=\"mkdf-btn-icon-flip\" ><\/span>    <\/span><\/a>\t\t\t\t<\/li>\t\t\t\t\n\t\t\t\t\t<\/ul>\n\t<\/div>\n<\/div><\/div><\/div>\t\t<\/div>\n\t<\/div>\n<\/div><\/div>[\/vc_column][\/vc_row][vc_row row_content_width=&#8220;grid&#8220; css=&#8220;.vc_custom_1632239210797{padding-top: 70px !important;}&#8220;][vc_column offset=&#8220;vc_col-lg-12&#8243; css=&#8220;.vc_custom_1632140768248{margin-top: -8px !important;}&#8220;]<div class=\"mkdf-section-title-holder mkdf-st-standard mkdf-st-title-left mkdf-st-normal-space \" style=\"text-align: center\">\n\t<div class=\"mkdf-st-inner\">\n\t\t\t\t\t<h2 class=\"mkdf-st-title\" >\n\t\t\t\tWie kann man die Lippen vergr\u00f6\u00dfern?\t\t\t<\/h2>\n\t\t\t\t\t<\/div>\n<\/div>[vc_empty_space height=&#8220;9px&#8220;][vc_column_text]Auf die gereinigte und desinfizierte Lippenhaut wird eine An\u00e4sthesiecreme aufgetragen, die die Beschwerden w\u00e4hrend der Prozedur reduziert.<\/p>\n<p>Die Creme bleibt durchschnittlich 30-40 Minuten auf der Haut, um ihre maximale Wirkung zu erzielen.<\/p>\n<p>Nach dem Entfernen der Creme von der Haut wird ein Filler injiziert. Die Lippenvergr\u00f6\u00dferung oder &#8211; korrektur selbst dauert durchschnittlich etwa 15 Minuten und schr\u00e4nkt im Alltag nicht ein.<\/p>\n<p>Die Anzahl der Wiederholungen wird von Ihrem Arzt in Abh\u00e4ngigkeit von Ihren Parametern und Anforderungen empfohlen. Im Durchschnitt sind 1-3 Prozeduren erforderlich, oder es ist m\u00f6glich, das Volumen aufzuf\u00fcllen oder die Prozedur zu wiederholen.[\/vc_column_text][\/vc_column][\/vc_row][vc_row row_content_width=&#8220;grid&#8220;][vc_column]<div class=\"mkdf-elements-holder mkdf-two-columns mkdf-responsive-mode-768\" ><div class=\"mkdf-eh-item mkdf-vertical-alignment-top\"  data-item-class=\"mkdf-eh-custom-436746\" data-1280-1600=\"70px 30px 50px 0\" data-1024-1280=\"70px 30px 50px 0\" data-768-1024=\"70px 30px 50px 0\" data-600-768=\"70px 0px 50px 0\" data-480-600=\"70px 0px 50px 0\" data-480=\"70px 0px 50px 0\">\n\t<div class=\"mkdf-eh-item-inner\">\n\t\t<div class=\"mkdf-eh-item-content mkdf-eh-custom-436746\" style=\"padding: 70px 30px 50px 0\">\n\t\t\t<div class=\"mkdf-section-title-holder mkdf-st-standard mkdf-st-title-left mkdf-st-normal-space \" >\n\t<div class=\"mkdf-st-inner\">\n\t\t\t\t\t<h2 class=\"mkdf-st-title\" >\n\t\t\t\tVor der Prozedur\t\t\t<\/h2>\n\t\t\t\t\t\t\t<p class=\"mkdf-st-text\" >\n\t\t\t\tF\u00fcr die Lippenvergr\u00f6\u00dferung ist keine spezielle Vorbereitung erforderlich.\t\t\t<\/p>\n\t\t\t<\/div>\n<\/div>[vc_empty_space height=&#8220;25px&#8220;]\t\t<\/div>\n\t<\/div>\n<\/div><div class=\"mkdf-eh-item mkdf-vertical-alignment-top\"  data-item-class=\"mkdf-eh-custom-511582\" data-1280-1600=\"70px 30px 50px 0\" data-1024-1280=\"70px 30px 50px 0\" data-768-1024=\"70px 30px 50px 0\" data-600-768=\"70px 0px 50px 0\" data-480-600=\"70px 0px 50px 0\" data-480=\"70px 0px 50px 0\">\n\t<div class=\"mkdf-eh-item-inner\">\n\t\t<div class=\"mkdf-eh-item-content mkdf-eh-custom-511582\" style=\"padding: 70px 30px 50px 0\">\n\t\t\t<div class=\"mkdf-section-title-holder mkdf-st-standard mkdf-st-title-left mkdf-st-normal-space \" >\n\t<div class=\"mkdf-st-inner\">\n\t\t\t\t\t<h2 class=\"mkdf-st-title\" >\n\t\t\t\tRegeneration\t\t\t<\/h2>\n\t\t\t\t\t<\/div>\n<\/div>[vc_column_text]Das Ergebnis der Lippenvergr\u00f6\u00dferung ist unmittelbar nach dem Eingriff sichtbar.<\/p>\n<p>Innerhalb weniger Stunden nach der Prozedur k\u00f6nnen R\u00f6tungen und Spuren der Injektion auf der Haut auftreten.<\/p>\n<p>Schwellungen, R\u00f6tungen und in seltenen F\u00e4llen H\u00e4matome sind innerhalb von 2-3 Tagen m\u00f6glich. Nach der Prozedur m\u00fcssen Cremes verwendet werden, um die Heilung zu beschleunigen, die immer vom behandelnden Arzt verordnet werden.<\/p>\n<p>Auch nach der Prozedur f\u00fcr 1-3 Tage ist es notwendig, eine Lippenmassage durchzuf\u00fchren, damit sich die Hyalurons\u00e4ure gleichm\u00e4\u00dfig auf der Expositionsfl\u00e4che verteilt.[\/vc_column_text][vc_empty_space height=&#8220;25px&#8220;]\t\t<\/div>\n\t<\/div>\n<\/div><\/div>[\/vc_column][\/vc_row][vc_row css=&#8220;.vc_custom_1632322238998{padding-top: 50px !important;}&#8220;][vc_column css=&#8220;.vc_custom_1492767171698{padding-top: 0px !important;}&#8220;]<div class=\"mkdf-elements-holder mkdf-two-columns mkdf-responsive-mode-768\" ><div class=\"mkdf-eh-item \" style=\"background-image: url(https:\/\/altos-klinika.cz\/wp-content\/uploads\/2021\/09\/doctor-man-consulting-patient-while-filling-up-application-form-desk-hospital-scaled.jpg)\" data-item-class=\"mkdf-eh-custom-717689\" data-600-768=\"260px 0\" data-480-600=\"200px 0\" data-480=\"200px 0\">\n\t<div class=\"mkdf-eh-item-inner\">\n\t\t<div class=\"mkdf-eh-item-content mkdf-eh-custom-717689\" >\n\t\t\t\t\t<\/div>\n\t<\/div>\n<\/div><div class=\"mkdf-eh-item \"  data-item-class=\"mkdf-eh-custom-822935\" data-1280-1600=\"110px 15% 120px 15%\" data-1024-1280=\"100px 13% 105px 14%\" data-768-1024=\"75px 11% 90px 10%\" data-600-768=\"75px 11% 90px 10%\" data-480-600=\"60px 10% 85px 10%\" data-480=\"60px 10% 85px 10%\">\n\t<div class=\"mkdf-eh-item-inner\">\n\t\t<div class=\"mkdf-eh-item-content mkdf-eh-custom-822935\" style=\"padding: 100px 19% 100px 16%\">\n\t\t\t<div class=\"mkdf-section-title-holder mkdf-st-standard mkdf-st-title-left mkdf-st-normal-space \" >\n\t<div class=\"mkdf-st-inner\">\n\t\t\t\t\t<h2 class=\"mkdf-st-title\" >\n\t\t\t\tKontraindikation\t\t\t<\/h2>\n\t\t\t\t\t<\/div>\n<\/div>[vc_empty_space height=&#8220;25px&#8220;][vc_column_text]Das Ergebnis der Lippenvergr\u00f6\u00dferung ist unmittelbar nach dem Eingriff sichtbar.<\/p>\n<p>Innerhalb weniger Stunden nach der Prozedur k\u00f6nnen R\u00f6tungen und Spuren der Injektion auf der Haut auftreten.<\/p>\n<p>Schwellungen, R\u00f6tungen und in seltenen F\u00e4llen H\u00e4matome sind innerhalb von 2-3 Tagen m\u00f6glich. Nach der Prozedur m\u00fcssen Cremes verwendet werden, um die Heilung zu beschleunigen, die immer vom behandelnden Arzt verordnet werden.<\/p>\n<p>Auch nach der Prozedur f\u00fcr 1-3 Tage ist es notwendig, eine Lippenmassage durchzuf\u00fchren, damit sich die Hyalurons\u00e4ure gleichm\u00e4\u00dfig auf der Expositionsfl\u00e4che verteilt.[\/vc_column_text]\t\t<\/div>\n\t<\/div>\n<\/div><\/div>[\/vc_column][\/vc_row][vc_row][vc_column css=&#8220;.vc_custom_1492767171698{padding-top: 0px !important;}&#8220;]<div class=\"mkdf-elements-holder mkdf-two-columns mkdf-responsive-mode-768\" ><div class=\"mkdf-eh-item \"  data-item-class=\"mkdf-eh-custom-164633\" data-1280-1600=\"110px 15% 120px 15%\" data-1024-1280=\"100px 13% 105px 14%\" data-768-1024=\"75px 11% 90px 10%\" data-600-768=\"75px 11% 90px 10%\" data-480-600=\"60px 10% 85px 10%\" data-480=\"60px 10% 85px 10%\">\n\t<div class=\"mkdf-eh-item-inner\">\n\t\t<div class=\"mkdf-eh-item-content mkdf-eh-custom-164633\" style=\"padding: 100px 19% 100px 16%\">\n\t\t\t<div class=\"mkdf-section-title-holder mkdf-st-standard mkdf-st-title-left mkdf-st-normal-space \" >\n\t<div class=\"mkdf-st-inner\">\n\t\t\t\t\t<h2 class=\"mkdf-st-title\" >\n\t\t\t\tGebrauchte Pr\u00e4parate\t\t\t<\/h2>\n\t\t\t\t\t<\/div>\n<\/div>[vc_empty_space height=&#8220;25px&#8220;][vc_column_text]In unserer Klinik arbeiten wir mit den besten Abf\u00fcllherstellern auf dem Markt zusammen, Juv\u00e9derm und Stylage.[\/vc_column_text]\t\t<\/div>\n\t<\/div>\n<\/div><div class=\"mkdf-eh-item \"  data-item-class=\"mkdf-eh-custom-662646\" data-600-768=\"260px 0\" data-480-600=\"200px 0\" data-480=\"200px 0\">\n\t<div class=\"mkdf-eh-item-inner\">\n\t\t<div class=\"mkdf-eh-item-content mkdf-eh-custom-662646\" >\n\t\t\t<div class=\"mkdf-image-gallery mkdf-ig-carousel-type \">\n\t<div class=\"mkdf-ig-slider mkdf-owl-slider\" data-number-of-items=\"1\" data-enable-loop=\"yes\" data-enable-autoplay=\"yes\" data-slider-speed=\"5000\" data-slider-speed-animation=\"600\" data-enable-navigation=\"yes\" data-enable-pagination=\"no\">\n\t\t\t\t\t<div class=\"mkdf-ig-image\">\n\t\t\t\t\t\t\t\t\t<img loading=\"lazy\" decoding=\"async\" width=\"700\" height=\"467\" src=\"https:\/\/altos-klinika.cz\/wp-content\/uploads\/2021\/09\/ezgif.com-webp-to-jpg214.jpg\" class=\"attachment-full size-full\" alt=\"\" srcset=\"https:\/\/altos-klinika.cz\/wp-content\/uploads\/2021\/09\/ezgif.com-webp-to-jpg214.jpg 700w, https:\/\/altos-klinika.cz\/wp-content\/uploads\/2021\/09\/ezgif.com-webp-to-jpg214-300x200.jpg 300w, https:\/\/altos-klinika.cz\/wp-content\/uploads\/2021\/09\/ezgif.com-webp-to-jpg214-600x400.jpg 600w\" sizes=\"auto, (max-width: 700px) 100vw, 700px\" \/>\t\t\t\t\t\t\t<\/div>\n\t\t\t\t\t<div class=\"mkdf-ig-image\">\n\t\t\t\t\t\t\t\t\t<img loading=\"lazy\" decoding=\"async\" width=\"633\" height=\"391\" src=\"https:\/\/altos-klinika.cz\/wp-content\/uploads\/2021\/09\/Buy-Stylage-Special-Lips-1x1ml.jpg\" class=\"attachment-full size-full\" alt=\"\" srcset=\"https:\/\/altos-klinika.cz\/wp-content\/uploads\/2021\/09\/Buy-Stylage-Special-Lips-1x1ml.jpg 633w, https:\/\/altos-klinika.cz\/wp-content\/uploads\/2021\/09\/Buy-Stylage-Special-Lips-1x1ml-300x185.jpg 300w, https:\/\/altos-klinika.cz\/wp-content\/uploads\/2021\/09\/Buy-Stylage-Special-Lips-1x1ml-130x80.jpg 130w, https:\/\/altos-klinika.cz\/wp-content\/uploads\/2021\/09\/Buy-Stylage-Special-Lips-1x1ml-600x371.jpg 600w\" sizes=\"auto, (max-width: 633px) 100vw, 633px\" \/>\t\t\t\t\t\t\t<\/div>\n\t\t\t<\/div>\n<\/div>\t\t<\/div>\n\t<\/div>\n<\/div><\/div>[\/vc_column][\/vc_row]<\/p>\n","protected":false},"excerpt":{"rendered":"<p>[vc_row row_content_width=&#8220;grid&#8220; css=&#8220;.vc_custom_1632239210797{padding-top: 70px !important;}&#8220;][vc_column offset=&#8220;vc_col-lg-12&#8243; css=&#8220;.vc_custom_1632140768248{margin-top: -8px !important;}&#8220;][vc_empty_space height=&#8220;9px&#8220;][vc_column_text]Es wird empfohlen, die Lippenvergr\u00f6\u00dferung durch Hyalurons\u00e4ure-Filler aufzutragen: Lippenasymmetrie unzureichende F\u00fclle der Lippen altersbedingte Lippenver\u00e4nderungen &#8211; Volumenverlust, F\u00e4ltchen, h\u00e4ngende Mundwinkel, Farb- und Konturver\u00e4nderungen der Lippen Der konkrete Ablauf des Eingriffs wird [&hellip;]<\/p>\n","protected":false},"author":1,"featured_media":0,"parent":0,"menu_order":0,"comment_status":"closed","ping_status":"closed","template":"full-width.php","meta":{"footnotes":""},"class_list":["post-18090","page","type-page","status-publish","hentry"],"acf":[],"_links":{"self":[{"href":"https:\/\/altos-klinika.cz\/de\/wp-json\/wp\/v2\/pages\/18090","targetHints":{"allow":["GET"]}}],"collection":[{"href":"https:\/\/altos-klinika.cz\/de\/wp-json\/wp\/v2\/pages"}],"about":[{"href":"https:\/\/altos-klinika.cz\/de\/wp-json\/wp\/v2\/types\/page"}],"author":[{"embeddable":true,"href":"https:\/\/altos-klinika.cz\/de\/wp-json\/wp\/v2\/users\/1"}],"replies":[{"embeddable":true,"href":"https:\/\/altos-klinika.cz\/de\/wp-json\/wp\/v2\/comments?post=18090"}],"version-history":[{"count":6,"href":"https:\/\/altos-klinika.cz\/de\/wp-json\/wp\/v2\/pages\/18090\/revisions"}],"predecessor-version":[{"id":22657,"href":"https:\/\/altos-klinika.cz\/de\/wp-json\/wp\/v2\/pages\/18090\/revisions\/22657"}],"wp:attachment":[{"href":"https:\/\/altos-klinika.cz\/de\/wp-json\/wp\/v2\/media?parent=18090"}],"curies":[{"name":"wp","href":"https:\/\/api.w.org\/{rel}","templated":true}]}}