{"id":18100,"date":"2021-09-26T20:56:02","date_gmt":"2021-09-26T20:56:02","guid":{"rendered":"https:\/\/altos-klinika.cz\/aplikace-botulotoxinu-a\/"},"modified":"2025-03-19T15:25:53","modified_gmt":"2025-03-19T15:25:53","slug":"botulinum-toxin-application","status":"publish","type":"page","link":"https:\/\/altos-klinika.cz\/de\/botulinum-toxin-application\/","title":{"rendered":"Korrektur von Mimikfalten"},"content":{"rendered":"<p>[vc_row row_content_width=&#8220;grid&#8220; css=&#8220;.vc_custom_1632239210797{padding-top: 70px !important;}&#8220;][vc_column offset=&#8220;vc_col-lg-12&#8243; css=&#8220;.vc_custom_1632140768248{margin-top: -8px !important;}&#8220;]<div class=\"mkdf-section-title-holder mkdf-st-standard mkdf-st-title-left mkdf-st-normal-space \" style=\"text-align: center\">\n\t<div class=\"mkdf-st-inner\">\n\t\t\t\t\t<h1 class=\"mkdf-st-title\" >\n\t\t\t\tKorrektur von Mimikfalten\t\t\t<\/h1>\n\t\t\t\t\t<\/div>\n<\/div>[vc_column_text]<\/p>\n<h3 style=\"text-align: center;\">Korrektur von Mimikfalten<\/h3>\n<p>[\/vc_column_text][vc_empty_space height=&#8220;9px&#8220;][vc_column_text]Falten geh\u00f6ren zu den typischen Alterserscheinungen, daher ist es unser Ziel, sie zu gl\u00e4tten und Ihrer Haut ein frisches und jugendliches Aussehen zu verleihen. Wenn die Haut altert, treten Falten auf, gleichzeitig kommt es zu einer unzureichenden Kollagenproduktion und einer Verlangsamung der Zellerneuerung. Wir nennen diese Falten statisch und fixieren ihr Aussehen in der Regel um das 40. Lebensjahr. Ausdrucksfalten entstehen sie durch die Kontraktion der Gesichtsmuskulatur. Sie k\u00f6nnen sogar fr\u00fcher erscheinen. Viele haben sie im Alter von etwa 30 Jahren gesehen. Normalerweise ist der erste Bereich, in dem sie erscheinen, um die Augen herum. Die Haut um die Augen ist sehr d\u00fcnn und daher anf\u00e4llig f\u00fcr Falten. Daher versuchen wir, sie auf verschiedene Weise loszuwerden. Und es muss keine Operation sein. Welche anderen Verfahren f\u00fchren zur Entfernung von Falten? Und wenn Sie eine Antwort auf die Frage suchen, wie Sie Falten um den Mund entfernen k\u00f6nnen, bietet Botulinumtoxin A auch hier eine L\u00f6sung.<\/p>\n<p>Sie sind:<\/p>\n<ul>\n<li>horizontale Falten auf der Stirn<\/li>\n<li>vertikale Falten am Nasengrund<\/li>\n<li>Falten um die Augen<\/li>\n<li>Falten um den Mund<\/li>\n<\/ul>\n<p>[\/vc_column_text][vc_empty_space][\/vc_column][\/vc_row][vc_row full_width=&#8220;stretch_row&#8220; css=&#8220;.vc_custom_1638118773359{background-color: rgba(78,109,204,0.07) !important;*background-color: rgb(78,109,204) !important;}&#8220; simple_background_color=&#8220;rgba(78,109,204,0.07)&#8220;][vc_column][vc_row_inner row_content_width=&#8220;grid&#8220;][vc_column_inner][vc_column_text]\n<div class=\"wpcf7 no-js\" id=\"wpcf7-f17975-o1\" lang=\"en-US\" dir=\"ltr\" data-wpcf7-id=\"17975\">\n<div class=\"screen-reader-response\"><p role=\"status\" aria-live=\"polite\" aria-atomic=\"true\"><\/p> <ul><\/ul><\/div>\n<form action=\"\/de\/wp-json\/wp\/v2\/pages\/18100#wpcf7-f17975-o1\" method=\"post\" class=\"wpcf7-form init inline-form\" aria-label=\"Contact form\" novalidate=\"novalidate\" data-status=\"init\">\n<div style=\"display: none;\">\n<input type=\"hidden\" name=\"_wpcf7\" value=\"17975\" \/>\n<input type=\"hidden\" name=\"_wpcf7_version\" value=\"6.0.4\" \/>\n<input type=\"hidden\" name=\"_wpcf7_locale\" value=\"en_US\" \/>\n<input type=\"hidden\" name=\"_wpcf7_unit_tag\" value=\"wpcf7-f17975-o1\" \/>\n<input type=\"hidden\" name=\"_wpcf7_container_post\" value=\"0\" \/>\n<input type=\"hidden\" name=\"_wpcf7_posted_data_hash\" value=\"\" \/>\n<input type=\"hidden\" name=\"_wpcf7_recaptcha_response\" value=\"\" \/>\n<\/div>\n<h2>Vereinbare einen Termin\n<\/h2>\n<div class=\"jq-row jq-inline-form\">\n\t<div class=\"fields-col jq-row\">\n\t\t<div class=\"jq-col-33\">\n\t\t\t<p><span class=\"wpcf7-form-control-wrap\" data-name=\"your-name\"><input size=\"40\" maxlength=\"400\" class=\"wpcf7-form-control wpcf7-text wpcf7-validates-as-required\" aria-required=\"true\" aria-invalid=\"false\" placeholder=\"Ihren Namen\" value=\"\" type=\"text\" name=\"your-name\" \/><\/span>\n\t\t\t<\/p>\n\t\t<\/div>\n\t\t<div class=\"jq-col-33\">\n\t\t\t<p><span class=\"wpcf7-form-control-wrap\" data-name=\"your-email\"><input size=\"40\" maxlength=\"400\" class=\"wpcf7-form-control wpcf7-email wpcf7-validates-as-required wpcf7-text wpcf7-validates-as-email\" aria-required=\"true\" aria-invalid=\"false\" placeholder=\"Email\" value=\"\" type=\"email\" name=\"your-email\" \/><\/span>\n\t\t\t<\/p>\n\t\t<\/div>\n\t\t<div class=\"jq-col-33\">\n\t\t\t<p><span class=\"wpcf7-form-control-wrap\" data-name=\"your-tel\"><input size=\"40\" maxlength=\"400\" class=\"wpcf7-form-control wpcf7-tel wpcf7-text wpcf7-validates-as-tel\" aria-invalid=\"false\" placeholder=\"+420 *** *** ***\" value=\"\" type=\"tel\" name=\"your-tel\" \/><\/span>\n\t\t\t<\/p>\n\t\t<\/div>\n\t\t<div class=\"jq-col-100\">\n\t\t\t<p><span class=\"wpcf7-form-control-wrap\" data-name=\"acceptance\"><span class=\"wpcf7-form-control wpcf7-acceptance\"><span class=\"wpcf7-list-item\"><label><input type=\"checkbox\" name=\"acceptance\" value=\"1\" aria-invalid=\"false\" \/><span class=\"wpcf7-list-item-label\">Ich stimme der <a href=\"https:\/\/altos-klinika.cz\/en\/terms-of-use\/\" target=\"_blank\">Verarbeitung meiner personenbezogenen Daten zu<\/a>.<\/span><\/label><\/span><\/span><\/span>\n\t\t\t<\/p>\n\t\t<\/div>\n\t<\/div>\n\t<div class=\"button-col\">\n\t\t<p><input class=\"wpcf7-form-control wpcf7-submit has-spinner\" type=\"submit\" value=\"Senden\" \/><input type=\"hidden\" class=\"wpcf7-form-control wpcf7-hidden\" name=\"your-subject\" placeholder=\"\" value=\"DE \u0417\u0430\u043f\u0438\u0441\u044c \u043d\u0430 \u043f\u0440\u043e\u0446\u0435\u0434\u0443\u0440\u0443\" \/><input type=\"hidden\" class=\"wpcf7-form-control wpcf7-hidden\" name=\"hidden-956\" placeholder=\"\" value=\"Korrektur von Mimikfalten\" \/>\n\t\t<\/p>\n\t<\/div>\n<\/div><input type='hidden' class='wpcf7-pum' value='{\"closepopup\":false,\"closedelay\":0,\"openpopup\":false,\"openpopup_id\":0}' \/><div class=\"wpcf7-response-output\" aria-hidden=\"true\"><\/div>\n<\/form>\n<\/div>\n[\/vc_column_text][\/vc_column_inner][\/vc_row_inner][\/vc_column][\/vc_row][vc_row row_content_width=&#8220;grid&#8220;][vc_column]<div class=\"mkdf-elements-holder mkdf-one-column mkdf-responsive-mode-768\" ><div class=\"mkdf-eh-item mkdf-horizontal-alignment-center\"  data-item-class=\"mkdf-eh-custom-940993\" data-1280-1600=\"70px 230px 50px 230px\" data-1024-1280=\"70px 130px 50px 130px\" data-768-1024=\"70px 50px 50px 50px\" data-600-768=\"70px 0px 50px 0px\" data-480-600=\"70px 0px 50px 0px\" data-480=\"70px 0px 50px 0px\">\n\t<div class=\"mkdf-eh-item-inner\">\n\t\t<div class=\"mkdf-eh-item-content mkdf-eh-custom-940993\" style=\"padding: 70px 230px 50px 230px\">\n\t\t\t<div class=\"mkdf-section-title-holder mkdf-st-standard mkdf-st-title-left mkdf-st-normal-space \" >\n\t<div class=\"mkdf-st-inner\">\n\t\t\t\t\t<h2 class=\"mkdf-st-title\" >\n\t\t\t\tFoto vorher und nachher\t\t\t<\/h2>\n\t\t\t\t\t<\/div>\n<\/div>[vc_empty_space]<div class=\"mkdf-image-gallery mkdf-ig-carousel-type \">\n\t<div class=\"mkdf-ig-slider mkdf-owl-slider\" data-number-of-items=\"1\" data-enable-loop=\"yes\" data-enable-autoplay=\"yes\" data-slider-speed=\"5000\" data-slider-speed-animation=\"600\" data-enable-navigation=\"yes\" data-enable-pagination=\"yes\">\n\t\t\t\t\t<div class=\"mkdf-ig-image\">\n\t\t\t\t\t\t\t\t\t<img loading=\"lazy\" decoding=\"async\" width=\"597\" height=\"596\" src=\"https:\/\/altos-klinika.cz\/wp-content\/uploads\/2021\/10\/4-1.png\" class=\"attachment-full size-full\" alt=\"\" srcset=\"https:\/\/altos-klinika.cz\/wp-content\/uploads\/2021\/10\/4-1.png 597w, https:\/\/altos-klinika.cz\/wp-content\/uploads\/2021\/10\/4-1-300x300.png 300w, https:\/\/altos-klinika.cz\/wp-content\/uploads\/2021\/10\/4-1-150x150.png 150w, https:\/\/altos-klinika.cz\/wp-content\/uploads\/2021\/10\/4-1-550x550.png 550w, https:\/\/altos-klinika.cz\/wp-content\/uploads\/2021\/10\/4-1-100x100.png 100w\" sizes=\"auto, (max-width: 597px) 100vw, 597px\" \/>\t\t\t\t\t\t\t<\/div>\n\t\t\t\t\t<div class=\"mkdf-ig-image\">\n\t\t\t\t\t\t\t\t\t<img loading=\"lazy\" decoding=\"async\" width=\"959\" height=\"949\" src=\"https:\/\/altos-klinika.cz\/wp-content\/uploads\/2021\/11\/c-Je-7Kd2g.jpeg\" class=\"attachment-full size-full\" alt=\"\" srcset=\"https:\/\/altos-klinika.cz\/wp-content\/uploads\/2021\/11\/c-Je-7Kd2g.jpeg 959w, https:\/\/altos-klinika.cz\/wp-content\/uploads\/2021\/11\/c-Je-7Kd2g-300x297.jpeg 300w, https:\/\/altos-klinika.cz\/wp-content\/uploads\/2021\/11\/c-Je-7Kd2g-768x760.jpeg 768w, https:\/\/altos-klinika.cz\/wp-content\/uploads\/2021\/11\/c-Je-7Kd2g-600x594.jpeg 600w, https:\/\/altos-klinika.cz\/wp-content\/uploads\/2021\/11\/c-Je-7Kd2g-100x100.jpeg 100w\" sizes=\"auto, (max-width: 959px) 100vw, 959px\" \/>\t\t\t\t\t\t\t<\/div>\n\t\t\t\t\t<div class=\"mkdf-ig-image\">\n\t\t\t\t\t\t\t\t\t<img loading=\"lazy\" decoding=\"async\" width=\"930\" height=\"960\" src=\"https:\/\/altos-klinika.cz\/wp-content\/uploads\/2021\/11\/2nx8AT2QIo0.jpeg\" class=\"attachment-full size-full\" alt=\"\" srcset=\"https:\/\/altos-klinika.cz\/wp-content\/uploads\/2021\/11\/2nx8AT2QIo0.jpeg 930w, https:\/\/altos-klinika.cz\/wp-content\/uploads\/2021\/11\/2nx8AT2QIo0-291x300.jpeg 291w, https:\/\/altos-klinika.cz\/wp-content\/uploads\/2021\/11\/2nx8AT2QIo0-768x793.jpeg 768w, https:\/\/altos-klinika.cz\/wp-content\/uploads\/2021\/11\/2nx8AT2QIo0-600x619.jpeg 600w\" sizes=\"auto, (max-width: 930px) 100vw, 930px\" \/>\t\t\t\t\t\t\t<\/div>\n\t\t\t\t\t<div class=\"mkdf-ig-image\">\n\t\t\t\t\t\t\t\t\t<img loading=\"lazy\" decoding=\"async\" width=\"959\" height=\"959\" src=\"https:\/\/altos-klinika.cz\/wp-content\/uploads\/2021\/11\/3aurg6S9LTk.jpeg\" class=\"attachment-full size-full\" alt=\"\" srcset=\"https:\/\/altos-klinika.cz\/wp-content\/uploads\/2021\/11\/3aurg6S9LTk.jpeg 959w, https:\/\/altos-klinika.cz\/wp-content\/uploads\/2021\/11\/3aurg6S9LTk-300x300.jpeg 300w, https:\/\/altos-klinika.cz\/wp-content\/uploads\/2021\/11\/3aurg6S9LTk-150x150.jpeg 150w, https:\/\/altos-klinika.cz\/wp-content\/uploads\/2021\/11\/3aurg6S9LTk-768x768.jpeg 768w, https:\/\/altos-klinika.cz\/wp-content\/uploads\/2021\/11\/3aurg6S9LTk-550x550.jpeg 550w, https:\/\/altos-klinika.cz\/wp-content\/uploads\/2021\/11\/3aurg6S9LTk-600x600.jpeg 600w, https:\/\/altos-klinika.cz\/wp-content\/uploads\/2021\/11\/3aurg6S9LTk-100x100.jpeg 100w\" sizes=\"auto, (max-width: 959px) 100vw, 959px\" \/>\t\t\t\t\t\t\t<\/div>\n\t\t\t\t\t<div class=\"mkdf-ig-image\">\n\t\t\t\t\t\t\t\t\t<img loading=\"lazy\" decoding=\"async\" width=\"960\" height=\"960\" src=\"https:\/\/altos-klinika.cz\/wp-content\/uploads\/2021\/11\/26yp2HQaqpg.jpeg\" class=\"attachment-full size-full\" alt=\"\" srcset=\"https:\/\/altos-klinika.cz\/wp-content\/uploads\/2021\/11\/26yp2HQaqpg.jpeg 960w, https:\/\/altos-klinika.cz\/wp-content\/uploads\/2021\/11\/26yp2HQaqpg-300x300.jpeg 300w, https:\/\/altos-klinika.cz\/wp-content\/uploads\/2021\/11\/26yp2HQaqpg-150x150.jpeg 150w, https:\/\/altos-klinika.cz\/wp-content\/uploads\/2021\/11\/26yp2HQaqpg-768x768.jpeg 768w, https:\/\/altos-klinika.cz\/wp-content\/uploads\/2021\/11\/26yp2HQaqpg-550x550.jpeg 550w, https:\/\/altos-klinika.cz\/wp-content\/uploads\/2021\/11\/26yp2HQaqpg-600x600.jpeg 600w, https:\/\/altos-klinika.cz\/wp-content\/uploads\/2021\/11\/26yp2HQaqpg-100x100.jpeg 100w\" sizes=\"auto, (max-width: 960px) 100vw, 960px\" \/>\t\t\t\t\t\t\t<\/div>\n\t\t\t\t\t<div class=\"mkdf-ig-image\">\n\t\t\t\t\t\t\t\t\t<img loading=\"lazy\" decoding=\"async\" width=\"960\" height=\"960\" src=\"https:\/\/altos-klinika.cz\/wp-content\/uploads\/2021\/11\/DZFF2IVmH54.jpeg\" class=\"attachment-full size-full\" alt=\"\" srcset=\"https:\/\/altos-klinika.cz\/wp-content\/uploads\/2021\/11\/DZFF2IVmH54.jpeg 960w, https:\/\/altos-klinika.cz\/wp-content\/uploads\/2021\/11\/DZFF2IVmH54-300x300.jpeg 300w, https:\/\/altos-klinika.cz\/wp-content\/uploads\/2021\/11\/DZFF2IVmH54-150x150.jpeg 150w, https:\/\/altos-klinika.cz\/wp-content\/uploads\/2021\/11\/DZFF2IVmH54-768x768.jpeg 768w, https:\/\/altos-klinika.cz\/wp-content\/uploads\/2021\/11\/DZFF2IVmH54-550x550.jpeg 550w, https:\/\/altos-klinika.cz\/wp-content\/uploads\/2021\/11\/DZFF2IVmH54-600x600.jpeg 600w, https:\/\/altos-klinika.cz\/wp-content\/uploads\/2021\/11\/DZFF2IVmH54-100x100.jpeg 100w\" sizes=\"auto, (max-width: 960px) 100vw, 960px\" \/>\t\t\t\t\t\t\t<\/div>\n\t\t\t\t\t<div class=\"mkdf-ig-image\">\n\t\t\t\t\t\t\t\t\t<img loading=\"lazy\" decoding=\"async\" width=\"960\" height=\"960\" src=\"https:\/\/altos-klinika.cz\/wp-content\/uploads\/2021\/11\/F_uwlxY0Pko.jpeg\" class=\"attachment-full size-full\" alt=\"\" srcset=\"https:\/\/altos-klinika.cz\/wp-content\/uploads\/2021\/11\/F_uwlxY0Pko.jpeg 960w, https:\/\/altos-klinika.cz\/wp-content\/uploads\/2021\/11\/F_uwlxY0Pko-300x300.jpeg 300w, https:\/\/altos-klinika.cz\/wp-content\/uploads\/2021\/11\/F_uwlxY0Pko-150x150.jpeg 150w, https:\/\/altos-klinika.cz\/wp-content\/uploads\/2021\/11\/F_uwlxY0Pko-768x768.jpeg 768w, https:\/\/altos-klinika.cz\/wp-content\/uploads\/2021\/11\/F_uwlxY0Pko-550x550.jpeg 550w, https:\/\/altos-klinika.cz\/wp-content\/uploads\/2021\/11\/F_uwlxY0Pko-600x600.jpeg 600w, https:\/\/altos-klinika.cz\/wp-content\/uploads\/2021\/11\/F_uwlxY0Pko-100x100.jpeg 100w\" sizes=\"auto, (max-width: 960px) 100vw, 960px\" \/>\t\t\t\t\t\t\t<\/div>\n\t\t\t\t\t<div class=\"mkdf-ig-image\">\n\t\t\t\t\t\t\t\t\t<img loading=\"lazy\" decoding=\"async\" width=\"960\" height=\"960\" src=\"https:\/\/altos-klinika.cz\/wp-content\/uploads\/2021\/11\/k6VkGE2-dZI.jpeg\" class=\"attachment-full size-full\" alt=\"\" srcset=\"https:\/\/altos-klinika.cz\/wp-content\/uploads\/2021\/11\/k6VkGE2-dZI.jpeg 960w, https:\/\/altos-klinika.cz\/wp-content\/uploads\/2021\/11\/k6VkGE2-dZI-300x300.jpeg 300w, https:\/\/altos-klinika.cz\/wp-content\/uploads\/2021\/11\/k6VkGE2-dZI-150x150.jpeg 150w, https:\/\/altos-klinika.cz\/wp-content\/uploads\/2021\/11\/k6VkGE2-dZI-768x768.jpeg 768w, https:\/\/altos-klinika.cz\/wp-content\/uploads\/2021\/11\/k6VkGE2-dZI-550x550.jpeg 550w, https:\/\/altos-klinika.cz\/wp-content\/uploads\/2021\/11\/k6VkGE2-dZI-600x600.jpeg 600w, https:\/\/altos-klinika.cz\/wp-content\/uploads\/2021\/11\/k6VkGE2-dZI-100x100.jpeg 100w\" sizes=\"auto, (max-width: 960px) 100vw, 960px\" \/>\t\t\t\t\t\t\t<\/div>\n\t\t\t\t\t<div class=\"mkdf-ig-image\">\n\t\t\t\t\t\t\t\t\t<img loading=\"lazy\" decoding=\"async\" width=\"960\" height=\"955\" src=\"https:\/\/altos-klinika.cz\/wp-content\/uploads\/2021\/11\/mXLYI5rqgs4.jpeg\" class=\"attachment-full size-full\" alt=\"\" srcset=\"https:\/\/altos-klinika.cz\/wp-content\/uploads\/2021\/11\/mXLYI5rqgs4.jpeg 960w, https:\/\/altos-klinika.cz\/wp-content\/uploads\/2021\/11\/mXLYI5rqgs4-300x298.jpeg 300w, https:\/\/altos-klinika.cz\/wp-content\/uploads\/2021\/11\/mXLYI5rqgs4-150x150.jpeg 150w, https:\/\/altos-klinika.cz\/wp-content\/uploads\/2021\/11\/mXLYI5rqgs4-768x764.jpeg 768w, https:\/\/altos-klinika.cz\/wp-content\/uploads\/2021\/11\/mXLYI5rqgs4-600x597.jpeg 600w, https:\/\/altos-klinika.cz\/wp-content\/uploads\/2021\/11\/mXLYI5rqgs4-100x100.jpeg 100w\" sizes=\"auto, (max-width: 960px) 100vw, 960px\" \/>\t\t\t\t\t\t\t<\/div>\n\t\t\t\t\t<div class=\"mkdf-ig-image\">\n\t\t\t\t\t\t\t\t\t<img loading=\"lazy\" decoding=\"async\" width=\"960\" height=\"960\" src=\"https:\/\/altos-klinika.cz\/wp-content\/uploads\/2021\/11\/xwQRu-6FYaI.jpeg\" class=\"attachment-full size-full\" alt=\"\" srcset=\"https:\/\/altos-klinika.cz\/wp-content\/uploads\/2021\/11\/xwQRu-6FYaI.jpeg 960w, https:\/\/altos-klinika.cz\/wp-content\/uploads\/2021\/11\/xwQRu-6FYaI-300x300.jpeg 300w, https:\/\/altos-klinika.cz\/wp-content\/uploads\/2021\/11\/xwQRu-6FYaI-150x150.jpeg 150w, https:\/\/altos-klinika.cz\/wp-content\/uploads\/2021\/11\/xwQRu-6FYaI-768x768.jpeg 768w, https:\/\/altos-klinika.cz\/wp-content\/uploads\/2021\/11\/xwQRu-6FYaI-550x550.jpeg 550w, https:\/\/altos-klinika.cz\/wp-content\/uploads\/2021\/11\/xwQRu-6FYaI-600x600.jpeg 600w, https:\/\/altos-klinika.cz\/wp-content\/uploads\/2021\/11\/xwQRu-6FYaI-100x100.jpeg 100w\" sizes=\"auto, (max-width: 960px) 100vw, 960px\" \/>\t\t\t\t\t\t\t<\/div>\n\t\t\t<\/div>\n<\/div>\t\t<\/div>\n\t<\/div>\n<\/div><\/div>[\/vc_column][\/vc_row][vc_row content_placement=&#8220;middle&#8220; css=&#8220;.vc_custom_1632529364693{background-color: #fafafa !important;}&#8220;][vc_column]<div class=\"mkdf-elements-holder mkdf-one-column mkdf-responsive-mode-768\" style=\"background-color:#fafafa;\"><div class=\"mkdf-eh-item mkdf-horizontal-alignment-center\"  data-item-class=\"mkdf-eh-custom-776946\">\n\t<div class=\"mkdf-eh-item-inner\">\n\t\t<div class=\"mkdf-eh-item-content mkdf-eh-custom-776946\" style=\"padding: 20px 0 0 0\">\n\t\t\t<div class=\"mkdf-section-title-holder mkdf-st-standard mkdf-st-title-left mkdf-st-normal-space \" style=\"text-align: center\">\n\t<div class=\"mkdf-st-inner\">\n\t\t\t\t\t<h2 class=\"mkdf-st-title\" >\n\t\t\t\tPreisliste\t\t\t<\/h2>\n\t\t\t\t\t<\/div>\n<\/div>\t\t<\/div>\n\t<\/div>\n<\/div><\/div><div class=\"mkdf-elements-holder mkdf-one-column mkdf-responsive-mode-768 mkdf-one-column-alignment-center\" style=\"background-color:#fafafa;\"><div class=\"mkdf-eh-item mkdf-horizontal-alignment-center\"  data-item-class=\"mkdf-eh-custom-250433\" data-1280-1600=\"40px 300px 20px 300px\" data-1024-1280=\"40px 100px 20px 100px\" data-768-1024=\"40px 100px 20px 100px\" data-600-768=\"20px 30px 20px 30px\" data-480-600=\"20px 30px 20px 30px\" data-480=\"20px 30px 20px 30px\">\n\t<div class=\"mkdf-eh-item-inner\">\n\t\t<div class=\"mkdf-eh-item-content mkdf-eh-custom-250433\" style=\"padding: 40px 500px 20px 500px\">\n\t\t\t<div class=\"mkdf-pricing-tables clearfix  mkdf-two-columns mkdf-pt-normal-space\"><div class=\"mkdf-pt-wrapper\"><div class=\"mkdf-price-table\">\n\t<div class=\"mkdf-pt-inner\" style=\"background-color: #ffffff\">\n\t\t\t\t<ul>\n\t\t\t<li class=\"mkdf-pt-title-holder\">\n\t\t\t\t<span class=\"mkdf-pt-title\" style=\"border-color: #13bfb1\">1 Bereich (von 20 Einheiten)<\/span>\n\t\t\t<\/li>\n\t\t\t<li class=\"mkdf-pt-prices\">\n\t\t\t\t<sup class=\"mkdf-pt-value\" >K\u010d<\/sup>\n\t\t\t\t<span class=\"mkdf-pt-price\" >4 900 - 9 900<\/span>\n\t\t\t\t<h6 class=\"mkdf-pt-mark\" >1 Gebiet<\/h6>\n\t\t\t<\/li>\n\t\t\t<li class=\"mkdf-pt-content\">\n\t\t\t\t1 Gebiet\t\t\t<\/li>\n\t\t\t\t\t\t\t<li class=\"mkdf-pt-button\">\n\t\t\t\t\t<a itemprop=\"url\" href=\"https:\/\/altos-klinika.cz\/objednat-se-na-zakrok\/?balname=Aplikace%20botulotoxinu%20A\" target=\"_self\"  class=\"mkdf-btn mkdf-btn-large mkdf-btn-solid mkdf-btn-solid-dark\"  >    <span class=\"mkdf-btn-text\">Vereinbare einen Termin<\/span>    <span class=\"mkdf-btn-icon-holder\">        <span class=\"mkdf-btn-icon-normal\" ><\/span>        <span class=\"mkdf-btn-icon-flip\" ><\/span>    <\/span><\/a>\t\t\t\t<\/li>\t\t\t\t\n\t\t\t\t\t<\/ul>\n\t<\/div>\n<\/div><div class=\"mkdf-price-table\">\n\t<div class=\"mkdf-pt-inner\" style=\"background-color: #ffffff\">\n\t\t\t\t<ul>\n\t\t\t<li class=\"mkdf-pt-title-holder\">\n\t\t\t\t<span class=\"mkdf-pt-title\" style=\"border-color: #13bfb1\">Korrektur - unter 7 Einheiten<\/span>\n\t\t\t<\/li>\n\t\t\t<li class=\"mkdf-pt-prices\">\n\t\t\t\t<sup class=\"mkdf-pt-value\" >K\u010d<\/sup>\n\t\t\t\t<span class=\"mkdf-pt-price\" >300<\/span>\n\t\t\t\t<h6 class=\"mkdf-pt-mark\" >1 Einheit<\/h6>\n\t\t\t<\/li>\n\t\t\t<li class=\"mkdf-pt-content\">\n\t\t\t\tKorrektur &#8211; unter 7 Einheiten\t\t\t<\/li>\n\t\t\t\t\t\t\t<li class=\"mkdf-pt-button\">\n\t\t\t\t\t<a itemprop=\"url\" href=\"https:\/\/altos-klinika.cz\/objednat-se-na-zakrok\/?balname=Aplikace%20botulotoxinu%20A%20dopich\" target=\"_self\"  class=\"mkdf-btn mkdf-btn-large mkdf-btn-solid mkdf-btn-solid-dark\"  >    <span class=\"mkdf-btn-text\">Vereinbare einen Termin<\/span>    <span class=\"mkdf-btn-icon-holder\">        <span class=\"mkdf-btn-icon-normal\" ><\/span>        <span class=\"mkdf-btn-icon-flip\" ><\/span>    <\/span><\/a>\t\t\t\t<\/li>\t\t\t\t\n\t\t\t\t\t<\/ul>\n\t<\/div>\n<\/div><\/div><\/div>\t\t<\/div>\n\t<\/div>\n<\/div><\/div>[\/vc_column][\/vc_row][vc_row row_content_width=&#8220;grid&#8220; css=&#8220;.vc_custom_1632239210797{padding-top: 70px !important;}&#8220;][vc_column offset=&#8220;vc_col-lg-12&#8243; css=&#8220;.vc_custom_1632140768248{margin-top: -8px !important;}&#8220;]<div class=\"mkdf-section-title-holder mkdf-st-standard mkdf-st-title-left mkdf-st-normal-space \" style=\"text-align: center\">\n\t<div class=\"mkdf-st-inner\">\n\t\t\t\t\t<h2 class=\"mkdf-st-title\" >\n\t\t\t\tWie funktionieren die Injektionen?\t\t\t<\/h2>\n\t\t\t\t\t<\/div>\n<\/div>[vc_empty_space height=&#8220;9px&#8220;][vc_column_text]Zur Schmerzlinderung wird auf die gereinigte und desinfizierte Haut eine Bet\u00e4ubungscreme aufgetragen. F\u00fcr eine maximale Wirkung bleibt die Creme 15 bis 40 Minuten auf der Haut.<\/p>\n<p>Nach dem Entfernen der An\u00e4sthesiecreme von der Hautoberfl\u00e4che wird Botulinumtoxin unter die Haut gespritzt.<\/p>\n<p>Der Injektionsvorgang dauert je nach Anwendungsgebiet 15 bis 30 Minuten.<\/p>\n<p>Injektion kann nicht nur zur Reduzierung von Mimikfalten verwendet werden, sondern auch zur L\u00f6sung von \u00fcberm\u00e4\u00dfigem Schwitzen[\/vc_column_text][\/vc_column][\/vc_row][vc_row row_content_width=&#8220;grid&#8220;][vc_column]<div class=\"mkdf-elements-holder mkdf-two-columns mkdf-responsive-mode-768\" ><div class=\"mkdf-eh-item mkdf-vertical-alignment-top\"  data-item-class=\"mkdf-eh-custom-259659\" data-1280-1600=\"70px 30px 50px 0\" data-1024-1280=\"70px 30px 50px 0\" data-768-1024=\"70px 30px 50px 0\" data-600-768=\"70px 0px 50px 0\" data-480-600=\"70px 0px 50px 0\" data-480=\"70px 0px 50px 0\">\n\t<div class=\"mkdf-eh-item-inner\">\n\t\t<div class=\"mkdf-eh-item-content mkdf-eh-custom-259659\" style=\"padding: 70px 30px 50px 0\">\n\t\t\t<div class=\"mkdf-section-title-holder mkdf-st-standard mkdf-st-title-left mkdf-st-normal-space \" >\n\t<div class=\"mkdf-st-inner\">\n\t\t\t\t\t<h2 class=\"mkdf-st-title\" >\n\t\t\t\tRegeneration\t\t\t<\/h2>\n\t\t\t\t\t<\/div>\n<\/div>[vc_column_text]Nach der Prozedur kann Folgendes auf der Haut erscheinen:<\/p>\n<ul>\n<li>R\u00f6tung<\/li>\n<li>\u00d6dem<\/li>\n<li>Spuren von Injektionen<\/li>\n<li>Diese Nebenwirkungen treten durchschnittlich 2- 3 Tage nach der Prozedur<\/li>\n<\/ul>\n<p>Um die Heilung der Haut zu beschleunigen, m\u00fcssen von einem Arzt verschriebene Cremes verwendet werden.[\/vc_column_text][vc_empty_space height=&#8220;25px&#8220;]\t\t<\/div>\n\t<\/div>\n<\/div><\/div>[\/vc_column][\/vc_row][vc_row css=&#8220;.vc_custom_1632322238998{padding-top: 50px !important;}&#8220;][vc_column css=&#8220;.vc_custom_1492767171698{padding-top: 0px !important;}&#8220;]<div class=\"mkdf-elements-holder mkdf-two-columns mkdf-responsive-mode-768\" ><div class=\"mkdf-eh-item \" style=\"background-image: url(https:\/\/altos-klinika.cz\/wp-content\/uploads\/2021\/09\/doctor-man-consulting-patient-while-filling-up-application-form-desk-hospital-scaled.jpg)\" data-item-class=\"mkdf-eh-custom-959245\" data-600-768=\"260px 0\" data-480-600=\"200px 0\" data-480=\"200px 0\">\n\t<div class=\"mkdf-eh-item-inner\">\n\t\t<div class=\"mkdf-eh-item-content mkdf-eh-custom-959245\" >\n\t\t\t\t\t<\/div>\n\t<\/div>\n<\/div><div class=\"mkdf-eh-item \"  data-item-class=\"mkdf-eh-custom-878569\" data-1280-1600=\"110px 15% 120px 15%\" data-1024-1280=\"100px 13% 105px 14%\" data-768-1024=\"75px 11% 90px 10%\" data-600-768=\"75px 11% 90px 10%\" data-480-600=\"60px 10% 85px 10%\" data-480=\"60px 10% 85px 10%\">\n\t<div class=\"mkdf-eh-item-inner\">\n\t\t<div class=\"mkdf-eh-item-content mkdf-eh-custom-878569\" style=\"padding: 100px 19% 100px 16%\">\n\t\t\t<div class=\"mkdf-section-title-holder mkdf-st-standard mkdf-st-title-left mkdf-st-normal-space \" >\n\t<div class=\"mkdf-st-inner\">\n\t\t\t\t\t<h2 class=\"mkdf-st-title\" >\n\t\t\t\tKontraindikation\t\t\t<\/h2>\n\t\t\t\t\t<\/div>\n<\/div>[vc_empty_space height=&#8220;25px&#8220;][vc_column_text]<\/p>\n<ul>\n<li>onkologische Erkrankungen<\/li>\n<li>ansteckende und entz\u00fcndliche Erkrankungen<\/li>\n<li>Diabetes<\/li>\n<li>Blutpathologie<\/li>\n<\/ul>\n<p>[\/vc_column_text]\t\t<\/div>\n\t<\/div>\n<\/div><\/div>[\/vc_column][\/vc_row]<\/p>\n","protected":false},"excerpt":{"rendered":"<p>[vc_row row_content_width=&#8220;grid&#8220; css=&#8220;.vc_custom_1632239210797{padding-top: 70px !important;}&#8220;][vc_column offset=&#8220;vc_col-lg-12&#8243; css=&#8220;.vc_custom_1632140768248{margin-top: -8px !important;}&#8220;][vc_column_text] Korrektur von Mimikfalten [\/vc_column_text][vc_empty_space height=&#8220;9px&#8220;][vc_column_text]Falten geh\u00f6ren zu den typischen Alterserscheinungen, daher ist es unser Ziel, sie zu gl\u00e4tten und Ihrer Haut ein frisches und jugendliches Aussehen zu verleihen. Wenn die Haut [&hellip;]<\/p>\n","protected":false},"author":1,"featured_media":0,"parent":0,"menu_order":0,"comment_status":"closed","ping_status":"closed","template":"full-width.php","meta":{"footnotes":""},"class_list":["post-18100","page","type-page","status-publish","hentry"],"acf":[],"_links":{"self":[{"href":"https:\/\/altos-klinika.cz\/de\/wp-json\/wp\/v2\/pages\/18100","targetHints":{"allow":["GET"]}}],"collection":[{"href":"https:\/\/altos-klinika.cz\/de\/wp-json\/wp\/v2\/pages"}],"about":[{"href":"https:\/\/altos-klinika.cz\/de\/wp-json\/wp\/v2\/types\/page"}],"author":[{"embeddable":true,"href":"https:\/\/altos-klinika.cz\/de\/wp-json\/wp\/v2\/users\/1"}],"replies":[{"embeddable":true,"href":"https:\/\/altos-klinika.cz\/de\/wp-json\/wp\/v2\/comments?post=18100"}],"version-history":[{"count":11,"href":"https:\/\/altos-klinika.cz\/de\/wp-json\/wp\/v2\/pages\/18100\/revisions"}],"predecessor-version":[{"id":22631,"href":"https:\/\/altos-klinika.cz\/de\/wp-json\/wp\/v2\/pages\/18100\/revisions\/22631"}],"wp:attachment":[{"href":"https:\/\/altos-klinika.cz\/de\/wp-json\/wp\/v2\/media?parent=18100"}],"curies":[{"name":"wp","href":"https:\/\/api.w.org\/{rel}","templated":true}]}}