{"id":18111,"date":"2021-09-28T17:22:02","date_gmt":"2021-09-28T17:22:02","guid":{"rendered":"https:\/\/altos-klinika.cz\/rf-facelifting\/"},"modified":"2025-02-23T09:29:09","modified_gmt":"2025-02-23T09:29:09","slug":"rf-facelifting","status":"publish","type":"page","link":"https:\/\/altos-klinika.cz\/de\/rf-facelifting\/","title":{"rendered":"Radio frequency face lifting with the TriActive+"},"content":{"rendered":"<p>[vc_row row_content_width=&#8220;grid&#8220; css=&#8220;.vc_custom_1632239210797{padding-top: 70px !important;}&#8220;][vc_column offset=&#8220;vc_col-lg-12&#8243; css=&#8220;.vc_custom_1632140768248{margin-top: -8px !important;}&#8220;]<div class=\"mkdf-section-title-holder mkdf-st-standard mkdf-st-title-left mkdf-st-normal-space \" style=\"text-align: center\">\n\t<div class=\"mkdf-st-inner\">\n\t\t\t\t\t<h1 class=\"mkdf-st-title\" >\n\t\t\t\t<span class=\"mkdf-st-title-light\">Radiofrequenz-Facelifting<\/span> <span class=\"mkdf-st-title-light\">mit<\/span> <span class=\"mkdf-st-title-light\">dem<\/span> <span class=\"mkdf-st-title-light\">TriActive<\/span> + Ger\u00e4t\t\t\t<\/h1>\n\t\t\t\t\t<\/div>\n<\/div>[vc_empty_space height=&#8220;9px&#8220;][vc_column_text]Das Radiofrequenz-Gesichts- und K\u00f6rperlifting bezeichnet einen Durchbruch auf dem Gebiet der instrumentellen \u00e4sthetischen Medizin, der Laserdermatologie und der Korrektur altersbedingter Hautprobleme.<\/p>\n<p>Das RF-Lifting ist besonders geeignet f\u00fcr:<\/p>\n<ul>\n<li>Verbesserung des Hautzustandes<\/li>\n<li>Straffung und deutliche Verbesserung der Gesichtskonturen bei erschlaffter Haut<\/li>\n<li>Formgebung markanter Gesichtskonturen<\/li>\n<li>deutliche Steigerung der Hautelastizit\u00e4t<\/li>\n<li>Bek\u00e4mpfung von Cellulite und lokaler Fetteinlagerung<\/li>\n<li>Falten gl\u00e4tten, Tr\u00e4nens\u00e4cke entfernen<\/li>\n<li>Beseitigung der negativen Folgen der Hautalterung durch Br\u00e4unung<\/li>\n<\/ul>\n<p>&nbsp;<\/p>\n<h4><strong>Vorteile des Verfahrens<\/strong><\/h4>\n<p>Das Radiofrequenz-Lifting von Gesicht und K\u00f6rper erm\u00f6glicht eine sichtbare Verj\u00fcngung und Verbesserung der Hautelastizit\u00e4t sowie deren Gl\u00e4ttung. Auf das Gesicht aufgetragen hilft es, Falten zu reduzieren, die Haut zu straffen und zu straffen und aufzuhellen. Hervorragende Vorbeugung gegen Alterung und Erschlaffung der Haut im Alter von 35-65 Jahren. F\u00fcr optimale Ergebnisse werden mindestens 6 Behandlungen empfohlen. Es kann das ganze Jahr \u00fcber abgeschlossen werden. Empfohlene H\u00e4ufigkeit &#8211; einmal pro Woche.[\/vc_column_text][vc_empty_space][\/vc_column][\/vc_row][vc_row full_width=&#8220;stretch_row&#8220; css=&#8220;.vc_custom_1638118773359{background-color: rgba(78,109,204,0.07) !important;*background-color: rgb(78,109,204) !important;}&#8220; simple_background_color=&#8220;rgba(78,109,204,0.07)&#8220;][vc_column][vc_row_inner row_content_width=&#8220;grid&#8220;][vc_column_inner][vc_column_text]\n<div class=\"wpcf7 no-js\" id=\"wpcf7-f17975-o1\" lang=\"en-US\" dir=\"ltr\" data-wpcf7-id=\"17975\">\n<div class=\"screen-reader-response\"><p role=\"status\" aria-live=\"polite\" aria-atomic=\"true\"><\/p> <ul><\/ul><\/div>\n<form action=\"\/de\/wp-json\/wp\/v2\/pages\/18111#wpcf7-f17975-o1\" method=\"post\" class=\"wpcf7-form init inline-form\" aria-label=\"Contact form\" novalidate=\"novalidate\" data-status=\"init\">\n<div style=\"display: none;\">\n<input type=\"hidden\" name=\"_wpcf7\" value=\"17975\" \/>\n<input type=\"hidden\" name=\"_wpcf7_version\" value=\"6.0.4\" \/>\n<input type=\"hidden\" name=\"_wpcf7_locale\" value=\"en_US\" \/>\n<input type=\"hidden\" name=\"_wpcf7_unit_tag\" value=\"wpcf7-f17975-o1\" \/>\n<input type=\"hidden\" name=\"_wpcf7_container_post\" value=\"0\" \/>\n<input type=\"hidden\" name=\"_wpcf7_posted_data_hash\" value=\"\" \/>\n<input type=\"hidden\" name=\"_wpcf7_recaptcha_response\" value=\"\" \/>\n<\/div>\n<h2>Vereinbare einen Termin\n<\/h2>\n<div class=\"jq-row jq-inline-form\">\n\t<div class=\"fields-col jq-row\">\n\t\t<div class=\"jq-col-33\">\n\t\t\t<p><span class=\"wpcf7-form-control-wrap\" data-name=\"your-name\"><input size=\"40\" maxlength=\"400\" class=\"wpcf7-form-control wpcf7-text wpcf7-validates-as-required\" aria-required=\"true\" aria-invalid=\"false\" placeholder=\"Ihren Namen\" value=\"\" type=\"text\" name=\"your-name\" \/><\/span>\n\t\t\t<\/p>\n\t\t<\/div>\n\t\t<div class=\"jq-col-33\">\n\t\t\t<p><span class=\"wpcf7-form-control-wrap\" data-name=\"your-email\"><input size=\"40\" maxlength=\"400\" class=\"wpcf7-form-control wpcf7-email wpcf7-validates-as-required wpcf7-text wpcf7-validates-as-email\" aria-required=\"true\" aria-invalid=\"false\" placeholder=\"Email\" value=\"\" type=\"email\" name=\"your-email\" \/><\/span>\n\t\t\t<\/p>\n\t\t<\/div>\n\t\t<div class=\"jq-col-33\">\n\t\t\t<p><span class=\"wpcf7-form-control-wrap\" data-name=\"your-tel\"><input size=\"40\" maxlength=\"400\" class=\"wpcf7-form-control wpcf7-tel wpcf7-text wpcf7-validates-as-tel\" aria-invalid=\"false\" placeholder=\"+420 *** *** ***\" value=\"\" type=\"tel\" name=\"your-tel\" \/><\/span>\n\t\t\t<\/p>\n\t\t<\/div>\n\t\t<div class=\"jq-col-100\">\n\t\t\t<p><span class=\"wpcf7-form-control-wrap\" data-name=\"acceptance\"><span class=\"wpcf7-form-control wpcf7-acceptance\"><span class=\"wpcf7-list-item\"><label><input type=\"checkbox\" name=\"acceptance\" value=\"1\" aria-invalid=\"false\" \/><span class=\"wpcf7-list-item-label\">Ich stimme der <a href=\"https:\/\/altos-klinika.cz\/en\/terms-of-use\/\" target=\"_blank\">Verarbeitung meiner personenbezogenen Daten zu<\/a>.<\/span><\/label><\/span><\/span><\/span>\n\t\t\t<\/p>\n\t\t<\/div>\n\t<\/div>\n\t<div class=\"button-col\">\n\t\t<p><input class=\"wpcf7-form-control wpcf7-submit has-spinner\" type=\"submit\" value=\"Senden\" \/><input type=\"hidden\" class=\"wpcf7-form-control wpcf7-hidden\" name=\"your-subject\" placeholder=\"\" value=\"DE \u0417\u0430\u043f\u0438\u0441\u044c \u043d\u0430 \u043f\u0440\u043e\u0446\u0435\u0434\u0443\u0440\u0443\" \/><input type=\"hidden\" class=\"wpcf7-form-control wpcf7-hidden\" name=\"hidden-956\" placeholder=\"\" value=\"Radio frequency face lifting with the TriActive+\" \/>\n\t\t<\/p>\n\t<\/div>\n<\/div><input type='hidden' class='wpcf7-pum' value='{\"closepopup\":false,\"closedelay\":0,\"openpopup\":false,\"openpopup_id\":0}' \/><div class=\"wpcf7-response-output\" aria-hidden=\"true\"><\/div>\n<\/form>\n<\/div>\n[\/vc_column_text][\/vc_column_inner][\/vc_row_inner][\/vc_column][\/vc_row][vc_row][vc_column]<div class=\"mkdf-elements-holder mkdf-one-column mkdf-responsive-mode-768\" ><div class=\"mkdf-eh-item mkdf-horizontal-alignment-center\"  data-item-class=\"mkdf-eh-custom-966732\">\n\t<div class=\"mkdf-eh-item-inner\">\n\t\t<div class=\"mkdf-eh-item-content mkdf-eh-custom-966732\" style=\"padding: 70px 0px 50px 0px\">\n\t\t\t<div class=\"mkdf-section-title-holder mkdf-st-standard mkdf-st-title-left mkdf-st-normal-space \" >\n\t<div class=\"mkdf-st-inner\">\n\t\t\t\t\t<h2 class=\"mkdf-st-title\" >\n\t\t\t\tZufriedene Kunden\t\t\t<\/h2>\n\t\t\t\t\t<\/div>\n<\/div>[vc_empty_space]\t\t<\/div>\n\t<\/div>\n<\/div><\/div>[\/vc_column][\/vc_row][vc_row gap=&#8220;20&#8243;][vc_column]<div class=\"mkdf-elements-holder mkdf-two-columns mkdf-responsive-mode-768\" ><div class=\"mkdf-eh-item \"  data-item-class=\"mkdf-eh-custom-791859\" data-1280-1600=\"20px 20px 20px 100px\" data-1024-1280=\"20px 20px 20px 20px\" data-768-1024=\"20px 20px 20px 20px\" data-600-768=\"20px 20px 20px 20px\" data-480-600=\"20px 20px 20px 20px\" data-480=\"20px 20px 20px 20px\">\n\t<div class=\"mkdf-eh-item-inner\">\n\t\t<div class=\"mkdf-eh-item-content mkdf-eh-custom-791859\" style=\"padding: 20px 20px 20px 100px\">\n\t\t\t[vc_column_text]<iframe loading=\"lazy\" src=\"\/\/www.youtube.com\/embed\/58I6kgL9W5c\" width=\"854\" height=\"510\" frameborder=\"0\" allowfullscreen=\"allowfullscreen\"><\/iframe>[\/vc_column_text]\t\t<\/div>\n\t<\/div>\n<\/div><div class=\"mkdf-eh-item \"  data-item-class=\"mkdf-eh-custom-257852\">\n\t<div class=\"mkdf-eh-item-inner\">\n\t\t<div class=\"mkdf-eh-item-content mkdf-eh-custom-257852\" style=\"padding: 20px 20px 20px 20px\">\n\t\t\t[vc_column_text]<iframe loading=\"lazy\" src=\"\/\/www.youtube.com\/embed\/QAcDzvHDYhc\" width=\"854\" height=\"510\" frameborder=\"0\" allowfullscreen=\"allowfullscreen\"><\/iframe>[\/vc_column_text]\t\t<\/div>\n\t<\/div>\n<\/div><div class=\"mkdf-eh-item \"  data-item-class=\"mkdf-eh-custom-223880\" data-1280-1600=\"20px 100px 20px 20px\" data-1024-1280=\"20px 20px 20px 20px\" data-768-1024=\"20px 20px 20px 20px\" data-600-768=\"20px 20px 20px 20px\" data-480-600=\"20px 20px 20px 20px\" data-480=\"20px 20px 20px 20px\">\n\t<div class=\"mkdf-eh-item-inner\">\n\t\t<div class=\"mkdf-eh-item-content mkdf-eh-custom-223880\" style=\"padding: 20px 100px 20px 20px\">\n\t\t\t[vc_column_text]<iframe loading=\"lazy\" src=\"\/\/www.youtube.com\/embed\/QNzUMH2YDBg\" width=\"854\" height=\"510\" frameborder=\"0\" allowfullscreen=\"allowfullscreen\"><\/iframe>[\/vc_column_text]\t\t<\/div>\n\t<\/div>\n<\/div><div class=\"mkdf-eh-item \"  data-item-class=\"mkdf-eh-custom-190061\" data-1280-1600=\"20px 100px 20px 20px\" data-1024-1280=\"20px 20px 20px 20px\" data-768-1024=\"20px 20px 20px 20px\" data-600-768=\"20px 20px 20px 20px\" data-480-600=\"20px 20px 20px 20px\" data-480=\"20px 20px 20px 20px\">\n\t<div class=\"mkdf-eh-item-inner\">\n\t\t<div class=\"mkdf-eh-item-content mkdf-eh-custom-190061\" style=\"padding: 20px 100px 20px 20px\">\n\t\t\t[vc_column_text]<iframe loading=\"lazy\" src=\"\/\/www.youtube.com\/embed\/egKJZjBU1pI\" width=\"854\" height=\"510\" frameborder=\"0\" allowfullscreen=\"allowfullscreen\"><\/iframe>[\/vc_column_text]\t\t<\/div>\n\t<\/div>\n<\/div><\/div>[\/vc_column][\/vc_row][vc_row row_content_width=&#8220;grid&#8220; css=&#8220;.vc_custom_1638124675628{padding-top: 70px !important;}&#8220; simple_background_color=&#8220;#fafafa&#8220;][vc_column offset=&#8220;vc_col-lg-12&#8243; css=&#8220;.vc_custom_1632140768248{margin-top: -8px !important;}&#8220;]<div class=\"mkdf-elements-holder mkdf-one-column mkdf-responsive-mode-768\" ><div class=\"mkdf-eh-item mkdf-horizontal-alignment-center\"  data-item-class=\"mkdf-eh-custom-791527\" data-1280-1600=\"0px 20% 0px 20%\" data-1024-1280=\"0px 20% 0px 20%\" data-768-1024=\"0px 10% 0px 10%\" data-600-768=\"0 0 0 0\" data-480-600=\"0 0 0 0\" data-480=\"0 0 0 0\">\n\t<div class=\"mkdf-eh-item-inner\">\n\t\t<div class=\"mkdf-eh-item-content mkdf-eh-custom-791527\" style=\"padding: 0px 20% 0px 20%\">\n\t\t\t<div class=\"mkdf-section-title-holder mkdf-st-standard mkdf-st-title-left mkdf-st-normal-space \" style=\"text-align: center\">\n\t<div class=\"mkdf-st-inner\">\n\t\t\t\t\t<h2 class=\"mkdf-st-title\" >\n\t\t\t\tPreisliste\t\t\t<\/h2>\n\t\t\t\t\t<\/div>\n<\/div>\t\t<\/div>\n\t<\/div>\n<\/div><\/div>[\/vc_column][\/vc_row][vc_row][vc_column]<div class=\"mkdf-elements-holder mkdf-one-column mkdf-responsive-mode-768 mkdf-one-column-alignment-center\" style=\"background-color:#fafafa;\"><div class=\"mkdf-eh-item mkdf-horizontal-alignment-center\"  data-item-class=\"mkdf-eh-custom-716776\" data-1280-1600=\"40px 100px 20px 100px\" data-1024-1280=\"40px 50px 20px 50px\" data-768-1024=\"40px 50px 20px 50px\" data-600-768=\"20px 30px 20px 30px\" data-480-600=\"20px 30px 20px 30px\" data-480=\"20px 30px 20px 30px\">\n\t<div class=\"mkdf-eh-item-inner\">\n\t\t<div class=\"mkdf-eh-item-content mkdf-eh-custom-716776\" style=\"padding: 40px 200px 20px 200px\">\n\t\t\t<div class=\"mkdf-pricing-tables clearfix  mkdf-three-columns mkdf-pt-normal-space\"><div class=\"mkdf-pt-wrapper\"><div class=\"mkdf-price-table\">\n\t<div class=\"mkdf-pt-inner\" style=\"background-color: #ffffff\">\n\t\t\t\t<ul>\n\t\t\t<li class=\"mkdf-pt-title-holder\">\n\t\t\t\t<span class=\"mkdf-pt-title\" >1 Sitzung<\/span>\n\t\t\t<\/li>\n\t\t\t<li class=\"mkdf-pt-prices\">\n\t\t\t\t<sup class=\"mkdf-pt-value\" >K\u010d<\/sup>\n\t\t\t\t<span class=\"mkdf-pt-price\" >4 900<\/span>\n\t\t\t\t<h6 class=\"mkdf-pt-mark\" >1 Bereich<\/h6>\n\t\t\t<\/li>\n\t\t\t<li class=\"mkdf-pt-content\">\n\t\t\t\t1 Bereich\t\t\t<\/li>\n\t\t\t\t\t\t\t<li class=\"mkdf-pt-button\">\n\t\t\t\t\t<a itemprop=\"url\" href=\"https:\/\/altos-klinika.cz\/en\/book-an-appointment\/?balname=Radio%20frequency%20face%20lifting%201%20area\" target=\"_self\"  class=\"mkdf-btn mkdf-btn-large mkdf-btn-solid mkdf-btn-solid-dark\"  >    <span class=\"mkdf-btn-text\">Vereinbare einen Termin<\/span>    <span class=\"mkdf-btn-icon-holder\">        <span class=\"mkdf-btn-icon-normal\" ><\/span>        <span class=\"mkdf-btn-icon-flip\" ><\/span>    <\/span><\/a>\t\t\t\t<\/li>\t\t\t\t\n\t\t\t\t\t<\/ul>\n\t<\/div>\n<\/div><div class=\"mkdf-price-table\">\n\t<div class=\"mkdf-pt-inner\" style=\"background-color: #ffffff\">\n\t\t\t\t<ul>\n\t\t\t<li class=\"mkdf-pt-title-holder\">\n\t\t\t\t<span class=\"mkdf-pt-title\" style=\"border-color: #13bfb1\">Paket f\u00fcr 3 Sitzungen<\/span>\n\t\t\t<\/li>\n\t\t\t<li class=\"mkdf-pt-prices\">\n\t\t\t\t<sup class=\"mkdf-pt-value\" >K\u010d<\/sup>\n\t\t\t\t<span class=\"mkdf-pt-price\" >9 900<\/span>\n\t\t\t\t<h6 class=\"mkdf-pt-mark\" >3 Sitzungen<\/h6>\n\t\t\t<\/li>\n\t\t\t<li class=\"mkdf-pt-content\">\n\t\t\t\tPaket f\u00fcr 3 Sitzungen\t\t\t<\/li>\n\t\t\t\t\t\t\t<li class=\"mkdf-pt-button\">\n\t\t\t\t\t<a itemprop=\"url\" href=\"https:\/\/altos-klinika.cz\/en\/book-an-appointment\/?balname=Radio%20frequency%20face%20lifting%201%20area%203%20sessions\" target=\"_self\"  class=\"mkdf-btn mkdf-btn-large mkdf-btn-solid mkdf-btn-solid-dark\"  >    <span class=\"mkdf-btn-text\">Vereinbare einen Termin<\/span>    <span class=\"mkdf-btn-icon-holder\">        <span class=\"mkdf-btn-icon-normal\" ><\/span>        <span class=\"mkdf-btn-icon-flip\" ><\/span>    <\/span><\/a>\t\t\t\t<\/li>\t\t\t\t\n\t\t\t\t\t<\/ul>\n\t<\/div>\n<\/div><div class=\"mkdf-price-table\">\n\t<div class=\"mkdf-pt-inner\" style=\"background-color: #ffffff\">\n\t\t\t\t<ul>\n\t\t\t<li class=\"mkdf-pt-title-holder\">\n\t\t\t\t<span class=\"mkdf-pt-title\" style=\"border-color: #13bfb1\">Paket f\u00fcr 3 Sitzungen<\/span>\n\t\t\t<\/li>\n\t\t\t<li class=\"mkdf-pt-prices\">\n\t\t\t\t<sup class=\"mkdf-pt-value\" >K\u010d<\/sup>\n\t\t\t\t<span class=\"mkdf-pt-price\" >19 900<\/span>\n\t\t\t\t<h6 class=\"mkdf-pt-mark\" >6 Sitzungen<\/h6>\n\t\t\t<\/li>\n\t\t\t<li class=\"mkdf-pt-content\">\n\t\t\t\tPaket f\u00fcr 6 Sitzungen\t\t\t<\/li>\n\t\t\t\t\t\t\t<li class=\"mkdf-pt-button\">\n\t\t\t\t\t<a itemprop=\"url\" href=\"https:\/\/altos-klinika.cz\/en\/book-an-appointment\/?balname=Radio%20frequency%20face%20lifting%201%20area%206%20sessions\" target=\"_self\"  class=\"mkdf-btn mkdf-btn-large mkdf-btn-solid mkdf-btn-solid-dark\"  >    <span class=\"mkdf-btn-text\">Vereinbare einen Termin<\/span>    <span class=\"mkdf-btn-icon-holder\">        <span class=\"mkdf-btn-icon-normal\" ><\/span>        <span class=\"mkdf-btn-icon-flip\" ><\/span>    <\/span><\/a>\t\t\t\t<\/li>\t\t\t\t\n\t\t\t\t\t<\/ul>\n\t<\/div>\n<\/div><\/div><\/div>\t\t<\/div>\n\t<\/div>\n<\/div><\/div>[\/vc_column][\/vc_row][vc_row row_content_width=&#8220;grid&#8220; css=&#8220;.vc_custom_1632239210797{padding-top: 70px !important;}&#8220;][vc_column offset=&#8220;vc_col-lg-12&#8243; css=&#8220;.vc_custom_1632140768248{margin-top: -8px !important;}&#8220;]<div class=\"mkdf-section-title-holder mkdf-st-standard mkdf-st-title-left mkdf-st-normal-space \" style=\"text-align: center\">\n\t<div class=\"mkdf-st-inner\">\n\t\t\t\t\t<h2 class=\"mkdf-st-title\" >\n\t\t\t\tWie l\u00e4uft ein RF-Facelifting ab?\t\t\t<\/h2>\n\t\t\t\t\t<\/div>\n<\/div>[vc_empty_space height=&#8220;9px&#8220;][vc_column_text]Das Hochfrequenzheben besteht aus zwei Phasen:<\/p>\n<p>In der ersten Phase kommt ein Laseraufsatz mit Vakuumeffekt zum Einsatz, der eine intensive Lymphdrainage induziert, Regenerationsprozesse anregt und die Durchblutung beschleunigt.<\/p>\n<p>In der zweiten Phase des Eingriffs wird ein RF-Aufsatz verwendet, der eine streng kontrollierte Erw\u00e4rmung der Haut und der subkutanen Fettschichten auf eine <span lang=\"DE\">bestimmte Temperatur vornimmt. Nach Erreichen der gew\u00fcnschten Temperatur wird das vorhandene Kollagen verdichtet und auch die Synthese seiner neuen Fasern wird aktiv stimuliert. Dieser signifikante Effekt h\u00e4lt bis zu acht Monate an, die schlaffe Haut schaltet sich ab und st\u00e4rkt so den K\u00f6rper.<\/span><\/p>\n<p>[\/vc_column_text][vc_empty_space height=&#8220;30px&#8220;][\/vc_column][\/vc_row][vc_row css=&#8220;.vc_custom_1632322238998{padding-top: 50px !important;}&#8220;][vc_column css=&#8220;.vc_custom_1492767171698{padding-top: 0px !important;}&#8220;]<div class=\"mkdf-elements-holder mkdf-two-columns mkdf-responsive-mode-768\" ><div class=\"mkdf-eh-item \" style=\"background-image: url(https:\/\/altos-klinika.cz\/wp-content\/uploads\/2021\/09\/doctor-man-consulting-patient-while-filling-up-application-form-desk-hospital-scaled.jpg)\" data-item-class=\"mkdf-eh-custom-368578\" data-600-768=\"260px 0\" data-480-600=\"200px 0\" data-480=\"200px 0\">\n\t<div class=\"mkdf-eh-item-inner\">\n\t\t<div class=\"mkdf-eh-item-content mkdf-eh-custom-368578\" >\n\t\t\t\t\t<\/div>\n\t<\/div>\n<\/div><div class=\"mkdf-eh-item \"  data-item-class=\"mkdf-eh-custom-931629\" data-1280-1600=\"110px 15% 120px 15%\" data-1024-1280=\"100px 13% 105px 14%\" data-768-1024=\"75px 11% 90px 10%\" data-600-768=\"75px 11% 90px 10%\" data-480-600=\"60px 10% 85px 10%\" data-480=\"60px 10% 85px 10%\">\n\t<div class=\"mkdf-eh-item-inner\">\n\t\t<div class=\"mkdf-eh-item-content mkdf-eh-custom-931629\" style=\"padding: 100px 19% 100px 16%\">\n\t\t\t<div class=\"mkdf-section-title-holder mkdf-st-standard mkdf-st-title-left mkdf-st-normal-space \" >\n\t<div class=\"mkdf-st-inner\">\n\t\t\t\t\t<h2 class=\"mkdf-st-title\" >\n\t\t\t\tKontraindikation\t\t\t<\/h2>\n\t\t\t\t\t<\/div>\n<\/div>[vc_column_text]Das Verfahren wird in K\u00f6rperbereichen mit Implantaten jeglicher Art nicht empfohlen. Es ist auch nicht f\u00fcr schwangere und stillende Frauen geeignet, es darf nicht bei Patienten mit Epilepsie, Diabetes, Blutgerinnungsst\u00f6rungen oder Krebspatienten angewendet werden.<\/p>\n<p>&nbsp;<\/p>\n<ul>\n<li>das Verfahren wird nicht in K\u00f6rperbereichen mit Implantaten jeglicher Art empfohlen<\/li>\n<li>Epilepsie<\/li>\n<li>Diabetes<\/li>\n<li>Schwangerschaft oder Stillzeit<\/li>\n<li>schwere \/ chronische Erkrankungen des Herzens, der Blutgef\u00e4\u00dfe, der Nieren<\/li>\n<li>infekti\u00f6se und entz\u00fcndliche Erkrankungen des Organismus<\/li>\n<\/ul>\n<p>[\/vc_column_text][vc_empty_space height=&#8220;25px&#8220;]\t\t<\/div>\n\t<\/div>\n<\/div><\/div><div class=\"mkdf-elements-holder mkdf-two-columns mkdf-responsive-mode-768\" ><div class=\"mkdf-eh-item \"  data-item-class=\"mkdf-eh-custom-534069\" data-1280-1600=\"80px 8% 80px 7%\" data-1024-1280=\"80px 8% 80px 7%\" data-768-1024=\"80px 8% 80px 7%\" data-600-768=\"0px 5% 20px 5%\" data-480-600=\"0px 10% 85px 10%\" data-480=\"0px 10% 85px 10%\">\n\t<div class=\"mkdf-eh-item-inner\">\n\t\t<div class=\"mkdf-eh-item-content mkdf-eh-custom-534069\" style=\"padding: 80px 8% 80px 7%\">\n\t\t\t<div class=\"mkdf-section-title-holder mkdf-st-standard mkdf-st-title-left mkdf-st-normal-space \" >\n\t<div class=\"mkdf-st-inner\">\n\t\t\t\t\t<h2 class=\"mkdf-st-title\" >\n\t\t\t\tVerwendete Laser\t\t\t<\/h2>\n\t\t\t\t\t<\/div>\n<\/div>[vc_empty_space height=&#8220;25px&#8220;][vc_column_text]In unserer Klinik verwenden wir Technologien der neuesten Generation in Form der TriActive + Multifunktionsplattform der italienischen Firma Deka, die Lasertechnologien, Hochfrequenzwellen und Ultraschall verwendet.<\/p>\n<p>TriActive+ kombiniert die Bedienung von sechs verschiedenen Handheld-Aufs\u00e4tzen auf einer Plattform. Mit der dermodynamischen Methode wird die Behandlung zu einem integralen Bestandteil der gesamten K\u00f6rperpflege.<\/p>\n<p>Die TriActive+-Plattform kombiniert eine kombinierte, sich gegenseitig unterst\u00fctzende Wirkung mit Laser-, Ultraschall- und Radiowellen, um Unvollkommenheiten wie Cellulite, lokalisiertes Fett und Schlaffheit zu bek\u00e4mpfen.<\/p>\n<p>Die von den einzelnen Aufs\u00e4tzen erzeugten Wellen bringen die Fettzellen in Schwingung: Eine tiefe mechanische Massage reduziert wirksam die Fibrose, insbesondere in den sp\u00e4teren Stadien der Cellulite. Die neue Ultraschalltechnologie TriActive+ regt die Durchblutung und den Fl\u00fcssigkeitsabfluss durch spezielle Gewebest\u00e4rkung an.<\/p>\n<p>Die kombinierte synergetische Wirkung dieser drei Wirkstoffe f\u00f6rdert den Abtransport \u00fcbersch\u00fcssiger Fl\u00fcssigkeit und der toxischen Stoffe, die der K\u00f6rper enth\u00e4lt. Es ist sehr hilfreich in den fr\u00fchen Stadien der Cellulite, die durch \u00d6deme und Fl\u00fcssigkeitsansammlungen gekennzeichnet sind. In diesen Phasen ist die Aktivit\u00e4t des Lasers besonders wichtig, da er hilft, die Hauptlymphknoten zu \u00f6ffnen, was die Ausscheidung von unerw\u00fcnschten und sch\u00e4dlichen Substanzen erleichtert:<\/p>\n<p>TriActive + ist eine der effektivsten nicht-invasiven Methoden zur K\u00f6rperformung: Es hat einen tiefgreifenden Einfluss auf Unvollkommenheiten, die auf Mikrozirkulationsst\u00f6rungen zur\u00fcckzuf\u00fchren sind, und spielt auch eine wichtige Rolle bei der Verbesserung der Hautern\u00e4hrung.<\/p>\n<p>Es ist mit drei verschiedenen Technologien ausgestattet, dank derer das TriActive + Laserhandst\u00fcck schnell den normalen Hom\u00f6ostase-Zustand wiederherstellt, was f\u00fcr den Patienten von gro\u00dfem Nutzen ist.[\/vc_column_text]\t\t<\/div>\n\t<\/div>\n<\/div><div class=\"mkdf-eh-item \" style=\"background-image: url(https:\/\/altos-klinika.cz\/wp-content\/uploads\/2021\/09\/MG_9981_low.jpg)\" data-item-class=\"mkdf-eh-custom-405837\" data-600-768=\"260px 0\" data-480-600=\"200px 0\" data-480=\"200px 0\">\n\t<div class=\"mkdf-eh-item-inner\">\n\t\t<div class=\"mkdf-eh-item-content mkdf-eh-custom-405837\" >\n\t\t\t\t\t<\/div>\n\t<\/div>\n<\/div><\/div>[\/vc_column][\/vc_row]<\/p>\n","protected":false},"excerpt":{"rendered":"<p>[vc_row row_content_width=&#8220;grid&#8220; css=&#8220;.vc_custom_1632239210797{padding-top: 70px !important;}&#8220;][vc_column offset=&#8220;vc_col-lg-12&#8243; css=&#8220;.vc_custom_1632140768248{margin-top: -8px !important;}&#8220;][vc_empty_space height=&#8220;9px&#8220;][vc_column_text]Das Radiofrequenz-Gesichts- und K\u00f6rperlifting bezeichnet einen Durchbruch auf dem Gebiet der instrumentellen \u00e4sthetischen Medizin, der Laserdermatologie und der Korrektur altersbedingter Hautprobleme. Das RF-Lifting ist besonders geeignet f\u00fcr: Verbesserung des Hautzustandes Straffung [&hellip;]<\/p>\n","protected":false},"author":1,"featured_media":0,"parent":0,"menu_order":0,"comment_status":"closed","ping_status":"closed","template":"full-width.php","meta":{"footnotes":""},"class_list":["post-18111","page","type-page","status-publish","hentry"],"acf":[],"_links":{"self":[{"href":"https:\/\/altos-klinika.cz\/de\/wp-json\/wp\/v2\/pages\/18111","targetHints":{"allow":["GET"]}}],"collection":[{"href":"https:\/\/altos-klinika.cz\/de\/wp-json\/wp\/v2\/pages"}],"about":[{"href":"https:\/\/altos-klinika.cz\/de\/wp-json\/wp\/v2\/types\/page"}],"author":[{"embeddable":true,"href":"https:\/\/altos-klinika.cz\/de\/wp-json\/wp\/v2\/users\/1"}],"replies":[{"embeddable":true,"href":"https:\/\/altos-klinika.cz\/de\/wp-json\/wp\/v2\/comments?post=18111"}],"version-history":[{"count":7,"href":"https:\/\/altos-klinika.cz\/de\/wp-json\/wp\/v2\/pages\/18111\/revisions"}],"predecessor-version":[{"id":22563,"href":"https:\/\/altos-klinika.cz\/de\/wp-json\/wp\/v2\/pages\/18111\/revisions\/22563"}],"wp:attachment":[{"href":"https:\/\/altos-klinika.cz\/de\/wp-json\/wp\/v2\/media?parent=18111"}],"curies":[{"name":"wp","href":"https:\/\/api.w.org\/{rel}","templated":true}]}}