{"id":18145,"date":"2021-09-25T00:04:53","date_gmt":"2021-09-25T00:04:53","guid":{"rendered":"https:\/\/altos-klinika.cz\/hyperhidrosis-treatment\/"},"modified":"2025-02-23T09:15:06","modified_gmt":"2025-02-23T09:15:06","slug":"hyperhidrosis-treatment","status":"publish","type":"page","link":"https:\/\/altos-klinika.cz\/de\/hyperhidrosis-treatment\/","title":{"rendered":"Treatment of hyperhidrosis (excessive sweating)"},"content":{"rendered":"<p>[vc_row row_content_width=&#8220;grid&#8220; css=&#8220;.vc_custom_1632239210797{padding-top: 70px !important;}&#8220;][vc_column offset=&#8220;vc_col-lg-12&#8243; css=&#8220;.vc_custom_1632140768248{margin-top: -8px !important;}&#8220;]<div class=\"mkdf-section-title-holder mkdf-st-standard mkdf-st-title-left mkdf-st-normal-space \" style=\"text-align: center\">\n\t<div class=\"mkdf-st-inner\">\n\t\t\t\t\t<h1 class=\"mkdf-st-title\" >\n\t\t\t\t<span class=\"mkdf-st-title-bold\">Behandlung<\/span> <span class=\"mkdf-st-title-bold\">von<\/span> Hyperhidrose (\u00fcberm\u00e4\u00dfiges Schwitzen)\t\t\t<\/h1>\n\t\t\t\t\t<\/div>\n<\/div>[vc_empty_space height=&#8220;9px&#8220;][vc_column_text]<\/p>\n<h3 style=\"text-align: center;\"><strong>Reduzierung von \u00fcberm\u00e4\u00dfigem Schwitzen der Achseln, Handfl\u00e4chen und F\u00fc\u00dfe durch die Anwendung von Botulinumtoxin Typ A <\/strong><\/h3>\n<p>[\/vc_column_text][vc_column_text]Schwitzen auch wenn es f\u00fcr den K\u00f6rper ganz nat\u00fcrlich ist, kann in manchen F\u00e4llen zu ernsthaften Verletzungen f\u00fchren. \u00dcberm\u00e4\u00dfiges Schwitzen ist unangenehm und macht das Leben schwer.<\/p>\n<p>\u00dcberm\u00e4\u00dfiges Schwitzen kann sich sehr negativ auf die menschliche Psyche auswirken und das soziale Leben einschr\u00e4nken. Die Folge k\u00f6nnen verringertes Selbstwertgef\u00fchl, Stress, soziale Isolation und Depressionen sein. Z\u00f6gern Sie nicht, dieses Problem anzugehen, zum Gl\u00fcck haben wir eine L\u00f6sung.<\/p>\n<p>Die Behandlung besteht in der Anwendung von Botulinumtoxin, das die \u00dcbertragung von Nervenimpulsen an die Nervenenden der Schwei\u00dfdr\u00fcsen blockiert und dadurch deren Aktivit\u00e4t unterdr\u00fcckt. Wenn wir es auf das Unterhautgewebe neben den Schwei\u00dfdr\u00fcsen auftragen, h\u00f6ren diese auf zu funktionieren und das Schwitzen in diesem Bereich wird deutlich reduziert oder vollst\u00e4ndig gestoppt.<\/p>\n<p>Das Mittel wird im Bereich der Schwei\u00dfdr\u00fcsen unter die Haut gespritzt. Das Ergebnis nach der Prozedur ist innerhalb einer Woche nach der Prozedur sichtbar. Anzahl und H\u00e4ufigkeit der Wiederholungen werden immer individuell vom Arzt verordnet.<\/p>\n<p>Injektionsstellen mit offensichtlicher Hyperhidrose werden vorab durch eine biochemische Reaktion bestimmt. Dadurch wird \u00fcberm\u00e4\u00dfiges Schwitzen f\u00fcr bis zu 8 Monate beseitigt. Die Prozedur kann ohne Probleme wiederholt werden.[\/vc_column_text][vc_empty_space][\/vc_column][\/vc_row][vc_row full_width=&#8220;stretch_row&#8220; css=&#8220;.vc_custom_1638118773359{background-color: rgba(78,109,204,0.07) !important;*background-color: rgb(78,109,204) !important;}&#8220; simple_background_color=&#8220;rgba(78,109,204,0.07)&#8220;][vc_column][vc_row_inner row_content_width=&#8220;grid&#8220;][vc_column_inner][vc_column_text]\n<div class=\"wpcf7 no-js\" id=\"wpcf7-f17975-o1\" lang=\"en-US\" dir=\"ltr\" data-wpcf7-id=\"17975\">\n<div class=\"screen-reader-response\"><p role=\"status\" aria-live=\"polite\" aria-atomic=\"true\"><\/p> <ul><\/ul><\/div>\n<form action=\"\/de\/wp-json\/wp\/v2\/pages\/18145#wpcf7-f17975-o1\" method=\"post\" class=\"wpcf7-form init inline-form\" aria-label=\"Contact form\" novalidate=\"novalidate\" data-status=\"init\">\n<div style=\"display: none;\">\n<input type=\"hidden\" name=\"_wpcf7\" value=\"17975\" \/>\n<input type=\"hidden\" name=\"_wpcf7_version\" value=\"6.0.4\" \/>\n<input type=\"hidden\" name=\"_wpcf7_locale\" value=\"en_US\" \/>\n<input type=\"hidden\" name=\"_wpcf7_unit_tag\" value=\"wpcf7-f17975-o1\" \/>\n<input type=\"hidden\" name=\"_wpcf7_container_post\" value=\"0\" \/>\n<input type=\"hidden\" name=\"_wpcf7_posted_data_hash\" value=\"\" \/>\n<input type=\"hidden\" name=\"_wpcf7_recaptcha_response\" value=\"\" \/>\n<\/div>\n<h2>Vereinbare einen Termin\n<\/h2>\n<div class=\"jq-row jq-inline-form\">\n\t<div class=\"fields-col jq-row\">\n\t\t<div class=\"jq-col-33\">\n\t\t\t<p><span class=\"wpcf7-form-control-wrap\" data-name=\"your-name\"><input size=\"40\" maxlength=\"400\" class=\"wpcf7-form-control wpcf7-text wpcf7-validates-as-required\" aria-required=\"true\" aria-invalid=\"false\" placeholder=\"Ihren Namen\" value=\"\" type=\"text\" name=\"your-name\" \/><\/span>\n\t\t\t<\/p>\n\t\t<\/div>\n\t\t<div class=\"jq-col-33\">\n\t\t\t<p><span class=\"wpcf7-form-control-wrap\" data-name=\"your-email\"><input size=\"40\" maxlength=\"400\" class=\"wpcf7-form-control wpcf7-email wpcf7-validates-as-required wpcf7-text wpcf7-validates-as-email\" aria-required=\"true\" aria-invalid=\"false\" placeholder=\"Email\" value=\"\" type=\"email\" name=\"your-email\" \/><\/span>\n\t\t\t<\/p>\n\t\t<\/div>\n\t\t<div class=\"jq-col-33\">\n\t\t\t<p><span class=\"wpcf7-form-control-wrap\" data-name=\"your-tel\"><input size=\"40\" maxlength=\"400\" class=\"wpcf7-form-control wpcf7-tel wpcf7-text wpcf7-validates-as-tel\" aria-invalid=\"false\" placeholder=\"+420 *** *** ***\" value=\"\" type=\"tel\" name=\"your-tel\" \/><\/span>\n\t\t\t<\/p>\n\t\t<\/div>\n\t\t<div class=\"jq-col-100\">\n\t\t\t<p><span class=\"wpcf7-form-control-wrap\" data-name=\"acceptance\"><span class=\"wpcf7-form-control wpcf7-acceptance\"><span class=\"wpcf7-list-item\"><label><input type=\"checkbox\" name=\"acceptance\" value=\"1\" aria-invalid=\"false\" \/><span class=\"wpcf7-list-item-label\">Ich stimme der <a href=\"https:\/\/altos-klinika.cz\/en\/terms-of-use\/\" target=\"_blank\">Verarbeitung meiner personenbezogenen Daten zu<\/a>.<\/span><\/label><\/span><\/span><\/span>\n\t\t\t<\/p>\n\t\t<\/div>\n\t<\/div>\n\t<div class=\"button-col\">\n\t\t<p><input class=\"wpcf7-form-control wpcf7-submit has-spinner\" type=\"submit\" value=\"Senden\" \/><input type=\"hidden\" class=\"wpcf7-form-control wpcf7-hidden\" name=\"your-subject\" placeholder=\"\" value=\"DE \u0417\u0430\u043f\u0438\u0441\u044c \u043d\u0430 \u043f\u0440\u043e\u0446\u0435\u0434\u0443\u0440\u0443\" \/><input type=\"hidden\" class=\"wpcf7-form-control wpcf7-hidden\" name=\"hidden-956\" placeholder=\"\" value=\"Treatment of hyperhidrosis (excessive sweating)\" \/>\n\t\t<\/p>\n\t<\/div>\n<\/div><input type='hidden' class='wpcf7-pum' value='{\"closepopup\":false,\"closedelay\":0,\"openpopup\":false,\"openpopup_id\":0}' \/><div class=\"wpcf7-response-output\" aria-hidden=\"true\"><\/div>\n<\/form>\n<\/div>\n[\/vc_column_text][\/vc_column_inner][\/vc_row_inner][\/vc_column][\/vc_row][vc_row content_placement=&#8220;middle&#8220; css=&#8220;.vc_custom_1632529364693{background-color: #fafafa !important;}&#8220;][vc_column]<div class=\"mkdf-elements-holder mkdf-one-column mkdf-responsive-mode-768\" style=\"background-color:#fafafa;\"><div class=\"mkdf-eh-item mkdf-horizontal-alignment-center\"  data-item-class=\"mkdf-eh-custom-478050\">\n\t<div class=\"mkdf-eh-item-inner\">\n\t\t<div class=\"mkdf-eh-item-content mkdf-eh-custom-478050\" style=\"padding: 20px 0 0 0\">\n\t\t\t<div class=\"mkdf-section-title-holder mkdf-st-standard mkdf-st-title-left mkdf-st-normal-space \" style=\"text-align: center\">\n\t<div class=\"mkdf-st-inner\">\n\t\t\t\t\t<h2 class=\"mkdf-st-title\" >\n\t\t\t\tPreisliste\t\t\t<\/h2>\n\t\t\t\t\t<\/div>\n<\/div>\t\t<\/div>\n\t<\/div>\n<\/div><\/div><div class=\"mkdf-elements-holder mkdf-one-column mkdf-responsive-mode-1024 mkdf-one-column-alignment-center\" style=\"background-color:#fafafa;\"><div class=\"mkdf-eh-item mkdf-horizontal-alignment-center\"  data-item-class=\"mkdf-eh-custom-369656\" data-1280-1600=\"40px 200px 20px 200px\" data-1024-1280=\"40px 100px 20px 100px\" data-768-1024=\"20px 30px 20px 30px\" data-600-768=\"20px 30px 20px 30px\" data-480-600=\"20px 30px 20px 30px\" data-480=\"20px 30px 20px 30px\">\n\t<div class=\"mkdf-eh-item-inner\">\n\t\t<div class=\"mkdf-eh-item-content mkdf-eh-custom-369656\" style=\"padding: 40px 300px 20px 300px\">\n\t\t\t<div class=\"mkdf-pricing-tables clearfix  mkdf-two-columns mkdf-pt-tiny-space\"><div class=\"mkdf-pt-wrapper\"><div class=\"mkdf-price-table\">\n\t<div class=\"mkdf-pt-inner\" style=\"background-color: #ffffff\">\n\t\t\t\t<ul>\n\t\t\t<li class=\"mkdf-pt-title-holder\">\n\t\t\t\t<span class=\"mkdf-pt-title\" style=\"border-color: #13bfb1\">Beratungsgespr\u00e4ch<\/span>\n\t\t\t<\/li>\n\t\t\t<li class=\"mkdf-pt-prices\">\n\t\t\t\t<sup class=\"mkdf-pt-value\" >K\u010d<\/sup>\n\t\t\t\t<span class=\"mkdf-pt-price\" >1 500<\/span>\n\t\t\t\t<h6 class=\"mkdf-pt-mark\" >30 Minuten<\/h6>\n\t\t\t<\/li>\n\t\t\t<li class=\"mkdf-pt-content\">\n\t\t\t\tIm Falle einer Behandlung kostenlose Beratung\t\t\t<\/li>\n\t\t\t\t\t\t\t<li class=\"mkdf-pt-button\">\n\t\t\t\t\t<a itemprop=\"url\" href=\"https:\/\/altos-klinika.cz\/en\/book-an-appointment\/?balname=Consultation%20Treatment%20of%20hyperhidrosis\" target=\"_self\"  class=\"mkdf-btn mkdf-btn-large mkdf-btn-solid mkdf-btn-solid-dark\"  >    <span class=\"mkdf-btn-text\">Vereinbare einen Termin<\/span>    <span class=\"mkdf-btn-icon-holder\">        <span class=\"mkdf-btn-icon-normal\" ><\/span>        <span class=\"mkdf-btn-icon-flip\" ><\/span>    <\/span><\/a>\t\t\t\t<\/li>\t\t\t\t\n\t\t\t\t\t<\/ul>\n\t<\/div>\n<\/div><div class=\"mkdf-price-table\">\n\t<div class=\"mkdf-pt-inner\" style=\"background-color: #ffffff\">\n\t\t\t\t<ul>\n\t\t\t<li class=\"mkdf-pt-title-holder\">\n\t\t\t\t<span class=\"mkdf-pt-title\" style=\"border-color: #13bfb1\">1 Bereich<\/span>\n\t\t\t<\/li>\n\t\t\t<li class=\"mkdf-pt-prices\">\n\t\t\t\t<sup class=\"mkdf-pt-value\" >K\u010d<\/sup>\n\t\t\t\t<span class=\"mkdf-pt-price\" >13 000 \u2013 18 000<\/span>\n\t\t\t\t<h6 class=\"mkdf-pt-mark\" >1 Bereich<\/h6>\n\t\t\t<\/li>\n\t\t\t<li class=\"mkdf-pt-content\">\n\t\t\t\tDer Preis richtet sich nach Anwendungsbereich und Menge des verwendeten Materials.\t\t\t<\/li>\n\t\t\t\t\t\t\t<li class=\"mkdf-pt-button\">\n\t\t\t\t\t<a itemprop=\"url\" href=\"https:\/\/altos-klinika.cz\/en\/book-an-appointment\/?balname=Treatment%20of%20hyperhidrosis\" target=\"_self\"  class=\"mkdf-btn mkdf-btn-large mkdf-btn-solid mkdf-btn-solid-dark\"  >    <span class=\"mkdf-btn-text\">Vereinbare einen Termin<\/span>    <span class=\"mkdf-btn-icon-holder\">        <span class=\"mkdf-btn-icon-normal\" ><\/span>        <span class=\"mkdf-btn-icon-flip\" ><\/span>    <\/span><\/a>\t\t\t\t<\/li>\t\t\t\t\n\t\t\t\t\t<\/ul>\n\t<\/div>\n<\/div><\/div><\/div>\t\t<\/div>\n\t<\/div>\n<\/div><\/div>[\/vc_column][\/vc_row][vc_row row_content_width=&#8220;grid&#8220; css=&#8220;.vc_custom_1632239210797{padding-top: 70px !important;}&#8220;][vc_column offset=&#8220;vc_col-lg-12&#8243; css=&#8220;.vc_custom_1632140768248{margin-top: -8px !important;}&#8220;]<div class=\"mkdf-section-title-holder mkdf-st-standard mkdf-st-title-left mkdf-st-normal-space \" style=\"text-align: center\">\n\t<div class=\"mkdf-st-inner\">\n\t\t\t\t\t<h2 class=\"mkdf-st-title\" >\n\t\t\t\tWie l\u00e4uft die Bewerbung ab?\t\t\t<\/h2>\n\t\t\t\t\t<\/div>\n<\/div>[vc_empty_space height=&#8220;9px&#8220;][vc_column_text]Zur Schmerzlinderung wird auf die gereinigte und desinfizierte Haut eine Bet\u00e4ubungscreme aufgetragen. F\u00fcr eine maximale Wirkung bleibt die Creme 15 bis 40 Minuten auf der Haut.<\/p>\n<p>Nach dem Entfernen der Creme von der Hautoberfl\u00e4che wird Botulinumtoxin unter die Haut gespritzt. Der Injektionsprozedur dauert je nach Anwendungsgebiet 15 bis 30 Minuten.<\/p>\n<h4><strong>Regeneration<\/strong><\/h4>\n<p>Nach der Prozedur auf der Haut kann Folgendes auftreten:<\/p>\n<ul>\n<li>R\u00f6tung<\/li>\n<li>\u00d6dem<\/li>\n<li>Spuren von<\/li>\n<\/ul>\n<p>Diese Nebenwirkungen treten im Durchschnitt 2-3 Tage nach der Prozedur auf<br \/>\nUm die Hautheilung zu beschleunigen, m\u00fcssen Sie von Ihrem Arzt verschriebene Cremes verwenden.[\/vc_column_text][vc_empty_space height=&#8220;25px&#8220;][\/vc_column][\/vc_row][vc_row css=&#8220;.vc_custom_1632322238998{padding-top: 50px !important;}&#8220;][vc_column css=&#8220;.vc_custom_1492767171698{padding-top: 0px !important;}&#8220;]<div class=\"mkdf-elements-holder mkdf-two-columns mkdf-responsive-mode-768\" ><div class=\"mkdf-eh-item \" style=\"background-image: url(https:\/\/altos-klinika.cz\/wp-content\/uploads\/2021\/09\/doctor-man-consulting-patient-while-filling-up-application-form-desk-hospital-scaled.jpg)\" data-item-class=\"mkdf-eh-custom-178553\" data-600-768=\"260px 0\" data-480-600=\"200px 0\" data-480=\"200px 0\">\n\t<div class=\"mkdf-eh-item-inner\">\n\t\t<div class=\"mkdf-eh-item-content mkdf-eh-custom-178553\" >\n\t\t\t\t\t<\/div>\n\t<\/div>\n<\/div><div class=\"mkdf-eh-item \"  data-item-class=\"mkdf-eh-custom-966870\" data-1280-1600=\"110px 15% 120px 15%\" data-1024-1280=\"100px 13% 105px 14%\" data-768-1024=\"75px 11% 90px 10%\" data-600-768=\"75px 11% 90px 10%\" data-480-600=\"60px 10% 85px 10%\" data-480=\"60px 10% 85px 10%\">\n\t<div class=\"mkdf-eh-item-inner\">\n\t\t<div class=\"mkdf-eh-item-content mkdf-eh-custom-966870\" style=\"padding: 100px 19% 100px 16%\">\n\t\t\t<div class=\"mkdf-section-title-holder mkdf-st-standard mkdf-st-title-left mkdf-st-normal-space \" >\n\t<div class=\"mkdf-st-inner\">\n\t\t\t\t\t<h2 class=\"mkdf-st-title\" >\n\t\t\t\tKontraindikation\t\t\t<\/h2>\n\t\t\t\t\t<\/div>\n<\/div>[vc_empty_space height=&#8220;25px&#8220;][vc_column_text]<\/p>\n<ul>\n<li>ansteckende und entz\u00fcndliche Erkrankungen<\/li>\n<li>onkologische Erkrankungen<\/li>\n<li>Schwangerschaft<\/li>\n<li>Stillen<\/li>\n<\/ul>\n<p>[\/vc_column_text]\t\t<\/div>\n\t<\/div>\n<\/div><\/div>[\/vc_column][\/vc_row]<\/p>\n","protected":false},"excerpt":{"rendered":"<p>[vc_row row_content_width=&#8220;grid&#8220; css=&#8220;.vc_custom_1632239210797{padding-top: 70px !important;}&#8220;][vc_column offset=&#8220;vc_col-lg-12&#8243; css=&#8220;.vc_custom_1632140768248{margin-top: -8px !important;}&#8220;][vc_empty_space height=&#8220;9px&#8220;][vc_column_text] Reduzierung von \u00fcberm\u00e4\u00dfigem Schwitzen der Achseln, Handfl\u00e4chen und F\u00fc\u00dfe durch die Anwendung von Botulinumtoxin Typ A [\/vc_column_text][vc_column_text]Schwitzen auch wenn es f\u00fcr den K\u00f6rper ganz nat\u00fcrlich ist, kann in manchen F\u00e4llen [&hellip;]<\/p>\n","protected":false},"author":1,"featured_media":0,"parent":0,"menu_order":0,"comment_status":"closed","ping_status":"closed","template":"full-width.php","meta":{"footnotes":""},"class_list":["post-18145","page","type-page","status-publish","hentry"],"acf":[],"_links":{"self":[{"href":"https:\/\/altos-klinika.cz\/de\/wp-json\/wp\/v2\/pages\/18145","targetHints":{"allow":["GET"]}}],"collection":[{"href":"https:\/\/altos-klinika.cz\/de\/wp-json\/wp\/v2\/pages"}],"about":[{"href":"https:\/\/altos-klinika.cz\/de\/wp-json\/wp\/v2\/types\/page"}],"author":[{"embeddable":true,"href":"https:\/\/altos-klinika.cz\/de\/wp-json\/wp\/v2\/users\/1"}],"replies":[{"embeddable":true,"href":"https:\/\/altos-klinika.cz\/de\/wp-json\/wp\/v2\/comments?post=18145"}],"version-history":[{"count":4,"href":"https:\/\/altos-klinika.cz\/de\/wp-json\/wp\/v2\/pages\/18145\/revisions"}],"predecessor-version":[{"id":22550,"href":"https:\/\/altos-klinika.cz\/de\/wp-json\/wp\/v2\/pages\/18145\/revisions\/22550"}],"wp:attachment":[{"href":"https:\/\/altos-klinika.cz\/de\/wp-json\/wp\/v2\/media?parent=18145"}],"curies":[{"name":"wp","href":"https:\/\/api.w.org\/{rel}","templated":true}]}}