{"id":22188,"date":"2024-06-07T09:07:55","date_gmt":"2024-06-07T09:07:55","guid":{"rendered":"https:\/\/altos-klinika.cz\/cinderella-infuze\/"},"modified":"2025-02-21T15:41:44","modified_gmt":"2025-02-21T15:41:44","slug":"cinderella-infuze","status":"publish","type":"page","link":"https:\/\/altos-klinika.cz\/de\/cinderella-infuze\/","title":{"rendered":"Cinderella infuze"},"content":{"rendered":"<p>[vc_row row_content_width=&#8220;grid&#8220; css=&#8220;.vc_custom_1632239210797{padding-top: 70px !important;}&#8220;][vc_column offset=&#8220;vc_col-lg-12&#8243; css=&#8220;.vc_custom_1632140768248{margin-top: -8px !important;}&#8220;]<div class=\"mkdf-section-title-holder mkdf-st-standard mkdf-st-title-left mkdf-st-normal-space \" style=\"text-align: center\">\n\t<div class=\"mkdf-st-inner\">\n\t\t\t\t\t<h1 class=\"mkdf-st-title\" >\n\t\t\t\tCinderella infuze\t\t\t<\/h1>\n\t\t\t\t\t<\/div>\n<\/div>[vc_empty_space height=&#8220;9px&#8220;][vc_column_text css=&#8220;.vc_custom_1717751042368{margin-bottom: 40px !important;}&#8220;]Cinderella infuze je inovativn\u00ed metodou omlazen\u00ed a regenerace organismu prost\u0159ednictv\u00edm infuzn\u00ed terapie. P\u0159ipravek obsahuje t\u0159i siln\u00e9 antioxidanty: glutathion, kyselinu alfa-lipoovou a vitamin C.<\/p>\n<p><strong>Hlavn\u00edm \u00fa\u010dinkem Cinderella infuze je:<\/strong><\/p>\n<ul>\n<li>odstran\u011bn\u00ed pigmentac\u00ed a postakn\u00e9,<\/li>\n<li>zlep\u0161en\u00ed pru\u017enosti a pevnosti poko\u017eky.<\/li>\n<\/ul>\n<p><strong>P\u0159\u00edpravek se tak\u00e9 p\u0159edepisuje p\u0159i:<\/strong><\/p>\n<ul>\n<li>chronick\u00e9 \u00fanav\u011b,<\/li>\n<li>sn\u00ed\u017een\u00e9 imunit\u011b,<\/li>\n<li>poststresov\u00fdch stavech,<\/li>\n<li>intoxikaci organismu,<\/li>\n<li>nadv\u00e1ze.<\/li>\n<\/ul>\n<p>Tyto injekce se staly neuv\u011b\u0159iteln\u011b popul\u00e1rn\u00ed po cel\u00e9m sv\u011bt\u011b d\u00edky nepopirateln\u00e9mu a rychl\u00e9mu pozitivn\u00edmu \u00fa\u010dinku, kter\u00fd poskytuj\u00ed.<\/p>\n<p><strong>Pro\u010d pr\u00e1v\u011b infuzn\u00ed terapie?<\/strong><\/p>\n<p>Zaveden\u00ed t\u00e9to \u201ekosmetick\u00e9 l\u00e9\u010dby\u201c do celkov\u00e9ho krevn\u00edho ob\u011bhu umo\u017e\u0148uje co nejrychleji rozv\u00e9st v\u0161echny u\u017eite\u010dn\u00e9 l\u00e1tky po cel\u00e9m t\u011ble, kter\u00e9 p\u0159\u00edzniv\u011b p\u016fsob\u00ed na bu\u0148ky a tk\u00e1n\u011b, zlep\u0161uj\u00ed bun\u011b\u010dn\u00fd metabolismus, normalizuj\u00ed \u010dinnost vnit\u0159n\u00edch org\u00e1n\u016f a syst\u00e9m\u016f.<\/p>\n<p>Infuze je organismem v\u00fdborn\u011b sn\u00e1\u0161ena, pln\u011b asimilov\u00e1na a nevyvol\u00e1v\u00e1 vedlej\u0161\u00ed \u00fa\u010dinky. Glutathion odstra\u0148uje z t\u011bla toxick\u00e9 l\u00e1tky, bojuje proti prvn\u00edm p\u0159\u00edznak\u016fm st\u00e1rnut\u00ed a stresu. Vitamin C reguluje redoxn\u00ed procesy, stimuluje tvorbu kolagenu, normalizuje propustnost kapil\u00e1r a sr\u00e1\u017elivost krve. Kyselina alfa-lipoov\u00e1 sni\u017euje mno\u017estv\u00ed tukov\u00fdch z\u00e1sob v tk\u00e1n\u00edch, zmen\u0161uje p\u00f3ry, vyrovn\u00e1v\u00e1 barvu pleti, odstra\u0148uje otoky a jemn\u00e9 vr\u00e1sky.[\/vc_column_text][\/vc_column][\/vc_row][vc_row content_placement=&#8220;middle&#8220; css=&#8220;.vc_custom_1632529364693{background-color: #fafafa !important;}&#8220;][vc_column width=&#8220;2\/3&#8243; offset=&#8220;vc_col-lg-offset-4 vc_col-lg-4 vc_col-md-offset-3 vc_col-md-6 vc_col-sm-offset-2&#8243;]<div class=\"mkdf-elements-holder mkdf-one-column mkdf-responsive-mode-768\" style=\"background-color:#fafafa;\"><div class=\"mkdf-eh-item mkdf-horizontal-alignment-center\"  data-item-class=\"mkdf-eh-custom-182419\">\n\t<div class=\"mkdf-eh-item-inner\">\n\t\t<div class=\"mkdf-eh-item-content mkdf-eh-custom-182419\" style=\"padding: 20px 0 30px 0\">\n\t\t\t<div class=\"mkdf-section-title-holder mkdf-st-standard mkdf-st-title-left mkdf-st-normal-space \" style=\"text-align: center\">\n\t<div class=\"mkdf-st-inner\">\n\t\t\t\t\t<h2 class=\"mkdf-st-title\" >\n\t\t\t\tCen\u00edk\t\t\t<\/h2>\n\t\t\t\t\t<\/div>\n<\/div>\t\t<\/div>\n\t<\/div>\n<\/div><\/div><div class=\"mkdf-elements-holder mkdf-one-column mkdf-responsive-mode-768 mkdf-one-column-alignment-center\" style=\"background-color:#fafafa;\"><div class=\"mkdf-eh-item mkdf-horizontal-alignment-center\"  data-item-class=\"mkdf-eh-custom-243440\">\n\t<div class=\"mkdf-eh-item-inner\">\n\t\t<div class=\"mkdf-eh-item-content mkdf-eh-custom-243440\" style=\"padding: 0 10px 30px 10px\">\n\t\t\t<div class=\"mkdf-pricing-tables clearfix  mkdf-one-column mkdf-pt-normal-space\"><div class=\"mkdf-pt-wrapper\"><div class=\"mkdf-price-table\">\n\t<div class=\"mkdf-pt-inner\" style=\"background-color: #ffffff\">\n\t\t\t\t<ul>\n\t\t\t<li class=\"mkdf-pt-title-holder\">\n\t\t\t\t<span class=\"mkdf-pt-title\" style=\"border-color: #13bfb1\">Cinderella infuze<\/span>\n\t\t\t<\/li>\n\t\t\t<li class=\"mkdf-pt-prices\">\n\t\t\t\t<sup class=\"mkdf-pt-value\" >K\u010d<\/sup>\n\t\t\t\t<span class=\"mkdf-pt-price\" >2 500<\/span>\n\t\t\t\t<h6 class=\"mkdf-pt-mark\" >1 o\u0161et\u0159en\u00ed<\/h6>\n\t\t\t<\/li>\n\t\t\t<li class=\"mkdf-pt-content\">\n\t\t\t\t\t\t\t<\/li>\n\t\t\t\t\t\t\t<li class=\"mkdf-pt-button\">\n\t\t\t\t\t<a itemprop=\"url\" href=\"https:\/\/altos-klinika.cz\/objednat-se-na-zakrok\/?balname=Cinderella%20infuze\" target=\"_self\"  class=\"mkdf-btn mkdf-btn-large mkdf-btn-solid mkdf-btn-solid-dark\"  >    <span class=\"mkdf-btn-text\">Objednat se na z\u00e1krok<\/span>    <span class=\"mkdf-btn-icon-holder\">        <span class=\"mkdf-btn-icon-normal\" ><\/span>        <span class=\"mkdf-btn-icon-flip\" ><\/span>    <\/span><\/a>\t\t\t\t<\/li>\t\t\t\t\n\t\t\t\t\t<\/ul>\n\t<\/div>\n<\/div><\/div><\/div>\t\t<\/div>\n\t<\/div>\n<\/div><\/div>[\/vc_column][\/vc_row]<\/p>\n","protected":false},"excerpt":{"rendered":"<p>[vc_row row_content_width=&#8220;grid&#8220; css=&#8220;.vc_custom_1632239210797{padding-top: 70px !important;}&#8220;][vc_column offset=&#8220;vc_col-lg-12&#8243; css=&#8220;.vc_custom_1632140768248{margin-top: -8px !important;}&#8220;][vc_empty_space height=&#8220;9px&#8220;][vc_column_text css=&#8220;.vc_custom_1717751042368{margin-bottom: 40px !important;}&#8220;]Cinderella infuze je inovativn\u00ed metodou omlazen\u00ed a regenerace organismu prost\u0159ednictv\u00edm infuzn\u00ed terapie. P\u0159ipravek obsahuje t\u0159i siln\u00e9 antioxidanty: glutathion, kyselinu alfa-lipoovou a vitamin C. Hlavn\u00edm \u00fa\u010dinkem Cinderella infuze je: [&hellip;]<\/p>\n","protected":false},"author":2,"featured_media":0,"parent":0,"menu_order":0,"comment_status":"closed","ping_status":"closed","template":"full-width.php","meta":{"footnotes":""},"class_list":["post-22188","page","type-page","status-publish","hentry"],"acf":[],"_links":{"self":[{"href":"https:\/\/altos-klinika.cz\/de\/wp-json\/wp\/v2\/pages\/22188","targetHints":{"allow":["GET"]}}],"collection":[{"href":"https:\/\/altos-klinika.cz\/de\/wp-json\/wp\/v2\/pages"}],"about":[{"href":"https:\/\/altos-klinika.cz\/de\/wp-json\/wp\/v2\/types\/page"}],"author":[{"embeddable":true,"href":"https:\/\/altos-klinika.cz\/de\/wp-json\/wp\/v2\/users\/2"}],"replies":[{"embeddable":true,"href":"https:\/\/altos-klinika.cz\/de\/wp-json\/wp\/v2\/comments?post=22188"}],"version-history":[{"count":1,"href":"https:\/\/altos-klinika.cz\/de\/wp-json\/wp\/v2\/pages\/22188\/revisions"}],"predecessor-version":[{"id":22496,"href":"https:\/\/altos-klinika.cz\/de\/wp-json\/wp\/v2\/pages\/22188\/revisions\/22496"}],"wp:attachment":[{"href":"https:\/\/altos-klinika.cz\/de\/wp-json\/wp\/v2\/media?parent=22188"}],"curies":[{"name":"wp","href":"https:\/\/api.w.org\/{rel}","templated":true}]}}