{"id":14039,"date":"2021-10-09T09:18:00","date_gmt":"2021-10-09T09:18:00","guid":{"rendered":"https:\/\/altos-klinika.cz\/nas-tym\/"},"modified":"2023-08-21T09:44:21","modified_gmt":"2023-08-21T09:44:21","slug":"our-team","status":"publish","type":"page","link":"https:\/\/altos-klinika.cz\/en\/our-team\/","title":{"rendered":"Our specialists"},"content":{"rendered":"<p>[vc_row css=&#8221;.vc_custom_1640466215659{padding-top: 50px !important;}&#8221;][vc_column css=&#8221;.vc_custom_1492767171698{padding-top: 0px !important;}&#8221;]<div class=\"mkdf-section-title-holder mkdf-st-standard mkdf-st-title-left mkdf-st-normal-space \" style=\"text-align: center\">\n\t<div class=\"mkdf-st-inner\">\n\t\t\t\t\t<h1 class=\"mkdf-st-title\" >\n\t\t\t\tOur specialists\t\t\t<\/h1>\n\t\t\t\t\t<\/div>\n<\/div>[vc_empty_space height=&#8221;20px&#8221;][\/vc_column][\/vc_row][vc_row disable_element=&#8221;yes&#8221; css=&#8221;.vc_custom_1646135798914{padding-top: 7% !important;padding-right: 10% !important;padding-left: 10% !important;}&#8221;][vc_column width=&#8221;2\/3&#8243; css=&#8221;.vc_custom_1640468852487{padding-top: 0px !important;padding-right: 5% !important;padding-left: 5% !important;}&#8221;]<div class=\"mkdf-section-title-holder mkdf-st-standard mkdf-st-title-left mkdf-st-normal-space \" >\n\t<div class=\"mkdf-st-inner\">\n\t\t\t\t\t<h2 class=\"mkdf-st-title\" >\n\t\t\t\tSo\u0148a K\u0159emenov\u00e1, M.D.\t\t\t<\/h2>\n\t\t\t\t\t<\/div>\n<\/div>[vc_empty_space height=&#8221;25px&#8221;][vc_column_text]<strong>Practice:<\/strong><\/p>\n<ul>\n<li>Head doctor in the Dermatology department of the Hospital in Pardubice<\/li>\n<li>Head doctor in the Dermatology department of the Hospital in Trutnov<\/li>\n<li>Head doctor in the Dermatology department of National Institute of Health Prague 10<\/li>\n<li>Venerological Ordinary and Head of the Dermatology Clinic of the Faculty Hospital Kr\u00e1lovsk\u00e9<\/li>\n<li>Vinohrady in Prague<\/li>\n<\/ul>\n<p>[\/vc_column_text][vc_row_inner][vc_column_inner width=&#8221;1\/2&#8243;][vc_column_text]<strong>Education:<\/strong><br \/>\nFaculty of General Medicine, Charles University, Prague<br \/>\n1st degree attestation in dermatovenerology<br \/>\n2nd degree attestation in dermatovenerology<\/p>\n<p><strong>Training courses completed<\/strong><br \/>\nRegular participation in professional training activities covering the whole field.<br \/>\nAttending professional training conferences organized by the Corrective dermatology and cosmetology society of the Czech Medical Association JEP with appropriate certificates.[\/vc_column_text][\/vc_column_inner][vc_column_inner width=&#8221;1\/2&#8243;][vc_column_text]<strong>Specialization:<\/strong><br \/>\nDermatovenerology<\/p>\n<p><strong>Licenses:<\/strong><br \/>\nHead doctor in Dermatovenerology Medical<br \/>\nDevice<br \/>\nPractical doctor<br \/>\nLecturer of medical practice<br \/>\nExpert representative<br \/>\nProvider of advice services[\/vc_column_text][\/vc_column_inner][\/vc_row_inner][vc_empty_space height=&#8221;20px&#8221;][\/vc_column][vc_column width=&#8221;1\/3&#8243; offset=&#8221;vc_hidden-xs&#8221;]<div class=\"mkdf-elements-holder mkdf-one-column mkdf-responsive-mode-768\" ><div class=\"mkdf-eh-item mkdf-horizontal-alignment-center\"  data-item-class=\"mkdf-eh-custom-609223\">\n\t<div class=\"mkdf-eh-item-inner\">\n\t\t<div class=\"mkdf-eh-item-content mkdf-eh-custom-609223\" >\n\t\t\t[vc_single_image image=&#8221;14978&#8243; img_size=&#8221;full&#8221; alignment=&#8221;center&#8221;]\t\t<\/div>\n\t<\/div>\n<\/div><\/div>[\/vc_column][\/vc_row][vc_row css=&#8221;.vc_custom_1640466397981{padding-top: 7% !important;padding-right: 10% !important;padding-left: 10% !important;}&#8221;][vc_column width=&#8221;1\/3&#8243; css=&#8221;.vc_custom_1640470220627{padding-top: 0px !important;}&#8221; offset=&#8221;vc_hidden-xs&#8221;]<div class=\"mkdf-elements-holder mkdf-two-columns mkdf-responsive-mode-768\" ><div class=\"mkdf-eh-item mkdf-horizontal-alignment-right\"  data-item-class=\"mkdf-eh-custom-569363\">\n\t<div class=\"mkdf-eh-item-inner\">\n\t\t<div class=\"mkdf-eh-item-content mkdf-eh-custom-569363\" >\n\t\t\t[vc_single_image image=&#8221;14962&#8243; img_size=&#8221;full&#8221; alignment=&#8221;center&#8221;]\t\t<\/div>\n\t<\/div>\n<\/div><\/div>[\/vc_column][vc_column width=&#8221;2\/3&#8243; css=&#8221;.vc_custom_1640468859687{padding-right: 5% !important;padding-left: 5% !important;}&#8221;]<div class=\"mkdf-section-title-holder mkdf-st-standard mkdf-st-title-left mkdf-st-normal-space \" >\n\t<div class=\"mkdf-st-inner\">\n\t\t\t\t\t<h2 class=\"mkdf-st-title\" >\n\t\t\t\tVlastimil Vi\u0161ek, M.D.\t\t\t<\/h2>\n\t\t\t\t\t<\/div>\n<\/div>[vc_empty_space height=&#8221;25px&#8221;][vc_row_inner][vc_column_inner width=&#8221;2\/3&#8243;][vc_column_text]<strong>Certificates and completed courses<\/strong><br \/>\nLicense for medical practice in surgery and plastic surgery from Czech Medical Chamber<br \/>\nDiploma in lifelong learning from Czech Medical Chamber<br \/>\nLicense for head doctor position in healthcare institutions specialising in plastic surgery from Czech Medical Chamber<\/p>\n<p><strong>Practice:<\/strong><\/p>\n<ul>\n<li>Head Doctor in private clinics L\u00e9ka\u0159sk\u00fd d\u016fm Praha 7, Iscare, MEDICOM, GHC, Esthesia<\/li>\n<li>Head Doctor of Surgical Department in health centre, Prague-Podoli<\/li>\n<li>Plastic Surgery Consultant for city district Prague 4<\/li>\n<li>Expert Assistant in plastic surgery clinic, University Hospital in Prague-Vinohrady<\/li>\n<li>Assisting doctor \u2013 surgical clinic, University Hospital in Prague-Vinohrady<\/li>\n<li>External collaborator with CLT Teplice, GiSant Karlovy Vary, town hospital of Nymburk, GRAND Clinic<\/li>\n<\/ul>\n<p><strong>Internships and seminars:<\/strong><br \/>\nSt. Petersburg, London, Rotterdam, Vienna, Valkenburg, New York, San Francisco, Palo Alto, San Diego<\/p>\n<p><strong>Trainings and publishing activities:<\/strong><br \/>\nAuthor and co-author of 45 scientific lectures and publications in Czech, Russian and English.<br \/>\nAuthor of hundreds of educational articles and written contributions to various magazines, TV and radio programs worldwide.[\/vc_column_text][\/vc_column_inner][vc_column_inner width=&#8221;1\/3&#8243;][vc_column_text]<strong>Specialisation:<\/strong><br \/>\nPlastic surgery<\/p>\n<p><strong>Education:<\/strong><br \/>\nFaculty of Medicine (Charles University, Prague, Czech Republic)<br \/>\n1st degree postgraduate certification in surgery<br \/>\n2nd degree postgraduate certification in plastic surgery<\/p>\n<p>The Candidate of Sciences degree<br \/>\nLegal expert in Healthcare &#8211; Surgery[\/vc_column_text][vc_column_text]<strong>Certifik\u00e1ty a kurzy<\/strong><br \/>\nLicence od \u010cLK pro l\u00e9ka\u0159skou praxi v oboru chirurgie a plastick\u00e1 chirurgie<br \/>\nDr\u017eitel diplomu celo\u017eivotn\u00edho vzd\u011bl\u00e1v\u00e1n\u00ed ud\u011blen\u00e9 \u010cLK<br \/>\nLicence od \u010cLK pro v\u00fdkon funkce vedouc\u00edho l\u00e9ka\u0159e a prim\u00e1\u0159e ve zdravotnick\u00e9m za\u0159\u00edzen\u00ed v oboru plastick\u00e1 chirurgie[\/vc_column_text][\/vc_column_inner][\/vc_row_inner][vc_empty_space height=&#8221;20px&#8221;][\/vc_column][\/vc_row][vc_row disable_element=&#8221;yes&#8221; css=&#8221;.vc_custom_1692611052424{padding-top: 7% !important;padding-right: 10% !important;padding-left: 10% !important;}&#8221;][vc_column width=&#8221;2\/3&#8243; css=&#8221;.vc_custom_1645457268975{padding-top: 0px !important;}&#8221;]<div class=\"mkdf-section-title-holder mkdf-st-standard mkdf-st-title-left mkdf-st-normal-space \" >\n\t<div class=\"mkdf-st-inner\">\n\t\t\t\t\t<h2 class=\"mkdf-st-title\" >\n\t\t\t\tBohdana Todorova\t\t\t<\/h2>\n\t\t\t\t\t\t\t<h4 class=\"mkdf-st-text\" >\n\t\t\t\tmedic\t\t\t<\/h4>\n\t\t\t<\/div>\n<\/div>[vc_empty_space height=&#8221;25px&#8221;][vc_row_inner][vc_column_inner width=&#8221;2\/3&#8243;][vc_column_text]<strong>Completed training courses as part of continuing professional education:<\/strong><\/p>\n<ul>\n<li>2017 &#8211; cosmetology courses, Odessa.<\/li>\n<li>2019 &#8211; Chemical peels, the practical aspects of applying for various dermatological problems.<\/li>\n<li>2019 &#8211; PB serum cosmetic training course.<\/li>\n<li>2020 &#8211; education course DEKA, using lasers for treating various dermatological problems.<\/li>\n<li>2020 &#8211; education course Erikson, applying active serum in cosmetology.<\/li>\n<li>2020 &#8211; education course NeoStrata, summer chemical peels.<\/li>\n<\/ul>\n<p>[\/vc_column_text][\/vc_column_inner][vc_column_inner width=&#8221;1\/3&#8243;][vc_column_text]<strong>Education:<\/strong><\/p>\n<p>Third Faculty of Medicine, Charles University<\/p>\n<p><strong>Work experience:<\/strong><\/p>\n<ul>\n<li>2019 &#8211; currently Laser dermatological clinic Altos s.r.o.<\/li>\n<\/ul>\n<p><strong>Knowledge of foreign languages:<\/strong><\/p>\n<p>Russian language<br \/>\nCzech language<br \/>\nEnglish language<br \/>\nUkrainian language<br \/>\nGerman language[\/vc_column_text][\/vc_column_inner][\/vc_row_inner][vc_empty_space height=&#8221;20px&#8221;][\/vc_column][vc_column width=&#8221;1\/3&#8243; css=&#8221;.vc_custom_1645457205974{padding-right: 5% !important;padding-left: 5% !important;}&#8221; offset=&#8221;vc_hidden-xs&#8221;]<div class=\"mkdf-elements-holder mkdf-one-column mkdf-responsive-mode-768\" ><div class=\"mkdf-eh-item mkdf-horizontal-alignment-center\"  data-item-class=\"mkdf-eh-custom-625386\">\n\t<div class=\"mkdf-eh-item-inner\">\n\t\t<div class=\"mkdf-eh-item-content mkdf-eh-custom-625386\" >\n\t\t\t[vc_single_image image=&#8221;15002&#8243; img_size=&#8221;full&#8221; alignment=&#8221;center&#8221;]\t\t<\/div>\n\t<\/div>\n<\/div><\/div>[\/vc_column][\/vc_row][vc_row][vc_column][vc_empty_space height=&#8221;50px&#8221;][\/vc_column][\/vc_row]<\/p>\n","protected":false},"excerpt":{"rendered":"<p>[vc_row css=&#8221;.vc_custom_1640466215659{padding-top: 50px !important;}&#8221;][vc_column css=&#8221;.vc_custom_1492767171698{padding-top: 0px !important;}&#8221;][vc_empty_space height=&#8221;20px&#8221;][\/vc_column][\/vc_row][vc_row disable_element=&#8221;yes&#8221; css=&#8221;.vc_custom_1646135798914{padding-top: 7% !important;padding-right: 10% !important;padding-left: 10% !important;}&#8221;][vc_column width=&#8221;2\/3&#8243; css=&#8221;.vc_custom_1640468852487{padding-top: 0px !important;padding-right: 5% !important;padding-left: 5% !important;}&#8221;][vc_empty_space height=&#8221;25px&#8221;][vc_column_text]Practice: Head doctor in the Dermatology department of the Hospital in Pardubice Head doctor in the [&hellip;]<\/p>\n","protected":false},"author":1,"featured_media":0,"parent":0,"menu_order":0,"comment_status":"closed","ping_status":"closed","template":"full-width.php","meta":{"footnotes":""},"class_list":["post-14039","page","type-page","status-publish","hentry"],"acf":[],"_links":{"self":[{"href":"https:\/\/altos-klinika.cz\/en\/wp-json\/wp\/v2\/pages\/14039","targetHints":{"allow":["GET"]}}],"collection":[{"href":"https:\/\/altos-klinika.cz\/en\/wp-json\/wp\/v2\/pages"}],"about":[{"href":"https:\/\/altos-klinika.cz\/en\/wp-json\/wp\/v2\/types\/page"}],"author":[{"embeddable":true,"href":"https:\/\/altos-klinika.cz\/en\/wp-json\/wp\/v2\/users\/1"}],"replies":[{"embeddable":true,"href":"https:\/\/altos-klinika.cz\/en\/wp-json\/wp\/v2\/comments?post=14039"}],"version-history":[{"count":23,"href":"https:\/\/altos-klinika.cz\/en\/wp-json\/wp\/v2\/pages\/14039\/revisions"}],"predecessor-version":[{"id":20655,"href":"https:\/\/altos-klinika.cz\/en\/wp-json\/wp\/v2\/pages\/14039\/revisions\/20655"}],"wp:attachment":[{"href":"https:\/\/altos-klinika.cz\/en\/wp-json\/wp\/v2\/media?parent=14039"}],"curies":[{"name":"wp","href":"https:\/\/api.w.org\/{rel}","templated":true}]}}