{"id":14312,"date":"2017-04-20T14:56:27","date_gmt":"2017-04-20T14:56:27","guid":{"rendered":"https:\/\/altos-klinika.cz\/contact\/"},"modified":"2024-12-18T11:02:09","modified_gmt":"2024-12-18T11:02:09","slug":"contact","status":"publish","type":"page","link":"https:\/\/altos-klinika.cz\/en\/contact\/","title":{"rendered":"Contact Us"},"content":{"rendered":"<p>[vc_row][vc_column][vc_column_text]<iframe loading=\"lazy\" style=\"border: 0;\" src=\"https:\/\/www.google.com\/maps\/embed?pb=!1m18!1m12!1m3!1d3146.489438971982!2d14.416327072040973!3d50.07535676243122!2m3!1f0!2f0!3f0!3m2!1i1024!2i768!4f13.1!3m3!1m2!1s0x470b94f4125199af%3A0x45197b1f32270f51!2sLaserov%C3%A1%20dermatologick%C3%A1%20klinika%20Altos%20s.r.o.!5e0!3m2!1scs!2scz!4v1633687716758!5m2!1scs!2scz\" width=\"100%\" height=\"450\" allowfullscreen=\"allowfullscreen\"><\/iframe>[\/vc_column_text][\/vc_column][\/vc_row][vc_row simple_background_color=&#8221;#37c7be&#8221; css=&#8221;.vc_custom_1633688279127{margin-top: -20px !important;}&#8221;][vc_column][vc_column_text css=&#8221;.vc_custom_1638824542231{padding-top: 30px !important;padding-bottom: 30px !important;}&#8221;]<\/p>\n<p style=\"font-size: 21px; color: #fff; line-height: 1.6em; text-align: center; font-family: 'Poppins';\">Our clinic provides <strong>free parking<\/strong> in the underground garage of the shopping center Atrium. Just give us a call before your visit.<br \/>\nThe entrance is from the Resslova street.<\/p>\n<p>[\/vc_column_text][\/vc_column][\/vc_row][vc_row css=&#8221;.vc_custom_1638558464246{padding-top: 5% !important;padding-right: 10% !important;padding-bottom: 5% !important;padding-left: 10% !important;}&#8221; simple_background_color=&#8221;#f4f9fd&#8221;][vc_column width=&#8221;1\/3&#8243; offset=&#8221;vc_col-lg-4 vc_col-md-6 vc_col-xs-12&#8243; css=&#8221;.vc_custom_1638558280834{padding-right: 7% !important;padding-left: 5% !important;background-color: #ffffff !important;border-radius: 25px !important;}&#8221;]<div class=\"mkdf-elements-holder mkdf-one-column mkdf-responsive-mode-768\" ><div class=\"mkdf-eh-item mkdf-vertical-alignment-top\"  data-item-class=\"mkdf-eh-custom-216065\">\n\t<div class=\"mkdf-eh-item-inner\">\n\t\t<div class=\"mkdf-eh-item-content mkdf-eh-custom-216065\" style=\"padding: 20px 20px\">\n\t\t\t<div class=\"mkdf-info-list\">\n    <div class=\"mkdf-info-list-inner\">\n                    <h3 class=\"mkdf-info-list-title\">Opening hours<\/h3>\n        \n        <div class=\"mkdf-info-list-items\">\n            <div class=\"mkdf-info-list-item\">\n\t\t\t<div class=\"mkdf-info-list-item-inner\">\n\t\t\t<span class=\"mkdf-ili-left\"><span class=\"mkdf-ili-title\">Monday<\/span><\/span>\n\t\t\t<span class=\"mkdf-ili-right\">9:00 -19:00<\/span>\n\t\t<\/div>\n\t<\/div><div class=\"mkdf-info-list-item\">\n\t\t\t<div class=\"mkdf-info-list-item-inner\">\n\t\t\t<span class=\"mkdf-ili-left\"><span class=\"mkdf-ili-title\">Tuesday<\/span><\/span>\n\t\t\t<span class=\"mkdf-ili-right\">9:00 -19:00<\/span>\n\t\t<\/div>\n\t<\/div><div class=\"mkdf-info-list-item\">\n\t\t\t<div class=\"mkdf-info-list-item-inner\">\n\t\t\t<span class=\"mkdf-ili-left\"><span class=\"mkdf-ili-title\">Wednesday<\/span><\/span>\n\t\t\t<span class=\"mkdf-ili-right\">9:00 -19:00<\/span>\n\t\t<\/div>\n\t<\/div><div class=\"mkdf-info-list-item\">\n\t\t\t<div class=\"mkdf-info-list-item-inner\">\n\t\t\t<span class=\"mkdf-ili-left\"><span class=\"mkdf-ili-title\">Thursday<\/span><\/span>\n\t\t\t<span class=\"mkdf-ili-right\">9:00 -19:00<\/span>\n\t\t<\/div>\n\t<\/div><div class=\"mkdf-info-list-item\">\n\t\t\t<div class=\"mkdf-info-list-item-inner\">\n\t\t\t<span class=\"mkdf-ili-left\"><span class=\"mkdf-ili-title\">Friday<\/span><\/span>\n\t\t\t<span class=\"mkdf-ili-right\">9:00 -19:00<\/span>\n\t\t<\/div>\n\t<\/div><div class=\"mkdf-info-list-item\">\n\t\t\t<div class=\"mkdf-info-list-item-inner\">\n\t\t\t<span class=\"mkdf-ili-left\"><span class=\"mkdf-ili-title\">Saturday<\/span><\/span>\n\t\t\t<span class=\"mkdf-ili-right\">10:00 -18:00<\/span>\n\t\t<\/div>\n\t<\/div><div class=\"mkdf-info-list-item\">\n\t\t\t<div class=\"mkdf-info-list-item-inner\">\n\t\t\t<span class=\"mkdf-ili-left\"><span class=\"mkdf-ili-title\">Sunday<\/span><\/span>\n\t\t\t<span class=\"mkdf-ili-right\">10:00 -16:00<\/span>\n\t\t<\/div>\n\t<\/div>        <\/div>\n\n            <\/div>\n<\/div>\t\t<\/div>\n\t<\/div>\n<\/div><\/div>[\/vc_column][vc_column width=&#8221;1\/2&#8243; offset=&#8221;vc_col-lg-6 vc_col-md-6 vc_col-xs-12&#8243;]<div class=\"mkdf-elements-holder mkdf-one-column mkdf-responsive-mode-768\" ><div class=\"mkdf-eh-item mkdf-vertical-alignment-top\"  data-item-class=\"mkdf-eh-custom-147761\" data-1280-1600=\"50px 50px 30px 50px\" data-1024-1280=\"50px 50px 30px 50px\" data-768-1024=\"30px 10px 30px 10px\" data-600-768=\"30px 0px\" data-480-600=\"30px 0px\" data-480=\"30px 0px\">\n\t<div class=\"mkdf-eh-item-inner\">\n\t\t<div class=\"mkdf-eh-item-content mkdf-eh-custom-147761\" style=\"padding: 50px 50px 30px 50px\">\n\t\t\t<div class=\"mkdf-iwt clearfix mkdf-iwt-icon-left mkdf-iwt-icon-large\">\n\t<div class=\"mkdf-iwt-icon\" >\n\t\t\t\t\t<a itemprop=\"url\" href=\"https:\/\/maps.app.goo.gl\/3DqJhe6hUBgz2s3L7\" target=\"_self\" rel=\"nofollow noopener\">\n\t\t\t\t\t\t\t\t\t    <span class=\"mkdf-icon-shortcode mkdf-normal mkdf-icon-large\"  data-color=\"#37c7be\">\n                    <i class=\"mkdf-icon-linea-icon icon-basic-geolocalize-01 mkdf-icon-element\" style=\"color: #37c7be\" ><\/i>            <\/span>\n\t\t\t\t\t\t\t\t<\/a>\n\t\t\t<\/div>\n\t<div class=\"mkdf-iwt-content\" >\n\t\t\t\t\t\t\t<h5 class=\"mkdf-iwt-title\" style=\"font-weight: 600\">\n\t\t\t\t\t\t\t\t\t<a itemprop=\"url\" href=\"https:\/\/maps.app.goo.gl\/3DqJhe6hUBgz2s3L7\" target=\"_self\" rel=\"nofollow noopener\">\n\t\t\t\t\t\t\t\t<span class=\"mkdf-iwt-title-text\">Address<\/span>\n\t\t\t\t\t\t\t\t\t<\/a>\n\t\t\t\t\t\t\t<\/h5>\n\t\t\t\t\t<\/div>\n<\/div>[vc_column_text css=&#8221;.vc_custom_1734519725525{margin-top: -34px !important;padding-left: 95px !important;}&#8221;]<a href=\"https:\/\/maps.app.goo.gl\/3DqJhe6hUBgz2s3L7\" rel=\"nofollow noopener\" target=\"_blank\">Karlovo n\u00e1m\u011bst\u00ed 2097\/10, Nov\u00e9 M\u011bsto, 120 00 Praha 2<\/a>[\/vc_column_text][vc_empty_space height=&#8221;50px&#8221;]<div class=\"mkdf-iwt clearfix mkdf-iwt-icon-left mkdf-iwt-icon-large\">\n\t<div class=\"mkdf-iwt-icon\" >\n\t\t\t\t\t\t\t\t\t    <span class=\"mkdf-icon-shortcode mkdf-normal mkdf-icon-large\"  data-color=\"#37c7be\">\n                    <i class=\"mkdf-icon-linea-icon icon-basic-elaboration-smartphone-cloud mkdf-icon-element\" style=\"color: #37c7be\" ><\/i>            <\/span>\n\t\t\t\t\t\t<\/div>\n\t<div class=\"mkdf-iwt-content\" >\n\t\t\t\t\t\t\t<h5 class=\"mkdf-iwt-title\" style=\"font-weight: 600\">\n\t\t\t\t\t\t\t\t<span class=\"mkdf-iwt-title-text\">Phone<\/span>\n\t\t\t\t\t\t\t<\/h5>\n\t\t\t\t\t<\/div>\n<\/div>[vc_column_text css=&#8221;.vc_custom_1734477269260{margin-top: -34px !important;padding-left: 95px !important;}&#8221;]<a href=\"tel:00420731800259\">+420 731 800 259<\/a>[\/vc_column_text][vc_empty_space height=&#8221;50px&#8221;]<div class=\"mkdf-iwt clearfix mkdf-iwt-icon-left mkdf-iwt-icon-large\">\n\t<div class=\"mkdf-iwt-icon\" >\n\t\t\t\t\t\t\t\t\t    <span class=\"mkdf-icon-shortcode mkdf-normal mkdf-icon-large\"  data-color=\"#37c7be\">\n                    <i class=\"mkdf-icon-linea-icon icon-basic-elaboration-mail-pencil mkdf-icon-element\" style=\"color: #37c7be\" ><\/i>            <\/span>\n\t\t\t\t\t\t<\/div>\n\t<div class=\"mkdf-iwt-content\" >\n\t\t\t\t\t\t\t<h5 class=\"mkdf-iwt-title\" style=\"font-weight: 600\">\n\t\t\t\t\t\t\t\t<span class=\"mkdf-iwt-title-text\">E-mail<\/span>\n\t\t\t\t\t\t\t<\/h5>\n\t\t\t\t\t<\/div>\n<\/div>[vc_column_text css=&#8221;.vc_custom_1667646342340{margin-top: -34px !important;padding-left: 95px !important;}&#8221;]<a href=\"mailto:info@altos-klinika.cz\">info@altos-klinika.cz<\/a>[\/vc_column_text][vc_empty_space height=&#8221;50px&#8221;]\t\t<\/div>\n\t<\/div>\n<\/div><\/div>[\/vc_column][\/vc_row][vc_row row_content_width=&#8221;grid&#8221;][vc_column offset=&#8221;vc_hidden-xs&#8221;]<div class=\"mkdf-elements-holder mkdf-one-column mkdf-responsive-mode-768\" ><div class=\"mkdf-eh-item mkdf-horizontal-alignment-center\"  data-item-class=\"mkdf-eh-custom-552281\" data-1280-1600=\"100px 0px 50px 0px\">\n\t<div class=\"mkdf-eh-item-inner\">\n\t\t<div class=\"mkdf-eh-item-content mkdf-eh-custom-552281\" style=\"padding: 100px 0px 50px 0px\">\n\t\t\t<div class=\"mkdf-section-title-holder mkdf-st-standard mkdf-st-title-left mkdf-st-normal-space \" >\n\t<div class=\"mkdf-st-inner\">\n\t\t\t\t\t<h2 class=\"mkdf-st-title\" >\n\t\t\t\tOur partners\t\t\t<\/h2>\n\t\t\t\t\t<\/div>\n<\/div>[vc_empty_space][vc_single_image image=&#8221;11226&#8243; img_size=&#8221;full&#8221; alignment=&#8221;center&#8221; css=&#8221;.vc_custom_1633298854394{padding-right: 100px !important;padding-left: 100px !important;}&#8221;]\t\t<\/div>\n\t<\/div>\n<\/div><\/div>[\/vc_column][\/vc_row]<\/p>\n","protected":false},"excerpt":{"rendered":"<p>[vc_row][vc_column][vc_column_text][\/vc_column_text][\/vc_column][\/vc_row][vc_row simple_background_color=&#8221;#37c7be&#8221; css=&#8221;.vc_custom_1633688279127{margin-top: -20px !important;}&#8221;][vc_column][vc_column_text css=&#8221;.vc_custom_1638824542231{padding-top: 30px !important;padding-bottom: 30px !important;}&#8221;] Our clinic provides free parking in the underground garage of the shopping center Atrium. Just give us a call before your visit. The entrance is from the Resslova street. [\/vc_column_text][\/vc_column][\/vc_row][vc_row [&hellip;]<\/p>\n","protected":false},"author":1,"featured_media":0,"parent":0,"menu_order":0,"comment_status":"closed","ping_status":"closed","template":"full-width.php","meta":{"footnotes":""},"class_list":["post-14312","page","type-page","status-publish","hentry"],"acf":[],"_links":{"self":[{"href":"https:\/\/altos-klinika.cz\/en\/wp-json\/wp\/v2\/pages\/14312","targetHints":{"allow":["GET"]}}],"collection":[{"href":"https:\/\/altos-klinika.cz\/en\/wp-json\/wp\/v2\/pages"}],"about":[{"href":"https:\/\/altos-klinika.cz\/en\/wp-json\/wp\/v2\/types\/page"}],"author":[{"embeddable":true,"href":"https:\/\/altos-klinika.cz\/en\/wp-json\/wp\/v2\/users\/1"}],"replies":[{"embeddable":true,"href":"https:\/\/altos-klinika.cz\/en\/wp-json\/wp\/v2\/comments?post=14312"}],"version-history":[{"count":21,"href":"https:\/\/altos-klinika.cz\/en\/wp-json\/wp\/v2\/pages\/14312\/revisions"}],"predecessor-version":[{"id":22360,"href":"https:\/\/altos-klinika.cz\/en\/wp-json\/wp\/v2\/pages\/14312\/revisions\/22360"}],"wp:attachment":[{"href":"https:\/\/altos-klinika.cz\/en\/wp-json\/wp\/v2\/media?parent=14312"}],"curies":[{"name":"wp","href":"https:\/\/api.w.org\/{rel}","templated":true}]}}