{"id":14556,"date":"2021-09-22T11:30:28","date_gmt":"2021-09-22T11:30:28","guid":{"rendered":"https:\/\/altos-klinika.cz\/dermatoskopie\/"},"modified":"2024-05-28T09:55:05","modified_gmt":"2024-05-28T09:55:05","slug":"dermatoskopie","status":"publish","type":"page","link":"https:\/\/altos-klinika.cz\/en\/dermatoskopie\/","title":{"rendered":"Dermatoskopie"},"content":{"rendered":"<p>[vc_row row_content_width=&#8221;grid&#8221; css=&#8221;.vc_custom_1632239210797{padding-top: 70px !important;}&#8221;][vc_column offset=&#8221;vc_col-lg-12&#8243; css=&#8221;.vc_custom_1632140768248{margin-top: -8px !important;}&#8221;]<div class=\"mkdf-section-title-holder mkdf-st-standard mkdf-st-title-left mkdf-st-normal-space \" style=\"text-align: center\">\n\t<div class=\"mkdf-st-inner\">\n\t\t\t\t\t<h1 class=\"mkdf-st-title\" >\n\t\t\t\t<span class=\"mkdf-st-title-light\">Dermatoskopie<\/span>\t\t\t<\/h1>\n\t\t\t\t\t<\/div>\n<\/div>[vc_empty_space height=&#8221;9px&#8221;][vc_column_text]<strong>Dermatoskopie\u00a0<\/strong>je\u00a0odborn\u00e9 diagnostick\u00e9 vy\u0161et\u0159en\u00ed, jeho\u017e v\u00fdsledkem je kompletn\u00ed diagnostika poko\u017eky.<\/p>\n<h4 style=\"font-size: 18px;\"><strong>Vy\u0161et\u0159en\u00ed<\/strong><\/h4>\n<p>Vy\u0161et\u0159en\u00ed se prov\u00e1d\u00ed pomoc\u00ed dermatoskopu, p\u0159\u00edstroje, kter\u00fd zv\u011bt\u0161\u00ed pozorovan\u00fd objekt v\u00edce ne\u017e desetin\u00e1sobn\u011b, co\u017e umo\u017e\u0148uje posoudit stav k\u016f\u017ee, stejn\u011b jako strukturu a dal\u0161\u00ed charakteristiky novotvar\u016f. Zkouman\u00e1 m\u00edsta lze nav\u00edc vyfotografovat a ulo\u017eit obr\u00e1zek v digit\u00e1ln\u00edm form\u00e1tu.<\/p>\n<p>D\u0159\u00edve bylo k\u00a0z\u00edsk\u00e1n\u00ed t\u011bchto informac\u00ed nutn\u00e9 nejprve odstranit podez\u0159el\u00e9 tk\u00e1n\u011b. Pomoc\u00ed dermatoskopie lze diagnostiku prov\u00e9st bez p\u0159edb\u011b\u017en\u00e9ho chirurgick\u00e9ho z\u00e1sahu, to znamen\u00e1 naprosto bezbolestn\u011b.<\/p>\n<p>Na na\u0161\u00ed klinice si m\u016f\u017eete nechat odstranit mate\u0159sk\u00e1 znam\u00e9nka nebo jin\u00e9 novotvary, pokud v\u00fdsledky diagnostiky prok\u00e1\u017eou pot\u0159ebu takov\u00e9ho z\u00e1kroku.<\/p>\n<h4 style=\"font-size: 18px;\"><strong>Cen\u00edk dermatoskopick\u00e9ho vy\u0161et\u0159en\u00ed:<\/strong><\/h4>\n<p>[\/vc_column_text][vc_empty_space height=&#8221;20px&#8221;]<div class=\"mkdf-icon-list-holder\" >\n\t<div class=\"mkdf-il-icon-holder\">\n\t\t<i class=\"mkdf-icon-font-awesome fa fa-arrow-circle-right \" style=\"color: #19ce67;font-size: 20px\"><\/i>\t<\/div>\n\t<p class=\"mkdf-il-text\" >vy\u0161et\u0159en\u00ed digit\u00e1ln\u00edm dermatoskopem do 5 znam\u00e9nek - 700 K\u010d<\/p>\n<\/div><div class=\"mkdf-icon-list-holder\" >\n\t<div class=\"mkdf-il-icon-holder\">\n\t\t<i class=\"mkdf-icon-font-awesome fa fa-arrow-circle-right \" style=\"color: #19ce67;font-size: 20px\"><\/i>\t<\/div>\n\t<p class=\"mkdf-il-text\" >ka\u017ed\u00e9 dal\u0161\u00ed znam\u00e9nko - 55 K\u010d<\/p>\n<\/div>[vc_empty_space][\/vc_column][\/vc_row][vc_row full_width=&#8221;stretch_row&#8221; css=&#8221;.vc_custom_1638118773359{background-color: rgba(78,109,204,0.07) !important;*background-color: rgb(78,109,204) !important;}&#8221; simple_background_color=&#8221;rgba(78,109,204,0.07)&#8221;][vc_column][vc_empty_space][vc_row_inner row_content_width=&#8221;grid&#8221;][vc_column_inner][vc_column_text]\n<div class=\"wpcf7 no-js\" id=\"wpcf7-f13223-o1\" lang=\"cs-CZ\" dir=\"ltr\" data-wpcf7-id=\"13223\">\n<div class=\"screen-reader-response\"><p role=\"status\" aria-live=\"polite\" aria-atomic=\"true\"><\/p> <ul><\/ul><\/div>\n<form action=\"\/en\/wp-json\/wp\/v2\/pages\/14556#wpcf7-f13223-o1\" method=\"post\" class=\"wpcf7-form init inline-form\" aria-label=\"Kontaktn\u00ed formul\u00e1\u0159\" novalidate=\"novalidate\" data-status=\"init\">\n<div style=\"display: none;\">\n<input type=\"hidden\" name=\"_wpcf7\" value=\"13223\" \/>\n<input type=\"hidden\" name=\"_wpcf7_version\" value=\"6.0.4\" \/>\n<input type=\"hidden\" name=\"_wpcf7_locale\" value=\"cs_CZ\" \/>\n<input type=\"hidden\" name=\"_wpcf7_unit_tag\" value=\"wpcf7-f13223-o1\" \/>\n<input type=\"hidden\" name=\"_wpcf7_container_post\" value=\"0\" \/>\n<input type=\"hidden\" name=\"_wpcf7_posted_data_hash\" value=\"\" \/>\n<input type=\"hidden\" name=\"_wpcf7_recaptcha_response\" value=\"\" \/>\n<\/div>\n<h2>Objednat se na z\u00e1krok\n<\/h2>\n<div class=\"jq-row jq-inline-form\">\n\t<div class=\"fields-col jq-row\">\n\t\t<div class=\"jq-col-33\">\n\t\t\t<p><span class=\"wpcf7-form-control-wrap\" data-name=\"your-name\"><input size=\"40\" maxlength=\"400\" class=\"wpcf7-form-control wpcf7-text wpcf7-validates-as-required\" aria-required=\"true\" aria-invalid=\"false\" placeholder=\"Jm\u00e9no a p\u0159\u00edjmen\u00ed\" value=\"\" type=\"text\" name=\"your-name\" \/><\/span>\n\t\t\t<\/p>\n\t\t<\/div>\n\t\t<div class=\"jq-col-33\">\n\t\t\t<p><span class=\"wpcf7-form-control-wrap\" data-name=\"your-email\"><input size=\"40\" maxlength=\"400\" class=\"wpcf7-form-control wpcf7-email wpcf7-validates-as-required wpcf7-text wpcf7-validates-as-email\" aria-required=\"true\" aria-invalid=\"false\" placeholder=\"Email\" value=\"\" type=\"email\" name=\"your-email\" \/><\/span>\n\t\t\t<\/p>\n\t\t<\/div>\n\t\t<div class=\"jq-col-33\">\n\t\t\t<p><span class=\"wpcf7-form-control-wrap\" data-name=\"your-tel\"><input size=\"40\" maxlength=\"400\" class=\"wpcf7-form-control wpcf7-tel wpcf7-text wpcf7-validates-as-tel\" aria-invalid=\"false\" placeholder=\"+420 *** *** ***\" value=\"\" type=\"tel\" name=\"your-tel\" \/><\/span>\n\t\t\t<\/p>\n\t\t<\/div>\n\t\t<div class=\"jq-col-100\">\n\t\t\t<p><span class=\"wpcf7-form-control-wrap\" data-name=\"acceptance\"><span class=\"wpcf7-form-control wpcf7-acceptance\"><span class=\"wpcf7-list-item\"><label><input type=\"checkbox\" name=\"acceptance\" value=\"1\" aria-invalid=\"false\" \/><span class=\"wpcf7-list-item-label\">Souhlas\u00edm se zpracov\u00e1n\u00edm <a href=\"https:\/\/altos-klinika.cz\/podminky\/\" target=\"_blank\">osobn\u00edch \u00fadaj\u016f<\/a><\/span><\/label><\/span><\/span><\/span>\n\t\t\t<\/p>\n\t\t<\/div>\n\t<\/div>\n\t<div class=\"button-col\">\n\t\t<p><input class=\"wpcf7-form-control wpcf7-submit has-spinner\" type=\"submit\" value=\"Odeslat\" \/><input type=\"hidden\" class=\"wpcf7-form-control wpcf7-hidden\" name=\"your-subject\" placeholder=\"\" value=\"\u0417\u0430\u043f\u0438\u0441\u044c \u043d\u0430 \u043f\u0440\u043e\u0446\u0435\u0434\u0443\u0440\u0443\" \/><input type=\"hidden\" class=\"wpcf7-form-control wpcf7-hidden\" name=\"hidden-443\" placeholder=\"\" value=\"Dermatoskopie\" \/>\n\t\t<\/p>\n\t<\/div>\n<\/div><input type='hidden' class='wpcf7-pum' value='{\"closepopup\":false,\"closedelay\":5,\"openpopup\":false,\"openpopup_id\":13484}' \/><div class=\"wpcf7-response-output\" aria-hidden=\"true\"><\/div>\n<\/form>\n<\/div>\n[\/vc_column_text][\/vc_column_inner][\/vc_row_inner][\/vc_column][\/vc_row][vc_row][vc_column]<div class=\"mkdf-elements-holder mkdf-one-column mkdf-responsive-mode-768\" ><div class=\"mkdf-eh-item mkdf-horizontal-alignment-center\"  data-item-class=\"mkdf-eh-custom-207268\">\n\t<div class=\"mkdf-eh-item-inner\">\n\t\t<div class=\"mkdf-eh-item-content mkdf-eh-custom-207268\" style=\"padding: 50px 0px 0px 0px\">\n\t\t\t<div class=\"mkdf-section-title-holder mkdf-st-standard mkdf-st-title-left mkdf-st-normal-space \" >\n\t<div class=\"mkdf-st-inner\">\n\t\t\t\t\t<h2 class=\"mkdf-st-title\" >\n\t\t\t\tMohlo by v\u00e1s zaj\u00edmat\t\t\t<\/h2>\n\t\t\t\t\t<\/div>\n<\/div>[vc_column_text]<\/p>\n<p style=\"text-align: center;\">Podobn\u00e9 z\u00e1kroky, kter\u00e9 by mohly v\u00e1s zaujmout<\/p>\n<p>[\/vc_column_text]\t\t<\/div>\n\t<\/div>\n<\/div><\/div>[\/vc_column][\/vc_row][vc_row][vc_column][vc_row_inner][vc_column_inner css=&#8221;.vc_custom_1635090641718{border-right-width: 1px !important;border-left-width: 1px !important;padding-top: 0% !important;padding-right: 0% !important;padding-bottom: 0% !important;padding-left: 0% !important;border-left-color: #ededed !important;border-left-style: solid !important;border-right-color: #ededed !important;border-right-style: solid !important;}&#8221; offset=&#8221;vc_col-lg-3 vc_col-md-12 vc_col-xs-12&#8243;]<div class=\"mkdf-elements-holder mkdf-one-column mkdf-responsive-mode-768\" ><div class=\"mkdf-eh-item mkdf-horizontal-alignment-center\"  data-item-class=\"mkdf-eh-custom-760161\">\n\t<div class=\"mkdf-eh-item-inner\">\n\t\t<div class=\"mkdf-eh-item-content mkdf-eh-custom-760161\" style=\"padding: 55px 10%\">\n\t\t\t[vc_column_text]<\/p>\n<h3>Laserov\u00e9 odstran\u011bn\u00ed v\u00fdr\u016fstk\u016f<\/h3>\n<p>Odstran\u011bn\u00ed v\u00fdr\u016fstk\u016f (nepigmentovan\u00fdch n\u00e9v\u016f) modern\u00edm SmartXide2 CO2 laserem. \u00da\u010dinek laseru spo\u010d\u00edv\u00e1 v postupn\u00e9m odpa\u0159ov\u00e1n\u00ed jednotliv\u00fdch vrstev poko\u017eky. Laser zam\u011b\u0159uje sv\u011bteln\u00fd paprsek, kter\u00fd c\u00edlen\u011b zas\u00e1hne pouze to lo\u017eisko, kter\u00e9 chceme odstra\u0148ovat.[\/vc_column_text][vc_empty_space][vc_column_text]<\/p>\n<p style=\"text-align: center; margin-top: 10px;\"><a class=\"mkdf-btn mkdf-btn-medium mkdf-btn-outline\" style=\"color: #43d5cb; padding: 14px 30px; border: 1px solid #43d5cb; border-radius: 5px; font-weight: 300;\" href=\"\/laserove-odstraneni-vyrustku\/\" target=\"_blank\" rel=\"noopener\">V\u00edce info<\/a><\/p>\n<p>[\/vc_column_text]\t\t<\/div>\n\t<\/div>\n<\/div><\/div>[\/vc_column_inner][vc_column_inner css=&#8221;.vc_custom_1635090649157{padding-top: 0% !important;padding-right: 0% !important;padding-bottom: 0% !important;padding-left: 0% !important;}&#8221; offset=&#8221;vc_col-lg-3 vc_col-md-12 vc_col-xs-12&#8243;]<div class=\"mkdf-elements-holder mkdf-one-column mkdf-responsive-mode-768\" ><div class=\"mkdf-eh-item mkdf-horizontal-alignment-center\"  data-item-class=\"mkdf-eh-custom-286741\">\n\t<div class=\"mkdf-eh-item-inner\">\n\t\t<div class=\"mkdf-eh-item-content mkdf-eh-custom-286741\" style=\"padding: 55px 10%\">\n\t\t\t[vc_column_text]<\/p>\n<h3>Laserov\u00e9 odstran\u011bn\u00ed mate\u0159sk\u00fdch znam\u00e9nek<\/h3>\n<p>P\u0159ed ka\u017ed\u00fdm odstran\u011bn\u00edm mate\u0159sk\u00fdch znam\u00e9nek je v\u017edy nutn\u00e9 vy\u0161et\u0159en\u00ed znam\u00e9nka dermatoskopem, aby se vylou\u010dil podez\u0159el\u00fd \u00fatvar, kter\u00fd se odes\u00edl\u00e1 na histologii. Samotn\u00e9 odstran\u011bn\u00ed znam\u00e9nka prob\u00edh\u00e1 vhodn\u00fdm laserem, jeho\u017e p\u0159esn\u011b m\u00ed\u0159en\u00fd paprsek rozm\u011bln\u00ed pigment znam\u00e9nka na mal\u00e9 \u010d\u00e1ste\u010dky, kter\u00e9 jsou n\u00e1sledn\u011b odplaveny p\u0159irozen\u011b ven z t\u011bla.[\/vc_column_text][vc_empty_space][vc_column_text]<\/p>\n<p style=\"text-align: center; margin-top: 10px;\"><a class=\"mkdf-btn mkdf-btn-medium mkdf-btn-outline\" style=\"color: #43d5cb; padding: 14px 30px; border: 1px solid #43d5cb; border-radius: 5px; font-weight: 300;\" href=\"\/laserove-odstraneni-materskych-znamenek\/\" target=\"_blank\" rel=\"noopener\">V\u00edce info<\/a><\/p>\n<p>[\/vc_column_text]\t\t<\/div>\n\t<\/div>\n<\/div><\/div>[\/vc_column_inner][vc_column_inner css=&#8221;.vc_custom_1635090657196{border-right-width: 1px !important;border-left-width: 1px !important;padding-top: 0% !important;padding-right: 0% !important;padding-bottom: 0% !important;padding-left: 0% !important;border-left-color: #ededed !important;border-left-style: solid !important;border-right-color: #ededed !important;border-right-style: solid !important;}&#8221; offset=&#8221;vc_col-lg-3 vc_col-md-12 vc_col-xs-12&#8243;]<div class=\"mkdf-elements-holder mkdf-one-column mkdf-responsive-mode-768\" ><div class=\"mkdf-eh-item mkdf-horizontal-alignment-center\"  data-item-class=\"mkdf-eh-custom-775490\">\n\t<div class=\"mkdf-eh-item-inner\">\n\t\t<div class=\"mkdf-eh-item-content mkdf-eh-custom-775490\" style=\"padding: 55px 10%\">\n\t\t\t[vc_column_text]<\/p>\n<h3>Laserov\u00e9 odstran\u011bn\u00ed bradavic<\/h3>\n<p>Plant\u00e1rn\u00ed bradavice jsou odstra\u0148ov\u00e1ny hlavn\u011b z estetick\u00e9ho d\u016fvodu. Tvo\u0159\u00ed se toti\u017e na kter\u00e9koli \u010d\u00e1sti t\u011bla, co\u017e m\u016f\u017ee b\u00fdt nep\u0159\u00edjemn\u00e9, ale ne nebezpe\u010dn\u00e9. Jejich nev\u00fdhodou je, \u017ee se mohou mno\u017eit a pot\u00e9 je obt\u00ed\u017en\u011bj\u0161\u00ed se jich zbavit. Nejjednodu\u0161\u0161\u00edm \u0159e\u0161en\u00edm je laserov\u00e9 o\u0161et\u0159en\u00ed, kter\u00e9 je efektivn\u00ed a pro mnoho pacient\u016f nejjednodu\u0161\u0161\u00ed formou odstran\u011bn\u00ed.[\/vc_column_text][vc_empty_space][vc_column_text]<\/p>\n<p style=\"text-align: center; margin-top: 10px;\"><a class=\"mkdf-btn mkdf-btn-medium mkdf-btn-outline\" style=\"color: #43d5cb; padding: 14px 30px; border: 1px solid #43d5cb; border-radius: 5px; font-weight: 300;\" href=\"\/laserove-odstraneni-bradavic\/\" target=\"_blank\" rel=\"noopener\">V\u00edce info<\/a><\/p>\n<p>[\/vc_column_text]\t\t<\/div>\n\t<\/div>\n<\/div><\/div>[\/vc_column_inner][vc_column_inner css=&#8221;.vc_custom_1635090727539{padding-top: 0% !important;padding-right: 0% !important;padding-bottom: 0% !important;padding-left: 0% !important;}&#8221; offset=&#8221;vc_col-lg-3 vc_col-md-12 vc_col-xs-12&#8243;]<div class=\"mkdf-elements-holder mkdf-one-column mkdf-responsive-mode-768\" ><div class=\"mkdf-eh-item mkdf-horizontal-alignment-center\"  data-item-class=\"mkdf-eh-custom-507233\">\n\t<div class=\"mkdf-eh-item-inner\">\n\t\t<div class=\"mkdf-eh-item-content mkdf-eh-custom-507233\" style=\"padding: 55px 10%\">\n\t\t\t[vc_column_text]<\/p>\n<h3>Laserov\u00e9 odstran\u011bn\u00ed hemangiomu<\/h3>\n<p>Hemangiom je vrozen\u00fd benign\u00ed n\u00e1dor vaskul\u00e1rn\u00ed tk\u00e1n\u011b. Energie laseru proch\u00e1z\u00ed k\u016f\u017e\u00ed a je p\u0159ednostn\u011b absorbov\u00e1na hemoglobinem v c\u00e9v\u00e1ch v r\u00e1mci vaskul\u00e1rn\u00ed l\u00e9ze nebo hemangiomu. Teplo z laseru ni\u010d\u00ed c\u00e9vy, ani\u017e by po\u0161kodilo okoln\u00ed tk\u00e1\u0148. [\/vc_column_text][vc_empty_space][vc_column_text]<\/p>\n<p style=\"text-align: center; margin-top: 10px;\"><a class=\"mkdf-btn mkdf-btn-medium mkdf-btn-outline\" style=\"color: #43d5cb; padding: 14px 30px; border: 1px solid #43d5cb; border-radius: 5px; font-weight: 300;\" href=\"\/laserove-odstraneni-hemangiomu\/\" target=\"_blank\" rel=\"noopener\">V\u00edce info<\/a><\/p>\n<p>[\/vc_column_text]\t\t<\/div>\n\t<\/div>\n<\/div><\/div>[\/vc_column_inner][\/vc_row_inner][\/vc_column][\/vc_row]<\/p>\n","protected":false},"excerpt":{"rendered":"<p>[vc_row row_content_width=&#8221;grid&#8221; css=&#8221;.vc_custom_1632239210797{padding-top: 70px !important;}&#8221;][vc_column offset=&#8221;vc_col-lg-12&#8243; css=&#8221;.vc_custom_1632140768248{margin-top: -8px !important;}&#8221;][vc_empty_space height=&#8221;9px&#8221;][vc_column_text]Dermatoskopie\u00a0je\u00a0odborn\u00e9 diagnostick\u00e9 vy\u0161et\u0159en\u00ed, jeho\u017e v\u00fdsledkem je kompletn\u00ed diagnostika poko\u017eky. Vy\u0161et\u0159en\u00ed Vy\u0161et\u0159en\u00ed se prov\u00e1d\u00ed pomoc\u00ed dermatoskopu, p\u0159\u00edstroje, kter\u00fd zv\u011bt\u0161\u00ed pozorovan\u00fd objekt v\u00edce ne\u017e desetin\u00e1sobn\u011b, co\u017e umo\u017e\u0148uje posoudit stav k\u016f\u017ee, stejn\u011b jako strukturu [&hellip;]<\/p>\n","protected":false},"author":1,"featured_media":0,"parent":0,"menu_order":0,"comment_status":"closed","ping_status":"closed","template":"full-width.php","meta":{"footnotes":""},"class_list":["post-14556","page","type-page","status-publish","hentry"],"acf":[],"_links":{"self":[{"href":"https:\/\/altos-klinika.cz\/en\/wp-json\/wp\/v2\/pages\/14556","targetHints":{"allow":["GET"]}}],"collection":[{"href":"https:\/\/altos-klinika.cz\/en\/wp-json\/wp\/v2\/pages"}],"about":[{"href":"https:\/\/altos-klinika.cz\/en\/wp-json\/wp\/v2\/types\/page"}],"author":[{"embeddable":true,"href":"https:\/\/altos-klinika.cz\/en\/wp-json\/wp\/v2\/users\/1"}],"replies":[{"embeddable":true,"href":"https:\/\/altos-klinika.cz\/en\/wp-json\/wp\/v2\/comments?post=14556"}],"version-history":[{"count":4,"href":"https:\/\/altos-klinika.cz\/en\/wp-json\/wp\/v2\/pages\/14556\/revisions"}],"predecessor-version":[{"id":22083,"href":"https:\/\/altos-klinika.cz\/en\/wp-json\/wp\/v2\/pages\/14556\/revisions\/22083"}],"wp:attachment":[{"href":"https:\/\/altos-klinika.cz\/en\/wp-json\/wp\/v2\/media?parent=14556"}],"curies":[{"name":"wp","href":"https:\/\/api.w.org\/{rel}","templated":true}]}}