{"id":15131,"date":"2021-10-09T20:36:39","date_gmt":"2021-10-09T20:36:39","guid":{"rendered":"https:\/\/altos-klinika.cz\/plasticka-chirurgie\/"},"modified":"2024-05-16T16:06:14","modified_gmt":"2024-05-16T16:06:14","slug":"plasticka-chirurgie","status":"publish","type":"page","link":"https:\/\/altos-klinika.cz\/en\/plasticka-chirurgie\/","title":{"rendered":"Plastick\u00e1 chirurgie"},"content":{"rendered":"<p>[vc_row row_content_width=&#8221;grid&#8221; css=&#8221;.vc_custom_1632239210797{padding-top: 70px !important;}&#8221;][vc_column offset=&#8221;vc_col-lg-12&#8243; css=&#8221;.vc_custom_1632140768248{margin-top: -8px !important;}&#8221;]<div class=\"mkdf-section-title-holder mkdf-st-standard mkdf-st-title-left mkdf-st-normal-space \" style=\"text-align: center\">\n\t<div class=\"mkdf-st-inner\">\n\t\t\t\t\t<h1 class=\"mkdf-st-title\" >\n\t\t\t\tPlastick\u00e1 chirurgie Praha\t\t\t<\/h1>\n\t\t\t\t\t<\/div>\n<\/div>[vc_empty_space height=&#8221;9px&#8221;][vc_column_text]Pokud v\u00e1s zaj\u00edm\u00e1 spolehliv\u00e1 a profesion\u00e1ln\u00ed klinika plastick\u00e9 a estetick\u00e9 chirurgie, pak se neboj\u00edme prohl\u00e1sit, \u017ee hled\u00e1te pr\u00e1v\u011b n\u00e1s.<\/p>\n<p>Kdy\u017e se bav\u00edme o plastick\u00e9 chirurgii, jde o procedury vesm\u011bs n\u00e1ro\u010dn\u00e9 a rozhodn\u011b v\u017edy velmi choulostiv\u00e9. Jedn\u00e1 se o va\u0161e t\u011blo. O n\u011bco velmi cenn\u00e9ho, z\u00e1sadn\u00edho \u2013 a m\u00e1te jen jedno. \u010casto se jedn\u00e1 o jeho \u00fapravy na cel\u00fd zbytek \u017eivota. Na\u0161e klinika plastick\u00e9 a estetick\u00e9 chirurgie si toto uv\u011bdomuje.<\/p>\n<p>Absolutn\u00ed prioritou je pro n\u00e1s va\u0161e spokojenost a va\u0161e bezpe\u010d\u00ed.<\/p>\n<h3>Jak\u00e9 z\u00e1sady m\u00e1 na\u0161e klinika plastick\u00e9 a estetick\u00e9 chirurgie?<\/h3>\n<p>Rozhodn\u011b od n\u00e1s \u010dekejte zcela osobn\u00ed p\u0159\u00edstup. Budeme se v\u011bnovat pr\u00e1v\u011b v\u00e1m a pouze v\u00e1m \u2013 \u017e\u00e1dn\u00fd postup podle \u0161ablony, nejste jen \u201edal\u0161\u00ed kus\u201c. Jste n\u00e1\u0161 veled\u016fle\u017eit\u00fd z\u00e1kazn\u00edk, kter\u00fd m\u00e1 specifick\u00e9 t\u011blo i po\u017eadavky. A my ud\u011bl\u00e1me v\u0161e proto, abychom v\u00e1m na\u0161li to nejlep\u0161\u00ed \u0159e\u0161en\u00ed a v\u0161e zvl\u00e1dli nejen k va\u0161\u00ed spokojenosti, ale rovnou k va\u0161emu \u00fa\u017easu a euforick\u00e9mu nad\u0161en\u00ed.<\/p>\n<p>V rukou va\u0161eho plastick\u00e9ho chirurga je nepopirateln\u011b va\u0161e budoucnost. A proto je na\u0161\u00ed dal\u0161\u00ed z\u00e1sadou t\u00fdm, kter\u00fd se skl\u00e1d\u00e1 v\u00fdhradn\u011b z odborn\u00edk\u016f s velkou prax\u00ed i schopnostmi.<\/p>\n<p>A v neposledn\u00ed \u0159ad\u011b na na\u0161\u00ed klinice plastick\u00e9 a estetick\u00e9 chirurgie najedete jen a pouze spolehliv\u00e9 p\u0159\u00edstroje \u0161pi\u010dkov\u00e9 kvality.<\/p>\n<h3>Co dok\u00e1\u017ee plastick\u00e1 chirurgie?<\/h3>\n<p>Zm\u011bnit v\u00e1\u0161 \u017eivot. Bez p\u0159eh\u00e1n\u011bn\u00ed. Ti, kte\u0159\u00ed maj\u00ed n\u011bjak\u00fd velmi z\u00e1sadn\u00ed probl\u00e9m se sv\u00fdm t\u011blem, si jist\u011b uv\u011bdomuj\u00ed pravdu tohoto odv\u00e1\u017en\u00e9ho prohl\u00e1\u0161en\u00ed. Klinika plastick\u00e9 a estetick\u00e9 chirurgie je m\u00edstem, ze kter\u00e9ho m\u016f\u017eete odej\u00edt jako nov\u00fd \u010dlov\u011bk \u2013 nejen po vizu\u00e1ln\u00ed str\u00e1nce.<\/p>\n<p>Spokojenost se sebou sam\u00fdm je z\u00e1kladn\u00edm stavebn\u00edm kamenem k radosti ze \u017eivota. K \u00fasp\u011b\u0161nosti, k sebeprosazen\u00ed, k odvaze d\u011blat to, co si skute\u010dn\u011b p\u0159ejeme. Pokud v\u00e1m k t\u011bmto d\u016fle\u017eit\u00fdm vlastnostem m\u016f\u017ee pomoci pr\u00e1v\u011b klinika plastick\u00e9 a estetick\u00e9 chirurgie, pak ji rozhodn\u011b stoj\u00ed za to vyu\u017e\u00edt.<\/p>\n<h3>Klinika plastick\u00e9 a estetick\u00e9 chirurgie \u2013 jak to funguje?<\/h3>\n<p>Pokud v\u00e1s na\u0161e klinika estetick\u00e9 medic\u00edny zaujala, nev\u00e1hejte si pro\u010d\u00edst informace o jednotliv\u00fdch procedur\u00e1ch. V r\u00e1mci plastick\u00e9 chirurgie v\u00e1m m\u016f\u017eeme prov\u00e9st facelifting, zv\u011bt\u0161en\u00ed prsou, operaci nosu \u2013 a mnoho dal\u0161\u00edho. A plastickou chirurgi\u00ed nekon\u010d\u00edme. Nap\u0159\u00edklad laserov\u00e1 dermatologie v posledn\u00edch letech neskute\u010dn\u011b pokro\u010dila a v mnoha p\u0159\u00edpadech stoj\u00ed za \u00favahu.<\/p>\n<p>Pokud nev\u00edte, co by pro v\u00e1s bylo to prav\u00e9 anebo m\u00e1te jak\u00e9koliv pochybnosti, nejvhodn\u011bj\u0161\u00ed cestou bude nez\u00e1vazn\u00e1 osobn\u00ed konzultace s na\u0161\u00edm odborn\u00edkem.<\/p>\n<p>Dostanete ve\u0161ker\u00e9 informace i doporu\u010den\u00ed vhodn\u00e1 pr\u00e1v\u011b pro v\u00e1s. Konzultace je opravdu zcela nez\u00e1vazn\u00e1, je jen na v\u00e1s, zda se pot\u00e9 rozhodnete vyu\u017e\u00edt slu\u017eeb na\u0161\u00ed kliniky plastick\u00e9 a estetick\u00e9 chirurgie.[\/vc_column_text][vc_empty_space][\/vc_column][\/vc_row][vc_row full_width=&#8221;stretch_row&#8221; css=&#8221;.vc_custom_1638118773359{background-color: rgba(78,109,204,0.07) !important;*background-color: rgb(78,109,204) !important;}&#8221; simple_background_color=&#8221;rgba(78,109,204,0.07)&#8221;][vc_column][vc_row_inner row_content_width=&#8221;grid&#8221;][vc_column_inner][vc_column_text]\n<div class=\"wpcf7 no-js\" id=\"wpcf7-f13223-o1\" lang=\"cs-CZ\" dir=\"ltr\" data-wpcf7-id=\"13223\">\n<div class=\"screen-reader-response\"><p role=\"status\" aria-live=\"polite\" aria-atomic=\"true\"><\/p> <ul><\/ul><\/div>\n<form action=\"\/en\/wp-json\/wp\/v2\/pages\/15131#wpcf7-f13223-o1\" method=\"post\" class=\"wpcf7-form init inline-form\" aria-label=\"Kontaktn\u00ed formul\u00e1\u0159\" novalidate=\"novalidate\" data-status=\"init\">\n<div style=\"display: none;\">\n<input type=\"hidden\" name=\"_wpcf7\" value=\"13223\" \/>\n<input type=\"hidden\" name=\"_wpcf7_version\" value=\"6.0.4\" \/>\n<input type=\"hidden\" name=\"_wpcf7_locale\" value=\"cs_CZ\" \/>\n<input type=\"hidden\" name=\"_wpcf7_unit_tag\" value=\"wpcf7-f13223-o1\" \/>\n<input type=\"hidden\" name=\"_wpcf7_container_post\" value=\"0\" \/>\n<input type=\"hidden\" name=\"_wpcf7_posted_data_hash\" value=\"\" \/>\n<input type=\"hidden\" name=\"_wpcf7_recaptcha_response\" value=\"\" \/>\n<\/div>\n<h2>Objednat se na z\u00e1krok\n<\/h2>\n<div class=\"jq-row jq-inline-form\">\n\t<div class=\"fields-col jq-row\">\n\t\t<div class=\"jq-col-33\">\n\t\t\t<p><span class=\"wpcf7-form-control-wrap\" data-name=\"your-name\"><input size=\"40\" maxlength=\"400\" class=\"wpcf7-form-control wpcf7-text wpcf7-validates-as-required\" aria-required=\"true\" aria-invalid=\"false\" placeholder=\"Jm\u00e9no a p\u0159\u00edjmen\u00ed\" value=\"\" type=\"text\" name=\"your-name\" \/><\/span>\n\t\t\t<\/p>\n\t\t<\/div>\n\t\t<div class=\"jq-col-33\">\n\t\t\t<p><span class=\"wpcf7-form-control-wrap\" data-name=\"your-email\"><input size=\"40\" maxlength=\"400\" class=\"wpcf7-form-control wpcf7-email wpcf7-validates-as-required wpcf7-text wpcf7-validates-as-email\" aria-required=\"true\" aria-invalid=\"false\" placeholder=\"Email\" value=\"\" type=\"email\" name=\"your-email\" \/><\/span>\n\t\t\t<\/p>\n\t\t<\/div>\n\t\t<div class=\"jq-col-33\">\n\t\t\t<p><span class=\"wpcf7-form-control-wrap\" data-name=\"your-tel\"><input size=\"40\" maxlength=\"400\" class=\"wpcf7-form-control wpcf7-tel wpcf7-text wpcf7-validates-as-tel\" aria-invalid=\"false\" placeholder=\"+420 *** *** ***\" value=\"\" type=\"tel\" name=\"your-tel\" \/><\/span>\n\t\t\t<\/p>\n\t\t<\/div>\n\t\t<div class=\"jq-col-100\">\n\t\t\t<p><span class=\"wpcf7-form-control-wrap\" data-name=\"acceptance\"><span class=\"wpcf7-form-control wpcf7-acceptance\"><span class=\"wpcf7-list-item\"><label><input type=\"checkbox\" name=\"acceptance\" value=\"1\" aria-invalid=\"false\" \/><span class=\"wpcf7-list-item-label\">Souhlas\u00edm se zpracov\u00e1n\u00edm <a href=\"https:\/\/altos-klinika.cz\/podminky\/\" target=\"_blank\">osobn\u00edch \u00fadaj\u016f<\/a><\/span><\/label><\/span><\/span><\/span>\n\t\t\t<\/p>\n\t\t<\/div>\n\t<\/div>\n\t<div class=\"button-col\">\n\t\t<p><input class=\"wpcf7-form-control wpcf7-submit has-spinner\" type=\"submit\" value=\"Odeslat\" \/><input type=\"hidden\" class=\"wpcf7-form-control wpcf7-hidden\" name=\"your-subject\" placeholder=\"\" value=\"\u0417\u0430\u043f\u0438\u0441\u044c \u043d\u0430 \u043f\u0440\u043e\u0446\u0435\u0434\u0443\u0440\u0443\" \/><input type=\"hidden\" class=\"wpcf7-form-control wpcf7-hidden\" name=\"hidden-443\" placeholder=\"\" value=\"Plastick\u00e1 chirurgie\" \/>\n\t\t<\/p>\n\t<\/div>\n<\/div><input type='hidden' class='wpcf7-pum' value='{\"closepopup\":false,\"closedelay\":5,\"openpopup\":false,\"openpopup_id\":13484}' \/><div class=\"wpcf7-response-output\" aria-hidden=\"true\"><\/div>\n<\/form>\n<\/div>\n[\/vc_column_text][\/vc_column_inner][\/vc_row_inner][\/vc_column][\/vc_row][vc_row disable_element=&#8221;yes&#8221;][vc_column]<div class=\"mkdf-elements-holder mkdf-two-columns mkdf-responsive-mode-1024\" ><div class=\"mkdf-eh-item \"  data-item-class=\"mkdf-eh-custom-944987\">\n\t<div class=\"mkdf-eh-item-inner\">\n\t\t<div class=\"mkdf-eh-item-content mkdf-eh-custom-944987\" >\n\t\t\t<div class=\"mkdf-interactive-banner-holder mkdf-interactive-banner-align-center mkdf-interactive-banner-light-theme mkdf-interactive-banner-standard\" style=\"background-image: url(https:\/\/altos-klinika.cz\/wp-content\/uploads\/2021\/11\/e49862071b682957ead794f314931374-1.png);padding: 15%\"><a itemprop=\"url\" class=\"mkdf-interactive-banner-cover-link\" href=\"\/plastika-dolnich-vicek\/\" target=\"_self\"><\/a><div class=\"mkdf-interactive-banner-initial\" style=\"\"><\/div><div class=\"mkdf-interactive-banner-overlay\" style=\"background-color: #435ba1\"><\/div><div class=\"mkdf-interactive-banner-inner-wrapper\">\n    <div class=\"mkdf-interactive-banner-content-holder\" >\n                    <div class=\"mkdf-interactive-banner-title-holder\">\n                <h3>\n                    Blefaroplastika (Plastika doln\u00edch v\u00ed\u010dek)                <\/h3>\n            <\/div>\n                        <div class=\"mkdf-interactive-banner-text-holder\">\n            <p>Blepharoplastika doln\u00edch v\u00ed\u010dek je ide\u00e1ln\u00edm \u0159e\u0161en\u00edm pokud v\u00e1s tr\u00e1p\u00ed p\u0159evisl\u00e1 v\u00ed\u010dka nebo vaky pod o\u010dima. Budete p\u016fsobit mnohem mlad\u0161\u00ed a m\u00e9n\u011b unaven\u00ed.<\/p>\n                                            <a itemprop=\"url\" href=\"\/plastika-dolnich-vicek\/\" target=\"_self\"  class=\"mkdf-btn mkdf-btn-medium mkdf-btn-solid mkdf-btn-solid-light mkdf-btn-icon\"  >    <span class=\"mkdf-btn-text\">V\u00edce info<\/span>    <span class=\"mkdf-btn-icon-holder\">        <span class=\"mkdf-btn-icon-normal\" ><i class=\"mkdf-icon-ion-icon ion-chevron-right \" ><\/i><\/span>        <span class=\"mkdf-btn-icon-flip\" ><i class=\"mkdf-icon-ion-icon ion-chevron-right \" ><\/i><\/span>    <\/span><\/a>                    <\/div>\n    <\/div>\n<\/div><\/div>\t\t<\/div>\n\t<\/div>\n<\/div><div class=\"mkdf-eh-item \"  data-item-class=\"mkdf-eh-custom-292933\">\n\t<div class=\"mkdf-eh-item-inner\">\n\t\t<div class=\"mkdf-eh-item-content mkdf-eh-custom-292933\" >\n\t\t\t<div class=\"mkdf-interactive-banner-holder mkdf-interactive-banner-align-center mkdf-interactive-banner-light-theme mkdf-interactive-banner-standard\" style=\"padding: 15%\"><a itemprop=\"url\" class=\"mkdf-interactive-banner-cover-link\" href=\"\/plastika-hornich-vicek\/\" target=\"_self\"><\/a><div class=\"mkdf-interactive-banner-initial\" style=\"background-color: #45d2ca\"><\/div><div class=\"mkdf-interactive-banner-overlay\" style=\"background-color: #6adcd6\"><\/div><div class=\"mkdf-interactive-banner-inner-wrapper\">\n    <div class=\"mkdf-interactive-banner-content-holder\" >\n                    <div class=\"mkdf-interactive-banner-title-holder\">\n                <h3>\n                    Blefaroplastika (Plastika horn\u00edch v\u00ed\u010dek)                <\/h3>\n            <\/div>\n                        <div class=\"mkdf-interactive-banner-text-holder\">\n            <p>Plastika horn\u00edho v\u00ed\u010dka zahrnuje p\u0159edev\u0161\u00edm odstran\u011bn\u00ed p\u0159ebyte\u010dn\u00e9 k\u016f\u017ee a svalov\u00e9 tk\u00e1n\u011b. Odstran\u011bn\u00ed ko\u017en\u00edch p\u0159evis\u016f z o\u010dn\u00edch v\u00ed\u010dek omlad\u00ed vzhled obli\u010deje a ubere v\u00e1m l\u00e9ta.<\/p>\n                                            <a itemprop=\"url\" href=\"\/plastika-hornich-vicek\/\" target=\"_self\"  class=\"mkdf-btn mkdf-btn-medium mkdf-btn-solid mkdf-btn-solid-light mkdf-btn-icon\"  >    <span class=\"mkdf-btn-text\">V\u00edce info<\/span>    <span class=\"mkdf-btn-icon-holder\">        <span class=\"mkdf-btn-icon-normal\" ><i class=\"mkdf-icon-ion-icon ion-chevron-right \" ><\/i><\/span>        <span class=\"mkdf-btn-icon-flip\" ><i class=\"mkdf-icon-ion-icon ion-chevron-right \" ><\/i><\/span>    <\/span><\/a>                    <\/div>\n    <\/div>\n<\/div><\/div>\t\t<\/div>\n\t<\/div>\n<\/div><\/div>[\/vc_column][\/vc_row][vc_row disable_element=&#8221;yes&#8221; css=&#8221;.vc_custom_1706619843922{padding-top: 45px !important;padding-bottom: 25px !important;}&#8221;][vc_column][vc_row_inner][vc_column_inner css=&#8221;.vc_custom_1633799259929{border-right-width: 1px !important;border-bottom-width: 1px !important;border-left-width: 1px !important;padding-top: 0% !important;padding-right: 0% !important;padding-bottom: 0% !important;padding-left: 0% !important;border-left-color: #ededed !important;border-left-style: solid !important;border-right-color: #ededed !important;border-right-style: solid !important;border-bottom-color: #ededed !important;border-bottom-style: solid !important;}&#8221; offset=&#8221;vc_col-lg-3 vc_col-md-12 vc_col-xs-12&#8243;]<div class=\"mkdf-elements-holder mkdf-one-column mkdf-responsive-mode-768\" ><div class=\"mkdf-eh-item mkdf-horizontal-alignment-center\"  data-item-class=\"mkdf-eh-custom-134217\" data-1280-1600=\"55px 15%\" data-1024-1280=\"55px 15%\">\n\t<div class=\"mkdf-eh-item-inner\">\n\t\t<div class=\"mkdf-eh-item-content mkdf-eh-custom-134217\" style=\"padding: 55px 23%\">\n\t\t\t[vc_column_text]<\/p>\n<h3>Vypnut\u00ed obli\u010deje \u2013 facelifting<\/h3>\n<p>[\/vc_column_text][vc_empty_space][vc_column_text]<\/p>\n<p style=\"text-align: center; margin-top: 10px;\"><a class=\"mkdf-btn mkdf-btn-medium mkdf-btn-outline\" style=\"color: #43d5cb; padding: 14px 30px; border: 1px solid #43d5cb; border-radius: 5px; font-weight: 300;\" href=\"\/vypnuti-obliceje-facelifting\/\" target=\"_blank\" rel=\"noopener\">V\u00edce info<\/a><\/p>\n<p>[\/vc_column_text]\t\t<\/div>\n\t<\/div>\n<\/div><\/div>[\/vc_column_inner][vc_column_inner css=&#8221;.vc_custom_1633799267464{border-bottom-width: 1px !important;padding-top: 0% !important;padding-right: 0% !important;padding-bottom: 0% !important;padding-left: 0% !important;border-bottom-color: #ededed !important;border-bottom-style: solid !important;}&#8221; offset=&#8221;vc_col-lg-3 vc_col-md-12 vc_col-xs-12&#8243;]<div class=\"mkdf-elements-holder mkdf-one-column mkdf-responsive-mode-768\" ><div class=\"mkdf-eh-item mkdf-horizontal-alignment-center\"  data-item-class=\"mkdf-eh-custom-180101\" data-1280-1600=\"55px 15%\" data-1024-1280=\"55px 15%\">\n\t<div class=\"mkdf-eh-item-inner\">\n\t\t<div class=\"mkdf-eh-item-content mkdf-eh-custom-180101\" style=\"padding: 55px 23%\">\n\t\t\t[vc_column_text]<\/p>\n<h3>Vypnut\u00ed st\u0159edn\u00ed t\u0159etiny obli\u010deje<\/h3>\n<p>[\/vc_column_text][vc_empty_space][vc_column_text]<\/p>\n<p style=\"text-align: center; margin-top: 10px;\"><a class=\"mkdf-btn mkdf-btn-medium mkdf-btn-outline\" style=\"color: #43d5cb; padding: 14px 30px; border: 1px solid #43d5cb; border-radius: 5px; font-weight: 300;\" href=\"\/vypnuti-stredni-tretiny-obliceje\/\" target=\"_blank\" rel=\"noopener\">V\u00edce info<\/a><\/p>\n<p>[\/vc_column_text]\t\t<\/div>\n\t<\/div>\n<\/div><\/div>[\/vc_column_inner][vc_column_inner css=&#8221;.vc_custom_1633799275832{border-right-width: 1px !important;border-bottom-width: 1px !important;border-left-width: 1px !important;padding-top: 0% !important;padding-right: 0% !important;padding-bottom: 0% !important;padding-left: 0% !important;border-left-color: #ededed !important;border-left-style: solid !important;border-right-color: #ededed !important;border-right-style: solid !important;border-bottom-color: #ededed !important;border-bottom-style: solid !important;}&#8221; offset=&#8221;vc_col-lg-3 vc_col-md-12 vc_col-xs-12&#8243;]<div class=\"mkdf-elements-holder mkdf-one-column mkdf-responsive-mode-768\" ><div class=\"mkdf-eh-item mkdf-horizontal-alignment-center\"  data-item-class=\"mkdf-eh-custom-444148\" data-1280-1600=\"55px 15%\" data-1024-1280=\"55px 15%\">\n\t<div class=\"mkdf-eh-item-inner\">\n\t\t<div class=\"mkdf-eh-item-content mkdf-eh-custom-444148\" style=\"padding: 55px 23%\">\n\t\t\t[vc_column_text]<\/p>\n<h3>Zv\u011bt\u0161en\u00ed prsou<\/h3>\n<p>[\/vc_column_text][vc_empty_space height=&#8221;70px&#8221;][vc_column_text]<\/p>\n<p style=\"text-align: center; margin-top: 10px;\"><a class=\"mkdf-btn mkdf-btn-medium mkdf-btn-outline\" style=\"color: #43d5cb; padding: 14px 30px; border: 1px solid #43d5cb; border-radius: 5px; font-weight: 300;\" href=\"\/zvetseni-prsou\/\" target=\"_blank\" rel=\"noopener\">V\u00edce info<\/a><\/p>\n<p>[\/vc_column_text]\t\t<\/div>\n\t<\/div>\n<\/div><\/div>[\/vc_column_inner][vc_column_inner css=&#8221;.vc_custom_1633799290063{border-bottom-width: 1px !important;padding-top: 0% !important;padding-right: 0% !important;padding-bottom: 0% !important;padding-left: 0% !important;border-bottom-color: #ededed !important;border-bottom-style: solid !important;}&#8221; offset=&#8221;vc_col-lg-3 vc_col-md-12 vc_col-xs-12&#8243;]<div class=\"mkdf-elements-holder mkdf-one-column mkdf-responsive-mode-768\" ><div class=\"mkdf-eh-item mkdf-horizontal-alignment-center\"  data-item-class=\"mkdf-eh-custom-709631\" data-1280-1600=\"55px 15%\" data-1024-1280=\"55px 15%\">\n\t<div class=\"mkdf-eh-item-inner\">\n\t\t<div class=\"mkdf-eh-item-content mkdf-eh-custom-709631\" style=\"padding: 55px 23%\">\n\t\t\t[vc_column_text]<\/p>\n<h3>Modelace prsou se zv\u011bt\u0161en\u00edm<\/h3>\n<p>[\/vc_column_text][vc_empty_space][vc_column_text]<\/p>\n<p style=\"text-align: center; margin-top: 10px;\"><a class=\"mkdf-btn mkdf-btn-medium mkdf-btn-outline\" style=\"color: #43d5cb; padding: 14px 30px; border: 1px solid #43d5cb; border-radius: 5px; font-weight: 300;\" href=\"\/modelace-prsou-se-zvetsenim\/\" target=\"_blank\" rel=\"noopener\">V\u00edce info<\/a><\/p>\n<p>[\/vc_column_text]\t\t<\/div>\n\t<\/div>\n<\/div><\/div>[\/vc_column_inner][\/vc_row_inner][vc_row_inner][vc_column_inner css=&#8221;.vc_custom_1633799297930{border-right-width: 1px !important;border-bottom-width: 0px !important;border-left-width: 1px !important;padding-top: 0% !important;padding-right: 0% !important;padding-bottom: 0% !important;padding-left: 0% !important;border-left-color: #ededed !important;border-left-style: solid !important;border-right-color: #ededed !important;border-right-style: solid !important;border-bottom-color: #ededed !important;border-bottom-style: solid !important;}&#8221; offset=&#8221;vc_col-lg-3 vc_col-md-12 vc_col-xs-12&#8243;]<div class=\"mkdf-elements-holder mkdf-one-column mkdf-responsive-mode-768\" ><div class=\"mkdf-eh-item mkdf-horizontal-alignment-center\"  data-item-class=\"mkdf-eh-custom-234172\" data-1280-1600=\"55px 15%\" data-1024-1280=\"55px 15%\">\n\t<div class=\"mkdf-eh-item-inner\">\n\t\t<div class=\"mkdf-eh-item-content mkdf-eh-custom-234172\" style=\"padding: 55px 23%\">\n\t\t\t[vc_column_text]<\/p>\n<h3>Modelace prsou<\/h3>\n<p>[\/vc_column_text][vc_empty_space][vc_column_text]<\/p>\n<p style=\"text-align: center; margin-top: 10px;\"><a class=\"mkdf-btn mkdf-btn-medium mkdf-btn-outline\" style=\"color: #43d5cb; padding: 14px 30px; border: 1px solid #43d5cb; border-radius: 5px; font-weight: 300;\" href=\"\/modelace-prsou\/\" target=\"_blank\" rel=\"noopener\">V\u00edce info<\/a><\/p>\n<p>[\/vc_column_text]\t\t<\/div>\n\t<\/div>\n<\/div><\/div>[\/vc_column_inner][vc_column_inner css=&#8221;.vc_custom_1686138635451{border-right-width: 1px !important;border-bottom-width: 0px !important;padding-top: 0% !important;padding-right: 0% !important;padding-bottom: 0% !important;padding-left: 0% !important;border-right-color: #ededed !important;border-right-style: solid !important;border-bottom-color: #ededed !important;border-bottom-style: solid !important;}&#8221; offset=&#8221;vc_col-lg-3 vc_col-md-12 vc_col-xs-12&#8243;]<div class=\"mkdf-elements-holder mkdf-one-column mkdf-responsive-mode-768\" ><div class=\"mkdf-eh-item mkdf-horizontal-alignment-center\"  data-item-class=\"mkdf-eh-custom-988452\" data-1280-1600=\"55px 15%\" data-1024-1280=\"55px 15%\">\n\t<div class=\"mkdf-eh-item-inner\">\n\t\t<div class=\"mkdf-eh-item-content mkdf-eh-custom-988452\" style=\"padding: 55px 23%\">\n\t\t\t[vc_column_text]<\/p>\n<h3>Abdominoplastika \u2013 plastick\u00e1 operace b\u0159icha<\/h3>\n<p>[\/vc_column_text][vc_empty_space][vc_column_text]<\/p>\n<p style=\"text-align: center; margin-top: 10px;\"><a class=\"mkdf-btn mkdf-btn-medium mkdf-btn-outline\" style=\"color: #43d5cb; padding: 14px 30px; border: 1px solid #43d5cb; border-radius: 5px; font-weight: 300;\" href=\"\/abdominoplastika-plasticka-operace-bricha\/\" target=\"_blank\" rel=\"noopener\">V\u00edce info<\/a><\/p>\n<p>[\/vc_column_text]\t\t<\/div>\n\t<\/div>\n<\/div><\/div>[\/vc_column_inner][vc_column_inner css=&#8221;.vc_custom_1633799308138{border-bottom-width: 0px !important;padding-top: 0% !important;padding-right: 0% !important;padding-bottom: 0% !important;padding-left: 0% !important;border-bottom-color: #ededed !important;border-bottom-style: solid !important;}&#8221; offset=&#8221;vc_col-lg-3 vc_col-md-12 vc_col-xs-12&#8243;][\/vc_column_inner][\/vc_row_inner][\/vc_column][\/vc_row]<\/p>\n","protected":false},"excerpt":{"rendered":"<p>[vc_row row_content_width=&#8221;grid&#8221; css=&#8221;.vc_custom_1632239210797{padding-top: 70px !important;}&#8221;][vc_column offset=&#8221;vc_col-lg-12&#8243; css=&#8221;.vc_custom_1632140768248{margin-top: -8px !important;}&#8221;][vc_empty_space height=&#8221;9px&#8221;][vc_column_text]Pokud v\u00e1s zaj\u00edm\u00e1 spolehliv\u00e1 a profesion\u00e1ln\u00ed klinika plastick\u00e9 a estetick\u00e9 chirurgie, pak se neboj\u00edme prohl\u00e1sit, \u017ee hled\u00e1te pr\u00e1v\u011b n\u00e1s. Kdy\u017e se bav\u00edme o plastick\u00e9 chirurgii, jde o procedury vesm\u011bs n\u00e1ro\u010dn\u00e9 a [&hellip;]<\/p>\n","protected":false},"author":1,"featured_media":0,"parent":0,"menu_order":0,"comment_status":"closed","ping_status":"closed","template":"full-width.php","meta":{"footnotes":""},"class_list":["post-15131","page","type-page","status-publish","hentry"],"acf":[],"_links":{"self":[{"href":"https:\/\/altos-klinika.cz\/en\/wp-json\/wp\/v2\/pages\/15131","targetHints":{"allow":["GET"]}}],"collection":[{"href":"https:\/\/altos-klinika.cz\/en\/wp-json\/wp\/v2\/pages"}],"about":[{"href":"https:\/\/altos-klinika.cz\/en\/wp-json\/wp\/v2\/types\/page"}],"author":[{"embeddable":true,"href":"https:\/\/altos-klinika.cz\/en\/wp-json\/wp\/v2\/users\/1"}],"replies":[{"embeddable":true,"href":"https:\/\/altos-klinika.cz\/en\/wp-json\/wp\/v2\/comments?post=15131"}],"version-history":[{"count":7,"href":"https:\/\/altos-klinika.cz\/en\/wp-json\/wp\/v2\/pages\/15131\/revisions"}],"predecessor-version":[{"id":22077,"href":"https:\/\/altos-klinika.cz\/en\/wp-json\/wp\/v2\/pages\/15131\/revisions\/22077"}],"wp:attachment":[{"href":"https:\/\/altos-klinika.cz\/en\/wp-json\/wp\/v2\/media?parent=15131"}],"curies":[{"name":"wp","href":"https:\/\/api.w.org\/{rel}","templated":true}]}}