{"id":15155,"date":"2021-10-09T21:43:02","date_gmt":"2021-10-09T21:43:02","guid":{"rendered":"https:\/\/altos-klinika.cz\/modelace-prsou-se-zvetsenim\/"},"modified":"2022-04-26T08:48:33","modified_gmt":"2022-04-26T08:48:33","slug":"modelace-prsou-se-zvetsenim","status":"publish","type":"page","link":"https:\/\/altos-klinika.cz\/en\/modelace-prsou-se-zvetsenim\/","title":{"rendered":"Modelace prsou se zv\u011bt\u0161en\u00edm"},"content":{"rendered":"<p>[vc_row row_content_width=&#8221;grid&#8221; css=&#8221;.vc_custom_1632239210797{padding-top: 70px !important;}&#8221;][vc_column offset=&#8221;vc_col-lg-12&#8243; css=&#8221;.vc_custom_1632140768248{margin-top: -8px !important;}&#8221;]<div class=\"mkdf-section-title-holder mkdf-st-standard mkdf-st-title-left mkdf-st-normal-space \" style=\"text-align: center\">\n\t<div class=\"mkdf-st-inner\">\n\t\t\t\t\t<h1 class=\"mkdf-st-title\" >\n\t\t\t\tModelace prsou se zv\u011bt\u0161en\u00edm\t\t\t<\/h1>\n\t\t\t\t\t<\/div>\n<\/div>[vc_empty_space height=&#8221;9px&#8221;][vc_column_text]Ztr\u00e1ta p\u016fvodn\u00edho tvaru prsu m\u016f\u017ee b\u00fdt zp\u016fsobena mnoha faktory &#8211; zm\u011bnami souvisej\u00edc\u00edmi s v\u011bkem, prudk\u00fdmi v\u00fdkyvy hmotnosti a tak\u00e9 t\u011bhotenstv\u00edm a kojen\u00edm.<\/p>\n<p>Pod vlivem v\u0161ech t\u011bchto faktor\u016f ztr\u00e1cej\u00ed k\u016f\u017ee a tk\u00e1n\u011b \u017eensk\u00e9ho prsu svoji elasticitu a p\u016fvodn\u00ed tvar. Krom\u011b toho tak\u00e9 sl\u00e1bnou prsn\u00ed svaly. Rychle obnovit pru\u017enost ml\u00e9\u010dn\u00fdch \u017el\u00e1z, elasticitu prsn\u00edch tk\u00e1ni, a tak\u00e9 dodat prsu opravdu kr\u00e1sn\u00fd tvar m\u016f\u017ee operace mastopexe neboli tvarov\u00e1n\u00ed prsu<\/p>\n<p>\u017densk\u00fd prs se skl\u00e1d\u00e1 z r\u016fzn\u00fdch druh\u016f tk\u00e1n\u00ed &#8211; \u017el\u00e1zov\u00e9, tukov\u00e9 a pojivov\u00e9, nach\u00e1zej\u00edc\u00edch se na prsn\u00edm svalu pod\u00e9l p\u0159edn\u00ed st\u011bny hrudn\u00edho ko\u0161e. Glandul\u00e1rn\u00ed tk\u00e1\u0148 se skl\u00e1d\u00e1 z lalok\u016f ml\u00e9\u010dn\u00e9 \u017el\u00e1zy a ml\u00e9\u010dn\u00fdch kan\u00e1lk\u016f. B\u011bhem kojen\u00ed zaji\u0161\u0165uje tento druh tk\u00e1n\u011b produkov\u00e1n\u00ed a dod\u00e1v\u00e1n\u00ed ml\u00e9ka do bradavky. Ml\u00e9\u010dn\u00e9 \u017el\u00e1zy jsou tak\u00e9 obklopeny vrstvou tukov\u00e9 tk\u00e1n\u011b, kter\u00e1 zaji\u0161\u0165uje jejich pru\u017enost a m\u011bkkost. Vazy, podep\u00edraj\u00edc\u00ed ml\u00e9\u010dnou \u017el\u00e1zu, se skl\u00e1daj\u00ed z pojivov\u00e9 tk\u00e1n\u011b a jsou um\u00edst\u011bny mezi prsn\u00edmi \u017el\u00e1zami a ml\u00e9\u010dn\u00fdmi kan\u00e1lky. D\u00edky t\u011bmto vaz\u016fm je ml\u00e9\u010dn\u00e1 \u017el\u00e1za p\u0159ipevn\u011bna ke st\u011bn\u011b hrudn\u00edho ko\u0161e, jin\u00fdmi slovy, jsou odpov\u011bdn\u00e9 za vysokou nebo n\u00edzkou polohu prsu, a tak\u00e9 za jeho pru\u017enost.<\/p>\n<p>Jedn\u00edm z hlavn\u00edch d\u016fvod\u016f obliby operace na modelaci prsou a z\u00e1kroku na sou\u010dasn\u00e9 zaveden\u00ed implant\u00e1tu je, \u017ee pouh\u00e9 zv\u011bt\u0161en\u00ed objemu prsu d\u00edky implant\u00e1t\u016fm nem\u016f\u017ee zaru\u010dit dobr\u00fd v\u00fdsledek korekce tvaru prsu p\u0159i prov\u011b\u0161en\u00ed ml\u00e9\u010dn\u00fdch \u017el\u00e1z. Prost\u00e9 zv\u011bt\u0161en\u00ed objemu, neb velikost prsu p\u0159i poklesu povede k tomu, \u017ee prs \u010dasem poklesne je\u0161t\u011b v\u00edce. Naproti tomu se p\u0159i operaci na modelaci prsu p\u0159ebyte\u010dn\u00e1 k\u016f\u017ee odstra\u0148uje a zb\u00fdvaj\u00edc\u00ed k\u016f\u017ee je p\u0159ita\u017eena. V d\u016fsledku toho se zlep\u0161uje tvar prsu, prs zauj\u00edm\u00e1 vertik\u00e1ln\u00ed polohu a st\u00e1v\u00e1 se vypnut\u00fdm a pru\u017en\u00fdm. Modelace prsou p\u0159i jejich sou\u010dasn\u00e9m zv\u011bt\u0161en\u00ed umo\u017e\u0148uje nejen modelovat ztracen\u00fd tvaru ml\u00e9\u010dn\u00e9 \u017el\u00e1zy, ale tak\u00e9 zv\u011bt\u0161it celkov\u00fd objem prsu a tvar u\u010dinit atraktivn\u011bj\u0161\u00edm.<\/p>\n<p>Jak v\u00edte, existuje n\u011bkolik technik operac\u00ed na zv\u011bt\u0161en\u00ed prsou &#8211; od \u0159ezu na dvorci (periareol\u00e1rn\u00ed p\u0159\u00edstup), p\u0159es \u0159ez pod prsy (submamm\u00e1rn\u00ed p\u0159\u00edstup) k \u0159ezu v podpa\u017en\u00ed jamce (axil\u00e1rn\u00ed p\u0159\u00edstup).<\/p>\n<p>Krom\u011b toho existuj\u00ed 4 z\u00e1kladn\u00ed metody modelace prsou, kter\u00e9 jsou pou\u017eity v z\u00e1vislosti na stupni pt\u00f3zy, diagnostikovan\u00e9 chirurgem: nad areol\u00e1rn\u00ed mastopexe, parareol\u00e1rn\u00ed mastopexe, vertik\u00e1ln\u00ed mastopexe a kotevn\u00ed technika, kter\u00e1 se pou\u017e\u00edv\u00e1 p\u0159i modelaci prsu s t\u011b\u017ekou pt\u00f3zou.<\/p>\n<p>Operace na modelaci prsu se sou\u010dasn\u00fdm zaveden\u00edm prsn\u00edho implant\u00e1tu trv\u00e1 na na\u0161\u00ed klinice od 1,4 do 3 hodin v z\u00e1vislosti na stupni pt\u00f3zy prsu a zvolen\u00e9 metod\u011b. Chirurg p\u0159ed operac\u00ed nan\u00e1\u0161\u00ed markerem zna\u010dky &#8211; ozna\u010duje linie budouc\u00edch \u0159ez\u016f. Potom se prov\u00e1d\u00ed celkov\u00e1 anestezie a prs se o\u0161et\u0159\u00ed speci\u00e1ln\u00edmi antiseptick\u00fdmi roztoky.<\/p>\n<p>Zpo\u010d\u00e1tku l\u00e9ka\u0159 provede \u0159ez pod\u00e9l vyzna\u010den\u00e9 linie. Tato animace ukazuje inframamm\u00e1rn\u00ed techniku, kdy se pod ka\u017edou ml\u00e9\u010dnou \u017el\u00e1zou provede mal\u00fd \u0159ez. Speci\u00e1ln\u00edm n\u00e1strojem \u2013 koagul\u00e1torem &#8211; rozev\u0159e l\u00e9ka\u0159 ka\u017ed\u00fd \u0159ez a z\u00edsk\u00e1 p\u0159\u00edstup k tk\u00e1n\u00edm prsn\u00ed \u017el\u00e1zy. D\u00e9lka a tvar \u0159ezu z\u00e1vis\u00ed na typu a velikosti implant\u00e1tu, a tak\u00e9 na anatomick\u00fdch zvl\u00e1\u0161tnostech a stupni pt\u00f3zy prsu, ale v ka\u017ed\u00e9m p\u0159\u00edpad\u011b bude co nejmen\u0161\u00ed.<\/p>\n<p>Speci\u00e1ln\u00edmi chirurgick\u00fdmi n\u00e1stroji l\u00e9ka\u0159 pe\u010dliv\u011b odlupuje prsn\u00ed tk\u00e1n\u011b ml\u00e9\u010dn\u00e9 \u017el\u00e1zy a vytv\u00e1\u0159\u00ed p\u0159\u00edstup k prsn\u00edmu svalu. Ru\u010dn\u011b a s pomoc\u00ed disektoru prsu tvaruje chirurg kapsu pro um\u00edst\u011bn\u00ed implant\u00e1tu.<\/p>\n<p>Prsn\u00ed implant\u00e1ty mohou b\u00fdt um\u00edst\u011bny pod prsn\u00edm svalem nebo nad n\u00edm. Tato animace zn\u00e1zor\u0148uje subglandul\u00e1rn\u00ed um\u00edst\u011bn\u00ed, p\u0159i n\u011bm\u017e je implant\u00e1t um\u00edst\u011bn v kapse pod tk\u00e1n\u011bmi ml\u00e9\u010dn\u00e9 \u017el\u00e1zy, ale nad prsn\u00edm svalem. Existuje v\u0161ak tak\u00e9 zp\u016fsob um\u00edst\u011bn\u00ed implant\u00e1tu v kapse mezi prsn\u00edm svalem a p\u0159edn\u00ed st\u011bnou hrudn\u00edho ko\u0161e. P\u0159i konzultaci se sv\u00fdm chirurgem proberete v\u00fdhody r\u016fzn\u00fdch mo\u017enost\u00ed pro zaveden\u00ed implant\u00e1tu podrobn\u011bji.<\/p>\n<p>Chirurg p\u0159esn\u011b vlo\u017e\u00ed implant\u00e1t do p\u0159edem p\u0159ipraven\u00e9 kapsy a pe\u010dliv\u011b kontroluje symetrii prsu. Pro dosa\u017een\u00ed t\u011bch nejlep\u0161\u00edch v\u00fdsledk\u016f m\u016f\u017ee b\u00fdt kapsa pro implant\u00e1t v t\u00e9to f\u00e1zi m\u00edrn\u011b upravena.<\/p>\n<p>P\u0159ed zah\u00e1jen\u00edm operace l\u00e9ka\u0159 rozr\u00fdsov\u00e1v\u00e1 prs, ozna\u010duje linie veden\u00ed budouc\u00edch \u0159ez\u016f, a tak\u00e9 oblasti p\u0159ebyte\u010dn\u00e9 k\u016f\u017ee, kter\u00e1 m\u00e1 b\u00fdt odstran\u011bna. S pou\u017eit\u00edm r\u016fzn\u00fdch chirurgick\u00fdch n\u00e1stroj\u016f chirurg nap\u00edn\u00e1 k\u016f\u017ei a odlupuje ji od tk\u00e1n\u00ed ml\u00e9\u010dn\u00e9 \u017el\u00e1zy. Nadbytek k\u016f\u017ee kolem dvorce a bradavky je pe\u010dliv\u011b odstran\u011bn, bradavka a prsn\u00ed dvorec nejsou zasa\u017eeny.<\/p>\n<p>Pot\u00e9, co byl p\u0159ebytek k\u016f\u017ee odstran\u011bn, l\u00e9ka\u0159 jemn\u011b p\u0159it\u00e1hne dvorec k okraji horn\u00edho \u0159ezu. P\u0159i tomto zaujmou dvorec a prsn\u00ed tk\u00e1\u0148 novou polohu a prs se nadzvedne<\/p>\n<p>L\u00e9ka\u0159 uzav\u0159e \u0159ezy pe\u010dliv\u00fdmi stehy pod\u00e9l vertik\u00e1ln\u00ed linie \u0159ezu a tak\u00e9 po obvodu dvorce. Na konci operace m\u016f\u017ee l\u00e9ka\u0159 um\u00edstit uvnit\u0159 ka\u017ed\u00e9ho prsu chirurgickou dren\u00e1\u017e, ale \u010dasto to nen\u00ed nutn\u00e9. Nakonec jsou na stehy p\u0159ilo\u017eeny steriln\u00ed g\u00e1zov\u00e9 obvazy a ochrann\u00e9 n\u00e1plasti.<\/p>\n<p>Stehy, obvazy, n\u00e1plasti a chirurgick\u00e9 dren\u00e1\u017ee (pokud jsou zavedeny) se odstran\u00ed ji\u017e n\u011bkolik dn\u00ed po operaci. Pacientka m\u016f\u017ee poci\u0165ovat m\u00edrn\u00e9 bolesti. Otoky, mod\u0159iny a sn\u00ed\u017een\u00e1 citlivost dvorce zcela odezn\u00edvaj\u00ed dva &#8211; t\u0159i t\u00fddny po z\u00e1kroku. Vyplat\u00ed se tak\u00e9 upustit od fyzick\u00e9 z\u00e1t\u011b\u017ee, n\u00e1v\u0161t\u011bvy l\u00e1zn\u00ed nebo sauny a jin\u00fdch fyzick\u00fdch aktivit po dobu n\u011bkolika t\u00fddn\u016f po z\u00e1kroku.[\/vc_column_text][vc_empty_space][\/vc_column][\/vc_row][vc_row full_width=&#8221;stretch_row&#8221; css=&#8221;.vc_custom_1638118773359{background-color: rgba(78,109,204,0.07) !important;*background-color: rgb(78,109,204) !important;}&#8221; simple_background_color=&#8221;rgba(78,109,204,0.07)&#8221;][vc_column][vc_row_inner row_content_width=&#8221;grid&#8221;][vc_column_inner][vc_column_text]\n<div class=\"wpcf7 no-js\" id=\"wpcf7-f13223-o1\" lang=\"cs-CZ\" dir=\"ltr\" data-wpcf7-id=\"13223\">\n<div class=\"screen-reader-response\"><p role=\"status\" aria-live=\"polite\" aria-atomic=\"true\"><\/p> <ul><\/ul><\/div>\n<form action=\"\/en\/wp-json\/wp\/v2\/pages\/15155#wpcf7-f13223-o1\" method=\"post\" class=\"wpcf7-form init inline-form\" aria-label=\"Kontaktn\u00ed formul\u00e1\u0159\" novalidate=\"novalidate\" data-status=\"init\">\n<div style=\"display: none;\">\n<input type=\"hidden\" name=\"_wpcf7\" value=\"13223\" \/>\n<input type=\"hidden\" name=\"_wpcf7_version\" value=\"6.0.4\" \/>\n<input type=\"hidden\" name=\"_wpcf7_locale\" value=\"cs_CZ\" \/>\n<input type=\"hidden\" name=\"_wpcf7_unit_tag\" value=\"wpcf7-f13223-o1\" \/>\n<input type=\"hidden\" name=\"_wpcf7_container_post\" value=\"0\" \/>\n<input type=\"hidden\" name=\"_wpcf7_posted_data_hash\" value=\"\" \/>\n<input type=\"hidden\" name=\"_wpcf7_recaptcha_response\" value=\"\" \/>\n<\/div>\n<h2>Objednat se na z\u00e1krok\n<\/h2>\n<div class=\"jq-row jq-inline-form\">\n\t<div class=\"fields-col jq-row\">\n\t\t<div class=\"jq-col-33\">\n\t\t\t<p><span class=\"wpcf7-form-control-wrap\" data-name=\"your-name\"><input size=\"40\" maxlength=\"400\" class=\"wpcf7-form-control wpcf7-text wpcf7-validates-as-required\" aria-required=\"true\" aria-invalid=\"false\" placeholder=\"Jm\u00e9no a p\u0159\u00edjmen\u00ed\" value=\"\" type=\"text\" name=\"your-name\" \/><\/span>\n\t\t\t<\/p>\n\t\t<\/div>\n\t\t<div class=\"jq-col-33\">\n\t\t\t<p><span class=\"wpcf7-form-control-wrap\" data-name=\"your-email\"><input size=\"40\" maxlength=\"400\" class=\"wpcf7-form-control wpcf7-email wpcf7-validates-as-required wpcf7-text wpcf7-validates-as-email\" aria-required=\"true\" aria-invalid=\"false\" placeholder=\"Email\" value=\"\" type=\"email\" name=\"your-email\" \/><\/span>\n\t\t\t<\/p>\n\t\t<\/div>\n\t\t<div class=\"jq-col-33\">\n\t\t\t<p><span class=\"wpcf7-form-control-wrap\" data-name=\"your-tel\"><input size=\"40\" maxlength=\"400\" class=\"wpcf7-form-control wpcf7-tel wpcf7-text wpcf7-validates-as-tel\" aria-invalid=\"false\" placeholder=\"+420 *** *** ***\" value=\"\" type=\"tel\" name=\"your-tel\" \/><\/span>\n\t\t\t<\/p>\n\t\t<\/div>\n\t\t<div class=\"jq-col-100\">\n\t\t\t<p><span class=\"wpcf7-form-control-wrap\" data-name=\"acceptance\"><span class=\"wpcf7-form-control wpcf7-acceptance\"><span class=\"wpcf7-list-item\"><label><input type=\"checkbox\" name=\"acceptance\" value=\"1\" aria-invalid=\"false\" \/><span class=\"wpcf7-list-item-label\">Souhlas\u00edm se zpracov\u00e1n\u00edm <a href=\"https:\/\/altos-klinika.cz\/podminky\/\" target=\"_blank\">osobn\u00edch \u00fadaj\u016f<\/a><\/span><\/label><\/span><\/span><\/span>\n\t\t\t<\/p>\n\t\t<\/div>\n\t<\/div>\n\t<div class=\"button-col\">\n\t\t<p><input class=\"wpcf7-form-control wpcf7-submit has-spinner\" type=\"submit\" value=\"Odeslat\" \/><input type=\"hidden\" class=\"wpcf7-form-control wpcf7-hidden\" name=\"your-subject\" placeholder=\"\" value=\"\u0417\u0430\u043f\u0438\u0441\u044c \u043d\u0430 \u043f\u0440\u043e\u0446\u0435\u0434\u0443\u0440\u0443\" \/><input type=\"hidden\" class=\"wpcf7-form-control wpcf7-hidden\" name=\"hidden-443\" placeholder=\"\" value=\"Modelace prsou se zv\u011bt\u0161en\u00edm\" \/>\n\t\t<\/p>\n\t<\/div>\n<\/div><input type='hidden' class='wpcf7-pum' value='{\"closepopup\":false,\"closedelay\":5,\"openpopup\":false,\"openpopup_id\":13484}' \/><div class=\"wpcf7-response-output\" aria-hidden=\"true\"><\/div>\n<\/form>\n<\/div>\n[\/vc_column_text][\/vc_column_inner][\/vc_row_inner][\/vc_column][\/vc_row][vc_row][vc_column]<div class=\"mkdf-elements-holder mkdf-two-columns mkdf-responsive-mode-1024\" ><div class=\"mkdf-eh-item \"  data-item-class=\"mkdf-eh-custom-161467\">\n\t<div class=\"mkdf-eh-item-inner\">\n\t\t<div class=\"mkdf-eh-item-content mkdf-eh-custom-161467\" >\n\t\t\t<div class=\"mkdf-interactive-banner-holder mkdf-interactive-banner-align-center mkdf-interactive-banner-light-theme mkdf-interactive-banner-standard\" style=\"background-image: url(https:\/\/altos-klinika.cz\/wp-content\/uploads\/2021\/09\/69-1.png);padding: 15%\"><a itemprop=\"url\" class=\"mkdf-interactive-banner-cover-link\" href=\"\/plastika-dolnich-vicek\/\" target=\"_self\"><\/a><div class=\"mkdf-interactive-banner-initial\" style=\"\"><\/div><div class=\"mkdf-interactive-banner-overlay\" style=\"background-color: #435ba1\"><\/div><div class=\"mkdf-interactive-banner-inner-wrapper\">\n    <div class=\"mkdf-interactive-banner-content-holder\" >\n                    <div class=\"mkdf-interactive-banner-title-holder\">\n                <h3>\n                    Blefaroplastika (Plastika doln\u00edch v\u00ed\u010dek)                <\/h3>\n            <\/div>\n                        <div class=\"mkdf-interactive-banner-text-holder\">\n            <p>Blepharoplastika doln\u00edch v\u00ed\u010dek je ide\u00e1ln\u00edm \u0159e\u0161en\u00edm pokud v\u00e1s tr\u00e1p\u00ed p\u0159evisl\u00e1 v\u00ed\u010dka nebo vaky pod o\u010dima. Budete p\u016fsobit mnohem mlad\u0161\u00ed a m\u00e9n\u011b unaven\u00ed.<\/p>\n                                            <a itemprop=\"url\" href=\"\/plastika-dolnich-vicek\/\" target=\"_self\"  class=\"mkdf-btn mkdf-btn-medium mkdf-btn-solid mkdf-btn-solid-light mkdf-btn-icon\"  >    <span class=\"mkdf-btn-text\">V\u00edce info<\/span>    <span class=\"mkdf-btn-icon-holder\">        <span class=\"mkdf-btn-icon-normal\" ><i class=\"mkdf-icon-ion-icon ion-chevron-right \" ><\/i><\/span>        <span class=\"mkdf-btn-icon-flip\" ><i class=\"mkdf-icon-ion-icon ion-chevron-right \" ><\/i><\/span>    <\/span><\/a>                    <\/div>\n    <\/div>\n<\/div><\/div>\t\t<\/div>\n\t<\/div>\n<\/div><div class=\"mkdf-eh-item \"  data-item-class=\"mkdf-eh-custom-202858\">\n\t<div class=\"mkdf-eh-item-inner\">\n\t\t<div class=\"mkdf-eh-item-content mkdf-eh-custom-202858\" >\n\t\t\t<div class=\"mkdf-interactive-banner-holder mkdf-interactive-banner-align-center mkdf-interactive-banner-light-theme mkdf-interactive-banner-standard\" style=\"padding: 15%\"><a itemprop=\"url\" class=\"mkdf-interactive-banner-cover-link\" href=\"\/plastika-hornich-vicek\/\" target=\"_self\"><\/a><div class=\"mkdf-interactive-banner-initial\" style=\"background-color: #45d2ca\"><\/div><div class=\"mkdf-interactive-banner-overlay\" style=\"background-color: #6adcd6\"><\/div><div class=\"mkdf-interactive-banner-inner-wrapper\">\n    <div class=\"mkdf-interactive-banner-content-holder\" >\n                    <div class=\"mkdf-interactive-banner-title-holder\">\n                <h3>\n                    Blefaroplastika (Plastika horn\u00edch v\u00ed\u010dek)                <\/h3>\n            <\/div>\n                        <div class=\"mkdf-interactive-banner-text-holder\">\n            <p>Plastika horn\u00edho v\u00ed\u010dka zahrnuje p\u0159edev\u0161\u00edm odstran\u011bn\u00ed p\u0159ebyte\u010dn\u00e9 k\u016f\u017ee a svalov\u00e9 tk\u00e1n\u011b. Odstran\u011bn\u00ed ko\u017en\u00edch p\u0159evis\u016f z o\u010dn\u00edch v\u00ed\u010dek omlad\u00ed vzhled obli\u010deje a ubere v\u00e1m l\u00e9ta.<\/p>\n                                            <a itemprop=\"url\" href=\"\/plastika-hornich-vicek\/\" target=\"_self\"  class=\"mkdf-btn mkdf-btn-medium mkdf-btn-solid mkdf-btn-solid-light mkdf-btn-icon\"  >    <span class=\"mkdf-btn-text\">V\u00edce info<\/span>    <span class=\"mkdf-btn-icon-holder\">        <span class=\"mkdf-btn-icon-normal\" ><i class=\"mkdf-icon-ion-icon ion-chevron-right \" ><\/i><\/span>        <span class=\"mkdf-btn-icon-flip\" ><i class=\"mkdf-icon-ion-icon ion-chevron-right \" ><\/i><\/span>    <\/span><\/a>                    <\/div>\n    <\/div>\n<\/div><\/div>\t\t<\/div>\n\t<\/div>\n<\/div><\/div>[\/vc_column][\/vc_row][vc_row css=&#8221;.vc_custom_1633637592770{padding-top: 45px !important;padding-bottom: 25px !important;}&#8221;][vc_column][vc_row_inner][vc_column_inner css=&#8221;.vc_custom_1633799259929{border-right-width: 1px !important;border-bottom-width: 1px !important;border-left-width: 1px !important;padding-top: 0% !important;padding-right: 0% !important;padding-bottom: 0% !important;padding-left: 0% !important;border-left-color: #ededed !important;border-left-style: solid !important;border-right-color: #ededed !important;border-right-style: solid !important;border-bottom-color: #ededed !important;border-bottom-style: solid !important;}&#8221; offset=&#8221;vc_col-lg-3 vc_col-md-12 vc_col-xs-12&#8243;]<div class=\"mkdf-elements-holder mkdf-one-column mkdf-responsive-mode-768\" ><div class=\"mkdf-eh-item mkdf-horizontal-alignment-center\"  data-item-class=\"mkdf-eh-custom-365530\" data-1280-1600=\"55px 15%\" data-1024-1280=\"55px 15%\">\n\t<div class=\"mkdf-eh-item-inner\">\n\t\t<div class=\"mkdf-eh-item-content mkdf-eh-custom-365530\" style=\"padding: 55px 23%\">\n\t\t\t[vc_column_text]<\/p>\n<h3>Vypnut\u00ed obli\u010deje \u2013 facelifting<\/h3>\n<p>[\/vc_column_text][vc_empty_space][vc_column_text]<\/p>\n<p style=\"text-align: center; margin-top: 10px;\"><a class=\"mkdf-btn mkdf-btn-medium mkdf-btn-outline\" style=\"color: #43d5cb; padding: 14px 30px; border: 1px solid #43d5cb; border-radius: 5px; font-weight: 300;\" href=\"\/vypnuti-obliceje-facelifting\/\" target=\"_blank\" rel=\"noopener\">V\u00edce info<\/a><\/p>\n<p>[\/vc_column_text]\t\t<\/div>\n\t<\/div>\n<\/div><\/div>[\/vc_column_inner][vc_column_inner css=&#8221;.vc_custom_1633799267464{border-bottom-width: 1px !important;padding-top: 0% !important;padding-right: 0% !important;padding-bottom: 0% !important;padding-left: 0% !important;border-bottom-color: #ededed !important;border-bottom-style: solid !important;}&#8221; offset=&#8221;vc_col-lg-3 vc_col-md-12 vc_col-xs-12&#8243;]<div class=\"mkdf-elements-holder mkdf-one-column mkdf-responsive-mode-768\" ><div class=\"mkdf-eh-item mkdf-horizontal-alignment-center\"  data-item-class=\"mkdf-eh-custom-418316\" data-1280-1600=\"55px 15%\" data-1024-1280=\"55px 15%\">\n\t<div class=\"mkdf-eh-item-inner\">\n\t\t<div class=\"mkdf-eh-item-content mkdf-eh-custom-418316\" style=\"padding: 55px 23%\">\n\t\t\t[vc_column_text]<\/p>\n<h3>Vypnut\u00ed st\u0159edn\u00ed t\u0159etiny obli\u010deje<\/h3>\n<p>[\/vc_column_text][vc_empty_space][vc_column_text]<\/p>\n<p style=\"text-align: center; margin-top: 10px;\"><a class=\"mkdf-btn mkdf-btn-medium mkdf-btn-outline\" style=\"color: #43d5cb; padding: 14px 30px; border: 1px solid #43d5cb; border-radius: 5px; font-weight: 300;\" href=\"\/vypnuti-stredni-tretiny-obliceje\/\" target=\"_blank\" rel=\"noopener\">V\u00edce info<\/a><\/p>\n<p>[\/vc_column_text]\t\t<\/div>\n\t<\/div>\n<\/div><\/div>[\/vc_column_inner][vc_column_inner css=&#8221;.vc_custom_1633799275832{border-right-width: 1px !important;border-bottom-width: 1px !important;border-left-width: 1px !important;padding-top: 0% !important;padding-right: 0% !important;padding-bottom: 0% !important;padding-left: 0% !important;border-left-color: #ededed !important;border-left-style: solid !important;border-right-color: #ededed !important;border-right-style: solid !important;border-bottom-color: #ededed !important;border-bottom-style: solid !important;}&#8221; offset=&#8221;vc_col-lg-3 vc_col-md-12 vc_col-xs-12&#8243;]<div class=\"mkdf-elements-holder mkdf-one-column mkdf-responsive-mode-768\" ><div class=\"mkdf-eh-item mkdf-horizontal-alignment-center\"  data-item-class=\"mkdf-eh-custom-593152\" data-1280-1600=\"55px 15%\" data-1024-1280=\"55px 15%\">\n\t<div class=\"mkdf-eh-item-inner\">\n\t\t<div class=\"mkdf-eh-item-content mkdf-eh-custom-593152\" style=\"padding: 55px 23%\">\n\t\t\t[vc_column_text]<\/p>\n<h3>Zv\u011bt\u0161en\u00ed prsou<\/h3>\n<p>[\/vc_column_text][vc_empty_space height=&#8221;70px&#8221;][vc_column_text]<\/p>\n<p style=\"text-align: center; margin-top: 10px;\"><a class=\"mkdf-btn mkdf-btn-medium mkdf-btn-outline\" style=\"color: #43d5cb; padding: 14px 30px; border: 1px solid #43d5cb; border-radius: 5px; font-weight: 300;\" href=\"\/zvetseni-prsou\/\" target=\"_blank\" rel=\"noopener\">V\u00edce info<\/a><\/p>\n<p>[\/vc_column_text]\t\t<\/div>\n\t<\/div>\n<\/div><\/div>[\/vc_column_inner][vc_column_inner css=&#8221;.vc_custom_1633799290063{border-bottom-width: 1px !important;padding-top: 0% !important;padding-right: 0% !important;padding-bottom: 0% !important;padding-left: 0% !important;border-bottom-color: #ededed !important;border-bottom-style: solid !important;}&#8221; offset=&#8221;vc_col-lg-3 vc_col-md-12 vc_col-xs-12&#8243;]<div class=\"mkdf-elements-holder mkdf-one-column mkdf-responsive-mode-768\" ><div class=\"mkdf-eh-item mkdf-horizontal-alignment-center\"  data-item-class=\"mkdf-eh-custom-116937\" data-1280-1600=\"55px 15%\" data-1024-1280=\"55px 15%\">\n\t<div class=\"mkdf-eh-item-inner\">\n\t\t<div class=\"mkdf-eh-item-content mkdf-eh-custom-116937\" style=\"padding: 55px 23%\">\n\t\t\t[vc_column_text]<\/p>\n<h3>Modelace prsou se zv\u011bt\u0161en\u00edm<\/h3>\n<p>[\/vc_column_text][vc_empty_space][vc_column_text]<\/p>\n<p style=\"text-align: center; margin-top: 10px;\"><a class=\"mkdf-btn mkdf-btn-medium mkdf-btn-outline\" style=\"color: #43d5cb; padding: 14px 30px; border: 1px solid #43d5cb; border-radius: 5px; font-weight: 300;\" href=\"\/modelace-prsou-se-zvetsenim\/\" target=\"_blank\" rel=\"noopener\">V\u00edce info<\/a><\/p>\n<p>[\/vc_column_text]\t\t<\/div>\n\t<\/div>\n<\/div><\/div>[\/vc_column_inner][\/vc_row_inner][vc_row_inner][vc_column_inner css=&#8221;.vc_custom_1633799297930{border-right-width: 1px !important;border-bottom-width: 0px !important;border-left-width: 1px !important;padding-top: 0% !important;padding-right: 0% !important;padding-bottom: 0% !important;padding-left: 0% !important;border-left-color: #ededed !important;border-left-style: solid !important;border-right-color: #ededed !important;border-right-style: solid !important;border-bottom-color: #ededed !important;border-bottom-style: solid !important;}&#8221; offset=&#8221;vc_col-lg-3 vc_col-md-12 vc_col-xs-12&#8243;]<div class=\"mkdf-elements-holder mkdf-one-column mkdf-responsive-mode-768\" ><div class=\"mkdf-eh-item mkdf-horizontal-alignment-center\"  data-item-class=\"mkdf-eh-custom-734633\" data-1280-1600=\"55px 15%\" data-1024-1280=\"55px 15%\">\n\t<div class=\"mkdf-eh-item-inner\">\n\t\t<div class=\"mkdf-eh-item-content mkdf-eh-custom-734633\" style=\"padding: 55px 23%\">\n\t\t\t[vc_column_text]<\/p>\n<h3>Modelace prsou<\/h3>\n<p>[\/vc_column_text][vc_empty_space][vc_column_text]<\/p>\n<p style=\"text-align: center; margin-top: 10px;\"><a class=\"mkdf-btn mkdf-btn-medium mkdf-btn-outline\" style=\"color: #43d5cb; padding: 14px 30px; border: 1px solid #43d5cb; border-radius: 5px; font-weight: 300;\" href=\"\/modelace-prsou\/\" target=\"_blank\" rel=\"noopener\">V\u00edce info<\/a><\/p>\n<p>[\/vc_column_text]\t\t<\/div>\n\t<\/div>\n<\/div><\/div>[\/vc_column_inner][vc_column_inner css=&#8221;.vc_custom_1633799308138{border-bottom-width: 0px !important;padding-top: 0% !important;padding-right: 0% !important;padding-bottom: 0% !important;padding-left: 0% !important;border-bottom-color: #ededed !important;border-bottom-style: solid !important;}&#8221; offset=&#8221;vc_col-lg-3 vc_col-md-12 vc_col-xs-12&#8243;]<div class=\"mkdf-elements-holder mkdf-one-column mkdf-responsive-mode-768\" ><div class=\"mkdf-eh-item mkdf-horizontal-alignment-center\"  data-item-class=\"mkdf-eh-custom-479017\" data-1280-1600=\"55px 15%\" data-1024-1280=\"55px 15%\">\n\t<div class=\"mkdf-eh-item-inner\">\n\t\t<div class=\"mkdf-eh-item-content mkdf-eh-custom-479017\" style=\"padding: 55px 23%\">\n\t\t\t[vc_column_text]<\/p>\n<h3>Abdominoplastika \u2013 plastick\u00e1 operace b\u0159icha<\/h3>\n<p>[\/vc_column_text][vc_empty_space][vc_column_text]<\/p>\n<p style=\"text-align: center; margin-top: 10px;\"><a class=\"mkdf-btn mkdf-btn-medium mkdf-btn-outline\" style=\"color: #43d5cb; padding: 14px 30px; border: 1px solid #43d5cb; border-radius: 5px; font-weight: 300;\" href=\"\/abdominoplastika-plasticka-operace-bricha\/\" target=\"_blank\" rel=\"noopener\">V\u00edce info<\/a><\/p>\n<p>[\/vc_column_text]\t\t<\/div>\n\t<\/div>\n<\/div><\/div>[\/vc_column_inner][\/vc_row_inner][\/vc_column][\/vc_row][vc_row][vc_column][vc_column_text]<\/p>\n<p>[\/vc_column_text][\/vc_column][\/vc_row]<\/p>\n","protected":false},"excerpt":{"rendered":"<p>[vc_row row_content_width=&#8221;grid&#8221; css=&#8221;.vc_custom_1632239210797{padding-top: 70px !important;}&#8221;][vc_column offset=&#8221;vc_col-lg-12&#8243; css=&#8221;.vc_custom_1632140768248{margin-top: -8px !important;}&#8221;][vc_empty_space height=&#8221;9px&#8221;][vc_column_text]Ztr\u00e1ta p\u016fvodn\u00edho tvaru prsu m\u016f\u017ee b\u00fdt zp\u016fsobena mnoha faktory &#8211; zm\u011bnami souvisej\u00edc\u00edmi s v\u011bkem, prudk\u00fdmi v\u00fdkyvy hmotnosti a tak\u00e9 t\u011bhotenstv\u00edm a kojen\u00edm. Pod vlivem v\u0161ech t\u011bchto faktor\u016f ztr\u00e1cej\u00ed k\u016f\u017ee a tk\u00e1n\u011b [&hellip;]<\/p>\n","protected":false},"author":1,"featured_media":0,"parent":0,"menu_order":0,"comment_status":"closed","ping_status":"closed","template":"full-width.php","meta":{"footnotes":""},"class_list":["post-15155","page","type-page","status-publish","hentry"],"acf":[],"_links":{"self":[{"href":"https:\/\/altos-klinika.cz\/en\/wp-json\/wp\/v2\/pages\/15155","targetHints":{"allow":["GET"]}}],"collection":[{"href":"https:\/\/altos-klinika.cz\/en\/wp-json\/wp\/v2\/pages"}],"about":[{"href":"https:\/\/altos-klinika.cz\/en\/wp-json\/wp\/v2\/types\/page"}],"author":[{"embeddable":true,"href":"https:\/\/altos-klinika.cz\/en\/wp-json\/wp\/v2\/users\/1"}],"replies":[{"embeddable":true,"href":"https:\/\/altos-klinika.cz\/en\/wp-json\/wp\/v2\/comments?post=15155"}],"version-history":[{"count":2,"href":"https:\/\/altos-klinika.cz\/en\/wp-json\/wp\/v2\/pages\/15155\/revisions"}],"predecessor-version":[{"id":16195,"href":"https:\/\/altos-klinika.cz\/en\/wp-json\/wp\/v2\/pages\/15155\/revisions\/16195"}],"wp:attachment":[{"href":"https:\/\/altos-klinika.cz\/en\/wp-json\/wp\/v2\/media?parent=15155"}],"curies":[{"name":"wp","href":"https:\/\/api.w.org\/{rel}","templated":true}]}}