{"id":15168,"date":"2021-10-09T22:14:00","date_gmt":"2021-10-09T22:14:00","guid":{"rendered":"https:\/\/altos-klinika.cz\/abdominoplastika-plasticka-operace-bricha\/"},"modified":"2022-04-26T08:51:13","modified_gmt":"2022-04-26T08:51:13","slug":"abdominoplastika-plasticka-operace-bricha","status":"publish","type":"page","link":"https:\/\/altos-klinika.cz\/en\/abdominoplastika-plasticka-operace-bricha\/","title":{"rendered":"Abdominoplastika \u2013 plastick\u00e1 operace b\u0159icha"},"content":{"rendered":"<p>[vc_row row_content_width=&#8221;grid&#8221; css=&#8221;.vc_custom_1632239210797{padding-top: 70px !important;}&#8221;][vc_column offset=&#8221;vc_col-lg-12&#8243; css=&#8221;.vc_custom_1632140768248{margin-top: -8px !important;}&#8221;]<div class=\"mkdf-section-title-holder mkdf-st-standard mkdf-st-title-left mkdf-st-normal-space \" style=\"text-align: center\">\n\t<div class=\"mkdf-st-inner\">\n\t\t\t\t\t<h1 class=\"mkdf-st-title\" >\n\t\t\t\tAbdominoplastika \u2013 plastick\u00e1 operace b\u0159icha\t\t\t<\/h1>\n\t\t\t\t\t<\/div>\n<\/div>[vc_empty_space height=&#8221;9px&#8221;][vc_column_text]<\/p>\n<h3><strong>Co je abdominoplastika a k \u010demu slou\u017e\u00ed?<\/strong><\/h3>\n<p>Abdominoplastika dopom\u016f\u017ee k vysn\u011bn\u00e9 postav\u011b tam, kde jin\u00e9 metody nesta\u010d\u00ed, ov\u0161em rozhodn\u011b ne\u0159e\u0161\u00ed probl\u00e9m obezity a nenahrazuje ani liposukci. Vzhled va\u0161eho b\u0159icha ovlivn\u00ed mnoho faktor\u016f, mezi nimi t\u011bhotenstv\u00ed, d\u011bdi\u010dn\u00e1 predispozice nebo n\u00e1hl\u00e9 zm\u011bny hmotnosti. V\u0161echno to m\u016f\u017ee p\u0159isp\u011bt k poklesu k\u016f\u017ee, vzniku stri\u00ed nebo hromad\u011bn\u00ed p\u0159ebyte\u010dn\u00fdch tukov\u00fdch pol\u0161t\u00e1\u0159k\u016f v t\u00e9to oblasti.<br \/>\nMnohdy ani spr\u00e1vn\u00e9 stravov\u00e1n\u00ed a cvi\u010den\u00ed nemusej\u00ed sta\u010dit a i p\u0159es ve\u0161ker\u00e9 \u00fasil\u00ed m\u016f\u017ee b\u0159icho vypadat nesoum\u011brn\u011b v\u016f\u010di ostatn\u00edm \u010d\u00e1stem t\u011bla. A tehdy je abdominoplastika vhodn\u00e1.<\/p>\n<h3>P\u0159ed z\u00e1krokem<\/h3>\n<p>D\u016fle\u017eit\u00e1 je v\u017edy konzultace. V p\u0159\u00edpad\u011b, \u017ee ji budete cht\u00edt podstoupit, operuj\u00edc\u00ed l\u00e9ka\u0159 ur\u010d\u00ed p\u0159esn\u00fd postup na z\u00e1klad\u011b stavu va\u0161\u00ed b\u0159i\u0161n\u00ed st\u011bny a s ve\u0161ker\u00fdmi podrobnostmi v\u00e1s sezn\u00e1m\u00ed, n\u00e1zorn\u011b v\u00e1m tak\u00e9 pr\u016fb\u011bh abdominoplastiky uk\u00e1\u017ee na videu. Je zcela nezbytn\u00e9, abyste se sezn\u00e1mili s podrobnostmi z\u00e1kroku i s jeho riziky.<\/p>\n<h3>Jak plastick\u00e1 operace b\u0159icha prob\u00edh\u00e1?<\/h3>\n<p>Abdominoplastika je chirurgick\u00fd postup, kter\u00fd zahrnuje odstran\u011bn\u00ed p\u0159ebyte\u010dn\u00e9ho tuku a ochabl\u00e9 k\u016f\u017ee na b\u0159i\u0161e a tak\u00e9 uta\u017een\u00ed b\u0159i\u0161n\u00edch sval\u016f. Operace \u010d\u00e1ste\u010dn\u00e1 \u010dili miniabdominoplastika p\u0159edpokl\u00e1d\u00e1 odstran\u011bn\u00ed povolen\u00e9 k\u016f\u017ee a p\u0159ebyte\u010dn\u00e9 tukov\u00e9 tk\u00e1n\u011b pouze v podb\u0159i\u0161ku, pod pupkem.<br \/>\nPlastika b\u0159icha m\u016f\u017ee b\u00fdt prov\u00e1d\u011bna samostatn\u011b, ale \u010dast\u011bji je prov\u00e1d\u011bna ve spojen\u00ed s liposukc\u00ed bok\u016f (bo\u010dn\u00ed \u010d\u00e1st b\u0159icha nebo zad), co\u017e n\u00e1m umo\u017en\u00ed dal\u0161\u00ed korekci tvar\u016f t\u011bla. Pacienti, kte\u0159\u00ed se rozhodli pro abdominoplastiku, musej\u00ed b\u00fdt zdrav\u00ed, nesm\u011bj\u00ed m\u00edt \u017e\u00e1dn\u00e9 kontraindikace pro tuto proceduru a \u017eeny nesm\u011bj\u00ed v nejbli\u017e\u0161\u00ed dob\u011b pl\u00e1novat t\u011bhotenstv\u00ed, v tomto obdob\u00ed se toti\u017e zna\u010dn\u011b m\u011bn\u00ed svalov\u00fd tonus.<br \/>\nOperace plastiky b\u0159icha se prov\u00e1d\u00ed v celkov\u00e9 anestezii. Jej\u00ed d\u00e9lka z\u00e1vis\u00ed na objemu tk\u00e1n\u00ed, kter\u00e9 vy\u017eaduj\u00ed odstran\u011bn\u00ed. Obvykle cel\u00fd z\u00e1krok trv\u00e1 v rozmez\u00ed \u010dty\u0159iceti minut a\u017e dvou hodin.<br \/>\nChirurg provede \u0159ez t\u011bsn\u011b nad stydkou oblast\u00ed, v m\u00edst\u011b, kde z\u016fst\u00e1v\u00e1 jizva a kter\u00e9 je obvykle skryto spodn\u00edm pr\u00e1dlem. Druh\u00fd \u0159ez je veden p\u0159\u00edmo kolem pupku, to proto, aby byl uvoln\u011bn od okoln\u00edch tk\u00e1n\u00ed. K\u016f\u017ee a tukov\u00e1 vrstva se odloupnou od b\u0159i\u0161n\u00ed st\u011bny a nadzvednou se, \u010d\u00edm\u017e z\u00edsk\u00e1 chirurg p\u0159\u00edstup ke svalov\u00e9 tk\u00e1ni. Svaly jsou uta\u017eeny k sob\u011b a fixov\u00e1ny v bli\u017e\u0161\u00ed poloze, kter\u00e1 bude slou\u017eit jako z\u00e1klad pro v\u00fdsledek operace, j\u00edm\u017e je ploch\u00e9 b\u0159icho a \u0161t\u00edhl\u00fd p\u00e1s.<br \/>\nJakmile jsou svaly uta\u017eeny, c\u00edp k\u016f\u017ee je ulo\u017een na m\u00edsto a p\u0159ebytek m\u011bkk\u00fdch tk\u00e1n\u00ed chirurg odstran\u00ed. Sou\u010dasn\u011b l\u00e9ka\u0159 p\u0159ipravuje nov\u00e9 m\u00edsto pro pupek. Pod \u0159ez jsou do b\u0159i\u0161n\u00ed dutiny zavedeny dren\u00e1\u017en\u00ed trubi\u010dky, kam odt\u00e9kaj\u00ed shroma\u017e\u010fuj\u00edc\u00ed se tekutiny. Jsou obvykle odstran\u011bny po n\u011bkolika dnech.<\/p>\n<h3>Po z\u00e1kroku<\/h3>\n<p>V dob\u011b rehabilitace v\u00e1m l\u00e9ka\u0159 doporu\u010d\u00ed speci\u00e1ln\u00ed kompresivn\u00ed od\u011bv, kter\u00fd zajist\u00ed pohodl\u00ed, sn\u00ed\u017e\u00ed otok a nep\u0159\u00edjemn\u00e9 pocity, a tak\u00e9 podep\u0159e b\u0159i\u0161n\u00ed svaly po operaci.<br \/>\nStehy a dren\u00e1\u017en\u00ed trubi\u010dky se standardn\u011b odstra\u0148uj\u00ed asi po uplynut\u00ed jednoho a\u017e dvou t\u00fddn\u016f. P\u0159ibli\u017en\u011b na 2\u20134 t\u00fddny je nutn\u00e1 pracovn\u00ed neschopnost. K pln\u00e9 fyzick\u00e9 z\u00e1t\u011b\u017ei se budete moci vr\u00e1tit asi za dva m\u011bs\u00edce.<br \/>\nStejn\u011b jako po jak\u00e9koli jin\u00e9 operaci mohou nastat v poopera\u010dn\u00edm obdob\u00ed bolesti, vzniknout otoky a mod\u0159iny, kter\u00e9 samy odezn\u00ed po n\u011bkolika dnech. Vznikl\u00e1 jizva \u010dasem vybledne a je prakticky neviditeln\u00e1. Jej\u00ed vzhled lze zlep\u0161it mas\u00e1\u017e\u00ed a tak\u00e9 vyu\u017eit\u00edm laseru.[\/vc_column_text][vc_empty_space][\/vc_column][\/vc_row][vc_row full_width=&#8221;stretch_row&#8221; css=&#8221;.vc_custom_1638118773359{background-color: rgba(78,109,204,0.07) !important;*background-color: rgb(78,109,204) !important;}&#8221; simple_background_color=&#8221;rgba(78,109,204,0.07)&#8221;][vc_column][vc_row_inner row_content_width=&#8221;grid&#8221;][vc_column_inner][vc_column_text]\n<div class=\"wpcf7 no-js\" id=\"wpcf7-f13223-o1\" lang=\"cs-CZ\" dir=\"ltr\" data-wpcf7-id=\"13223\">\n<div class=\"screen-reader-response\"><p role=\"status\" aria-live=\"polite\" aria-atomic=\"true\"><\/p> <ul><\/ul><\/div>\n<form action=\"\/en\/wp-json\/wp\/v2\/pages\/15168#wpcf7-f13223-o1\" method=\"post\" class=\"wpcf7-form init inline-form\" aria-label=\"Kontaktn\u00ed formul\u00e1\u0159\" novalidate=\"novalidate\" data-status=\"init\">\n<div style=\"display: none;\">\n<input type=\"hidden\" name=\"_wpcf7\" value=\"13223\" \/>\n<input type=\"hidden\" name=\"_wpcf7_version\" value=\"6.0.4\" \/>\n<input type=\"hidden\" name=\"_wpcf7_locale\" value=\"cs_CZ\" \/>\n<input type=\"hidden\" name=\"_wpcf7_unit_tag\" value=\"wpcf7-f13223-o1\" \/>\n<input type=\"hidden\" name=\"_wpcf7_container_post\" value=\"0\" \/>\n<input type=\"hidden\" name=\"_wpcf7_posted_data_hash\" value=\"\" \/>\n<input type=\"hidden\" name=\"_wpcf7_recaptcha_response\" value=\"\" \/>\n<\/div>\n<h2>Objednat se na z\u00e1krok\n<\/h2>\n<div class=\"jq-row jq-inline-form\">\n\t<div class=\"fields-col jq-row\">\n\t\t<div class=\"jq-col-33\">\n\t\t\t<p><span class=\"wpcf7-form-control-wrap\" data-name=\"your-name\"><input size=\"40\" maxlength=\"400\" class=\"wpcf7-form-control wpcf7-text wpcf7-validates-as-required\" aria-required=\"true\" aria-invalid=\"false\" placeholder=\"Jm\u00e9no a p\u0159\u00edjmen\u00ed\" value=\"\" type=\"text\" name=\"your-name\" \/><\/span>\n\t\t\t<\/p>\n\t\t<\/div>\n\t\t<div class=\"jq-col-33\">\n\t\t\t<p><span class=\"wpcf7-form-control-wrap\" data-name=\"your-email\"><input size=\"40\" maxlength=\"400\" class=\"wpcf7-form-control wpcf7-email wpcf7-validates-as-required wpcf7-text wpcf7-validates-as-email\" aria-required=\"true\" aria-invalid=\"false\" placeholder=\"Email\" value=\"\" type=\"email\" name=\"your-email\" \/><\/span>\n\t\t\t<\/p>\n\t\t<\/div>\n\t\t<div class=\"jq-col-33\">\n\t\t\t<p><span class=\"wpcf7-form-control-wrap\" data-name=\"your-tel\"><input size=\"40\" maxlength=\"400\" class=\"wpcf7-form-control wpcf7-tel wpcf7-text wpcf7-validates-as-tel\" aria-invalid=\"false\" placeholder=\"+420 *** *** ***\" value=\"\" type=\"tel\" name=\"your-tel\" \/><\/span>\n\t\t\t<\/p>\n\t\t<\/div>\n\t\t<div class=\"jq-col-100\">\n\t\t\t<p><span class=\"wpcf7-form-control-wrap\" data-name=\"acceptance\"><span class=\"wpcf7-form-control wpcf7-acceptance\"><span class=\"wpcf7-list-item\"><label><input type=\"checkbox\" name=\"acceptance\" value=\"1\" aria-invalid=\"false\" \/><span class=\"wpcf7-list-item-label\">Souhlas\u00edm se zpracov\u00e1n\u00edm <a href=\"https:\/\/altos-klinika.cz\/podminky\/\" target=\"_blank\">osobn\u00edch \u00fadaj\u016f<\/a><\/span><\/label><\/span><\/span><\/span>\n\t\t\t<\/p>\n\t\t<\/div>\n\t<\/div>\n\t<div class=\"button-col\">\n\t\t<p><input class=\"wpcf7-form-control wpcf7-submit has-spinner\" type=\"submit\" value=\"Odeslat\" \/><input type=\"hidden\" class=\"wpcf7-form-control wpcf7-hidden\" name=\"your-subject\" placeholder=\"\" value=\"\u0417\u0430\u043f\u0438\u0441\u044c \u043d\u0430 \u043f\u0440\u043e\u0446\u0435\u0434\u0443\u0440\u0443\" \/><input type=\"hidden\" class=\"wpcf7-form-control wpcf7-hidden\" name=\"hidden-443\" placeholder=\"\" value=\"Abdominoplastika \u2013 plastick\u00e1 operace b\u0159icha\" \/>\n\t\t<\/p>\n\t<\/div>\n<\/div><input type='hidden' class='wpcf7-pum' value='{\"closepopup\":false,\"closedelay\":5,\"openpopup\":false,\"openpopup_id\":13484}' \/><div class=\"wpcf7-response-output\" aria-hidden=\"true\"><\/div>\n<\/form>\n<\/div>\n[\/vc_column_text][\/vc_column_inner][\/vc_row_inner][\/vc_column][\/vc_row][vc_row][vc_column]<div class=\"mkdf-elements-holder mkdf-two-columns mkdf-responsive-mode-1024\" ><div class=\"mkdf-eh-item \"  data-item-class=\"mkdf-eh-custom-821420\">\n\t<div class=\"mkdf-eh-item-inner\">\n\t\t<div class=\"mkdf-eh-item-content mkdf-eh-custom-821420\" >\n\t\t\t<div class=\"mkdf-interactive-banner-holder mkdf-interactive-banner-align-center mkdf-interactive-banner-light-theme mkdf-interactive-banner-standard\" style=\"background-image: url(https:\/\/altos-klinika.cz\/wp-content\/uploads\/2021\/09\/69-1.png);padding: 15%\"><a itemprop=\"url\" class=\"mkdf-interactive-banner-cover-link\" href=\"\/plastika-dolnich-vicek\/\" target=\"_self\"><\/a><div class=\"mkdf-interactive-banner-initial\" style=\"\"><\/div><div class=\"mkdf-interactive-banner-overlay\" style=\"background-color: #435ba1\"><\/div><div class=\"mkdf-interactive-banner-inner-wrapper\">\n    <div class=\"mkdf-interactive-banner-content-holder\" >\n                    <div class=\"mkdf-interactive-banner-title-holder\">\n                <h3>\n                    Blefaroplastika (Plastika doln\u00edch v\u00ed\u010dek)                <\/h3>\n            <\/div>\n                        <div class=\"mkdf-interactive-banner-text-holder\">\n            <p>Blepharoplastika doln\u00edch v\u00ed\u010dek je ide\u00e1ln\u00edm \u0159e\u0161en\u00edm pokud v\u00e1s tr\u00e1p\u00ed p\u0159evisl\u00e1 v\u00ed\u010dka nebo vaky pod o\u010dima. Budete p\u016fsobit mnohem mlad\u0161\u00ed a m\u00e9n\u011b unaven\u00ed.<\/p>\n                                            <a itemprop=\"url\" href=\"\/plastika-dolnich-vicek\/\" target=\"_self\"  class=\"mkdf-btn mkdf-btn-medium mkdf-btn-solid mkdf-btn-solid-light mkdf-btn-icon\"  >    <span class=\"mkdf-btn-text\">V\u00edce info<\/span>    <span class=\"mkdf-btn-icon-holder\">        <span class=\"mkdf-btn-icon-normal\" ><i class=\"mkdf-icon-ion-icon ion-chevron-right \" ><\/i><\/span>        <span class=\"mkdf-btn-icon-flip\" ><i class=\"mkdf-icon-ion-icon ion-chevron-right \" ><\/i><\/span>    <\/span><\/a>                    <\/div>\n    <\/div>\n<\/div><\/div>\t\t<\/div>\n\t<\/div>\n<\/div><div class=\"mkdf-eh-item \"  data-item-class=\"mkdf-eh-custom-724890\">\n\t<div class=\"mkdf-eh-item-inner\">\n\t\t<div class=\"mkdf-eh-item-content mkdf-eh-custom-724890\" >\n\t\t\t<div class=\"mkdf-interactive-banner-holder mkdf-interactive-banner-align-center mkdf-interactive-banner-light-theme mkdf-interactive-banner-standard\" style=\"padding: 15%\"><a itemprop=\"url\" class=\"mkdf-interactive-banner-cover-link\" href=\"\/plastika-hornich-vicek\/\" target=\"_self\"><\/a><div class=\"mkdf-interactive-banner-initial\" style=\"background-color: #45d2ca\"><\/div><div class=\"mkdf-interactive-banner-overlay\" style=\"background-color: #6adcd6\"><\/div><div class=\"mkdf-interactive-banner-inner-wrapper\">\n    <div class=\"mkdf-interactive-banner-content-holder\" >\n                    <div class=\"mkdf-interactive-banner-title-holder\">\n                <h3>\n                    Blefaroplastika (Plastika horn\u00edch v\u00ed\u010dek)                <\/h3>\n            <\/div>\n                        <div class=\"mkdf-interactive-banner-text-holder\">\n            <p>Plastika horn\u00edho v\u00ed\u010dka zahrnuje p\u0159edev\u0161\u00edm odstran\u011bn\u00ed p\u0159ebyte\u010dn\u00e9 k\u016f\u017ee a svalov\u00e9 tk\u00e1n\u011b. Odstran\u011bn\u00ed ko\u017en\u00edch p\u0159evis\u016f z o\u010dn\u00edch v\u00ed\u010dek omlad\u00ed vzhled obli\u010deje a ubere v\u00e1m l\u00e9ta.<\/p>\n                                            <a itemprop=\"url\" href=\"\/plastika-hornich-vicek\/\" target=\"_self\"  class=\"mkdf-btn mkdf-btn-medium mkdf-btn-solid mkdf-btn-solid-light mkdf-btn-icon\"  >    <span class=\"mkdf-btn-text\">V\u00edce info<\/span>    <span class=\"mkdf-btn-icon-holder\">        <span class=\"mkdf-btn-icon-normal\" ><i class=\"mkdf-icon-ion-icon ion-chevron-right \" ><\/i><\/span>        <span class=\"mkdf-btn-icon-flip\" ><i class=\"mkdf-icon-ion-icon ion-chevron-right \" ><\/i><\/span>    <\/span><\/a>                    <\/div>\n    <\/div>\n<\/div><\/div>\t\t<\/div>\n\t<\/div>\n<\/div><\/div>[\/vc_column][\/vc_row][vc_row css=&#8221;.vc_custom_1633637592770{padding-top: 45px !important;padding-bottom: 25px !important;}&#8221;][vc_column][vc_row_inner][vc_column_inner css=&#8221;.vc_custom_1633799259929{border-right-width: 1px !important;border-bottom-width: 1px !important;border-left-width: 1px !important;padding-top: 0% !important;padding-right: 0% !important;padding-bottom: 0% !important;padding-left: 0% !important;border-left-color: #ededed !important;border-left-style: solid !important;border-right-color: #ededed !important;border-right-style: solid !important;border-bottom-color: #ededed !important;border-bottom-style: solid !important;}&#8221; offset=&#8221;vc_col-lg-3 vc_col-md-12 vc_col-xs-12&#8243;]<div class=\"mkdf-elements-holder mkdf-one-column mkdf-responsive-mode-768\" ><div class=\"mkdf-eh-item mkdf-horizontal-alignment-center\"  data-item-class=\"mkdf-eh-custom-865826\" data-1280-1600=\"55px 15%\" data-1024-1280=\"55px 15%\">\n\t<div class=\"mkdf-eh-item-inner\">\n\t\t<div class=\"mkdf-eh-item-content mkdf-eh-custom-865826\" style=\"padding: 55px 23%\">\n\t\t\t[vc_column_text]<\/p>\n<h3>Vypnut\u00ed obli\u010deje \u2013 facelifting<\/h3>\n<p>[\/vc_column_text][vc_empty_space][vc_column_text]<\/p>\n<p style=\"text-align: center; margin-top: 10px;\"><a class=\"mkdf-btn mkdf-btn-medium mkdf-btn-outline\" style=\"color: #43d5cb; padding: 14px 30px; border: 1px solid #43d5cb; border-radius: 5px; font-weight: 300;\" href=\"\/vypnuti-obliceje-facelifting\/\" target=\"_blank\" rel=\"noopener\">V\u00edce info<\/a><\/p>\n<p>[\/vc_column_text]\t\t<\/div>\n\t<\/div>\n<\/div><\/div>[\/vc_column_inner][vc_column_inner css=&#8221;.vc_custom_1645997173460{border-right-width: 1px !important;border-bottom-width: 1px !important;border-left-width: 0px !important;padding-top: 0% !important;padding-right: 0% !important;padding-bottom: 0% !important;padding-left: 0% !important;border-left-color: #ededed !important;border-left-style: solid !important;border-right-color: #ededed !important;border-right-style: solid !important;border-bottom-color: #ededed !important;border-bottom-style: solid !important;}&#8221; offset=&#8221;vc_col-lg-3 vc_col-md-12 vc_col-xs-12&#8243;]<div class=\"mkdf-elements-holder mkdf-one-column mkdf-responsive-mode-768\" ><div class=\"mkdf-eh-item mkdf-horizontal-alignment-center\"  data-item-class=\"mkdf-eh-custom-599488\" data-1280-1600=\"55px 15%\" data-1024-1280=\"55px 15%\">\n\t<div class=\"mkdf-eh-item-inner\">\n\t\t<div class=\"mkdf-eh-item-content mkdf-eh-custom-599488\" style=\"padding: 55px 23%\">\n\t\t\t[vc_column_text]<\/p>\n<h3>Vypnut\u00ed st\u0159edn\u00ed t\u0159etiny obli\u010deje<\/h3>\n<p>[\/vc_column_text][vc_empty_space][vc_column_text]<\/p>\n<p style=\"text-align: center; margin-top: 10px;\"><a class=\"mkdf-btn mkdf-btn-medium mkdf-btn-outline\" style=\"color: #43d5cb; padding: 14px 30px; border: 1px solid #43d5cb; border-radius: 5px; font-weight: 300;\" href=\"\/vypnuti-stredni-tretiny-obliceje\/\" target=\"_blank\" rel=\"noopener\">V\u00edce info<\/a><\/p>\n<p>[\/vc_column_text]\t\t<\/div>\n\t<\/div>\n<\/div><\/div>[\/vc_column_inner][vc_column_inner css=&#8221;.vc_custom_1645997216580{border-right-width: 1px !important;border-bottom-width: 1px !important;padding-top: 0% !important;padding-right: 0% !important;padding-bottom: 0% !important;padding-left: 0% !important;border-right-color: #ededed !important;border-right-style: solid !important;border-bottom-color: #ededed !important;border-bottom-style: solid !important;}&#8221; offset=&#8221;vc_col-lg-3 vc_col-md-12 vc_col-xs-12&#8243;]<div class=\"mkdf-elements-holder mkdf-one-column mkdf-responsive-mode-768\" ><div class=\"mkdf-eh-item mkdf-horizontal-alignment-center\"  data-item-class=\"mkdf-eh-custom-368090\" data-1280-1600=\"55px 15%\" data-1024-1280=\"55px 15%\">\n\t<div class=\"mkdf-eh-item-inner\">\n\t\t<div class=\"mkdf-eh-item-content mkdf-eh-custom-368090\" style=\"padding: 55px 23%\">\n\t\t\t[vc_column_text]<\/p>\n<h3>Zv\u011bt\u0161en\u00ed prsou<\/h3>\n<p>[\/vc_column_text][vc_empty_space height=&#8221;70px&#8221;][vc_column_text]<\/p>\n<p style=\"text-align: center; margin-top: 10px;\"><a class=\"mkdf-btn mkdf-btn-medium mkdf-btn-outline\" style=\"color: #43d5cb; padding: 14px 30px; border: 1px solid #43d5cb; border-radius: 5px; font-weight: 300;\" href=\"\/zvetseni-prsou\/\" target=\"_blank\" rel=\"noopener\">V\u00edce info<\/a><\/p>\n<p>[\/vc_column_text]\t\t<\/div>\n\t<\/div>\n<\/div><\/div>[\/vc_column_inner][vc_column_inner css=&#8221;.vc_custom_1633799290063{border-bottom-width: 1px !important;padding-top: 0% !important;padding-right: 0% !important;padding-bottom: 0% !important;padding-left: 0% !important;border-bottom-color: #ededed !important;border-bottom-style: solid !important;}&#8221; offset=&#8221;vc_col-lg-3 vc_col-md-12 vc_col-xs-12&#8243;]<div class=\"mkdf-elements-holder mkdf-one-column mkdf-responsive-mode-768\" ><div class=\"mkdf-eh-item mkdf-horizontal-alignment-center\"  data-item-class=\"mkdf-eh-custom-603514\" data-1280-1600=\"55px 15%\" data-1024-1280=\"55px 15%\">\n\t<div class=\"mkdf-eh-item-inner\">\n\t\t<div class=\"mkdf-eh-item-content mkdf-eh-custom-603514\" style=\"padding: 55px 23%\">\n\t\t\t[vc_column_text]<\/p>\n<h3>Modelace prsou se zv\u011bt\u0161en\u00edm<\/h3>\n<p>[\/vc_column_text][vc_empty_space][vc_column_text]<\/p>\n<p style=\"text-align: center; margin-top: 10px;\"><a class=\"mkdf-btn mkdf-btn-medium mkdf-btn-outline\" style=\"color: #43d5cb; padding: 14px 30px; border: 1px solid #43d5cb; border-radius: 5px; font-weight: 300;\" href=\"\/modelace-prsou-se-zvetsenim\/\" target=\"_blank\" rel=\"noopener\">V\u00edce info<\/a><\/p>\n<p>[\/vc_column_text]\t\t<\/div>\n\t<\/div>\n<\/div><\/div>[\/vc_column_inner][\/vc_row_inner][vc_row_inner][vc_column_inner css=&#8221;.vc_custom_1633799297930{border-right-width: 1px !important;border-bottom-width: 0px !important;border-left-width: 1px !important;padding-top: 0% !important;padding-right: 0% !important;padding-bottom: 0% !important;padding-left: 0% !important;border-left-color: #ededed !important;border-left-style: solid !important;border-right-color: #ededed !important;border-right-style: solid !important;border-bottom-color: #ededed !important;border-bottom-style: solid !important;}&#8221; offset=&#8221;vc_col-lg-3 vc_col-md-12 vc_col-xs-12&#8243;]<div class=\"mkdf-elements-holder mkdf-one-column mkdf-responsive-mode-768\" ><div class=\"mkdf-eh-item mkdf-horizontal-alignment-center\"  data-item-class=\"mkdf-eh-custom-792857\" data-1280-1600=\"55px 15%\" data-1024-1280=\"55px 15%\">\n\t<div class=\"mkdf-eh-item-inner\">\n\t\t<div class=\"mkdf-eh-item-content mkdf-eh-custom-792857\" style=\"padding: 55px 23%\">\n\t\t\t[vc_column_text]<\/p>\n<h3>Modelace prsou<\/h3>\n<p>[\/vc_column_text][vc_empty_space][vc_column_text]<\/p>\n<p style=\"text-align: center; margin-top: 10px;\"><a class=\"mkdf-btn mkdf-btn-medium mkdf-btn-outline\" style=\"color: #43d5cb; padding: 14px 30px; border: 1px solid #43d5cb; border-radius: 5px; font-weight: 300;\" href=\"\/modelace-prsou\/\" target=\"_blank\" rel=\"noopener\">V\u00edce info<\/a><\/p>\n<p>[\/vc_column_text]\t\t<\/div>\n\t<\/div>\n<\/div><\/div>[\/vc_column_inner][vc_column_inner css=&#8221;.vc_custom_1633799308138{border-bottom-width: 0px !important;padding-top: 0% !important;padding-right: 0% !important;padding-bottom: 0% !important;padding-left: 0% !important;border-bottom-color: #ededed !important;border-bottom-style: solid !important;}&#8221; offset=&#8221;vc_col-lg-3 vc_col-md-12 vc_col-xs-12&#8243;]<div class=\"mkdf-elements-holder mkdf-one-column mkdf-responsive-mode-768\" ><div class=\"mkdf-eh-item mkdf-horizontal-alignment-center\"  data-item-class=\"mkdf-eh-custom-404647\" data-1280-1600=\"55px 15%\" data-1024-1280=\"55px 15%\">\n\t<div class=\"mkdf-eh-item-inner\">\n\t\t<div class=\"mkdf-eh-item-content mkdf-eh-custom-404647\" style=\"padding: 55px 23%\">\n\t\t\t[vc_column_text]<\/p>\n<h3>Abdominoplastika \u2013 plastick\u00e1 operace b\u0159icha<\/h3>\n<p>[\/vc_column_text][vc_empty_space][vc_column_text]<\/p>\n<p style=\"text-align: center; margin-top: 10px;\"><a class=\"mkdf-btn mkdf-btn-medium mkdf-btn-outline\" style=\"color: #43d5cb; padding: 14px 30px; border: 1px solid #43d5cb; border-radius: 5px; font-weight: 300;\" href=\"\/abdominoplastika-plasticka-operace-bricha\/\" target=\"_blank\" rel=\"noopener\">V\u00edce info<\/a><\/p>\n<p>[\/vc_column_text]\t\t<\/div>\n\t<\/div>\n<\/div><\/div>[\/vc_column_inner][\/vc_row_inner][\/vc_column][\/vc_row]<\/p>\n","protected":false},"excerpt":{"rendered":"<p>[vc_row row_content_width=&#8221;grid&#8221; css=&#8221;.vc_custom_1632239210797{padding-top: 70px !important;}&#8221;][vc_column offset=&#8221;vc_col-lg-12&#8243; css=&#8221;.vc_custom_1632140768248{margin-top: -8px !important;}&#8221;][vc_empty_space height=&#8221;9px&#8221;][vc_column_text] Co je abdominoplastika a k \u010demu slou\u017e\u00ed? Abdominoplastika dopom\u016f\u017ee k vysn\u011bn\u00e9 postav\u011b tam, kde jin\u00e9 metody nesta\u010d\u00ed, ov\u0161em rozhodn\u011b ne\u0159e\u0161\u00ed probl\u00e9m obezity a nenahrazuje ani liposukci. Vzhled va\u0161eho b\u0159icha ovlivn\u00ed [&hellip;]<\/p>\n","protected":false},"author":1,"featured_media":0,"parent":0,"menu_order":0,"comment_status":"closed","ping_status":"closed","template":"full-width.php","meta":{"footnotes":""},"class_list":["post-15168","page","type-page","status-publish","hentry"],"acf":[],"_links":{"self":[{"href":"https:\/\/altos-klinika.cz\/en\/wp-json\/wp\/v2\/pages\/15168","targetHints":{"allow":["GET"]}}],"collection":[{"href":"https:\/\/altos-klinika.cz\/en\/wp-json\/wp\/v2\/pages"}],"about":[{"href":"https:\/\/altos-klinika.cz\/en\/wp-json\/wp\/v2\/types\/page"}],"author":[{"embeddable":true,"href":"https:\/\/altos-klinika.cz\/en\/wp-json\/wp\/v2\/users\/1"}],"replies":[{"embeddable":true,"href":"https:\/\/altos-klinika.cz\/en\/wp-json\/wp\/v2\/comments?post=15168"}],"version-history":[{"count":3,"href":"https:\/\/altos-klinika.cz\/en\/wp-json\/wp\/v2\/pages\/15168\/revisions"}],"predecessor-version":[{"id":16205,"href":"https:\/\/altos-klinika.cz\/en\/wp-json\/wp\/v2\/pages\/15168\/revisions\/16205"}],"wp:attachment":[{"href":"https:\/\/altos-klinika.cz\/en\/wp-json\/wp\/v2\/media?parent=15168"}],"curies":[{"name":"wp","href":"https:\/\/api.w.org\/{rel}","templated":true}]}}