{"id":15450,"date":"2022-02-21T20:45:04","date_gmt":"2022-02-21T20:45:04","guid":{"rendered":"https:\/\/altos-klinika.cz\/ochrana-osobnich-udaju-na-klinice-altos\/"},"modified":"2023-03-20T12:18:21","modified_gmt":"2023-03-20T12:18:21","slug":"ochrana-osobnich-udaju-na-klinice-altos","status":"publish","type":"page","link":"https:\/\/altos-klinika.cz\/en\/ochrana-osobnich-udaju-na-klinice-altos\/","title":{"rendered":"Ochrana osobn\u00edch \u00fadaj\u016f na klinice Altos"},"content":{"rendered":"<p>[vc_row][vc_column][vc_column_text]<\/p>\n<h1 style=\"font-size: 28px;\">Podm\u00ednky ochrany osobn\u00edch \u00fadaj\u016f na klinice Altos<\/h1>\n<p><strong>Osobn\u00ed \u00fadaje Va\u0161e i Va\u0161ich bl\u00edzk\u00fdch jsou u n\u00e1s v bezpe\u010d\u00ed, chr\u00e1n\u00edme soukrom\u00ed ve\u0161ker\u00fdch dat, ke kter\u00fdm m\u00e1me p\u0159\u00edstup a informac\u00ed, kter\u00e9 n\u00e1m sv\u011b\u0159ujete.<\/strong><br \/>\n<strong>Poskytovatelem<\/strong> slu\u017eeb je spole\u010dnost Laserov\u00e1 dermatologick\u00e1 klinika s.r.o., se s\u00eddlem Ly\u010dkovo n\u00e1m\u011bst\u00ed 508\/7, 186 00, Praha-Karl\u00edn, I\u010c: 281 92 257 (d\u00e1le jen \u201e<strong>Poskytovatel<\/strong>\u201c).<br \/>\n<strong>U\u017eivatelem<\/strong> je jak\u00e1koliv pr\u00e1vnick\u00e1 nebo fyzick\u00e1 osoba, kter\u00e1 zad\u00e1 Poskytovateli p\u00edsemn\u011b \u010di slovn\u011b zak\u00e1zku, objedn\u00e1vku. U\u017eivateli bude p\u0159ed zah\u00e1jen\u00edm pln\u011bn\u00ed zak\u00e1zky odesl\u00e1n e-mailem odkaz na tyto Podm\u00ednky ochrany osobn\u00edch \u00fadaj\u016f, jejich\u017e sou\u010d\u00e1st\u00ed je i Zpracovatelsk\u00e1 smlouva (viz n\u00ed\u017ee).<\/p>\n<h3>I. Ochrana osobn\u00edch \u00fadaj\u016f<\/h3>\n<p>1.1. Zad\u00e1n\u00edm zak\u00e1zky, popt\u00e1vky \u010di objedn\u00e1vky na dod\u00e1vku slu\u017eeb, potvrzuje u\u017eivatel, \u017ee je srozum\u011bn s podm\u00ednkami ochrany osobn\u00edch \u00fadaj\u016f, \u017ee vyjad\u0159uje sv\u016fj souhlas s jejich zn\u011bn\u00edm, a \u017ee je v cel\u00e9m rozsahu akceptuje.<\/p>\n<p>1.2. Poskytovatel je <strong>spr\u00e1vcem<\/strong> osobn\u00edch \u00fadaj\u016f u\u017eivatel\u016f podle \u010dl. 4 bod 7) na\u0159\u00edzen\u00ed Evropsk\u00e9ho parlamentu a Rady (EU) 2016\/679 o ochran\u011b fyzick\u00fdch osob v souvislosti se zpracov\u00e1n\u00edm osobn\u00edch \u00fadaj\u016f a o voln\u00e9m pohybu t\u011bchto \u00fadaj\u016f a o zru\u0161en\u00ed sm\u011brnice 95\/46\/ES (obecn\u00e9 na\u0159\u00edzen\u00ed o ochran\u011b osobn\u00edch \u00fadaj\u016f) \u2013 (d\u00e1le jen: \u201c<strong>GDPR<\/strong>\u201d). Poskytovatel se zavazuje zpracov\u00e1vat osobn\u00ed \u00fadaje v souladu s pr\u00e1vn\u00edmi p\u0159edpisy, zejm. GDPR.<\/p>\n<p>1.3. Osobn\u00edmi \u00fadaji jsou ve\u0161ker\u00e9 informace o identifikovan\u00e9 nebo identifikovateln\u00e9 fyzick\u00e9 osob\u011b; identifikovatelnou fyzickou osobou je fyzick\u00e1 osoba, kterou lze p\u0159\u00edmo \u010di nep\u0159\u00edmo identifikovat, zejm\u00e9na odkazem na ur\u010dit\u00fd identifik\u00e1tor, nap\u0159\u00edklad jm\u00e9no, identifika\u010dn\u00ed \u010d\u00edslo, loka\u010dn\u00ed \u00fadaje, s\u00ed\u0165ov\u00fd identifik\u00e1tor nebo na jeden \u010di v\u00edce zvl\u00e1\u0161tn\u00edch prvk\u016f fyzick\u00e9, fyziologick\u00e9, genetick\u00e9, psychick\u00e9, ekonomick\u00e9, kulturn\u00ed nebo spole\u010densk\u00e9 identity t\u00e9to fyzick\u00e9 osoby. Zpracov\u00e1vat budeme v\u0161echny osobn\u00ed data poskytnut\u00e1 pacientem pro pot\u0159eby kliniky, v r\u00e1mci veden\u00ed zdravotnick\u00e9 dokumentace, \u010di zas\u00edl\u00e1n\u00ed obchodn\u00edch sd\u011blen\u00ed. Jedn\u00e1 se zejm\u00e9na o <strong>kontaktn\u00ed \u00fadaje (jm\u00e9no, p\u0159\u00edjmen\u00ed, adresa, e-mail, telefonn\u00ed \u010d\u00edslo)<\/strong>, dle pot\u0159eby a obchodn\u00edho vztahu pak \u00fa\u010detn\u00ed a platebn\u00ed \u00fadaje (I\u010cO, DI\u010c, \u010d\u00edslo platebn\u00ed karty, \u010d\u00edslo \u00fa\u010dtu). Jedn\u00e1 se v\u017edy o \u00fadaje, kter\u00e9 jsou nezbytn\u00e9 k bezchybn\u00e9mu poskytov\u00e1n\u00ed na\u0161ich slu\u017eeb. V\u0161echna data jsou zpracov\u00e1v\u00e1na po dobu trv\u00e1n\u00ed smluvn\u00edho vztahu a n\u00e1sledn\u011b jsou archivov\u00e1na po dobu 10 let od jej\u00edho skon\u010den\u00ed.<\/p>\n<p>1.4. P\u0159i objedn\u00e1vce jsou vy\u017eadov\u00e1ny osobn\u00ed \u00fadaje, kter\u00e9 jsou nutn\u00e9 pro \u00fasp\u011b\u0161n\u00e9 vy\u0159\u00edzen\u00ed objedn\u00e1vky (jm\u00e9no a adresa, kontakt, email, telefon). \u00da\u010delem zpracov\u00e1n\u00ed osobn\u00edch \u00fadaj\u016f je vy\u0159\u00edzen\u00ed objedn\u00e1vky u\u017eivatele a v\u00fdkon pr\u00e1v a povinnost\u00ed vypl\u00fdvaj\u00edc\u00edch ze smluvn\u00edho vztahu mezi Poskytovatelem a U\u017eivatelem. <strong>\u00da\u010delem<\/strong> zpracov\u00e1n\u00ed osobn\u00edch \u00fadaj\u016f je d\u00e1le zas\u00edl\u00e1n\u00ed obchodn\u00edch sd\u011blen\u00ed a \u010din\u011bn\u00ed dal\u0161\u00edch marketingov\u00fdch aktivit. <strong>Z\u00e1konn\u00fdm d\u016fvodem<\/strong> pro zpracov\u00e1n\u00ed osobn\u00edch \u00fadaj\u016f je <strong>pln\u011bn\u00ed smlouvy<\/strong> dle \u010dl. 6 odst. 1 p\u00edsm. b) GDPR, <strong>pln\u011bn\u00ed pr\u00e1vn\u00ed povinnosti<\/strong> spr\u00e1vce dle \u010dl. 6 odst. 1 p\u00edsm. c) GDPR a <strong>opr\u00e1vn\u011bn\u00fd z\u00e1jem Poskytovatele<\/strong> dle \u010dl. 6 odst. 1 p\u00edsm. f) GDPR. Opr\u00e1vn\u011bn\u00fdm z\u00e1jmem Poskytovatele je zpracov\u00e1n\u00ed osobn\u00edch \u00fadaj\u016f pro \u00fa\u010dely p\u0159\u00edm\u00e9ho marketingu.<\/p>\n<p>1.5. Poskytovatel pro pln\u011bn\u00ed licen\u010dn\u00ed smlouvy pou\u017e\u00edv\u00e1 slu\u017eeb subdodavatel\u016f, zejm\u00e9na poskytovatele mailingov\u00fdch slu\u017eeb (osobn\u00ed \u00fadaje jsou ukl\u00e1d\u00e1ny v 3. zem\u00edch) a poskytovatele webhostingu. Subdodavatel\u00e9 jsou prov\u011b\u0159eni z hlediska bezpe\u010dn\u00e9ho zpracov\u00e1n\u00ed osobn\u00edch \u00fadaj\u016f. Poskytovatel a subdodavatel\u00e9 uzav\u0159eli smlouvu o zpracov\u00e1n\u00ed osobn\u00edch \u00fadaj\u016f, dle kter\u00e9 subdodavatel odpov\u00edd\u00e1 za \u0159\u00e1dn\u011b zabezpe\u010den\u00ed fyzick\u00e9ho, hardwarov\u00e9ho i softwarov\u00e9ho perimetru, a tedy nese v\u016f\u010di u\u017eivateli p\u0159\u00edmou odpov\u011bdnost za jak\u00fdkoli \u00fanik \u010di naru\u0161en\u00ed osobn\u00edch \u00fadaj\u016f.<\/p>\n<p>1.6. Poskytovatel ukl\u00e1d\u00e1 osobn\u00ed \u00fadaje u\u017eivatele po dobu nezbytnou k v\u00fdkonu pr\u00e1v a povinnost\u00ed vypl\u00fdvaj\u00edc\u00edch ze smluvn\u00edho vztahu mezi poskytovatelem a u\u017eivatelem a uplat\u0148ov\u00e1n\u00ed n\u00e1rok\u016f z t\u011bchto smluvn\u00edch vztah\u016f (po dobu 15 let od ukon\u010den\u00ed smluvn\u00edho vztahu). Po jej\u00edm uplynut\u00ed budou \u00fadaje vymaz\u00e1ny.<\/p>\n<p>1.7. U\u017eivatel m\u00e1 pr\u00e1vo po\u017eadovat od poskytovatele p\u0159\u00edstup ke sv\u00fdm osobn\u00edm \u00fadaj\u016fm dle \u010dl. 15 GDPR, opravu osobn\u00edch \u00fadaj\u016f dle \u010dl. 16 GDPR, pop\u0159\u00edpad\u011b omezen\u00ed zpracov\u00e1n\u00ed dle \u010dl. 18 GDPR. U\u017eivatel m\u00e1 pr\u00e1vo na v\u00fdmaz osobn\u00edch \u00fadaj\u016f dle \u010dl. 17 odst. 1 p\u00edsm. a), a c) a\u017e f) GDPR. D\u00e1le m\u00e1 u\u017eivatel pr\u00e1vo vzn\u00e9st n\u00e1mitku proti zpracov\u00e1n\u00ed dle \u010dl. 21 GDPR a pr\u00e1vo na p\u0159enositelnost \u00fadaj\u016f dle \u010dl. 20 GDPR.<\/p>\n<p>1.8. U\u017eivatel m\u00e1 pr\u00e1vo podat st\u00ed\u017enost u \u00da\u0159adu pro ochranu osobn\u00edch \u00fadaj\u016f v p\u0159\u00edpad\u011b, \u017ee se domn\u00edv\u00e1, \u017ee bylo poru\u0161eno jeho pr\u00e1vo na ochranu osobn\u00edch \u00fadaj\u016f.<\/p>\n<p>1.9. U\u017eivatel nem\u00e1 povinnost osobn\u00ed \u00fadaje poskytnout. Poskytnut\u00ed osobn\u00edch \u00fadaj\u016f je v\u0161ak nutn\u00fdm po\u017eadavkem pro uzav\u0159en\u00ed a pln\u011bn\u00ed smlouvy a bez poskytnut\u00ed osobn\u00edch \u00fadaj\u016f nen\u00ed mo\u017en\u00e9 smlouvu uzav\u0159\u00edt \u010di j\u00ed ze strany poskytovatele plnit.<\/p>\n<p>1.10. Ze strany Poskytovatele nedoch\u00e1z\u00ed k automatick\u00e9mu individu\u00e1ln\u00edmu rozhodov\u00e1n\u00ed ve smyslu \u010d. 22 GDPR.<\/p>\n<p>1.11. Z\u00e1jemce o vyu\u017e\u00edv\u00e1n\u00ed slu\u017eeb Poskytovatele zad\u00e1n\u00edm zak\u00e1zky:<\/p>\n<p>1. souhlas\u00ed s pou\u017eit\u00edm sv\u00fdch osobn\u00edch \u00fadaj\u016f pro \u00fa\u010dely elektronick\u00e9ho zas\u00edl\u00e1n\u00ed obchodn\u00edch sd\u011blen\u00ed, reklamn\u00edch materi\u00e1l\u016f, p\u0159\u00edm\u00e9ho prodeje, pr\u016fzkum\u016f trhu a p\u0159\u00edm\u00fdch nab\u00eddek produkt\u016f ze strany Poskytovatele a t\u0159et\u00edch subjekt\u016f, ne v\u0161ak \u010dast\u011bji, ne\u017e 1x t\u00fddn\u011b, a z\u00e1rove\u0148<br \/>\n2. prohla\u0161uje, \u017ee zas\u00edl\u00e1n\u00ed informac\u00ed dle bodu 1.11.1 nepova\u017euje za nevy\u017e\u00e1danou reklamu ve smyslu z\u00e1k. \u010d. 40\/1995 Sb. ve zn\u011bn\u00ed novel, nebo\u0165 u\u017eivatel se zas\u00edl\u00e1m informac\u00ed dle bodu 1.11.1 ve spojen\u00ed s \u00a7 7 z\u00e1k. \u010d. 480\/2004 Sb. v\u00fdslovn\u011b souhlas\u00ed.<br \/>\n3. Souhlas dle tohoto odstavce m\u016f\u017ee u\u017eivatel kdykoli p\u00edsemn\u011b odvolat na info@altos-klinika.cz.<\/p>\n<p>1.12. Poskytovatel pou\u017e\u00edv\u00e1 v r\u00e1mci zvy\u0161ov\u00e1n\u00ed kvality slu\u017eeb, personalizace nab\u00eddky, sb\u011bru anonymn\u00edch dat a pro analytick\u00e9 \u00fa\u010dely ve sv\u00e9 prezentaci tzv. soubory cookie. Pou\u017e\u00edv\u00e1n\u00edm webu U\u017eivatel souhlas\u00ed s pou\u017eit\u00edm zm\u00edn\u011bn\u00e9 technologie.<\/p>\n<h3>II. Pr\u00e1va a povinnosti mezi spr\u00e1vcem a zpracovatelem (zpracovatelsk\u00e1 smlouva)<\/h3>\n<p>2.1. Poskytovatel je ve vztahu k osobn\u00edm \u00fadaj\u016fm klient\u016f u\u017eivatel\u016f zpracovatelem dle \u010dl. 28 GDPR. U\u017eivatel je <strong>spr\u00e1vcem<\/strong> t\u011bchto \u00fadaj\u016f.<\/p>\n<p>2.2. Tyto podm\u00ednky upravuj\u00ed vz\u00e1jemn\u00e1 pr\u00e1va a povinnosti p\u0159i zpracov\u00e1n\u00ed osobn\u00edch \u00fadaj\u016f, ke kter\u00fdm Poskytovatel z\u00edskal p\u0159\u00edstup v r\u00e1mci pln\u011bn\u00ed smlouvy uzav\u0159en\u00e9 formou odsouhlasen\u00ed v\u0161eobecn\u00fdch obchodn\u00edch podm\u00ednek na www.altos-klinika.cz (d\u00e1le jen \u201e<strong>smlouva<\/strong>\u201c) uzav\u0159en\u00e9 s U\u017eivatelem ke dni zah\u00e1jen\u00ed pln\u011bn\u00ed zak\u00e1zky.<\/p>\n<p>2.3. Poskytovatel se zavazuje pro U\u017eivatele zpracov\u00e1vat osobn\u00ed \u00fadaje v rozsahu a za \u00fa\u010delem stanoven\u00fdmi v \u010dl. 2.4 &#8211; 2.7 t\u011bchto podm\u00ednek. Prost\u0159edky zpracov\u00e1n\u00ed budou automatizovan\u00e9. Poskytovatel bude v r\u00e1mci zpracov\u00e1n\u00ed osobn\u00ed \u00fadaje shroma\u017e\u010fovat, ukl\u00e1dat na nosi\u010de informac\u00ed, uchov\u00e1vat, blokovat a likvidovat. Poskytovatel nen\u00ed opr\u00e1vn\u011bn osobn\u00ed \u00fadaje zpracov\u00e1vat v rozporu nebo nad r\u00e1mec stanoven\u00fd t\u011bmito podm\u00ednkami.<\/p>\n<p>2.4. Poskytovatel se zavazuje pro u\u017eivatele zpracov\u00e1vat <strong>osobn\u00ed \u00fadaje v tomto rozsahu<\/strong>:<\/p>\n<p>1. b\u011b\u017en\u00e9 osobn\u00ed \u00fadaje,<br \/>\n2. zvl\u00e1\u0161tn\u00ed kategorie \u00fadaj\u016f podle \u010dl. 9 GDPR,<br \/>\nkter\u00e9 U\u017eivatel z\u00edskal v souvislosti s vlastn\u00ed obchodn\u00ed \u010dinnost\u00ed.<\/p>\n<p>2.5. Poskytovatel se zavazuje pro u\u017eivatele zpracov\u00e1vat <strong>osobn\u00ed \u00fadaje za \u00fa\u010delem<\/strong> poskytov\u00e1n\u00ed slu\u017eeb online marketingu, konzultac\u00ed a spr\u00e1vy\/tvorby webov\u00fdch str\u00e1nek\/e-shopu formou dle p\u0159edem dohodnut\u00fdch zak\u00e1zek.<\/p>\n<p>2.6. Osobn\u00ed \u00fadaje je mo\u017en\u00e9 zpracov\u00e1vat pouze na pracovi\u0161t\u00edch Poskytovatele nebo jeho subdodavatelu\u030a podle \u010dl. 2.8 t\u011bchto podm\u00ednek, a to na \u00fazem\u00ed Evropsk\u00e9 unie.<\/p>\n<p>2.7. Poskytovatel se zavazuje pro U\u017eivatele zpracov\u00e1vat osobn\u00ed \u00fadaje klient\u016f U\u017eivatele, to v\u0161e po dobu nezbytnou k v\u00fdkonu pr\u00e1v a povinnost\u00ed vypl\u00fdvaj\u00edc\u00edch ze smluvn\u00edho vztahu mezi Poskytovatelem a U\u017eivatelem a z uplat\u0148ov\u00e1n\u00ed n\u00e1rok\u016f z t\u011bchto smluvn\u00edch vztah\u016f (po dobu 15 let od ukon\u010den\u00ed smluvn\u00edho vztahu \u2013 posledn\u00ed sjednan\u00e9 zak\u00e1zky).<\/p>\n<p>2.8. U\u017eivatel ud\u011bluje povolen\u00ed se zapojen\u00edm subdodavatel\u016f jako\u017eto dal\u0161\u00edch zpracovatel\u016f podle \u010dl. 28 odst. 2 GDPR. U\u017eivatel d\u00e1le ud\u011bluje Poskytovateli obecn\u00e9 povolen\u00ed zapojit do zpracov\u00e1n\u00ed dal\u0161\u00edho zpracovatele osobn\u00edch \u00fadaj\u016f, Poskytovatel v\u0161ak mus\u00ed u\u017eivatele p\u00edsemne\u030c informovat o v\u0161ech zam\u00fd\u0161len\u00fdch zme\u030cn\u00e1ch, t\u00fdkaj\u00edc\u00edch se pr\u030cijet\u00ed dal\u0161\u00edch zpracovatelu\u030a, nebo jejich nahrazen\u00ed, a poskytnout u\u017eivateli mo\u017enost vyslovit vu\u030ac\u030ci te\u030cmto zme\u030cn\u00e1m n\u00e1mitky. Poskytovatel mus\u00ed ulo\u017eit sv\u00fdm subdodavatelu\u030am v postaven\u00ed zpracovatele osobn\u00edch \u00fadaju\u030a stejn\u00e9 povinnosti na ochranu osobn\u00edch \u00fadaju\u030a, jak jsou stanoveny v t\u011bchto podm\u00ednk\u00e1ch.<\/p>\n<p>2.9. Poskytovatel se zavazuje, \u017ee zpracov\u00e1v\u00e1n\u00ed osobn\u00edch \u00fadaju\u030a bude zabezpec\u030ceno zejm\u00e9na n\u00e1sleduj\u00edc\u00edm zpu\u030asobem:<\/p>\n<p>1. Osobn\u00ed \u00fadaje jsou zpracov\u00e1v\u00e1ny v souladu s pr\u00e1vn\u00edmi p\u0159edpisy a na z\u00e1klad\u011b pokyn\u016f U\u017eivatele, tj. pro v\u00fdkon ve\u0161ker\u00fdch \u010dinnost\u00ed pot\u0159ebn\u00fdch pro poskytov\u00e1n\u00ed slu\u017eeb online marketingu, konzultac\u00ed a spr\u00e1vy\/tvorby webov\u00fdch str\u00e1nek \u010di e-shopu formou dle p\u0159edem dohodnut\u00fdch zak\u00e1zek.<br \/>\n2. Poskytovatel se zavazuje, \u017ee technicky a organizac\u030cne\u030c zabezpec\u030c\u00ed ochranu zpracov\u00e1van\u00fdch osobn\u00edch \u00fadaju\u030a tak, aby nemohlo doj\u00edt k neopr\u00e1vne\u030cn\u00e9mu nebo nahodil\u00e9mu pr\u030c\u00edstupu k \u00fadaju\u030am, k jejich zme\u030cne\u030c, znic\u030cen\u00ed c\u030ci ztr\u00e1te\u030c, neopr\u00e1vne\u030cn\u00fdm pr\u030cenosu\u030am, k jejich jin\u00e9mu neopr\u00e1vne\u030cn\u00e9mu zpracov\u00e1n\u00ed, jako\u017e i k jin\u00e9mu zneu\u017eit\u00ed a aby byly person\u00e1lne\u030c a organizac\u030cne\u030c nepr\u030cetr\u017eite\u030c po dobu zpracov\u00e1v\u00e1n\u00ed \u00fadaju\u030a zabezpec\u030ceny ve\u0161ker\u00e9 povinnosti zpracovatele osobn\u00edch \u00fadaju\u030a, vypl\u00fdvaj\u00edc\u00ed z pr\u00e1vn\u00edch pr\u030cedpisu\u030a.<br \/>\n3. P\u0159ijat\u00e1 technick\u00e1 a organiza\u010dn\u00ed opat\u0159en\u00ed odpov\u00eddaj\u00ed m\u00ed\u0159e rizika. Poskytovatel pomoc\u00ed nich zaji\u0161\u0165uje neust\u00e1lou d\u016fv\u011brnost, integritu, dostupnost a odolnost syst\u00e9m\u016f a slu\u017eeb zpracov\u00e1n\u00ed, a v\u010das obnovuje dostupnost osobn\u00edch \u00fadaj\u016f a p\u0159\u00edstup k nim v p\u0159\u00edpad\u011b fyzick\u00fdch \u010di technick\u00fdch incident\u016f.<br \/>\n4. Poskytovatel t\u00edmto prohla\u0161uje, \u017ee ochrana osobn\u00edch \u00fadaju\u030a podl\u00e9h\u00e1 intern\u00edm bezpec\u030cnostn\u00edm pr\u030cedpisu\u030am Poskytovatele.<br \/>\n5. K osobn\u00edm \u00fadaju\u030am budou m\u00edt pr\u030c\u00edstup pouze opr\u00e1vne\u030cn\u00e9 osoby Poskytovatele a subdodavatel\u016f dle \u010dl. 2.8 t\u011bchto podm\u00ednek, kter\u00e9 budou m\u00edt Poskytovatelem stanoveny podm\u00ednky a rozsah zpracov\u00e1n\u00ed \u00fadaju\u030a a ka\u017ed\u00e1 takov\u00e1 osoba bude pr\u030cistupovat k osobn\u00edm \u00fadaj\u016fm pod sv\u00fdm jednoznac\u030cn\u00fdm identifik\u00e1torem.<br \/>\n6. Opr\u00e1vne\u030cn\u00e9 osoby Poskytovatele, kter\u00e9 zpracov\u00e1vaj\u00ed osobn\u00ed \u00fadaje podle t\u011bchto podm\u00ednek, jsou povinny zachov\u00e1vat mlc\u030cenlivost o osobn\u00edch \u00fadaj\u00edch a o bezpec\u030cnostn\u00edch opatr\u030cen\u00edch, jejich\u017e zver\u030cejne\u030cn\u00ed by ohrozilo jejich zabezpec\u030cen\u00ed. Poskytovatel zajist\u00ed jejich prokazateln\u00e9 zav\u00e1z\u00e1n\u00ed k t\u00e9to povinnosti. Poskytovatel zajist\u00ed, \u017ee tato povinnost pro Poskytovatele i opr\u00e1vne\u030cn\u00e9 osoby bude trvat i po skonc\u030cen\u00ed pracovne\u030cpr\u00e1vn\u00edho nebo jin\u00e9ho vztahu k Poskytovateli.<br \/>\n7. Poskytovatel bude u\u017eivateli n\u00e1pomocen prost\u0159ednictv\u00edm vhodn\u00fdch technick\u00fdch a organiza\u010dn\u00edch opat\u0159en\u00ed, pokud je to mo\u017en\u00e9, pro spln\u011bn\u00ed u\u017eivatelovy povinnosti reagovat na \u017e\u00e1dosti o v\u00fdkon pr\u00e1v subjektu \u00fadaj\u016f stanoven\u00fdch v GDPR; stejn\u011b tak p\u0159i zaji\u0161\u0165ov\u00e1n\u00ed souladu s povinnostmi podle \u010dl. 32 a\u017e 36 GDPR, a to p\u0159i zohledn\u011bn\u00ed povahy zpracov\u00e1n\u00ed a informac\u00ed, je\u017e m\u00e1 Poskytovatel k dispozici.<br \/>\n8. Po ukon\u010den\u00ed poskytov\u00e1n\u00ed pln\u011bn\u00ed, kter\u00e9 je spojeno se zpracov\u00e1n\u00edm, dle \u010dl. 2.7 t\u011bchto podm\u00ednek, je Poskytovatel povinen v\u0161echny osobn\u00ed \u00fadaje vymazat, nebo je vr\u00e1tit U\u017eivateli, pokud nem\u00e1 povinnost ulo\u017eit osobn\u00ed \u00fadaje na z\u00e1klad\u011b zvl\u00e1\u0161tn\u00edho z\u00e1kona.<br \/>\n9. Poskytovatel poskytne U\u017eivateli ve\u0161ker\u00e9 informace pot\u0159ebn\u00e9 k dolo\u017een\u00ed toho, \u017ee byly spln\u011bny povinnosti podle t\u00e9to smlouvy a GDPR, umo\u017en\u00ed audity, v\u010detn\u011b inspekc\u00ed, prov\u00e1d\u011bn\u00e9 U\u017eivatelem nebo jin\u00fdm auditorem, kter\u00e9ho u\u017eivatel pov\u011b\u0159il.<\/p>\n<p>2.10. U\u017eivatel se zavazuje neprodlen\u011b ohla\u0161ovat v\u0161echny jemu zn\u00e1m\u00e9 skute\u010dnosti, kter\u00e9 by mohly nep\u0159\u00edzniv\u011b ovlivnit \u0159\u00e1dn\u00e9 a v\u010dasn\u00e9 pln\u011bn\u00ed z\u00e1vazk\u016f vypl\u00fdvaj\u00edc\u00edch z t\u011bchto podm\u00ednek na a poskytnout Poskytovateli sou\u010dinnost nezbytnou pro pln\u011bn\u00ed t\u011bchto podm\u00ednek.<\/p>\n<p>2.11. Poskytovatel se zavazuje zachov\u00e1vat ml\u010denlivost o zpracov\u00e1van\u00fdch Osobn\u00edch \u00fadaj\u00edch, zejm\u00e9na je nesm\u00ed zve\u0159ej\u0148ovat, \u0161\u00ed\u0159it, \u010di p\u0159ed\u00e1vat dal\u0161\u00edm osob\u00e1m mimo osoby v zam\u011bstnaneck\u00e9m pom\u011bru s Poskytovatelem nebo jin\u00fdm opr\u00e1vn\u011bn\u00fdm osob\u00e1m, je\u017e jsou zpracov\u00e1n\u00edm Osobn\u00edch \u00fadaj\u016f pov\u011b\u0159eny. Poskytovatel je povinen zajistit, aby tak\u00e9 jeho zam\u011bstnanci a jin\u00e9 opr\u00e1vn\u011bn\u00e9 osoby dodr\u017eovali z\u00e1vazek ml\u010denlivosti. Tato povinnost Poskytovatele trv\u00e1 i po skon\u010den\u00ed tohoto smluvn\u00edho vztahu. Poskytovatel je d\u00e1le povinen zachov\u00e1vat ml\u010denlivost o bezpe\u010dnostn\u00edch opat\u0159en\u00edch p\u0159ijat\u00fdch k zabezpe\u010den\u00ed ochrany osobn\u00edch \u00fadaj\u016f, a to i po skon\u010den\u00ed tohoto smluvn\u00edho vztahu.<\/p>\n<h3>III. Z\u00e1v\u011bre\u010dn\u00e1 ustanoven\u00ed<\/h3>\n<p>3.1. Tyto podm\u00ednky pozb\u00fdvaj\u00ed platnosti uplynut\u00edm doby uveden\u00e9 v \u010dl. 1.6 a \u010dl. 2.7 t\u011bchto podm\u00ednek.<\/p>\n<p>3.2. U\u017eivatel souhlas\u00ed s t\u011bmito podm\u00ednkami sjedn\u00e1n\u00edm zak\u00e1zky, t\u00edm tak\u00e9 vyjad\u0159uje u\u017eivatel, \u017ee si tyto podm\u00ednky p\u0159e\u010detl, \u017ee s nimi vyjad\u0159uje sv\u016fj souhlas a \u017ee je v cel\u00e9m rozsahu akceptuje.<\/p>\n<p>3.3. Poskytovatel je opr\u00e1vn\u011bn tyto podm\u00ednky zm\u011bnit. Poskytovatel je povinen bez zbyte\u010dn\u00e9ho odkladu zve\u0159ejnit novou verzi podm\u00ednek na sv\u00fdch internetov\u00fdch str\u00e1nk\u00e1ch, pop\u0159. za\u0161le novou verzi U\u017eivateli na jeho e-mailovou adresu.<\/p>\n<p>3.4. Kontaktn\u00ed \u00fadaje Poskytovatele ve v\u011bcech t\u00fdkaj\u00edc\u00edch se t\u011bchto podm\u00ednek: +420 731 800 259, management@altos-klinika.cz<\/p>\n<p>3.5. Vztahy t\u011bmito podm\u00ednkami v\u00fdslovn\u011b neupraven\u00e9 se \u0159\u00edd\u00ed GDPR a pr\u00e1vn\u00edm \u0159\u00e1dem \u010cesk\u00e9 republiky, zejm\u00e9na z\u00e1konem \u010d. 89\/2012 Sb., ob\u010dansk\u00fd z\u00e1kon\u00edk, v platn\u00e9m zn\u011bn\u00ed.<\/p>\n<p><em>Tyto podm\u00ednky nab\u00fdvaj\u00ed \u00fa\u010dinnosti dnem 23. 5. 2018.<\/em><\/p>\n<h3>NA\u0160E \u010cESTN\u00c9 PROHL\u00c1\u0160EN\u00cd<\/h3>\n<p><strong>Laserov\u00e1 dermatologick\u00e1 klinika Altos \u010destn\u011b prohla\u0161uje<\/strong>, \u017ee jako spr\u00e1vce osobn\u00edch \u00fadaj\u016f sv\u00fdch pacient\u016f spl\u0148uje ve\u0161ker\u00e9 z\u00e1konn\u00e9 povinnosti vy\u017eadovan\u00e9 platnou legislativou, zejm\u00e9na z\u00e1konem o ochran\u011b osobn\u00edch \u00fadaj\u016f, a tedy \u017ee:<br \/>\n\u2022 zpracov\u00e1v\u00e1 osobn\u00ed \u00fadaje sv\u00fdch pouze na z\u00e1klad\u011b z\u00e1konn\u00e9ho pr\u00e1vn\u00edho titulu (pacient vyj\u00e1d\u0159il svobodn\u00fd a dobrovoln\u00fd souhlas se zpracov\u00e1n\u00edm sv\u00fdch osobn\u00edch \u00fadaj\u016f),<br \/>\n\u2022 spl\u0148uje registra\u010dn\u00ed povinnost u \u00da\u0159adu pro ochranu osobn\u00edch \u00fadaj\u016f,<br \/>\n\u2022 spl\u0148uje informa\u010dn\u00ed povinnost v\u016f\u010di sv\u00fdm pacient\u016fm podle z\u00e1kona o ochran\u011b osobn\u00edch \u00fadaj\u016f,<br \/>\n\u2022 umo\u017e\u0148uje sv\u00fdm pacient\u016fm v\u00fdkon jejich pr\u00e1v podle z\u00e1kona o ochran\u011b osobn\u00edch \u00fadaj\u016f,<br \/>\n\u2022 pln\u00ed ve\u0161ker\u00e9 dal\u0161\u00ed povinnosti spr\u00e1vce osobn\u00edch \u00fadaj\u016f podle z\u00e1kona o ochran\u011b osobn\u00edch \u00fadaj\u016f.[\/vc_column_text][vc_empty_space][\/vc_column][\/vc_row]<\/p>\n","protected":false},"excerpt":{"rendered":"<p>[vc_row][vc_column][vc_column_text] Podm\u00ednky ochrany osobn\u00edch \u00fadaj\u016f na klinice Altos Osobn\u00ed \u00fadaje Va\u0161e i Va\u0161ich bl\u00edzk\u00fdch jsou u n\u00e1s v bezpe\u010d\u00ed, chr\u00e1n\u00edme soukrom\u00ed ve\u0161ker\u00fdch dat, ke kter\u00fdm m\u00e1me p\u0159\u00edstup a informac\u00ed, kter\u00e9 n\u00e1m sv\u011b\u0159ujete. Poskytovatelem slu\u017eeb je spole\u010dnost Laserov\u00e1 dermatologick\u00e1 klinika s.r.o., [&hellip;]<\/p>\n","protected":false},"author":2,"featured_media":0,"parent":0,"menu_order":0,"comment_status":"closed","ping_status":"closed","template":"","meta":{"footnotes":""},"class_list":["post-15450","page","type-page","status-publish","hentry"],"acf":[],"_links":{"self":[{"href":"https:\/\/altos-klinika.cz\/en\/wp-json\/wp\/v2\/pages\/15450","targetHints":{"allow":["GET"]}}],"collection":[{"href":"https:\/\/altos-klinika.cz\/en\/wp-json\/wp\/v2\/pages"}],"about":[{"href":"https:\/\/altos-klinika.cz\/en\/wp-json\/wp\/v2\/types\/page"}],"author":[{"embeddable":true,"href":"https:\/\/altos-klinika.cz\/en\/wp-json\/wp\/v2\/users\/2"}],"replies":[{"embeddable":true,"href":"https:\/\/altos-klinika.cz\/en\/wp-json\/wp\/v2\/comments?post=15450"}],"version-history":[{"count":2,"href":"https:\/\/altos-klinika.cz\/en\/wp-json\/wp\/v2\/pages\/15450\/revisions"}],"predecessor-version":[{"id":19146,"href":"https:\/\/altos-klinika.cz\/en\/wp-json\/wp\/v2\/pages\/15450\/revisions\/19146"}],"wp:attachment":[{"href":"https:\/\/altos-klinika.cz\/en\/wp-json\/wp\/v2\/media?parent=15450"}],"curies":[{"name":"wp","href":"https:\/\/api.w.org\/{rel}","templated":true}]}}